{"id":2807,"date":"2023-02-13T13:41:14","date_gmt":"2023-02-13T12:41:14","guid":{"rendered":"https:\/\/dev.president-ksgov.net\/glauk-konjufca\/"},"modified":"2026-04-14T10:45:24","modified_gmt":"2026-04-14T08:45:24","slug":"glauk-konjufca","status":"publish","type":"page","link":"https:\/\/president-ksgov.net\/sr\/bisvi-predsednici-kosova\/glauk-konjufca\/","title":{"rendered":"Glauk Konjufca"},"content":{"rendered":"\t\t<div data-elementor-type=\"wp-page\" data-elementor-id=\"2807\" class=\"elementor elementor-2807 elementor-2064\">\n\t\t\t\t\t\t<section class=\"elementor-section elementor-top-section elementor-element elementor-element-ae6e1fd elementor-section-boxed elementor-section-height-default elementor-section-height-default wpr-particle-no wpr-jarallax-no wpr-parallax-no wpr-sticky-section-no\" data-id=\"ae6e1fd\" data-element_type=\"section\">\n\t\t\t\t\t\t<div class=\"elementor-container elementor-column-gap-default\">\n\t\t\t\t\t<div class=\"elementor-column elementor-col-100 elementor-top-column elementor-element elementor-element-3c9720b\" data-id=\"3c9720b\" data-element_type=\"column\">\n\t\t\t<div class=\"elementor-widget-wrap elementor-element-populated\">\n\t\t\t\t\t\t<div class=\"elementor-element elementor-element-7ed7b9d elementor-position-left elementor-vertical-align-middle elementor-widget elementor-widget-image-box\" data-id=\"7ed7b9d\" data-element_type=\"widget\" data-widget_type=\"image-box.default\">\n\t\t\t\t<div class=\"elementor-widget-container\">\n\t\t\t<div class=\"elementor-image-box-wrapper\"><figure class=\"elementor-image-box-img\"><img fetchpriority=\"high\" decoding=\"async\" width=\"666\" height=\"661\" src=\"https:\/\/president-ksgov.net\/wp-content\/uploads\/Screenshot-2023-03-15-at-09.55.11-1.png\" class=\"attachment-full size-full wp-image-87692\" alt=\"\" srcset=\"https:\/\/president-ksgov.net\/wp-content\/uploads\/Screenshot-2023-03-15-at-09.55.11-1.png 666w, https:\/\/president-ksgov.net\/wp-content\/uploads\/Screenshot-2023-03-15-at-09.55.11-1-300x298.png 300w, https:\/\/president-ksgov.net\/wp-content\/uploads\/Screenshot-2023-03-15-at-09.55.11-1-150x150.png 150w, https:\/\/president-ksgov.net\/wp-content\/uploads\/Screenshot-2023-03-15-at-09.55.11-1-453x450.png 453w, https:\/\/president-ksgov.net\/wp-content\/uploads\/Screenshot-2023-03-15-at-09.55.11-1-100x100.png 100w\" sizes=\"(max-width: 666px) 100vw, 666px\" \/><\/figure><div class=\"elementor-image-box-content\"><h3 class=\"elementor-image-box-title\">GLAUK KONJUFCA<\/h3><p class=\"elementor-image-box-description\">VD PREDSEDNIKA REPUBLIKE KOSOVO OD - (22. MART 2021. GODINE DO 4. APRIL 2021. GODINE)<\/p><\/div><\/div>\t\t<\/div>\n\t\t\t\t<\/div>\n\t\t\t\t\t<\/div>\n\t\t<\/div>\n\t\t\t\t\t<\/div>\n\t\t<\/section>\n\t\t\t\t<section class=\"elementor-section elementor-top-section elementor-element elementor-element-51d2e51 elementor-section-boxed elementor-section-height-default elementor-section-height-default wpr-particle-no wpr-jarallax-no wpr-parallax-no wpr-sticky-section-no\" data-id=\"51d2e51\" data-element_type=\"section\">\n\t\t\t\t\t\t<div class=\"elementor-container elementor-column-gap-default\">\n\t\t\t\t\t<div class=\"elementor-column elementor-col-100 elementor-top-column elementor-element elementor-element-91aadce\" data-id=\"91aadce\" data-element_type=\"column\">\n\t\t\t<div class=\"elementor-widget-wrap elementor-element-populated\">\n\t\t\t\t\t\t<div class=\"elementor-element elementor-element-9a5fc0b elementor-widget elementor-widget-text-editor\" data-id=\"9a5fc0b\" data-element_type=\"widget\" data-widget_type=\"text-editor.default\">\n\t\t\t\t<div class=\"elementor-widget-container\">\n\t\t\t\t\t\t\t<div class=\"wp-block-columns\"><div class=\"wp-block-column\"><p>Glauk Konjufca je ro\u0111en u julu 1981. godine u Pri\u0161tini. Zavr\u0161io je studije filozofije na Filozofskom fakultetu Univerziteta u Pri\u0161tini.<br \/>\u00a0<br \/>Aktivan je u Pokretu SAMOOPREDELJENJE! (L\u00ebvizja VET\u00cbVENDOSJE!) od njegovog osnivanja. On je stru\u010dnjak za filozofiju i, izme\u0111u ostalog, objavio je knjigu \u201eMinervina sova leti u sumrak\u201c G.W.F. Hegel. Godine 2010. izabran je za poslanika Pokreta SAMOOPREDELJENJE! u 4. sazivu Skup\u0161tine Republike Kosovo. Od 2011. do 2014. godine bio je zamenik predsednika Skup\u0161tine Republike Kosovo.<br \/>\u00a0<br \/>Godine 2014. izabran je za poslanika i imenovan za \u0161efa parlamentarne grupe Pokreta SAMOOPREDELJENJE!. Iste godine imenovan je za zamenika predsednika Skup\u0161tine do 12. marta 2015. U 5. sazivu bio je zamenik predsednika Komisije za ekonomski razvoj, infrastrukturu, trgovinu i industriju u Skup\u0161tini Kosova. U 6. sazivu izabran je za predsednika parlamentarne grupe Pokreta SAMOOPREDELJENJE!, i bio je \u010dlan Komisije za ekonomski razvoj i Komisije za spoljne poslove.<br \/>\u00a0<br \/>Na izborima u oktobru 2019. godine, gospodin Konjufca je izabran za poslanika, a 26. decembra te godine je predlo\u017een i izabran za predsednika Skup\u0161tine Kosova do 3. februara 2020. godine. Formiranjem Kurtijeve vlade, Glauk Konjufca je imenovan za ministra u Ministarstvu spoljnih poslova i dijaspore do juna 2020. godine.<br \/>\u00a0<br \/>O\u017eenjen je i ima dvoje dece.\u00a0<\/p><\/div><\/div>\t\t\t\t\t\t<\/div>\n\t\t\t\t<\/div>\n\t\t\t\t\t<\/div>\n\t\t<\/div>\n\t\t\t\t\t<\/div>\n\t\t<\/section>\n\t\t\t\t<\/div>\n\t\t","protected":false},"excerpt":{"rendered":"<p>GLAUK KONJUFCA VD PREDSEDNIKA REPUBLIKE KOSOVO OD &#8211; (22. MART 2021. GODINE DO 4. APRIL 2021. GODINE) Glauk Konjufca je ro\u0111en u julu 1981. godine u Pri\u0161tini. Zavr\u0161io je studije filozofije na Filozofskom fakultetu Univerziteta u Pri\u0161tini.\u00a0Aktivan je u Pokretu SAMOOPREDELJENJE! (L\u00ebvizja VET\u00cbVENDOSJE!) od njegovog osnivanja. On je stru\u010dnjak za filozofiju i, izme\u0111u ostalog, objavio je knjigu \u201eMinervina sova leti u sumrak\u201c G.W.F. Hegel. Godine 2010. izabran je za poslanika Pokreta SAMOOPREDELJENJE! u 4. sazivu Skup\u0161tine Republike Kosovo. Od 2011. do 2014. godine bio je zamenik predsednika Skup\u0161tine Republike Kosovo.\u00a0Godine 2014. izabran je za poslanika i imenovan za \u0161efa parlamentarne grupe Pokreta SAMOOPREDELJENJE!. Iste godine imenovan je za zamenika predsednika Skup\u0161tine do 12. marta 2015. U 5. sazivu bio je zamenik predsednika Komisije za ekonomski razvoj, infrastrukturu, trgovinu i industriju u Skup\u0161tini Kosova. U 6. sazivu izabran je za predsednika parlamentarne grupe Pokreta SAMOOPREDELJENJE!, i bio je \u010dlan Komisije za ekonomski razvoj i Komisije za spoljne poslove.\u00a0Na izborima u oktobru 2019. godine, gospodin Konjufca je izabran za poslanika, a 26. decembra te godine je predlo\u017een i izabran za predsednika Skup\u0161tine Kosova do 3. februara 2020. godine. Formiranjem Kurtijeve vlade, Glauk Konjufca je imenovan za ministra u Ministarstvu spoljnih poslova i dijaspore do juna 2020. godine.\u00a0O\u017eenjen je i ima dvoje dece.\u00a0<\/p>\n","protected":false},"author":1,"featured_media":86340,"parent":2779,"menu_order":0,"comment_status":"closed","ping_status":"closed","template":"","meta":{"_eb_attr":"","footnotes":""},"class_list":["post-2807","page","type-page","status-publish","has-post-thumbnail","hentry"],"yoast_head":"<!-- This site is optimized with the Yoast SEO plugin v23.5 - https:\/\/yoast.com\/wordpress\/plugins\/seo\/ -->\n<title>Glauk Konjufca - Predsednik Republike Kosovo - DR. VJOSA OSMANI - SADRIU<\/title>\n<meta name=\"description\" content=\"Glauk Konjufca - Predsednik Republike Kosovo - DR. VJOSA OSMANI - SADRIU -\" \/>\n<meta name=\"robots\" content=\"index, follow, max-snippet:-1, max-image-preview:large, max-video-preview:-1\" \/>\n<link rel=\"canonical\" href=\"https:\/\/president-ksgov.net\/ish-presidentet-e-kosoves\/glauk-konjufca\/\" \/>\n<meta property=\"og:locale\" content=\"sr_RS\" \/>\n<meta property=\"og:type\" content=\"article\" \/>\n<meta property=\"og:title\" content=\"Glauk Konjufca - Predsednik Republike Kosovo - DR. VJOSA OSMANI - SADRIU\" \/>\n<meta property=\"og:description\" content=\"Glauk Konjufca - Predsednik Republike Kosovo - DR. VJOSA OSMANI - SADRIU -\" \/>\n<meta property=\"og:url\" content=\"https:\/\/president-ksgov.net\/ish-presidentet-e-kosoves\/glauk-konjufca\/\" \/>\n<meta property=\"og:site_name\" content=\"Predsednik Republike Kosovo - DR. VJOSA OSMANI - SADRIU\" \/>\n<meta property=\"article:modified_time\" content=\"2026-04-14T08:45:24+00:00\" \/>\n<meta property=\"og:image\" content=\"https:\/\/president-ksgov.net\/wp-content\/uploads\/Zyra-e-Presidentes-Featured-Image1-e1678970937938.png\" \/>\n\t<meta property=\"og:image:width\" content=\"1024\" \/>\n\t<meta property=\"og:image:height\" content=\"800\" \/>\n\t<meta property=\"og:image:type\" content=\"image\/png\" \/>\n<meta name=\"twitter:card\" content=\"summary_large_image\" \/>\n<meta name=\"twitter:label1\" content=\"\u041f\u0440\u043e\u0446\u0435\u045a\u0435\u043d\u043e \u0432\u0440\u0435\u043c\u0435 \u0447\u0438\u0442\u0430\u045a\u0430\" \/>\n\t<meta name=\"twitter:data1\" content=\"2 \u043c\u0438\u043d\u0443\u0442\u0430\" \/>\n<script type=\"application\/ld+json\" class=\"yoast-schema-graph\">{\"@context\":\"https:\/\/schema.org\",\"@graph\":[{\"@type\":\"WebPage\",\"@id\":\"https:\/\/president-ksgov.net\/ish-presidentet-e-kosoves\/glauk-konjufca\/\",\"url\":\"https:\/\/president-ksgov.net\/ish-presidentet-e-kosoves\/glauk-konjufca\/\",\"name\":\"Glauk Konjufca - Predsednik Republike Kosovo - DR. VJOSA OSMANI - SADRIU\",\"isPartOf\":{\"@id\":\"https:\/\/president-ksgov.net\/#website\"},\"primaryImageOfPage\":{\"@id\":\"https:\/\/president-ksgov.net\/ish-presidentet-e-kosoves\/glauk-konjufca\/#primaryimage\"},\"image\":{\"@id\":\"https:\/\/president-ksgov.net\/ish-presidentet-e-kosoves\/glauk-konjufca\/#primaryimage\"},\"thumbnailUrl\":\"https:\/\/president-ksgov.net\/wp-content\/uploads\/Zyra-e-Presidentes-Featured-Image1-e1678970937938.png\",\"datePublished\":\"2023-02-13T12:41:14+00:00\",\"dateModified\":\"2026-04-14T08:45:24+00:00\",\"description\":\"Glauk Konjufca - Predsednik Republike Kosovo - DR. VJOSA OSMANI - SADRIU -\",\"breadcrumb\":{\"@id\":\"https:\/\/president-ksgov.net\/ish-presidentet-e-kosoves\/glauk-konjufca\/#breadcrumb\"},\"inLanguage\":\"sr-RS\",\"potentialAction\":[{\"@type\":\"ReadAction\",\"target\":[\"https:\/\/president-ksgov.net\/ish-presidentet-e-kosoves\/glauk-konjufca\/\"]}]},{\"@type\":\"ImageObject\",\"inLanguage\":\"sr-RS\",\"@id\":\"https:\/\/president-ksgov.net\/ish-presidentet-e-kosoves\/glauk-konjufca\/#primaryimage\",\"url\":\"https:\/\/president-ksgov.net\/wp-content\/uploads\/Zyra-e-Presidentes-Featured-Image1-e1678970937938.png\",\"contentUrl\":\"https:\/\/president-ksgov.net\/wp-content\/uploads\/Zyra-e-Presidentes-Featured-Image1-e1678970937938.png\",\"width\":1024,\"height\":800},{\"@type\":\"BreadcrumbList\",\"@id\":\"https:\/\/president-ksgov.net\/ish-presidentet-e-kosoves\/glauk-konjufca\/#breadcrumb\",\"itemListElement\":[{\"@type\":\"ListItem\",\"position\":1,\"name\":\"Home\",\"item\":\"https:\/\/president-ksgov.net\/sr\/\"},{\"@type\":\"ListItem\",\"position\":2,\"name\":\"Biv\u0161i Predsednici Kosova\",\"item\":\"https:\/\/president-ksgov.net\/ish-presidentet-e-kosoves\/\"},{\"@type\":\"ListItem\",\"position\":3,\"name\":\"Glauk Konjufca\"}]},{\"@type\":\"WebSite\",\"@id\":\"https:\/\/president-ksgov.net\/#website\",\"url\":\"https:\/\/president-ksgov.net\/\",\"name\":\"Presidente e Republik\u00ebs s\u00eb Kosov\u00ebs\",\"description\":\"Presidente e Republik\u00ebs s\u00eb Kosov\u00ebs\",\"alternateName\":\"DR. VJOSA OSMANI - SADRIU\",\"potentialAction\":[{\"@type\":\"SearchAction\",\"target\":{\"@type\":\"EntryPoint\",\"urlTemplate\":\"https:\/\/president-ksgov.net\/?s={search_term_string}\"},\"query-input\":{\"@type\":\"PropertyValueSpecification\",\"valueRequired\":true,\"valueName\":\"search_term_string\"}}],\"inLanguage\":\"sr-RS\"}]}<\/script>\n<!-- \/ Yoast SEO plugin. -->","yoast_head_json":{"title":"Glauk Konjufca - Predsednik Republike Kosovo - DR. VJOSA OSMANI - SADRIU","description":"Glauk Konjufca - Predsednik Republike Kosovo - DR. VJOSA OSMANI - SADRIU -","robots":{"index":"index","follow":"follow","max-snippet":"max-snippet:-1","max-image-preview":"max-image-preview:large","max-video-preview":"max-video-preview:-1"},"canonical":"https:\/\/president-ksgov.net\/ish-presidentet-e-kosoves\/glauk-konjufca\/","og_locale":"sr_RS","og_type":"article","og_title":"Glauk Konjufca - Predsednik Republike Kosovo - DR. VJOSA OSMANI - SADRIU","og_description":"Glauk Konjufca - Predsednik Republike Kosovo - DR. VJOSA OSMANI - SADRIU -","og_url":"https:\/\/president-ksgov.net\/ish-presidentet-e-kosoves\/glauk-konjufca\/","og_site_name":"Predsednik Republike Kosovo - DR. VJOSA OSMANI - SADRIU","article_modified_time":"2026-04-14T08:45:24+00:00","og_image":[{"width":1024,"height":800,"url":"https:\/\/president-ksgov.net\/wp-content\/uploads\/Zyra-e-Presidentes-Featured-Image1-e1678970937938.png","type":"image\/png"}],"twitter_card":"summary_large_image","twitter_misc":{"\u041f\u0440\u043e\u0446\u0435\u045a\u0435\u043d\u043e \u0432\u0440\u0435\u043c\u0435 \u0447\u0438\u0442\u0430\u045a\u0430":"2 \u043c\u0438\u043d\u0443\u0442\u0430"},"schema":{"@context":"https:\/\/schema.org","@graph":[{"@type":"WebPage","@id":"https:\/\/president-ksgov.net\/ish-presidentet-e-kosoves\/glauk-konjufca\/","url":"https:\/\/president-ksgov.net\/ish-presidentet-e-kosoves\/glauk-konjufca\/","name":"Glauk Konjufca - Predsednik Republike Kosovo - DR. VJOSA OSMANI - SADRIU","isPartOf":{"@id":"https:\/\/president-ksgov.net\/#website"},"primaryImageOfPage":{"@id":"https:\/\/president-ksgov.net\/ish-presidentet-e-kosoves\/glauk-konjufca\/#primaryimage"},"image":{"@id":"https:\/\/president-ksgov.net\/ish-presidentet-e-kosoves\/glauk-konjufca\/#primaryimage"},"thumbnailUrl":"https:\/\/president-ksgov.net\/wp-content\/uploads\/Zyra-e-Presidentes-Featured-Image1-e1678970937938.png","datePublished":"2023-02-13T12:41:14+00:00","dateModified":"2026-04-14T08:45:24+00:00","description":"Glauk Konjufca - Predsednik Republike Kosovo - DR. VJOSA OSMANI - SADRIU -","breadcrumb":{"@id":"https:\/\/president-ksgov.net\/ish-presidentet-e-kosoves\/glauk-konjufca\/#breadcrumb"},"inLanguage":"sr-RS","potentialAction":[{"@type":"ReadAction","target":["https:\/\/president-ksgov.net\/ish-presidentet-e-kosoves\/glauk-konjufca\/"]}]},{"@type":"ImageObject","inLanguage":"sr-RS","@id":"https:\/\/president-ksgov.net\/ish-presidentet-e-kosoves\/glauk-konjufca\/#primaryimage","url":"https:\/\/president-ksgov.net\/wp-content\/uploads\/Zyra-e-Presidentes-Featured-Image1-e1678970937938.png","contentUrl":"https:\/\/president-ksgov.net\/wp-content\/uploads\/Zyra-e-Presidentes-Featured-Image1-e1678970937938.png","width":1024,"height":800},{"@type":"BreadcrumbList","@id":"https:\/\/president-ksgov.net\/ish-presidentet-e-kosoves\/glauk-konjufca\/#breadcrumb","itemListElement":[{"@type":"ListItem","position":1,"name":"Home","item":"https:\/\/president-ksgov.net\/sr\/"},{"@type":"ListItem","position":2,"name":"Biv\u0161i Predsednici Kosova","item":"https:\/\/president-ksgov.net\/ish-presidentet-e-kosoves\/"},{"@type":"ListItem","position":3,"name":"Glauk Konjufca"}]},{"@type":"WebSite","@id":"https:\/\/president-ksgov.net\/#website","url":"https:\/\/president-ksgov.net\/","name":"Presidente e Republik\u00ebs s\u00eb Kosov\u00ebs","description":"Presidente e Republik\u00ebs s\u00eb Kosov\u00ebs","alternateName":"DR. VJOSA OSMANI - SADRIU","potentialAction":[{"@type":"SearchAction","target":{"@type":"EntryPoint","urlTemplate":"https:\/\/president-ksgov.net\/?s={search_term_string}"},"query-input":{"@type":"PropertyValueSpecification","valueRequired":true,"valueName":"search_term_string"}}],"inLanguage":"sr-RS"}]}},"_links":{"self":[{"href":"https:\/\/president-ksgov.net\/sr\/wp-json\/wp\/v2\/pages\/2807","targetHints":{"allow":["GET"]}}],"collection":[{"href":"https:\/\/president-ksgov.net\/sr\/wp-json\/wp\/v2\/pages"}],"about":[{"href":"https:\/\/president-ksgov.net\/sr\/wp-json\/wp\/v2\/types\/page"}],"author":[{"embeddable":true,"href":"https:\/\/president-ksgov.net\/sr\/wp-json\/wp\/v2\/users\/1"}],"replies":[{"embeddable":true,"href":"https:\/\/president-ksgov.net\/sr\/wp-json\/wp\/v2\/comments?post=2807"}],"version-history":[{"count":34,"href":"https:\/\/president-ksgov.net\/sr\/wp-json\/wp\/v2\/pages\/2807\/revisions"}],"predecessor-version":[{"id":186999,"href":"https:\/\/president-ksgov.net\/sr\/wp-json\/wp\/v2\/pages\/2807\/revisions\/186999"}],"up":[{"embeddable":true,"href":"https:\/\/president-ksgov.net\/sr\/wp-json\/wp\/v2\/pages\/2779"}],"wp:featuredmedia":[{"embeddable":true,"href":"https:\/\/president-ksgov.net\/sr\/wp-json\/wp\/v2\/media\/86340"}],"wp:attachment":[{"href":"https:\/\/president-ksgov.net\/sr\/wp-json\/wp\/v2\/media?parent=2807"}],"curies":[{"name":"wp","href":"https:\/\/api.w.org\/{rel}","templated":true}]}}