{"id":2805,"date":"2023-02-13T14:01:42","date_gmt":"2023-02-13T13:01:42","guid":{"rendered":"https:\/\/dev.president-ksgov.net\/dr-jakup-krasniqi\/"},"modified":"2026-04-14T10:43:08","modified_gmt":"2026-04-14T08:43:08","slug":"dr-jakup-krasniqi","status":"publish","type":"page","link":"https:\/\/president-ksgov.net\/sr\/bisvi-predsednici-kosova\/dr-jakup-krasniqi\/","title":{"rendered":"Dr Jakup Krasniqi"},"content":{"rendered":"\t\t<div data-elementor-type=\"wp-page\" data-elementor-id=\"2805\" class=\"elementor elementor-2805 elementor-2100\">\n\t\t\t\t\t\t<section class=\"elementor-section elementor-top-section elementor-element elementor-element-9798df2 elementor-section-boxed elementor-section-height-default elementor-section-height-default wpr-particle-no wpr-jarallax-no wpr-parallax-no wpr-sticky-section-no\" data-id=\"9798df2\" data-element_type=\"section\">\n\t\t\t\t\t\t<div class=\"elementor-container elementor-column-gap-default\">\n\t\t\t\t\t<div class=\"elementor-column elementor-col-100 elementor-top-column elementor-element elementor-element-cd40746\" data-id=\"cd40746\" data-element_type=\"column\">\n\t\t\t<div class=\"elementor-widget-wrap elementor-element-populated\">\n\t\t\t\t\t\t<div class=\"elementor-element elementor-element-9c63417 elementor-position-left elementor-vertical-align-middle elementor-widget elementor-widget-image-box\" data-id=\"9c63417\" data-element_type=\"widget\" data-widget_type=\"image-box.default\">\n\t\t\t\t<div class=\"elementor-widget-container\">\n\t\t\t<div class=\"elementor-image-box-wrapper\"><figure class=\"elementor-image-box-img\"><img fetchpriority=\"high\" decoding=\"async\" width=\"1000\" height=\"942\" src=\"https:\/\/president-ksgov.net\/wp-content\/uploads\/30_11_2010_Mesazhi-per_zgjedhje_1-1-1.jpg\" class=\"attachment-full size-full wp-image-87867\" alt=\"\" srcset=\"https:\/\/president-ksgov.net\/wp-content\/uploads\/30_11_2010_Mesazhi-per_zgjedhje_1-1-1.jpg 1000w, https:\/\/president-ksgov.net\/wp-content\/uploads\/30_11_2010_Mesazhi-per_zgjedhje_1-1-1-300x283.jpg 300w, https:\/\/president-ksgov.net\/wp-content\/uploads\/30_11_2010_Mesazhi-per_zgjedhje_1-1-1-768x723.jpg 768w, https:\/\/president-ksgov.net\/wp-content\/uploads\/30_11_2010_Mesazhi-per_zgjedhje_1-1-1-478x450.jpg 478w\" sizes=\"(max-width: 1000px) 100vw, 1000px\" \/><\/figure><div class=\"elementor-image-box-content\"><h3 class=\"elementor-image-box-title\">DR JAKUP KRASNIQI<\/h3><p class=\"elementor-image-box-description\">VR\u0160ILAC DL\u017dNOSTI PREDSEDNIKA REPUBLIKE KOSOVO - (28. SEPTEMBAR 2010. - 22. FEBRUAR 2011.)<\/p><\/div><\/div>\t\t<\/div>\n\t\t\t\t<\/div>\n\t\t\t\t\t<\/div>\n\t\t<\/div>\n\t\t\t\t\t<\/div>\n\t\t<\/section>\n\t\t\t\t<section class=\"elementor-section elementor-top-section elementor-element elementor-element-d01c4ba elementor-section-boxed elementor-section-height-default elementor-section-height-default wpr-particle-no wpr-jarallax-no wpr-parallax-no wpr-sticky-section-no\" data-id=\"d01c4ba\" data-element_type=\"section\">\n\t\t\t\t\t\t<div class=\"elementor-container elementor-column-gap-default\">\n\t\t\t\t\t<div class=\"elementor-column elementor-col-100 elementor-top-column elementor-element elementor-element-ef4f877\" data-id=\"ef4f877\" data-element_type=\"column\">\n\t\t\t<div class=\"elementor-widget-wrap elementor-element-populated\">\n\t\t\t\t\t\t<div class=\"elementor-element elementor-element-fb7cf24 elementor-widget elementor-widget-text-editor\" data-id=\"fb7cf24\" data-element_type=\"widget\" data-widget_type=\"text-editor.default\">\n\t\t\t\t<div class=\"elementor-widget-container\">\n\t\t\t\t\t\t\t<p><strong><b>Kratka biografija Jakupa Krasniqija<\/b><\/strong><\/p><p>Jakup Krasniqi je ro\u0111en 1. januara 1951. godine u selu Negrovce u op\u0161tini Glogovac. Pored stru\u010dnog usavr\u0161avanja i zavr\u0161etka studija na Odseku za istoriju Univerziteta u Pri\u0161tini, bio je i jedan od vo\u0111a patriotske aktivnosti protiv srpskog okupatora.<br \/>\u00a0<br \/>Nakon zavr\u0161etka studija, Jakup Krasniqi je igrao va\u017enu ulogu kao nastavnik:<br \/>\u00a0<br \/>1972-1977., nastavnik u Fatosu i Orlatu;<br \/>1976-1977., nastavnik u srednjoj \u0161koli u Glogovcu;<br \/>1979-1981., nastavnik u Orlatu, a zatim u srednjoj \u0161koli u Srbici.<br \/>\u00a0<br \/>Zbog svoje politi\u010dke aktivnosti u interesu ostvarivanja na\u0161ih nacionalnih te\u017enji, Jakup Krasniqi je odslu\u017eio vi\u0161e od 10 godina u zatvoru.<br \/>\u00a0<br \/>Nakon \u0161to je odslu\u017eio kaznu i pu\u0161ten iz zatvora, Jakup Krasniqi se uklju\u010dio u Demokratski savez Kosova. U po\u010detku u strukturama LDK-a u Glogovcu, a kasnije, kao\u00a0\u010dlan rukovodstva stranke, Jakup Krasniqi je dao izuzetan doprinos tokom mirnog otpora.<br \/>\u00a0<br \/>Zbog velikog autoriteta koji je u\u017eivao me\u0111u narodom, na izborima odr\u017eanim pod okupacijom u periodu 1992-1998., Jakup Krasniqi je izabran za poslanika u Skup\u0161tini Kosova. Uprkos\u00a0\u010dinjenici da okupatori nisu dozvolili funkcionisanje ove skup\u0161tine, napori da se izgradi paralelna vlada nasuprot srpskom re\u017eimu imali su svoje pozitivne efekte u legitimizaciji na\u0161ih nacionalnih te\u017enji za slobodom i nezavisno\u0161\u0107u.<br \/>\u00a0<br \/>Paralelno sa svojom politi\u010dkom aktivno\u0161\u0107u, Jakup Krasniqi je nastavio svoj doprinos u pedago\u0161koj i obrazovnoj oblasti kao nastavnik u gimnaziji \u201eSkenderbeu\u201c u Glogovcu (1991-1994.) i predsednik Saveta za obrazovanje u Glogovcu (1995-1998.).<br \/>\u00a0<br \/>Od po\u010detka izbijanja oru\u017eanog sukoba, Jakup Krasniqi je slu\u017eio kao portparol i jedan od njegovih politi\u010dkih predstavnika. Tokom konferencije u Rambujeu, Jakup Krasniqi je pokazao visoke politi\u010dke i diplomatske kvalitete, igraju\u0107i izuzetno va\u017enu ulogu u o\u010duvanju jedinstva kosovske delegacije u ovim razgovorima.<br \/>\u00a0<br \/>Nakon zavr\u0161etka oslobodila\u010dkog rata, Jakup Krasniqi je obavljao nekoliko funkcija:<br \/>\u00a0<br \/>u periodu od juna 1999. do januara 2000. godine, bio je ministar Ministarstva za obnovu i razvoj i portparol Privremene vlade Kosova;<br \/>\u00a0<br \/>poslanik u prvom sazivu Zakonodavne skup\u0161tine Kosova, konstituisanom 17. novembra 2001. godine;<br \/>u periodu od marta 2002. do decembra 2004. godine bio je ministar Ministarstva javnih slu\u017ebi u Vladi Kosova;<br \/>u periodu od 23. novembra 2004. do 12. decembra 2007. godine bio je poslanik u drugom sazivu Skup\u0161tine Kosova i \u0161ef parlamentarne grupe Demokratske partije Kosova;<br \/>u periodu od 13. decembra 2007. do 3. novembra 2010. godine bio je poslanik u tre\u0107em sazivu Skup\u0161tine Kosova i predsednik Skup\u0161tine Kosova;<br \/>u periodu od 2. septembra 2010. do 22. februara 2011. godine, kao predsednik Skup\u0161tine, Jakup Krasniqi je obavljao funkciju predsednika Kosova, nakon ostavke Fatmira Sejdiua sa ove funkcije;<br \/>Istu funkciju je obavljao od 1. aprila 2011. do 7. aprila 2011. godine, nakon \u0161to je Behxhet Pacolli podneo ostavku na ovu funkciju;<br \/>u periodu od 12. decembra 2010. do 7. maja 2014. bio je poslanik u \u010detvrtom sazivu Skup\u0161tine Kosova i predsednik Skup\u0161tine Kosova.<br \/>\u00a0<br \/>Uprkos tome \u0161to je izabran za poslanika u petom sazivu Skup\u0161time Kosova, 20. januara 2015. Jakup Krasnqi je podneo ostavku na mesto poslanika i ograni\u010dio svoju politi\u010dku aktivnost na Socijaldemokratsku inicijativu, kao predsednik Nacionalnog saveta ove stranke.<br \/>\u00a0<br \/>Pored svojih politi\u010dkih obaveza, Jakup Krasniqi je dao veliki doprinos kao publicista i istori\u010dar, gde je kroz brojne\u00a0\u010dlanke i radove osvetlio mnoge aspekte istorijskog procesa vezanog za otpor naroda Kosova, kao i izazove sa kojima se Kosovo suo\u010dilo nakon sticanja nezavisnosti zemlje.<br \/>\u00a0<br \/>Neka od glavnih dela Jakupa Krasniqija su:<br \/>\u00a0<br \/>Veliki zaokret &#8211; Oslobodila\u010dka vojska Kosova, izdava\u010dka ku\u0107a\u00a0\u201eBuzuku\u201c, Pri\u0161tina 2006, 302 strane.<br \/>Kosovo u istorijskom kontekstu; izdava\u010dka ku\u0107a\u00a0\u201eEuroprinty\u201c, Pri\u0161tina 2007, 128 strana.<br \/>Druga\u010diji rat za Kosovo; izdava\u010dka ku\u0107a\u00a0\u201eBuzuku\u201c, Pri\u0161tina 2007, 222 strane.<br \/>Nezavisnost kao kompromis; izdava\u010dka ku\u0107a\u00a0\u201eBuzuku\u201c, Pri\u0161tina 2010, 202 strane.<br \/>Kosovo u istorijskom kontekstu; Drugo kompletno izdanje, izdava\u010dka ku\u0107a\u00a0\u201eBuzuku\u201c, Pri\u0161tina, 202 strane.<br \/>Pokret za Republiku Kosovo 1981-1991. prema albanskoj \u0161tampi, izdava\u010dka ku\u0107a\u00a0\u201eBuzuku\u201c, Pri\u0161tina 2011, 315 strana.<br \/>Usudi se da voli\u0161 slobodu, izdava\u010dka ku\u0107a\u00a0\u201eBuzuku\u201c, Pri\u0161tina 2011, 189 strana.<br \/>Prole\u0107e slobode &#8217;81, izdava\u010dka ku\u0107a \u201eBuzuku\u201c, Pri\u0161tina 2011, 189 strana.<br \/>\u017drtva za slobodu, izdava\u010dka ku\u0107a\u00a0\u201eBuzuku\u201c, Pri\u0161tina 2011, 185 strana.<br \/>Nezavisnost i li\u010dnosti: Povodom 100. godi\u0161njice nezavisnosti Albanije, izdava\u010dka ku\u0107a\u00a0\u201eBuzuku\u201c, Pri\u0161tina 2012, 394 strane.<br \/>Osporena istorija: Kritika knjige Olivera Jensa \u0160mita: \u201eKosovo &#8211; kratka istorija jedne centralnobalkanske zemlje\u201c , izdava\u010dka ku\u0107a\u00a0\u201eBuzuku\u201c, Pri\u0161tina 2013, 222 strane.<br \/>Skenderbeg i poruke za 21. vek, izdanje Instituta za istoriju \u201eAli Hadri\u201c, Pri\u0161tina 2018, 288 strana.<br \/>Umetnost pregovora, izdava\u010dka ku\u0107a\u00a0\u201eBuzuku\u201c, Pri\u0161tina 2018, 214 strana.<br \/>Istorijski sukobi za oslobo\u0111enje i nacionalno ujedinjenje, izdanje Instituta za istoriju \u201eAli Hadri\u201c, Pri\u0161tina, 2019, 412 strana.<br \/>Srpska agresija i kosovski porez, izdava\u010dka ku\u0107a\u00a0\u201eBuzuku\u201c, Pri\u0161tina, 2021, 238 strana.<\/p>\t\t\t\t\t\t<\/div>\n\t\t\t\t<\/div>\n\t\t\t\t\t<\/div>\n\t\t<\/div>\n\t\t\t\t\t<\/div>\n\t\t<\/section>\n\t\t\t\t<\/div>\n\t\t","protected":false},"excerpt":{"rendered":"<p>DR JAKUP KRASNIQI VR\u0160ILAC DL\u017dNOSTI PREDSEDNIKA REPUBLIKE KOSOVO &#8211; (28. SEPTEMBAR 2010. &#8211; 22. FEBRUAR 2011.) Kratka biografija Jakupa Krasniqija Jakup Krasniqi je ro\u0111en 1. januara 1951. godine u selu Negrovce u op\u0161tini Glogovac. Pored stru\u010dnog usavr\u0161avanja i zavr\u0161etka studija na Odseku za istoriju Univerziteta u Pri\u0161tini, bio je i jedan od vo\u0111a patriotske aktivnosti protiv srpskog okupatora.\u00a0Nakon zavr\u0161etka studija, Jakup Krasniqi je igrao va\u017enu ulogu kao nastavnik:\u00a01972-1977., nastavnik u Fatosu i Orlatu;1976-1977., nastavnik u srednjoj \u0161koli u Glogovcu;1979-1981., nastavnik u Orlatu, a zatim u srednjoj \u0161koli u Srbici.\u00a0Zbog svoje politi\u010dke aktivnosti u interesu ostvarivanja na\u0161ih nacionalnih te\u017enji, Jakup Krasniqi je odslu\u017eio vi\u0161e od 10 godina u zatvoru.\u00a0Nakon \u0161to je odslu\u017eio kaznu i pu\u0161ten iz zatvora, Jakup Krasniqi se uklju\u010dio u Demokratski savez Kosova. U po\u010detku u strukturama LDK-a u Glogovcu, a kasnije, kao\u00a0\u010dlan rukovodstva stranke, Jakup Krasniqi je dao izuzetan doprinos tokom mirnog otpora.\u00a0Zbog velikog autoriteta koji je u\u017eivao me\u0111u narodom, na izborima odr\u017eanim pod okupacijom u periodu 1992-1998., Jakup Krasniqi je izabran za poslanika u Skup\u0161tini Kosova. Uprkos\u00a0\u010dinjenici da okupatori nisu dozvolili funkcionisanje ove skup\u0161tine, napori da se izgradi paralelna vlada nasuprot srpskom re\u017eimu imali su svoje pozitivne efekte u legitimizaciji na\u0161ih nacionalnih te\u017enji za slobodom i nezavisno\u0161\u0107u.\u00a0Paralelno sa svojom politi\u010dkom aktivno\u0161\u0107u, Jakup Krasniqi je nastavio svoj doprinos u pedago\u0161koj i obrazovnoj oblasti kao nastavnik u gimnaziji \u201eSkenderbeu\u201c u Glogovcu (1991-1994.) i predsednik Saveta za obrazovanje u Glogovcu (1995-1998.).\u00a0Od po\u010detka izbijanja oru\u017eanog sukoba, Jakup Krasniqi je slu\u017eio kao portparol i jedan od njegovih politi\u010dkih predstavnika. Tokom konferencije u Rambujeu, Jakup Krasniqi je pokazao visoke politi\u010dke i diplomatske kvalitete, igraju\u0107i izuzetno va\u017enu ulogu u o\u010duvanju jedinstva kosovske delegacije u ovim razgovorima.\u00a0Nakon zavr\u0161etka oslobodila\u010dkog rata, Jakup Krasniqi je obavljao nekoliko funkcija:\u00a0u periodu od juna 1999. do januara 2000. godine, bio je ministar Ministarstva za obnovu i razvoj i portparol Privremene vlade Kosova;\u00a0poslanik u prvom sazivu Zakonodavne skup\u0161tine Kosova, konstituisanom 17. novembra 2001. godine;u periodu od marta 2002. do decembra 2004. godine bio je ministar Ministarstva javnih slu\u017ebi u Vladi Kosova;u periodu od 23. novembra 2004. do 12. decembra 2007. godine bio je poslanik u drugom sazivu Skup\u0161tine Kosova i \u0161ef parlamentarne grupe Demokratske partije Kosova;u periodu od 13. decembra 2007. do 3. novembra 2010. godine bio je poslanik u tre\u0107em sazivu Skup\u0161tine Kosova i predsednik Skup\u0161tine Kosova;u periodu od 2. septembra 2010. do 22. februara 2011. godine, kao predsednik Skup\u0161tine, Jakup Krasniqi je obavljao funkciju predsednika Kosova, nakon ostavke Fatmira Sejdiua sa ove funkcije;Istu funkciju je obavljao od 1. aprila 2011. do 7. aprila 2011. godine, nakon \u0161to je Behxhet Pacolli podneo ostavku na ovu funkciju;u periodu od 12. decembra 2010. do 7. maja 2014. bio je poslanik u \u010detvrtom sazivu Skup\u0161tine Kosova i predsednik Skup\u0161tine Kosova.\u00a0Uprkos tome \u0161to je izabran za poslanika u petom sazivu Skup\u0161time Kosova, 20. januara 2015. Jakup Krasnqi je podneo ostavku na mesto poslanika i ograni\u010dio svoju politi\u010dku aktivnost na Socijaldemokratsku inicijativu, kao predsednik Nacionalnog saveta ove stranke.\u00a0Pored svojih politi\u010dkih obaveza, Jakup Krasniqi je dao veliki doprinos kao publicista i istori\u010dar, gde je kroz brojne\u00a0\u010dlanke i radove osvetlio mnoge aspekte istorijskog procesa vezanog za otpor naroda Kosova, kao i izazove sa kojima se Kosovo suo\u010dilo nakon sticanja nezavisnosti zemlje.\u00a0Neka od glavnih dela Jakupa Krasniqija su:\u00a0Veliki zaokret &#8211; Oslobodila\u010dka vojska Kosova, izdava\u010dka ku\u0107a\u00a0\u201eBuzuku\u201c, Pri\u0161tina 2006, 302 strane.Kosovo u istorijskom kontekstu; izdava\u010dka ku\u0107a\u00a0\u201eEuroprinty\u201c, Pri\u0161tina 2007, 128 strana.Druga\u010diji rat za Kosovo; izdava\u010dka ku\u0107a\u00a0\u201eBuzuku\u201c, Pri\u0161tina 2007, 222 strane.Nezavisnost kao kompromis; izdava\u010dka ku\u0107a\u00a0\u201eBuzuku\u201c, Pri\u0161tina 2010, 202 strane.Kosovo u istorijskom kontekstu; Drugo kompletno izdanje, izdava\u010dka ku\u0107a\u00a0\u201eBuzuku\u201c, Pri\u0161tina, 202 strane.Pokret za Republiku Kosovo 1981-1991. prema albanskoj \u0161tampi, izdava\u010dka ku\u0107a\u00a0\u201eBuzuku\u201c, Pri\u0161tina 2011, 315 strana.Usudi se da voli\u0161 slobodu, izdava\u010dka ku\u0107a\u00a0\u201eBuzuku\u201c, Pri\u0161tina 2011, 189 strana.Prole\u0107e slobode &#8217;81, izdava\u010dka ku\u0107a \u201eBuzuku\u201c, Pri\u0161tina 2011, 189 strana.\u017drtva za slobodu, izdava\u010dka ku\u0107a\u00a0\u201eBuzuku\u201c, Pri\u0161tina 2011, 185 strana.Nezavisnost i li\u010dnosti: Povodom 100. godi\u0161njice nezavisnosti Albanije, izdava\u010dka ku\u0107a\u00a0\u201eBuzuku\u201c, Pri\u0161tina 2012, 394 strane.Osporena istorija: Kritika knjige Olivera Jensa \u0160mita: \u201eKosovo &#8211; kratka istorija jedne centralnobalkanske zemlje\u201c , izdava\u010dka ku\u0107a\u00a0\u201eBuzuku\u201c, Pri\u0161tina 2013, 222 strane.Skenderbeg i poruke za 21. vek, izdanje Instituta za istoriju \u201eAli Hadri\u201c, Pri\u0161tina 2018, 288 strana.Umetnost pregovora, izdava\u010dka ku\u0107a\u00a0\u201eBuzuku\u201c, Pri\u0161tina 2018, 214 strana.Istorijski sukobi za oslobo\u0111enje i nacionalno ujedinjenje, izdanje Instituta za istoriju \u201eAli Hadri\u201c, Pri\u0161tina, 2019, 412 strana.Srpska agresija i kosovski porez, izdava\u010dka ku\u0107a\u00a0\u201eBuzuku\u201c, Pri\u0161tina, 2021, 238 strana.<\/p>\n","protected":false},"author":1,"featured_media":86340,"parent":2779,"menu_order":0,"comment_status":"closed","ping_status":"closed","template":"","meta":{"_eb_attr":"","footnotes":""},"class_list":["post-2805","page","type-page","status-publish","has-post-thumbnail","hentry"],"yoast_head":"<!-- This site is optimized with the Yoast SEO plugin v23.5 - https:\/\/yoast.com\/wordpress\/plugins\/seo\/ -->\n<title>Dr Jakup Krasniqi - Predsednik Republike Kosovo - DR. VJOSA OSMANI - SADRIU<\/title>\n<meta name=\"description\" content=\"Dr Jakup Krasniqi - Predsednik Republike Kosovo - DR. VJOSA OSMANI - SADRIU -\" \/>\n<meta name=\"robots\" content=\"index, follow, max-snippet:-1, max-image-preview:large, max-video-preview:-1\" \/>\n<link rel=\"canonical\" href=\"https:\/\/president-ksgov.net\/ish-presidentet-e-kosoves\/dr-jakup-krasniqi\/\" \/>\n<meta property=\"og:locale\" content=\"sr_RS\" \/>\n<meta property=\"og:type\" content=\"article\" \/>\n<meta property=\"og:title\" content=\"Dr Jakup Krasniqi - Predsednik Republike Kosovo - DR. VJOSA OSMANI - SADRIU\" \/>\n<meta property=\"og:description\" content=\"Dr Jakup Krasniqi - Predsednik Republike Kosovo - DR. VJOSA OSMANI - SADRIU -\" \/>\n<meta property=\"og:url\" content=\"https:\/\/president-ksgov.net\/ish-presidentet-e-kosoves\/dr-jakup-krasniqi\/\" \/>\n<meta property=\"og:site_name\" content=\"Predsednik Republike Kosovo - DR. VJOSA OSMANI - SADRIU\" \/>\n<meta property=\"article:modified_time\" content=\"2026-04-14T08:43:08+00:00\" \/>\n<meta property=\"og:image\" content=\"https:\/\/president-ksgov.net\/wp-content\/uploads\/Zyra-e-Presidentes-Featured-Image1-e1678970937938.png\" \/>\n\t<meta property=\"og:image:width\" content=\"1024\" \/>\n\t<meta property=\"og:image:height\" content=\"800\" \/>\n\t<meta property=\"og:image:type\" content=\"image\/png\" \/>\n<meta name=\"twitter:card\" content=\"summary_large_image\" \/>\n<meta name=\"twitter:label1\" content=\"\u041f\u0440\u043e\u0446\u0435\u045a\u0435\u043d\u043e \u0432\u0440\u0435\u043c\u0435 \u0447\u0438\u0442\u0430\u045a\u0430\" \/>\n\t<meta name=\"twitter:data1\" content=\"5 \u043c\u0438\u043d\u0443\u0442\u0430\" \/>\n<script type=\"application\/ld+json\" class=\"yoast-schema-graph\">{\"@context\":\"https:\/\/schema.org\",\"@graph\":[{\"@type\":\"WebPage\",\"@id\":\"https:\/\/president-ksgov.net\/ish-presidentet-e-kosoves\/dr-jakup-krasniqi\/\",\"url\":\"https:\/\/president-ksgov.net\/ish-presidentet-e-kosoves\/dr-jakup-krasniqi\/\",\"name\":\"Dr Jakup Krasniqi - Predsednik Republike Kosovo - DR. VJOSA OSMANI - SADRIU\",\"isPartOf\":{\"@id\":\"https:\/\/president-ksgov.net\/#website\"},\"primaryImageOfPage\":{\"@id\":\"https:\/\/president-ksgov.net\/ish-presidentet-e-kosoves\/dr-jakup-krasniqi\/#primaryimage\"},\"image\":{\"@id\":\"https:\/\/president-ksgov.net\/ish-presidentet-e-kosoves\/dr-jakup-krasniqi\/#primaryimage\"},\"thumbnailUrl\":\"https:\/\/president-ksgov.net\/wp-content\/uploads\/Zyra-e-Presidentes-Featured-Image1-e1678970937938.png\",\"datePublished\":\"2023-02-13T13:01:42+00:00\",\"dateModified\":\"2026-04-14T08:43:08+00:00\",\"description\":\"Dr Jakup Krasniqi - Predsednik Republike Kosovo - DR. VJOSA OSMANI - SADRIU -\",\"breadcrumb\":{\"@id\":\"https:\/\/president-ksgov.net\/ish-presidentet-e-kosoves\/dr-jakup-krasniqi\/#breadcrumb\"},\"inLanguage\":\"sr-RS\",\"potentialAction\":[{\"@type\":\"ReadAction\",\"target\":[\"https:\/\/president-ksgov.net\/ish-presidentet-e-kosoves\/dr-jakup-krasniqi\/\"]}]},{\"@type\":\"ImageObject\",\"inLanguage\":\"sr-RS\",\"@id\":\"https:\/\/president-ksgov.net\/ish-presidentet-e-kosoves\/dr-jakup-krasniqi\/#primaryimage\",\"url\":\"https:\/\/president-ksgov.net\/wp-content\/uploads\/Zyra-e-Presidentes-Featured-Image1-e1678970937938.png\",\"contentUrl\":\"https:\/\/president-ksgov.net\/wp-content\/uploads\/Zyra-e-Presidentes-Featured-Image1-e1678970937938.png\",\"width\":1024,\"height\":800},{\"@type\":\"BreadcrumbList\",\"@id\":\"https:\/\/president-ksgov.net\/ish-presidentet-e-kosoves\/dr-jakup-krasniqi\/#breadcrumb\",\"itemListElement\":[{\"@type\":\"ListItem\",\"position\":1,\"name\":\"Home\",\"item\":\"https:\/\/president-ksgov.net\/sr\/\"},{\"@type\":\"ListItem\",\"position\":2,\"name\":\"Biv\u0161i Predsednici Kosova\",\"item\":\"https:\/\/president-ksgov.net\/ish-presidentet-e-kosoves\/\"},{\"@type\":\"ListItem\",\"position\":3,\"name\":\"Dr Jakup Krasniqi\"}]},{\"@type\":\"WebSite\",\"@id\":\"https:\/\/president-ksgov.net\/#website\",\"url\":\"https:\/\/president-ksgov.net\/\",\"name\":\"Presidente e Republik\u00ebs s\u00eb Kosov\u00ebs\",\"description\":\"Presidente e Republik\u00ebs s\u00eb Kosov\u00ebs\",\"alternateName\":\"DR. VJOSA OSMANI - SADRIU\",\"potentialAction\":[{\"@type\":\"SearchAction\",\"target\":{\"@type\":\"EntryPoint\",\"urlTemplate\":\"https:\/\/president-ksgov.net\/?s={search_term_string}\"},\"query-input\":{\"@type\":\"PropertyValueSpecification\",\"valueRequired\":true,\"valueName\":\"search_term_string\"}}],\"inLanguage\":\"sr-RS\"}]}<\/script>\n<!-- \/ Yoast SEO plugin. -->","yoast_head_json":{"title":"Dr Jakup Krasniqi - Predsednik Republike Kosovo - DR. VJOSA OSMANI - SADRIU","description":"Dr Jakup Krasniqi - Predsednik Republike Kosovo - DR. VJOSA OSMANI - SADRIU -","robots":{"index":"index","follow":"follow","max-snippet":"max-snippet:-1","max-image-preview":"max-image-preview:large","max-video-preview":"max-video-preview:-1"},"canonical":"https:\/\/president-ksgov.net\/ish-presidentet-e-kosoves\/dr-jakup-krasniqi\/","og_locale":"sr_RS","og_type":"article","og_title":"Dr Jakup Krasniqi - Predsednik Republike Kosovo - DR. VJOSA OSMANI - SADRIU","og_description":"Dr Jakup Krasniqi - Predsednik Republike Kosovo - DR. VJOSA OSMANI - SADRIU -","og_url":"https:\/\/president-ksgov.net\/ish-presidentet-e-kosoves\/dr-jakup-krasniqi\/","og_site_name":"Predsednik Republike Kosovo - DR. VJOSA OSMANI - SADRIU","article_modified_time":"2026-04-14T08:43:08+00:00","og_image":[{"width":1024,"height":800,"url":"https:\/\/president-ksgov.net\/wp-content\/uploads\/Zyra-e-Presidentes-Featured-Image1-e1678970937938.png","type":"image\/png"}],"twitter_card":"summary_large_image","twitter_misc":{"\u041f\u0440\u043e\u0446\u0435\u045a\u0435\u043d\u043e \u0432\u0440\u0435\u043c\u0435 \u0447\u0438\u0442\u0430\u045a\u0430":"5 \u043c\u0438\u043d\u0443\u0442\u0430"},"schema":{"@context":"https:\/\/schema.org","@graph":[{"@type":"WebPage","@id":"https:\/\/president-ksgov.net\/ish-presidentet-e-kosoves\/dr-jakup-krasniqi\/","url":"https:\/\/president-ksgov.net\/ish-presidentet-e-kosoves\/dr-jakup-krasniqi\/","name":"Dr Jakup Krasniqi - Predsednik Republike Kosovo - DR. VJOSA OSMANI - SADRIU","isPartOf":{"@id":"https:\/\/president-ksgov.net\/#website"},"primaryImageOfPage":{"@id":"https:\/\/president-ksgov.net\/ish-presidentet-e-kosoves\/dr-jakup-krasniqi\/#primaryimage"},"image":{"@id":"https:\/\/president-ksgov.net\/ish-presidentet-e-kosoves\/dr-jakup-krasniqi\/#primaryimage"},"thumbnailUrl":"https:\/\/president-ksgov.net\/wp-content\/uploads\/Zyra-e-Presidentes-Featured-Image1-e1678970937938.png","datePublished":"2023-02-13T13:01:42+00:00","dateModified":"2026-04-14T08:43:08+00:00","description":"Dr Jakup Krasniqi - Predsednik Republike Kosovo - DR. VJOSA OSMANI - SADRIU -","breadcrumb":{"@id":"https:\/\/president-ksgov.net\/ish-presidentet-e-kosoves\/dr-jakup-krasniqi\/#breadcrumb"},"inLanguage":"sr-RS","potentialAction":[{"@type":"ReadAction","target":["https:\/\/president-ksgov.net\/ish-presidentet-e-kosoves\/dr-jakup-krasniqi\/"]}]},{"@type":"ImageObject","inLanguage":"sr-RS","@id":"https:\/\/president-ksgov.net\/ish-presidentet-e-kosoves\/dr-jakup-krasniqi\/#primaryimage","url":"https:\/\/president-ksgov.net\/wp-content\/uploads\/Zyra-e-Presidentes-Featured-Image1-e1678970937938.png","contentUrl":"https:\/\/president-ksgov.net\/wp-content\/uploads\/Zyra-e-Presidentes-Featured-Image1-e1678970937938.png","width":1024,"height":800},{"@type":"BreadcrumbList","@id":"https:\/\/president-ksgov.net\/ish-presidentet-e-kosoves\/dr-jakup-krasniqi\/#breadcrumb","itemListElement":[{"@type":"ListItem","position":1,"name":"Home","item":"https:\/\/president-ksgov.net\/sr\/"},{"@type":"ListItem","position":2,"name":"Biv\u0161i Predsednici Kosova","item":"https:\/\/president-ksgov.net\/ish-presidentet-e-kosoves\/"},{"@type":"ListItem","position":3,"name":"Dr Jakup Krasniqi"}]},{"@type":"WebSite","@id":"https:\/\/president-ksgov.net\/#website","url":"https:\/\/president-ksgov.net\/","name":"Presidente e Republik\u00ebs s\u00eb Kosov\u00ebs","description":"Presidente e Republik\u00ebs s\u00eb Kosov\u00ebs","alternateName":"DR. VJOSA OSMANI - SADRIU","potentialAction":[{"@type":"SearchAction","target":{"@type":"EntryPoint","urlTemplate":"https:\/\/president-ksgov.net\/?s={search_term_string}"},"query-input":{"@type":"PropertyValueSpecification","valueRequired":true,"valueName":"search_term_string"}}],"inLanguage":"sr-RS"}]}},"_links":{"self":[{"href":"https:\/\/president-ksgov.net\/sr\/wp-json\/wp\/v2\/pages\/2805","targetHints":{"allow":["GET"]}}],"collection":[{"href":"https:\/\/president-ksgov.net\/sr\/wp-json\/wp\/v2\/pages"}],"about":[{"href":"https:\/\/president-ksgov.net\/sr\/wp-json\/wp\/v2\/types\/page"}],"author":[{"embeddable":true,"href":"https:\/\/president-ksgov.net\/sr\/wp-json\/wp\/v2\/users\/1"}],"replies":[{"embeddable":true,"href":"https:\/\/president-ksgov.net\/sr\/wp-json\/wp\/v2\/comments?post=2805"}],"version-history":[{"count":41,"href":"https:\/\/president-ksgov.net\/sr\/wp-json\/wp\/v2\/pages\/2805\/revisions"}],"predecessor-version":[{"id":186996,"href":"https:\/\/president-ksgov.net\/sr\/wp-json\/wp\/v2\/pages\/2805\/revisions\/186996"}],"up":[{"embeddable":true,"href":"https:\/\/president-ksgov.net\/sr\/wp-json\/wp\/v2\/pages\/2779"}],"wp:featuredmedia":[{"embeddable":true,"href":"https:\/\/president-ksgov.net\/sr\/wp-json\/wp\/v2\/media\/86340"}],"wp:attachment":[{"href":"https:\/\/president-ksgov.net\/sr\/wp-json\/wp\/v2\/media?parent=2805"}],"curies":[{"name":"wp","href":"https:\/\/api.w.org\/{rel}","templated":true}]}}