{"id":2803,"date":"2023-02-13T14:20:05","date_gmt":"2023-02-13T13:20:05","guid":{"rendered":"https:\/\/dev.president-ksgov.net\/dr-ibrahim-rugova\/"},"modified":"2026-04-14T10:47:50","modified_gmt":"2026-04-14T08:47:50","slug":"dr-ibrahim-rugova","status":"publish","type":"page","link":"https:\/\/president-ksgov.net\/sr\/bisvi-predsednici-kosova\/dr-ibrahim-rugova\/","title":{"rendered":"Dr Ibrahim Rugova"},"content":{"rendered":"\t\t<div data-elementor-type=\"wp-page\" data-elementor-id=\"2803\" class=\"elementor elementor-2803 elementor-2122\">\n\t\t\t\t\t\t<section class=\"elementor-section elementor-top-section elementor-element elementor-element-c110fff elementor-section-boxed elementor-section-height-default elementor-section-height-default wpr-particle-no wpr-jarallax-no wpr-parallax-no wpr-sticky-section-no\" data-id=\"c110fff\" data-element_type=\"section\">\n\t\t\t\t\t\t<div class=\"elementor-container elementor-column-gap-default\">\n\t\t\t\t\t<div class=\"elementor-column elementor-col-100 elementor-top-column elementor-element elementor-element-2c770cc\" data-id=\"2c770cc\" data-element_type=\"column\">\n\t\t\t<div class=\"elementor-widget-wrap elementor-element-populated\">\n\t\t\t\t\t\t<div class=\"elementor-element elementor-element-a2a18c7 elementor-position-left elementor-vertical-align-middle elementor-widget elementor-widget-image-box\" data-id=\"a2a18c7\" data-element_type=\"widget\" data-widget_type=\"image-box.default\">\n\t\t\t\t<div class=\"elementor-widget-container\">\n\t\t\t<div class=\"elementor-image-box-wrapper\"><figure class=\"elementor-image-box-img\"><img fetchpriority=\"high\" decoding=\"async\" width=\"1200\" height=\"1375\" src=\"https:\/\/president-ksgov.net\/wp-content\/uploads\/Dr._Ibrahim_Rugova-1.jpg\" class=\"attachment-full size-full wp-image-87937\" alt=\"\" srcset=\"https:\/\/president-ksgov.net\/wp-content\/uploads\/Dr._Ibrahim_Rugova-1.jpg 1200w, https:\/\/president-ksgov.net\/wp-content\/uploads\/Dr._Ibrahim_Rugova-1-262x300.jpg 262w, https:\/\/president-ksgov.net\/wp-content\/uploads\/Dr._Ibrahim_Rugova-1-894x1024.jpg 894w, https:\/\/president-ksgov.net\/wp-content\/uploads\/Dr._Ibrahim_Rugova-1-768x880.jpg 768w, https:\/\/president-ksgov.net\/wp-content\/uploads\/Dr._Ibrahim_Rugova-1-393x450.jpg 393w\" sizes=\"(max-width: 1200px) 100vw, 1200px\" \/><\/figure><div class=\"elementor-image-box-content\"><h3 class=\"elementor-image-box-title\">DR IBRAHIM RUGOVA<\/h3><p class=\"elementor-image-box-description\">ISTORIJSKI PREDSEDNIK REPUBLIKE KOSOVO<\/p><\/div><\/div>\t\t<\/div>\n\t\t\t\t<\/div>\n\t\t\t\t\t<\/div>\n\t\t<\/div>\n\t\t\t\t\t<\/div>\n\t\t<\/section>\n\t\t\t\t<section class=\"elementor-section elementor-top-section elementor-element elementor-element-8f418a1 elementor-section-boxed elementor-section-height-default elementor-section-height-default wpr-particle-no wpr-jarallax-no wpr-parallax-no wpr-sticky-section-no\" data-id=\"8f418a1\" data-element_type=\"section\">\n\t\t\t\t\t\t<div class=\"elementor-container elementor-column-gap-default\">\n\t\t\t\t\t<div class=\"elementor-column elementor-col-100 elementor-top-column elementor-element elementor-element-14e866c\" data-id=\"14e866c\" data-element_type=\"column\">\n\t\t\t<div class=\"elementor-widget-wrap elementor-element-populated\">\n\t\t\t\t\t\t<div class=\"elementor-element elementor-element-5a8a818 elementor-widget elementor-widget-text-editor\" data-id=\"5a8a818\" data-element_type=\"widget\" data-widget_type=\"text-editor.default\">\n\t\t\t\t<div class=\"elementor-widget-container\">\n\t\t\t\t\t\t\t<div class=\"wp-block-columns\"><div class=\"wp-block-column\"><p><strong>Biografske bele\u0161ke: knji\u017eevne i politi\u010dke<\/strong><\/p><p>Ibrahim Rugova je ro\u0111en 2. decembra 1944. godine u selu\u00a0Cerc\u00eb, op\u0161tina Istog. 10. januara 1945. godine, jugoslovenski komunisti su streljali njegovog oca Uku i dedu Rustu Rugovu, koji je bio poznati borac protiv \u010detni\u010dkih \u010deta koje su prodirale na Kosovo tokom Drugog svetskog rata.<br \/>\u00a0<br \/>Ibrahim Rugova je zavr\u0161io osnovnu \u0161kolu u Istoku, a srednju \u0161kolu u Pe\u0107i 1967. godine. Zavr\u0161io je Filozofski fakultet\u00a0\u2013\u00a0Odsek za albanski jezik i knji\u017eevnost u Pri\u0161tini. Tokom akademske 1976-1977. godine boravio je u Parizu, na Ecole Pratique des Hautes Etudes, pod mentorstvom prof.\u00a0Roland Barthesa, gde je nastavio svoja nau\u010dna interesovanja u prou\u010davanju knji\u017eevnosti, sa fokusom na knji\u017eevnu teoriju. Doktorirao je knji\u017eevnost na Univerzitetu u Pri\u0161tini 1984. godine. Dr Ibrahim Rugova je 1996. godine izabran za dopisnog \u010dlana Kosovske akademije nauka i umetnosti. U po\u010detku je bio urednik studentskog lista \u201eBota e re\u201c i nau\u010dnog \u010dasopisa \u201eDituria\u201c (1971-1972. godine), koji su objavljivani u Pri\u0161tini. Jedno vreme je radio i u \u010dasopisu \u201eFjala\u201c. Zatim, skoro dve decenije, dr Ibrahim Rugova je razvijao svoju nau\u010dnu delatnost u Institutu za albanologiju kao istra\u017eiva\u010d knji\u017eevnosti. Jedno vreme je bio glavni urednik \u010dasopisa \u201eGjurmime albanologike\u201c ovog Instituta. Knji\u017eevnim stvarala\u0161tvom se bavi od ranih \u0161ezdesetih godina.<br \/>\u00a0<br \/>Godine 1988. dr Ibrahim Rugova je izabran za predsednika Udru\u017eenja pisaca Kosova, koje je postalo sna\u017eno jezgro albanskog pokreta, koji se suprotstavljao srpskoj i jugoslovenskoj komunisti\u010dkoj vlasti na Kosovu.<br \/>\u00a0<br \/>Kao poznati intelektualac\u00a0koji je dao glas ovom intelektualnom i politi\u010dkom pokretu, dr Ibrahim Rugova je izabran 23. decembra 1989. godine od strane osniva\u010da Demokratskog saveza Kosova, prve politi\u010dke stranke na Kosovu koja je direktno osporila vladaju\u0107i komunisti\u010dki re\u017eim. DSK (LDK), pod vo\u0111stvom dr Ibrahima Rugove, brzo je postao vode\u0107a politi\u010dka snaga na Kosovu, okupljaju\u0107i oko sebe ve\u0107inu naroda. U saradnji sa drugim albanskim politi\u010dkim snagama na Kosovu, kao i sa tada\u0161njom Skup\u0161tinom Kosova, dr Ibrahim Rugova i DSK su finalizovali pravni okvir za institucionalizaciju nezavisnosti Kosova. Deklaracija nezavisnosti (2. jula 1990. godine), progla\u0161enje Kosova za republiku i usvajanje njegovog ustava (7. septembra 1990. godine), narodni referendum o nezavisnosti i suverenitetu Kosova, odr\u017ean krajem septembra 1991. godine, bili su uvod u prve vi\u0161estrana\u010dke izbore za Skup\u0161tinu Kosova, odr\u017eane 24. maja 1992. godine. Dr Ibrahim Rugova je izabran za predsednika Republike Kosovo. Dr Ibrahim Rugova je ponovo izabran za predsednika Republike Kosovo na izborima odr\u017eanim u martu 1998. godine.<br \/>\u00a0<br \/>Pod vo\u0111stvom dr Ibrahima Rugove, DSK je osvojio ve\u0107inu glasova na prvim me\u0111unarodno sponzorisanim lokalnim izborima u posleratnom Kosovu u oktobru 2000. godine, kao i na prvim nacionalnim izborima 2001. i drugim lokalnim izborima 2002. godine. DSK je tako\u0111e pobedio na poslednjim nacionalnim izborima 2004. godine.<br \/>\u00a0<br \/>Dr Ibrahim Rugova je izabran za predsednika Kosova u martu 2002. godine i ponovo je izabran 2004. godine.<br \/>\u00a0<br \/>Dr Ibrahim Rugova je preminuo 21. januara 2006. godine u Pri\u0161tini i sahranjen je na Sun\u010danom bregu uz najvi\u0161e po\u010dasti naroda Kosova.<br \/>\u00a0<br \/>Na godi\u0161njicu smrti Ibrahima Rugove, 21. januara 2007. godine, predsednik Kosova, dr Fatmir Sejdiu, odlikovao je istorijskog predsednika Kosova Ordenom \u201eHeroj Kosova\u201c, najvi\u0161om titulom u na\u0161oj zemlji koja se dodeljuje albanskim i kosovskim istorijskim li\u010dnostima koje su izvr\u0161ile \u201ehrabra dela za slobodu i nezavisnost Kosova\u201c.<br \/>\u00a0<br \/>Ibrahim Rugova je objavio slede\u0107a dela:<br \/>\u00a0<br \/>&#8211; Lirski dodir, Rilindja, Pri\u0161tina, 1971. godine,<br \/>&#8211; Ka teoriji, Rilindja, Pri\u0161tina, 1978. godine,<br \/>&#8211; Bibliografija albanske knji\u017eevne kritike 1944-1974, Albanolo\u0161ki institut, Pri\u0161tina, 1976. godine (zajedno sa Isakom Shemom),<br \/>&#8211; Knji\u017eevna kritika (od De Rade do Migjenija), Rilindja, Pri\u0161tina, 1979. godine (zajedno sa Sabrijem Hamitijem),<br \/>&#8211; Strategija zna\u010denja, Rilindja, Pri\u0161tina, 1980. godine,<br \/>&#8211; Bogdanijevo delo 1675-1685, Rilindja, Pri\u0161tina, 1982. godine,<br \/>&#8211; Principi i premise albanske knji\u017eevne kritike 1504-1983, Albanolo\u0161ki institut, Pri\u0161tina, 1986. godine<br \/>&#8211; Estetsko odbacivanje, Rilindja, Pri\u0161tina, 1987. godine,<br \/>&#8211; Nezavisnost i demokratija, Fjala, Pri\u0161tina, 1991. godine,<br \/>&#8211; Kosovsko pitanje, Dukagjini, Pe\u0107, 1994. godine,<br \/>&#8211; Kompletna dela Ibrahima Rugove u osam tomova, Faik Konica, Pri\u0161tina, 2005. godine.<br \/>\u00a0<br \/>Me\u0111unarodne nagrade i titule Ibrahima Rugove:<br \/>\u00a0<br \/>&#8211; Dr Ibrahim Rugova je 1995. godine nagra\u0111en Nagradom za mir Fondacije Paul Litzer u Danskoj.<br \/>&#8211; Dr Ibrahim Rugova je 1996. godine dobio zvanje po\u010dasnog doktora (Honoris Causa) Univerziteta u Pariz VIII, Sorbona, Francuska.<br \/>&#8211; Dr Ibrahim Rugova je 1998. godine nagra\u0111en nagradom Saharov Evropskog parlamenta.<br \/>&#8211; Dr Rugova je 1999. godine dobio nagradu za mir grada Minstera u Nema\u010dkoj i progla\u0161en je za po\u010dasnog gra\u0111anina italijanskih gradova: Venecije, Milana i Bre\u0161e.<br \/>&#8211; Dr Ibrahim Rugova je 2000. godine dobio nagradu za mir \u201eManuel Carrasco i Formiguerra\u201c Demokratske unije Katalonije, u Barseloni, \u0160panijaa\u201d.<br \/>&#8211; Dr Ibrahim Rugova je 2004. godine po\u010dastvovan Evropskom nagradom, po\u010dasni senator od strane panevropske fondacije Coudenhove-Kalergi.<br \/>&#8211; Odlikovan je i od strane Komonvelta Pensilvanije (SAD), \u201ePrijatelj Sjedinjenih Ameri\u010dkih Dr\u017eava\u201c.<br \/>&#8211; Dr Ibrahim Rugova je 2004. godine progla\u0161en za po\u010dasnog doktora (Honoris Causa) Univerziteta u Tirani.<br \/><br \/><\/p><\/div><\/div>\t\t\t\t\t\t<\/div>\n\t\t\t\t<\/div>\n\t\t\t\t\t<\/div>\n\t\t<\/div>\n\t\t\t\t\t<\/div>\n\t\t<\/section>\n\t\t\t\t<\/div>\n\t\t","protected":false},"excerpt":{"rendered":"<p>DR IBRAHIM RUGOVA ISTORIJSKI PREDSEDNIK REPUBLIKE KOSOVO Biografske bele\u0161ke: knji\u017eevne i politi\u010dke Ibrahim Rugova je ro\u0111en 2. decembra 1944. godine u selu\u00a0Cerc\u00eb, op\u0161tina Istog. 10. januara 1945. godine, jugoslovenski komunisti su streljali njegovog oca Uku i dedu Rustu Rugovu, koji je bio poznati borac protiv \u010detni\u010dkih \u010deta koje su prodirale na Kosovo tokom Drugog svetskog rata.\u00a0Ibrahim Rugova je zavr\u0161io osnovnu \u0161kolu u Istoku, a srednju \u0161kolu u Pe\u0107i 1967. godine. Zavr\u0161io je Filozofski fakultet\u00a0\u2013\u00a0Odsek za albanski jezik i knji\u017eevnost u Pri\u0161tini. Tokom akademske 1976-1977. godine boravio je u Parizu, na Ecole Pratique des Hautes Etudes, pod mentorstvom prof.\u00a0Roland Barthesa, gde je nastavio svoja nau\u010dna interesovanja u prou\u010davanju knji\u017eevnosti, sa fokusom na knji\u017eevnu teoriju. Doktorirao je knji\u017eevnost na Univerzitetu u Pri\u0161tini 1984. godine. Dr Ibrahim Rugova je 1996. godine izabran za dopisnog \u010dlana Kosovske akademije nauka i umetnosti. U po\u010detku je bio urednik studentskog lista \u201eBota e re\u201c i nau\u010dnog \u010dasopisa \u201eDituria\u201c (1971-1972. godine), koji su objavljivani u Pri\u0161tini. Jedno vreme je radio i u \u010dasopisu \u201eFjala\u201c. Zatim, skoro dve decenije, dr Ibrahim Rugova je razvijao svoju nau\u010dnu delatnost u Institutu za albanologiju kao istra\u017eiva\u010d knji\u017eevnosti. Jedno vreme je bio glavni urednik \u010dasopisa \u201eGjurmime albanologike\u201c ovog Instituta. Knji\u017eevnim stvarala\u0161tvom se bavi od ranih \u0161ezdesetih godina.\u00a0Godine 1988. dr Ibrahim Rugova je izabran za predsednika Udru\u017eenja pisaca Kosova, koje je postalo sna\u017eno jezgro albanskog pokreta, koji se suprotstavljao srpskoj i jugoslovenskoj komunisti\u010dkoj vlasti na Kosovu.\u00a0Kao poznati intelektualac\u00a0koji je dao glas ovom intelektualnom i politi\u010dkom pokretu, dr Ibrahim Rugova je izabran 23. decembra 1989. godine od strane osniva\u010da Demokratskog saveza Kosova, prve politi\u010dke stranke na Kosovu koja je direktno osporila vladaju\u0107i komunisti\u010dki re\u017eim. DSK (LDK), pod vo\u0111stvom dr Ibrahima Rugove, brzo je postao vode\u0107a politi\u010dka snaga na Kosovu, okupljaju\u0107i oko sebe ve\u0107inu naroda. U saradnji sa drugim albanskim politi\u010dkim snagama na Kosovu, kao i sa tada\u0161njom Skup\u0161tinom Kosova, dr Ibrahim Rugova i DSK su finalizovali pravni okvir za institucionalizaciju nezavisnosti Kosova. Deklaracija nezavisnosti (2. jula 1990. godine), progla\u0161enje Kosova za republiku i usvajanje njegovog ustava (7. septembra 1990. godine), narodni referendum o nezavisnosti i suverenitetu Kosova, odr\u017ean krajem septembra 1991. godine, bili su uvod u prve vi\u0161estrana\u010dke izbore za Skup\u0161tinu Kosova, odr\u017eane 24. maja 1992. godine. Dr Ibrahim Rugova je izabran za predsednika Republike Kosovo. Dr Ibrahim Rugova je ponovo izabran za predsednika Republike Kosovo na izborima odr\u017eanim u martu 1998. godine.\u00a0Pod vo\u0111stvom dr Ibrahima Rugove, DSK je osvojio ve\u0107inu glasova na prvim me\u0111unarodno sponzorisanim lokalnim izborima u posleratnom Kosovu u oktobru 2000. godine, kao i na prvim nacionalnim izborima 2001. i drugim lokalnim izborima 2002. godine. DSK je tako\u0111e pobedio na poslednjim nacionalnim izborima 2004. godine.\u00a0Dr Ibrahim Rugova je izabran za predsednika Kosova u martu 2002. godine i ponovo je izabran 2004. godine.\u00a0Dr Ibrahim Rugova je preminuo 21. januara 2006. godine u Pri\u0161tini i sahranjen je na Sun\u010danom bregu uz najvi\u0161e po\u010dasti naroda Kosova.\u00a0Na godi\u0161njicu smrti Ibrahima Rugove, 21. januara 2007. godine, predsednik Kosova, dr Fatmir Sejdiu, odlikovao je istorijskog predsednika Kosova Ordenom \u201eHeroj Kosova\u201c, najvi\u0161om titulom u na\u0161oj zemlji koja se dodeljuje albanskim i kosovskim istorijskim li\u010dnostima koje su izvr\u0161ile \u201ehrabra dela za slobodu i nezavisnost Kosova\u201c.\u00a0Ibrahim Rugova je objavio slede\u0107a dela:\u00a0&#8211; Lirski dodir, Rilindja, Pri\u0161tina, 1971. godine,&#8211; Ka teoriji, Rilindja, Pri\u0161tina, 1978. godine,&#8211; Bibliografija albanske knji\u017eevne kritike 1944-1974, Albanolo\u0161ki institut, Pri\u0161tina, 1976. godine (zajedno sa Isakom Shemom),&#8211; Knji\u017eevna kritika (od De Rade do Migjenija), Rilindja, Pri\u0161tina, 1979. godine (zajedno sa Sabrijem Hamitijem),&#8211; Strategija zna\u010denja, Rilindja, Pri\u0161tina, 1980. godine,&#8211; Bogdanijevo delo 1675-1685, Rilindja, Pri\u0161tina, 1982. godine,&#8211; Principi i premise albanske knji\u017eevne kritike 1504-1983, Albanolo\u0161ki institut, Pri\u0161tina, 1986. godine&#8211; Estetsko odbacivanje, Rilindja, Pri\u0161tina, 1987. godine,&#8211; Nezavisnost i demokratija, Fjala, Pri\u0161tina, 1991. godine,&#8211; Kosovsko pitanje, Dukagjini, Pe\u0107, 1994. godine,&#8211; Kompletna dela Ibrahima Rugove u osam tomova, Faik Konica, Pri\u0161tina, 2005. godine.\u00a0Me\u0111unarodne nagrade i titule Ibrahima Rugove:\u00a0&#8211; Dr Ibrahim Rugova je 1995. godine nagra\u0111en Nagradom za mir Fondacije Paul Litzer u Danskoj.&#8211; Dr Ibrahim Rugova je 1996. godine dobio zvanje po\u010dasnog doktora (Honoris Causa) Univerziteta u Pariz VIII, Sorbona, Francuska.&#8211; Dr Ibrahim Rugova je 1998. godine nagra\u0111en nagradom Saharov Evropskog parlamenta.&#8211; Dr Rugova je 1999. godine dobio nagradu za mir grada Minstera u Nema\u010dkoj i progla\u0161en je za po\u010dasnog gra\u0111anina italijanskih gradova: Venecije, Milana i Bre\u0161e.&#8211; Dr Ibrahim Rugova je 2000. godine dobio nagradu za mir \u201eManuel Carrasco i Formiguerra\u201c Demokratske unije Katalonije, u Barseloni, \u0160panijaa\u201d.&#8211; Dr Ibrahim Rugova je 2004. godine po\u010dastvovan Evropskom nagradom, po\u010dasni senator od strane panevropske fondacije Coudenhove-Kalergi.&#8211; Odlikovan je i od strane Komonvelta Pensilvanije (SAD), \u201ePrijatelj Sjedinjenih Ameri\u010dkih Dr\u017eava\u201c.&#8211; Dr Ibrahim Rugova je 2004. godine progla\u0161en za po\u010dasnog doktora (Honoris Causa) Univerziteta u Tirani.<\/p>\n","protected":false},"author":1,"featured_media":86340,"parent":2779,"menu_order":0,"comment_status":"closed","ping_status":"closed","template":"","meta":{"_eb_attr":"","footnotes":""},"class_list":["post-2803","page","type-page","status-publish","has-post-thumbnail","hentry"],"yoast_head":"<!-- This site is optimized with the Yoast SEO plugin v23.5 - https:\/\/yoast.com\/wordpress\/plugins\/seo\/ -->\n<title>Dr Ibrahim Rugova - Predsednik Republike Kosovo - DR. VJOSA OSMANI - SADRIU<\/title>\n<meta name=\"description\" content=\"Dr Ibrahim Rugova - Predsednik Republike Kosovo - DR. VJOSA OSMANI - SADRIU -\" \/>\n<meta name=\"robots\" content=\"index, follow, max-snippet:-1, max-image-preview:large, max-video-preview:-1\" \/>\n<link rel=\"canonical\" href=\"https:\/\/president-ksgov.net\/ish-presidentet-e-kosoves\/dr-ibrahim-rugova\/\" \/>\n<meta property=\"og:locale\" content=\"sr_RS\" \/>\n<meta property=\"og:type\" content=\"article\" \/>\n<meta property=\"og:title\" content=\"Dr Ibrahim Rugova - Predsednik Republike Kosovo - DR. VJOSA OSMANI - SADRIU\" \/>\n<meta property=\"og:description\" content=\"Dr Ibrahim Rugova - Predsednik Republike Kosovo - DR. VJOSA OSMANI - SADRIU -\" \/>\n<meta property=\"og:url\" content=\"https:\/\/president-ksgov.net\/ish-presidentet-e-kosoves\/dr-ibrahim-rugova\/\" \/>\n<meta property=\"og:site_name\" content=\"Predsednik Republike Kosovo - DR. VJOSA OSMANI - SADRIU\" \/>\n<meta property=\"article:modified_time\" content=\"2026-04-14T08:47:50+00:00\" \/>\n<meta property=\"og:image\" content=\"https:\/\/president-ksgov.net\/wp-content\/uploads\/Zyra-e-Presidentes-Featured-Image1-e1678970937938.png\" \/>\n\t<meta property=\"og:image:width\" content=\"1024\" \/>\n\t<meta property=\"og:image:height\" content=\"800\" \/>\n\t<meta property=\"og:image:type\" content=\"image\/png\" \/>\n<meta name=\"twitter:card\" content=\"summary_large_image\" \/>\n<meta name=\"twitter:label1\" content=\"\u041f\u0440\u043e\u0446\u0435\u045a\u0435\u043d\u043e \u0432\u0440\u0435\u043c\u0435 \u0447\u0438\u0442\u0430\u045a\u0430\" \/>\n\t<meta name=\"twitter:data1\" content=\"5 \u043c\u0438\u043d\u0443\u0442\u0430\" \/>\n<script type=\"application\/ld+json\" class=\"yoast-schema-graph\">{\"@context\":\"https:\/\/schema.org\",\"@graph\":[{\"@type\":\"WebPage\",\"@id\":\"https:\/\/president-ksgov.net\/ish-presidentet-e-kosoves\/dr-ibrahim-rugova\/\",\"url\":\"https:\/\/president-ksgov.net\/ish-presidentet-e-kosoves\/dr-ibrahim-rugova\/\",\"name\":\"Dr Ibrahim Rugova - Predsednik Republike Kosovo - DR. VJOSA OSMANI - SADRIU\",\"isPartOf\":{\"@id\":\"https:\/\/president-ksgov.net\/#website\"},\"primaryImageOfPage\":{\"@id\":\"https:\/\/president-ksgov.net\/ish-presidentet-e-kosoves\/dr-ibrahim-rugova\/#primaryimage\"},\"image\":{\"@id\":\"https:\/\/president-ksgov.net\/ish-presidentet-e-kosoves\/dr-ibrahim-rugova\/#primaryimage\"},\"thumbnailUrl\":\"https:\/\/president-ksgov.net\/wp-content\/uploads\/Zyra-e-Presidentes-Featured-Image1-e1678970937938.png\",\"datePublished\":\"2023-02-13T13:20:05+00:00\",\"dateModified\":\"2026-04-14T08:47:50+00:00\",\"description\":\"Dr Ibrahim Rugova - Predsednik Republike Kosovo - DR. VJOSA OSMANI - SADRIU -\",\"breadcrumb\":{\"@id\":\"https:\/\/president-ksgov.net\/ish-presidentet-e-kosoves\/dr-ibrahim-rugova\/#breadcrumb\"},\"inLanguage\":\"sr-RS\",\"potentialAction\":[{\"@type\":\"ReadAction\",\"target\":[\"https:\/\/president-ksgov.net\/ish-presidentet-e-kosoves\/dr-ibrahim-rugova\/\"]}]},{\"@type\":\"ImageObject\",\"inLanguage\":\"sr-RS\",\"@id\":\"https:\/\/president-ksgov.net\/ish-presidentet-e-kosoves\/dr-ibrahim-rugova\/#primaryimage\",\"url\":\"https:\/\/president-ksgov.net\/wp-content\/uploads\/Zyra-e-Presidentes-Featured-Image1-e1678970937938.png\",\"contentUrl\":\"https:\/\/president-ksgov.net\/wp-content\/uploads\/Zyra-e-Presidentes-Featured-Image1-e1678970937938.png\",\"width\":1024,\"height\":800},{\"@type\":\"BreadcrumbList\",\"@id\":\"https:\/\/president-ksgov.net\/ish-presidentet-e-kosoves\/dr-ibrahim-rugova\/#breadcrumb\",\"itemListElement\":[{\"@type\":\"ListItem\",\"position\":1,\"name\":\"Home\",\"item\":\"https:\/\/president-ksgov.net\/sr\/\"},{\"@type\":\"ListItem\",\"position\":2,\"name\":\"Biv\u0161i Predsednici Kosova\",\"item\":\"https:\/\/president-ksgov.net\/ish-presidentet-e-kosoves\/\"},{\"@type\":\"ListItem\",\"position\":3,\"name\":\"Dr Ibrahim Rugova\"}]},{\"@type\":\"WebSite\",\"@id\":\"https:\/\/president-ksgov.net\/#website\",\"url\":\"https:\/\/president-ksgov.net\/\",\"name\":\"Presidente e Republik\u00ebs s\u00eb Kosov\u00ebs\",\"description\":\"Presidente e Republik\u00ebs s\u00eb Kosov\u00ebs\",\"alternateName\":\"DR. VJOSA OSMANI - SADRIU\",\"potentialAction\":[{\"@type\":\"SearchAction\",\"target\":{\"@type\":\"EntryPoint\",\"urlTemplate\":\"https:\/\/president-ksgov.net\/?s={search_term_string}\"},\"query-input\":{\"@type\":\"PropertyValueSpecification\",\"valueRequired\":true,\"valueName\":\"search_term_string\"}}],\"inLanguage\":\"sr-RS\"}]}<\/script>\n<!-- \/ Yoast SEO plugin. -->","yoast_head_json":{"title":"Dr Ibrahim Rugova - Predsednik Republike Kosovo - DR. VJOSA OSMANI - SADRIU","description":"Dr Ibrahim Rugova - Predsednik Republike Kosovo - DR. VJOSA OSMANI - SADRIU -","robots":{"index":"index","follow":"follow","max-snippet":"max-snippet:-1","max-image-preview":"max-image-preview:large","max-video-preview":"max-video-preview:-1"},"canonical":"https:\/\/president-ksgov.net\/ish-presidentet-e-kosoves\/dr-ibrahim-rugova\/","og_locale":"sr_RS","og_type":"article","og_title":"Dr Ibrahim Rugova - Predsednik Republike Kosovo - DR. VJOSA OSMANI - SADRIU","og_description":"Dr Ibrahim Rugova - Predsednik Republike Kosovo - DR. VJOSA OSMANI - SADRIU -","og_url":"https:\/\/president-ksgov.net\/ish-presidentet-e-kosoves\/dr-ibrahim-rugova\/","og_site_name":"Predsednik Republike Kosovo - DR. VJOSA OSMANI - SADRIU","article_modified_time":"2026-04-14T08:47:50+00:00","og_image":[{"width":1024,"height":800,"url":"https:\/\/president-ksgov.net\/wp-content\/uploads\/Zyra-e-Presidentes-Featured-Image1-e1678970937938.png","type":"image\/png"}],"twitter_card":"summary_large_image","twitter_misc":{"\u041f\u0440\u043e\u0446\u0435\u045a\u0435\u043d\u043e \u0432\u0440\u0435\u043c\u0435 \u0447\u0438\u0442\u0430\u045a\u0430":"5 \u043c\u0438\u043d\u0443\u0442\u0430"},"schema":{"@context":"https:\/\/schema.org","@graph":[{"@type":"WebPage","@id":"https:\/\/president-ksgov.net\/ish-presidentet-e-kosoves\/dr-ibrahim-rugova\/","url":"https:\/\/president-ksgov.net\/ish-presidentet-e-kosoves\/dr-ibrahim-rugova\/","name":"Dr Ibrahim Rugova - Predsednik Republike Kosovo - DR. VJOSA OSMANI - SADRIU","isPartOf":{"@id":"https:\/\/president-ksgov.net\/#website"},"primaryImageOfPage":{"@id":"https:\/\/president-ksgov.net\/ish-presidentet-e-kosoves\/dr-ibrahim-rugova\/#primaryimage"},"image":{"@id":"https:\/\/president-ksgov.net\/ish-presidentet-e-kosoves\/dr-ibrahim-rugova\/#primaryimage"},"thumbnailUrl":"https:\/\/president-ksgov.net\/wp-content\/uploads\/Zyra-e-Presidentes-Featured-Image1-e1678970937938.png","datePublished":"2023-02-13T13:20:05+00:00","dateModified":"2026-04-14T08:47:50+00:00","description":"Dr Ibrahim Rugova - Predsednik Republike Kosovo - DR. VJOSA OSMANI - SADRIU -","breadcrumb":{"@id":"https:\/\/president-ksgov.net\/ish-presidentet-e-kosoves\/dr-ibrahim-rugova\/#breadcrumb"},"inLanguage":"sr-RS","potentialAction":[{"@type":"ReadAction","target":["https:\/\/president-ksgov.net\/ish-presidentet-e-kosoves\/dr-ibrahim-rugova\/"]}]},{"@type":"ImageObject","inLanguage":"sr-RS","@id":"https:\/\/president-ksgov.net\/ish-presidentet-e-kosoves\/dr-ibrahim-rugova\/#primaryimage","url":"https:\/\/president-ksgov.net\/wp-content\/uploads\/Zyra-e-Presidentes-Featured-Image1-e1678970937938.png","contentUrl":"https:\/\/president-ksgov.net\/wp-content\/uploads\/Zyra-e-Presidentes-Featured-Image1-e1678970937938.png","width":1024,"height":800},{"@type":"BreadcrumbList","@id":"https:\/\/president-ksgov.net\/ish-presidentet-e-kosoves\/dr-ibrahim-rugova\/#breadcrumb","itemListElement":[{"@type":"ListItem","position":1,"name":"Home","item":"https:\/\/president-ksgov.net\/sr\/"},{"@type":"ListItem","position":2,"name":"Biv\u0161i Predsednici Kosova","item":"https:\/\/president-ksgov.net\/ish-presidentet-e-kosoves\/"},{"@type":"ListItem","position":3,"name":"Dr Ibrahim Rugova"}]},{"@type":"WebSite","@id":"https:\/\/president-ksgov.net\/#website","url":"https:\/\/president-ksgov.net\/","name":"Presidente e Republik\u00ebs s\u00eb Kosov\u00ebs","description":"Presidente e Republik\u00ebs s\u00eb Kosov\u00ebs","alternateName":"DR. VJOSA OSMANI - SADRIU","potentialAction":[{"@type":"SearchAction","target":{"@type":"EntryPoint","urlTemplate":"https:\/\/president-ksgov.net\/?s={search_term_string}"},"query-input":{"@type":"PropertyValueSpecification","valueRequired":true,"valueName":"search_term_string"}}],"inLanguage":"sr-RS"}]}},"_links":{"self":[{"href":"https:\/\/president-ksgov.net\/sr\/wp-json\/wp\/v2\/pages\/2803","targetHints":{"allow":["GET"]}}],"collection":[{"href":"https:\/\/president-ksgov.net\/sr\/wp-json\/wp\/v2\/pages"}],"about":[{"href":"https:\/\/president-ksgov.net\/sr\/wp-json\/wp\/v2\/types\/page"}],"author":[{"embeddable":true,"href":"https:\/\/president-ksgov.net\/sr\/wp-json\/wp\/v2\/users\/1"}],"replies":[{"embeddable":true,"href":"https:\/\/president-ksgov.net\/sr\/wp-json\/wp\/v2\/comments?post=2803"}],"version-history":[{"count":32,"href":"https:\/\/president-ksgov.net\/sr\/wp-json\/wp\/v2\/pages\/2803\/revisions"}],"predecessor-version":[{"id":187005,"href":"https:\/\/president-ksgov.net\/sr\/wp-json\/wp\/v2\/pages\/2803\/revisions\/187005"}],"up":[{"embeddable":true,"href":"https:\/\/president-ksgov.net\/sr\/wp-json\/wp\/v2\/pages\/2779"}],"wp:featuredmedia":[{"embeddable":true,"href":"https:\/\/president-ksgov.net\/sr\/wp-json\/wp\/v2\/media\/86340"}],"wp:attachment":[{"href":"https:\/\/president-ksgov.net\/sr\/wp-json\/wp\/v2\/media?parent=2803"}],"curies":[{"name":"wp","href":"https:\/\/api.w.org\/{rel}","templated":true}]}}