{"id":2801,"date":"2023-02-13T14:16:29","date_gmt":"2023-02-13T13:16:29","guid":{"rendered":"https:\/\/dev.president-ksgov.net\/dr-fatmir-sejdiu\/"},"modified":"2026-04-14T10:49:54","modified_gmt":"2026-04-14T08:49:54","slug":"dr-fatmir-sejdiu","status":"publish","type":"page","link":"https:\/\/president-ksgov.net\/sr\/bisvi-predsednici-kosova\/dr-fatmir-sejdiu\/","title":{"rendered":"Dr Fatmir Sejdiu"},"content":{"rendered":"\t\t<div data-elementor-type=\"wp-page\" data-elementor-id=\"2801\" class=\"elementor elementor-2801 elementor-2114\">\n\t\t\t\t\t\t<section class=\"elementor-section elementor-top-section elementor-element elementor-element-3e9ae6a elementor-section-boxed elementor-section-height-default elementor-section-height-default wpr-particle-no wpr-jarallax-no wpr-parallax-no wpr-sticky-section-no\" data-id=\"3e9ae6a\" data-element_type=\"section\">\n\t\t\t\t\t\t<div class=\"elementor-container elementor-column-gap-default\">\n\t\t\t\t\t<div class=\"elementor-column elementor-col-100 elementor-top-column elementor-element elementor-element-509296c\" data-id=\"509296c\" data-element_type=\"column\">\n\t\t\t<div class=\"elementor-widget-wrap elementor-element-populated\">\n\t\t\t\t\t\t<div class=\"elementor-element elementor-element-2caa108 elementor-position-left elementor-vertical-align-middle elementor-widget elementor-widget-image-box\" data-id=\"2caa108\" data-element_type=\"widget\" data-widget_type=\"image-box.default\">\n\t\t\t\t<div class=\"elementor-widget-container\">\n\t\t\t<div class=\"elementor-image-box-wrapper\"><figure class=\"elementor-image-box-img\"><img fetchpriority=\"high\" decoding=\"async\" width=\"800\" height=\"1120\" src=\"https:\/\/president-ksgov.net\/wp-content\/uploads\/Fatmir_Sejdiu1_OFFICIAL_IMAGE-1.jpg\" class=\"attachment-full size-full wp-image-87910\" alt=\"\" srcset=\"https:\/\/president-ksgov.net\/wp-content\/uploads\/Fatmir_Sejdiu1_OFFICIAL_IMAGE-1.jpg 800w, https:\/\/president-ksgov.net\/wp-content\/uploads\/Fatmir_Sejdiu1_OFFICIAL_IMAGE-1-214x300.jpg 214w, https:\/\/president-ksgov.net\/wp-content\/uploads\/Fatmir_Sejdiu1_OFFICIAL_IMAGE-1-731x1024.jpg 731w, https:\/\/president-ksgov.net\/wp-content\/uploads\/Fatmir_Sejdiu1_OFFICIAL_IMAGE-1-768x1075.jpg 768w, https:\/\/president-ksgov.net\/wp-content\/uploads\/Fatmir_Sejdiu1_OFFICIAL_IMAGE-1-321x450.jpg 321w\" sizes=\"(max-width: 800px) 100vw, 800px\" \/><\/figure><div class=\"elementor-image-box-content\"><h3 class=\"elementor-image-box-title\">DR FATMIR SEJDIU<\/h3><p class=\"elementor-image-box-description\">PRVI PREDSEDNIK REPUBLIKE KOSOVO - (2006-2010. godine)<\/p><\/div><\/div>\t\t<\/div>\n\t\t\t\t<\/div>\n\t\t\t\t\t<\/div>\n\t\t<\/div>\n\t\t\t\t\t<\/div>\n\t\t<\/section>\n\t\t\t\t<section class=\"elementor-section elementor-top-section elementor-element elementor-element-622f660 elementor-section-boxed elementor-section-height-default elementor-section-height-default wpr-particle-no wpr-jarallax-no wpr-parallax-no wpr-sticky-section-no\" data-id=\"622f660\" data-element_type=\"section\">\n\t\t\t\t\t\t<div class=\"elementor-container elementor-column-gap-default\">\n\t\t\t\t\t<div class=\"elementor-column elementor-col-100 elementor-top-column elementor-element elementor-element-19f622b\" data-id=\"19f622b\" data-element_type=\"column\">\n\t\t\t<div class=\"elementor-widget-wrap elementor-element-populated\">\n\t\t\t\t\t\t<div class=\"elementor-element elementor-element-5ff6904 elementor-widget elementor-widget-text-editor\" data-id=\"5ff6904\" data-element_type=\"widget\" data-widget_type=\"text-editor.default\">\n\t\t\t\t<div class=\"elementor-widget-container\">\n\t\t\t\t\t\t\t<p>Dr Fatmir Sejdiu je ro\u0111en 23. oktobra 1951. godine u Paka\u0161tici, op\u0161tina Podujevo, Kosovo. Osnovno i srednje obrazovanje zavr\u0161io je u Podujevu.<br \/>\u00a0<br \/>Diplomirao je na Pravnom fakultetu Univerziteta u Pri\u0161tini 1974. godine, gde je zavr\u0161io i postdiplomske studije i odbranio doktorsku disertaciju.<br \/>\u00a0<br \/>Bio je predava\u010d na Pravnom fakultetu i Fakultetu politi\u010dkih nauka Univerziteta u Pri\u0161tini sa zvanjem redovnog profesora 33 godine zaredom. Radi produbljenih studija boravio je u Francuskoj (Univerzitet \u201ePariz 2\u201c, 1984. godine, na odseku za istoriju institucija ekonomije, filozofiju i sociologiju prava i istoriju politi\u010dkih ideja) i u SAD (Dr\u017eavni univerzitet Arizone, 4 meseca), a raedi kra\u0107ih studija je boravio i na drugim univerzitetima. Objavio je brojna nau\u010dna dela iz pravno-istorijskih i pravno-ustavnih oblasti, kao i specijalne knjige iz ovih oblasti.<br \/>\u00a0<br \/>Fatmir Sejdiu je bio u\u010desnik osniva\u010dke skup\u0161tine Demokratskog saveza Kosova (DSK (LDK)) 23. decembra 1989. godine. Na Prvoj izbornoj skup\u0161tini, 1991. godine, izabran je za \u010dlana Generalnog ve\u0107a, a 1992. godine za \u010dlana Predsedni\u0161tva DSK-a, dok je 1994. godine bio generalni sekretar DSK-a. Ovu funkciju je obavljao i od 2004. do 2006. godine.<br \/>\u00a0<br \/>Dana 9. decembra 2006. godine izabran je za predsednika Demokratskog saveza Kosova, funkciju koju je obavljao do 2010. godine.<br \/>\u00a0<br \/>Bio je \u010dlan Centralne komisije za organizaciju referenduma o nezavisnosti Kosova odr\u017eanog 1991. godine.<br \/>\u00a0<br \/>Izabran je za poslanika u Skup\u0161tini Republike Kosovo 1992. i 1998. godine. Isto tako, 1998. godine izabran je za generalnog sekretara Skup\u0161tine i predsednika Odbora za ustavna pitanja. Godine 2001., na prvim demokratskim posleratnim izborima, izabran je za poslanika u Skup\u0161tini Kosova i \u010dlana Predsedni\u0161tva Skup\u0161tine, u kom svojstvu je ponovo izabran 2004. godine.<br \/>\u00a0<br \/>Dana 10. februara 2006. godine, Fatmir Sejdiu je izabran za predsednika Republike Kosovo sa dve tre\u0107ine glasova poslanika Skup\u0161tine Kosova.<br \/>\u00a0<br \/>Predvodio je Tim jedinstva u pregovorima pre nego \u0161to je utvr\u0111en kona\u010dni status Republike Kosovo.<br \/>\u00a0<br \/>Dr\u017eao je predavanja na va\u017enim nau\u010dnim institucijama u svetu, kao \u0161to su Dr\u017eavni univerzitet Arizone, Oksford Junion, Londonska \u0161kola ekonomije u Londonu, Luven, Tirana, \u201eSavet za svetske poslove\u201c \u2013 San Francisko, Univerzitet Harvard i druge institucije.<br \/>\u00a0<br \/>U junu 2006. godine, Dr\u017eavni univerzitet u Tirani dodelio je dr Fatmiru Sejdiuu titulu po\u010dasnog doktora (Doctor Honoris Causa).<br \/>\u00a0<br \/>3. novembra 2008. godine, predsednik Sejdiu je odlikovan od strane predsednika Republike Albanije, gospodina Bamira Topija, ordenom \u201eGjergj Kastrioti\u00a0Sk\u00ebnderbeu\u201c.<br \/>\u00a0<br \/>5. novembra 2008. godine, predsednik Sejdiu je dobio nagradu \u201ePo\u010dasni gra\u0111anin Skadra\u201c.<br \/>\u00a0<br \/>23. februara 2009. godine, predsednik Sejdiu je odlikovan nagradom \u201eZaslu\u017eeno globalno liderstvo\u201c na Dr\u017eavnom univerzitetu Arizone.<br \/>\u00a0<br \/>Tako\u0111e, u aprilu 2011. godine, Dr\u017eavni univerzitet Sakarija u Turskoj mu je dodelio titulu po\u010dasnog doktora. (Doctor Honoris Causa).<br \/>\u00a0<br \/>Govori albanski, francuski, engleski, srpskohrvatski, bugarski i makedonski. O\u017eenjen je i ima troje dece. \u017divi u Pri\u0161tini.<br \/>\u00a0<br \/>Dana 27. septembra 2010. godine podneo je ostavku na mesto predsednika Republike Kosovo.<\/p>\t\t\t\t\t\t<\/div>\n\t\t\t\t<\/div>\n\t\t\t\t\t<\/div>\n\t\t<\/div>\n\t\t\t\t\t<\/div>\n\t\t<\/section>\n\t\t\t\t<\/div>\n\t\t","protected":false},"excerpt":{"rendered":"<p>DR FATMIR SEJDIU PRVI PREDSEDNIK REPUBLIKE KOSOVO &#8211; (2006-2010. godine) Dr Fatmir Sejdiu je ro\u0111en 23. oktobra 1951. godine u Paka\u0161tici, op\u0161tina Podujevo, Kosovo. Osnovno i srednje obrazovanje zavr\u0161io je u Podujevu.\u00a0Diplomirao je na Pravnom fakultetu Univerziteta u Pri\u0161tini 1974. godine, gde je zavr\u0161io i postdiplomske studije i odbranio doktorsku disertaciju.\u00a0Bio je predava\u010d na Pravnom fakultetu i Fakultetu politi\u010dkih nauka Univerziteta u Pri\u0161tini sa zvanjem redovnog profesora 33 godine zaredom. Radi produbljenih studija boravio je u Francuskoj (Univerzitet \u201ePariz 2\u201c, 1984. godine, na odseku za istoriju institucija ekonomije, filozofiju i sociologiju prava i istoriju politi\u010dkih ideja) i u SAD (Dr\u017eavni univerzitet Arizone, 4 meseca), a raedi kra\u0107ih studija je boravio i na drugim univerzitetima. Objavio je brojna nau\u010dna dela iz pravno-istorijskih i pravno-ustavnih oblasti, kao i specijalne knjige iz ovih oblasti.\u00a0Fatmir Sejdiu je bio u\u010desnik osniva\u010dke skup\u0161tine Demokratskog saveza Kosova (DSK (LDK)) 23. decembra 1989. godine. Na Prvoj izbornoj skup\u0161tini, 1991. godine, izabran je za \u010dlana Generalnog ve\u0107a, a 1992. godine za \u010dlana Predsedni\u0161tva DSK-a, dok je 1994. godine bio generalni sekretar DSK-a. Ovu funkciju je obavljao i od 2004. do 2006. godine.\u00a0Dana 9. decembra 2006. godine izabran je za predsednika Demokratskog saveza Kosova, funkciju koju je obavljao do 2010. godine.\u00a0Bio je \u010dlan Centralne komisije za organizaciju referenduma o nezavisnosti Kosova odr\u017eanog 1991. godine.\u00a0Izabran je za poslanika u Skup\u0161tini Republike Kosovo 1992. i 1998. godine. Isto tako, 1998. godine izabran je za generalnog sekretara Skup\u0161tine i predsednika Odbora za ustavna pitanja. Godine 2001., na prvim demokratskim posleratnim izborima, izabran je za poslanika u Skup\u0161tini Kosova i \u010dlana Predsedni\u0161tva Skup\u0161tine, u kom svojstvu je ponovo izabran 2004. godine.\u00a0Dana 10. februara 2006. godine, Fatmir Sejdiu je izabran za predsednika Republike Kosovo sa dve tre\u0107ine glasova poslanika Skup\u0161tine Kosova.\u00a0Predvodio je Tim jedinstva u pregovorima pre nego \u0161to je utvr\u0111en kona\u010dni status Republike Kosovo.\u00a0Dr\u017eao je predavanja na va\u017enim nau\u010dnim institucijama u svetu, kao \u0161to su Dr\u017eavni univerzitet Arizone, Oksford Junion, Londonska \u0161kola ekonomije u Londonu, Luven, Tirana, \u201eSavet za svetske poslove\u201c \u2013 San Francisko, Univerzitet Harvard i druge institucije.\u00a0U junu 2006. godine, Dr\u017eavni univerzitet u Tirani dodelio je dr Fatmiru Sejdiuu titulu po\u010dasnog doktora (Doctor Honoris Causa).\u00a03. novembra 2008. godine, predsednik Sejdiu je odlikovan od strane predsednika Republike Albanije, gospodina Bamira Topija, ordenom \u201eGjergj Kastrioti\u00a0Sk\u00ebnderbeu\u201c.\u00a05. novembra 2008. godine, predsednik Sejdiu je dobio nagradu \u201ePo\u010dasni gra\u0111anin Skadra\u201c.\u00a023. februara 2009. godine, predsednik Sejdiu je odlikovan nagradom \u201eZaslu\u017eeno globalno liderstvo\u201c na Dr\u017eavnom univerzitetu Arizone.\u00a0Tako\u0111e, u aprilu 2011. godine, Dr\u017eavni univerzitet Sakarija u Turskoj mu je dodelio titulu po\u010dasnog doktora. (Doctor Honoris Causa).\u00a0Govori albanski, francuski, engleski, srpskohrvatski, bugarski i makedonski. O\u017eenjen je i ima troje dece. \u017divi u Pri\u0161tini.\u00a0Dana 27. septembra 2010. godine podneo je ostavku na mesto predsednika Republike Kosovo.<\/p>\n","protected":false},"author":1,"featured_media":86340,"parent":2779,"menu_order":0,"comment_status":"closed","ping_status":"closed","template":"","meta":{"_eb_attr":"","footnotes":""},"class_list":["post-2801","page","type-page","status-publish","has-post-thumbnail","hentry"],"yoast_head":"<!-- This site is optimized with the Yoast SEO plugin v23.5 - https:\/\/yoast.com\/wordpress\/plugins\/seo\/ -->\n<title>Dr Fatmir Sejdiu - Predsednik Republike Kosovo - DR. VJOSA OSMANI - SADRIU<\/title>\n<meta name=\"description\" content=\"Dr Fatmir Sejdiu - Predsednik Republike Kosovo - DR. VJOSA OSMANI - SADRIU -\" \/>\n<meta name=\"robots\" content=\"index, follow, max-snippet:-1, max-image-preview:large, max-video-preview:-1\" \/>\n<link rel=\"canonical\" href=\"https:\/\/president-ksgov.net\/ish-presidentet-e-kosoves\/dr-fatmir-sejdiu\/\" \/>\n<meta property=\"og:locale\" content=\"sr_RS\" \/>\n<meta property=\"og:type\" content=\"article\" \/>\n<meta property=\"og:title\" content=\"Dr Fatmir Sejdiu - Predsednik Republike Kosovo - DR. VJOSA OSMANI - SADRIU\" \/>\n<meta property=\"og:description\" content=\"Dr Fatmir Sejdiu - Predsednik Republike Kosovo - DR. VJOSA OSMANI - SADRIU -\" \/>\n<meta property=\"og:url\" content=\"https:\/\/president-ksgov.net\/ish-presidentet-e-kosoves\/dr-fatmir-sejdiu\/\" \/>\n<meta property=\"og:site_name\" content=\"Predsednik Republike Kosovo - DR. VJOSA OSMANI - SADRIU\" \/>\n<meta property=\"article:modified_time\" content=\"2026-04-14T08:49:54+00:00\" \/>\n<meta property=\"og:image\" content=\"https:\/\/president-ksgov.net\/wp-content\/uploads\/Zyra-e-Presidentes-Featured-Image1-e1678970937938.png\" \/>\n\t<meta property=\"og:image:width\" content=\"1024\" \/>\n\t<meta property=\"og:image:height\" content=\"800\" \/>\n\t<meta property=\"og:image:type\" content=\"image\/png\" \/>\n<meta name=\"twitter:card\" content=\"summary_large_image\" \/>\n<meta name=\"twitter:label1\" content=\"\u041f\u0440\u043e\u0446\u0435\u045a\u0435\u043d\u043e \u0432\u0440\u0435\u043c\u0435 \u0447\u0438\u0442\u0430\u045a\u0430\" \/>\n\t<meta name=\"twitter:data1\" content=\"3 \u043c\u0438\u043d\u0443\u0442\u0430\" \/>\n<script type=\"application\/ld+json\" class=\"yoast-schema-graph\">{\"@context\":\"https:\/\/schema.org\",\"@graph\":[{\"@type\":\"WebPage\",\"@id\":\"https:\/\/president-ksgov.net\/ish-presidentet-e-kosoves\/dr-fatmir-sejdiu\/\",\"url\":\"https:\/\/president-ksgov.net\/ish-presidentet-e-kosoves\/dr-fatmir-sejdiu\/\",\"name\":\"Dr Fatmir Sejdiu - Predsednik Republike Kosovo - DR. VJOSA OSMANI - SADRIU\",\"isPartOf\":{\"@id\":\"https:\/\/president-ksgov.net\/#website\"},\"primaryImageOfPage\":{\"@id\":\"https:\/\/president-ksgov.net\/ish-presidentet-e-kosoves\/dr-fatmir-sejdiu\/#primaryimage\"},\"image\":{\"@id\":\"https:\/\/president-ksgov.net\/ish-presidentet-e-kosoves\/dr-fatmir-sejdiu\/#primaryimage\"},\"thumbnailUrl\":\"https:\/\/president-ksgov.net\/wp-content\/uploads\/Zyra-e-Presidentes-Featured-Image1-e1678970937938.png\",\"datePublished\":\"2023-02-13T13:16:29+00:00\",\"dateModified\":\"2026-04-14T08:49:54+00:00\",\"description\":\"Dr Fatmir Sejdiu - Predsednik Republike Kosovo - DR. VJOSA OSMANI - SADRIU -\",\"breadcrumb\":{\"@id\":\"https:\/\/president-ksgov.net\/ish-presidentet-e-kosoves\/dr-fatmir-sejdiu\/#breadcrumb\"},\"inLanguage\":\"sr-RS\",\"potentialAction\":[{\"@type\":\"ReadAction\",\"target\":[\"https:\/\/president-ksgov.net\/ish-presidentet-e-kosoves\/dr-fatmir-sejdiu\/\"]}]},{\"@type\":\"ImageObject\",\"inLanguage\":\"sr-RS\",\"@id\":\"https:\/\/president-ksgov.net\/ish-presidentet-e-kosoves\/dr-fatmir-sejdiu\/#primaryimage\",\"url\":\"https:\/\/president-ksgov.net\/wp-content\/uploads\/Zyra-e-Presidentes-Featured-Image1-e1678970937938.png\",\"contentUrl\":\"https:\/\/president-ksgov.net\/wp-content\/uploads\/Zyra-e-Presidentes-Featured-Image1-e1678970937938.png\",\"width\":1024,\"height\":800},{\"@type\":\"BreadcrumbList\",\"@id\":\"https:\/\/president-ksgov.net\/ish-presidentet-e-kosoves\/dr-fatmir-sejdiu\/#breadcrumb\",\"itemListElement\":[{\"@type\":\"ListItem\",\"position\":1,\"name\":\"Home\",\"item\":\"https:\/\/president-ksgov.net\/sr\/\"},{\"@type\":\"ListItem\",\"position\":2,\"name\":\"Biv\u0161i Predsednici Kosova\",\"item\":\"https:\/\/president-ksgov.net\/ish-presidentet-e-kosoves\/\"},{\"@type\":\"ListItem\",\"position\":3,\"name\":\"Dr Fatmir Sejdiu\"}]},{\"@type\":\"WebSite\",\"@id\":\"https:\/\/president-ksgov.net\/#website\",\"url\":\"https:\/\/president-ksgov.net\/\",\"name\":\"Presidente e Republik\u00ebs s\u00eb Kosov\u00ebs\",\"description\":\"Presidente e Republik\u00ebs s\u00eb Kosov\u00ebs\",\"alternateName\":\"DR. VJOSA OSMANI - SADRIU\",\"potentialAction\":[{\"@type\":\"SearchAction\",\"target\":{\"@type\":\"EntryPoint\",\"urlTemplate\":\"https:\/\/president-ksgov.net\/?s={search_term_string}\"},\"query-input\":{\"@type\":\"PropertyValueSpecification\",\"valueRequired\":true,\"valueName\":\"search_term_string\"}}],\"inLanguage\":\"sr-RS\"}]}<\/script>\n<!-- \/ Yoast SEO plugin. -->","yoast_head_json":{"title":"Dr Fatmir Sejdiu - Predsednik Republike Kosovo - DR. VJOSA OSMANI - SADRIU","description":"Dr Fatmir Sejdiu - Predsednik Republike Kosovo - DR. VJOSA OSMANI - SADRIU -","robots":{"index":"index","follow":"follow","max-snippet":"max-snippet:-1","max-image-preview":"max-image-preview:large","max-video-preview":"max-video-preview:-1"},"canonical":"https:\/\/president-ksgov.net\/ish-presidentet-e-kosoves\/dr-fatmir-sejdiu\/","og_locale":"sr_RS","og_type":"article","og_title":"Dr Fatmir Sejdiu - Predsednik Republike Kosovo - DR. VJOSA OSMANI - SADRIU","og_description":"Dr Fatmir Sejdiu - Predsednik Republike Kosovo - DR. VJOSA OSMANI - SADRIU -","og_url":"https:\/\/president-ksgov.net\/ish-presidentet-e-kosoves\/dr-fatmir-sejdiu\/","og_site_name":"Predsednik Republike Kosovo - DR. VJOSA OSMANI - SADRIU","article_modified_time":"2026-04-14T08:49:54+00:00","og_image":[{"width":1024,"height":800,"url":"https:\/\/president-ksgov.net\/wp-content\/uploads\/Zyra-e-Presidentes-Featured-Image1-e1678970937938.png","type":"image\/png"}],"twitter_card":"summary_large_image","twitter_misc":{"\u041f\u0440\u043e\u0446\u0435\u045a\u0435\u043d\u043e \u0432\u0440\u0435\u043c\u0435 \u0447\u0438\u0442\u0430\u045a\u0430":"3 \u043c\u0438\u043d\u0443\u0442\u0430"},"schema":{"@context":"https:\/\/schema.org","@graph":[{"@type":"WebPage","@id":"https:\/\/president-ksgov.net\/ish-presidentet-e-kosoves\/dr-fatmir-sejdiu\/","url":"https:\/\/president-ksgov.net\/ish-presidentet-e-kosoves\/dr-fatmir-sejdiu\/","name":"Dr Fatmir Sejdiu - Predsednik Republike Kosovo - DR. VJOSA OSMANI - SADRIU","isPartOf":{"@id":"https:\/\/president-ksgov.net\/#website"},"primaryImageOfPage":{"@id":"https:\/\/president-ksgov.net\/ish-presidentet-e-kosoves\/dr-fatmir-sejdiu\/#primaryimage"},"image":{"@id":"https:\/\/president-ksgov.net\/ish-presidentet-e-kosoves\/dr-fatmir-sejdiu\/#primaryimage"},"thumbnailUrl":"https:\/\/president-ksgov.net\/wp-content\/uploads\/Zyra-e-Presidentes-Featured-Image1-e1678970937938.png","datePublished":"2023-02-13T13:16:29+00:00","dateModified":"2026-04-14T08:49:54+00:00","description":"Dr Fatmir Sejdiu - Predsednik Republike Kosovo - DR. VJOSA OSMANI - SADRIU -","breadcrumb":{"@id":"https:\/\/president-ksgov.net\/ish-presidentet-e-kosoves\/dr-fatmir-sejdiu\/#breadcrumb"},"inLanguage":"sr-RS","potentialAction":[{"@type":"ReadAction","target":["https:\/\/president-ksgov.net\/ish-presidentet-e-kosoves\/dr-fatmir-sejdiu\/"]}]},{"@type":"ImageObject","inLanguage":"sr-RS","@id":"https:\/\/president-ksgov.net\/ish-presidentet-e-kosoves\/dr-fatmir-sejdiu\/#primaryimage","url":"https:\/\/president-ksgov.net\/wp-content\/uploads\/Zyra-e-Presidentes-Featured-Image1-e1678970937938.png","contentUrl":"https:\/\/president-ksgov.net\/wp-content\/uploads\/Zyra-e-Presidentes-Featured-Image1-e1678970937938.png","width":1024,"height":800},{"@type":"BreadcrumbList","@id":"https:\/\/president-ksgov.net\/ish-presidentet-e-kosoves\/dr-fatmir-sejdiu\/#breadcrumb","itemListElement":[{"@type":"ListItem","position":1,"name":"Home","item":"https:\/\/president-ksgov.net\/sr\/"},{"@type":"ListItem","position":2,"name":"Biv\u0161i Predsednici Kosova","item":"https:\/\/president-ksgov.net\/ish-presidentet-e-kosoves\/"},{"@type":"ListItem","position":3,"name":"Dr Fatmir Sejdiu"}]},{"@type":"WebSite","@id":"https:\/\/president-ksgov.net\/#website","url":"https:\/\/president-ksgov.net\/","name":"Presidente e Republik\u00ebs s\u00eb Kosov\u00ebs","description":"Presidente e Republik\u00ebs s\u00eb Kosov\u00ebs","alternateName":"DR. VJOSA OSMANI - SADRIU","potentialAction":[{"@type":"SearchAction","target":{"@type":"EntryPoint","urlTemplate":"https:\/\/president-ksgov.net\/?s={search_term_string}"},"query-input":{"@type":"PropertyValueSpecification","valueRequired":true,"valueName":"search_term_string"}}],"inLanguage":"sr-RS"}]}},"_links":{"self":[{"href":"https:\/\/president-ksgov.net\/sr\/wp-json\/wp\/v2\/pages\/2801","targetHints":{"allow":["GET"]}}],"collection":[{"href":"https:\/\/president-ksgov.net\/sr\/wp-json\/wp\/v2\/pages"}],"about":[{"href":"https:\/\/president-ksgov.net\/sr\/wp-json\/wp\/v2\/types\/page"}],"author":[{"embeddable":true,"href":"https:\/\/president-ksgov.net\/sr\/wp-json\/wp\/v2\/users\/1"}],"replies":[{"embeddable":true,"href":"https:\/\/president-ksgov.net\/sr\/wp-json\/wp\/v2\/comments?post=2801"}],"version-history":[{"count":38,"href":"https:\/\/president-ksgov.net\/sr\/wp-json\/wp\/v2\/pages\/2801\/revisions"}],"predecessor-version":[{"id":187009,"href":"https:\/\/president-ksgov.net\/sr\/wp-json\/wp\/v2\/pages\/2801\/revisions\/187009"}],"up":[{"embeddable":true,"href":"https:\/\/president-ksgov.net\/sr\/wp-json\/wp\/v2\/pages\/2779"}],"wp:featuredmedia":[{"embeddable":true,"href":"https:\/\/president-ksgov.net\/sr\/wp-json\/wp\/v2\/media\/86340"}],"wp:attachment":[{"href":"https:\/\/president-ksgov.net\/sr\/wp-json\/wp\/v2\/media?parent=2801"}],"curies":[{"name":"wp","href":"https:\/\/api.w.org\/{rel}","templated":true}]}}