{"id":2777,"date":"2023-01-29T19:12:28","date_gmt":"2023-01-29T18:12:28","guid":{"rendered":"https:\/\/dev.president-ksgov.net\/mundesi-punesimi\/"},"modified":"2025-04-18T15:02:13","modified_gmt":"2025-04-18T13:02:13","slug":"mogucnost-zaposljavanja","status":"publish","type":"page","link":"https:\/\/president-ksgov.net\/sr\/mogucnost-zaposljavanja\/","title":{"rendered":"Mogu\u0107nost zapo\u0161ljavanja"},"content":{"rendered":"\t\t<div data-elementor-type=\"wp-page\" data-elementor-id=\"2777\" class=\"elementor elementor-2777 elementor-1025\">\n\t\t\t\t\t\t<section class=\"elementor-section elementor-top-section elementor-element elementor-element-990c670 legjislacioni elementor-section-boxed elementor-section-height-default elementor-section-height-default wpr-particle-no wpr-jarallax-no wpr-parallax-no wpr-sticky-section-no\" data-id=\"990c670\" data-element_type=\"section\">\n\t\t\t\t\t\t<div class=\"elementor-container elementor-column-gap-default\">\n\t\t\t\t\t<div class=\"elementor-column elementor-col-100 elementor-top-column elementor-element elementor-element-e8be509\" data-id=\"e8be509\" data-element_type=\"column\">\n\t\t\t<div class=\"elementor-widget-wrap elementor-element-populated\">\n\t\t\t\t\t\t<div class=\"elementor-element elementor-element-a590bfa elementor-widget elementor-widget-eael-adv-accordion\" data-id=\"a590bfa\" data-element_type=\"widget\" data-widget_type=\"eael-adv-accordion.default\">\n\t\t\t\t<div class=\"elementor-widget-container\">\n\t\t\t        <div class=\"eael-adv-accordion\" id=\"eael-adv-accordion-a590bfa\" data-scroll-on-click=\"no\" data-scroll-speed=\"300\" data-accordion-id=\"a590bfa\" data-accordion-type=\"accordion\" data-toogle-speed=\"300\">\n    <div class=\"eael-accordion-list\">\n                <div id=\"dokumenti\" class=\"elementor-tab-title eael-accordion-header\" tabindex=\"0\" data-tab=\"1\" aria-controls=\"elementor-tab-content-1731\"><span class=\"eael-advanced-accordion-icon-closed\"><i aria-hidden=\"true\" class=\"fa-accordion-icon far fa-file\"><\/i><\/span><span class=\"eael-advanced-accordion-icon-opened\"><i aria-hidden=\"true\" class=\"fa-accordion-icon far fa-file-alt\"><\/i><\/span><span class=\"eael-accordion-tab-title\">Dokumenti<\/span><i aria-hidden=\"true\" class=\"fa-toggle fas fa-angle-right\"><\/i><\/div><div id=\"elementor-tab-content-1731\" class=\"eael-accordion-content clearfix\" data-tab=\"1\" aria-labelledby=\"dokumenti\"><ul><li><a href=\"https:\/\/president-ksgov.net\/wp-content\/uploads\/JAVNI-KONKURS-ZA-ANGAZOVANJE-PLACENE-PRAKSE-U-KANCELARIJI-PREDSEDNICE-REPUBLIKE-KOSOVO.pdf\" target=\"_blank\" rel=\"noopener\">JAVNI KONKURS ZA ANGA\u017dOVANJE PLA\u0106ENE PRAKSE U KANCELARIJI PREDSEDNICE REPUBLIKE KOSOVO \u2013 18.4.2025<\/a><\/li><li><a href=\"https:\/\/president-ksgov.net\/wp-content\/uploads\/SRB-Formulari-i-kerkeses-per-angazhim_Pune-praktike-ne-Presidence_13.03.2024.docx\" target=\"_blank\" rel=\"noopener\">ZAHTEV ZA ANGA\u017dOVANJE NA PRAKSI<\/a><\/li><li><p><a href=\"https:\/\/president-ksgov.net\/wp-content\/uploads\/Konkursi_Pune-praktike-ne-Presidence_13.03.2024.SRB_.pdf\"><strong>JAVNI KONKURS\u00a0 ZA PLA\u0106ENO ANGA\u017dOVANJE PRAKTIKANATA U <\/strong><strong>KANCELARIJI PREDSEDNICE REPUBLIKE KOSOVO 13.3.2024<\/strong><\/a><\/p><\/li><li><p><a href=\"https:\/\/president-ksgov.net\/wp-content\/uploads\/Konkursi_Pune-praktike-ne-Presidence_13.03.2024.SRB_.docx\"><strong>ZAHTEV ZA ANGA\u017dOVANJE NA PRAKSI 13.3.2024<\/strong><\/a><\/p><\/li><li><a href=\"https:\/\/president-ksgov.net\/wp-content\/uploads\/Javni-Konkurs-za-placeno-angazovanje-praktikanata-u-kancelariji-predsednice-republike-kosovo-10-mart.pdf\">JAVNI KONKURS ZA PLACENO ANGA\u017dOVANJE PRAKTIKANATA U KANCELARIJI PREDSEDNICE REPUBLIKE KOSOVO &#8211; 10.03.2023<\/a><\/li><li><a href=\"https:\/\/president-ksgov.net\/wp-content\/uploads\/ZAHTEV-ZA-ANGAZOVANJE-NA-PRAKSI.docx\">ZAHTEV ZA ANGA\u017dOVANJE NA PRAKSI<\/a><\/li><li><a href=\"https:\/\/president-ksgov.net\/wp-content\/uploads\/2022_05_10_091428_Pershkrimi_i_Punes_Zyrtar_per_pranim_administrim_dhe_shperndarje_te_do.docx\">Slu\u017ebenik za prijem, upravljanje i podelu dokumenata<\/a><\/li><li><a href=\"https:\/\/president-ksgov.net\/wp-content\/uploads\/2022_04_22_061902_Raspisivanje_konkursa_unutar_institucije_za_popunjavanje_slobodnog_radnog_mesta_-_Vozac.pdf\">Raspisivanje konkursa unutar institucije za popunjavanje slobodnog radnog mesta &#8211; Voza\u010d<\/a><\/li><li><a href=\"https:\/\/president-ksgov.net\/wp-content\/uploads\/2022_04_22_061929_Aplikacija_za_zaposljavanje-1.docx\">Aplikacija za zapo\u0161ljavanje<\/a><\/li><\/ul><\/div>\n                <\/div><\/div>\t\t<\/div>\n\t\t\t\t<\/div>\n\t\t\t\t\t<\/div>\n\t\t<\/div>\n\t\t\t\t\t<\/div>\n\t\t<\/section>\n\t\t\t\t<\/div>\n\t\t","protected":false},"excerpt":{"rendered":"<p>Dokumenti JAVNI KONKURS ZA ANGA\u017dOVANJE PLA\u0106ENE PRAKSE U KANCELARIJI PREDSEDNICE REPUBLIKE KOSOVO \u2013 18.4.2025 ZAHTEV ZA ANGA\u017dOVANJE NA PRAKSI JAVNI KONKURS\u00a0 ZA PLA\u0106ENO ANGA\u017dOVANJE PRAKTIKANATA U KANCELARIJI PREDSEDNICE REPUBLIKE KOSOVO 13.3.2024 ZAHTEV ZA ANGA\u017dOVANJE NA PRAKSI 13.3.2024 JAVNI KONKURS ZA PLACENO ANGA\u017dOVANJE PRAKTIKANATA U KANCELARIJI PREDSEDNICE REPUBLIKE KOSOVO &#8211; 10.03.2023 ZAHTEV ZA ANGA\u017dOVANJE NA PRAKSI Slu\u017ebenik za prijem, upravljanje i podelu dokumenata Raspisivanje konkursa unutar institucije za popunjavanje slobodnog radnog mesta &#8211; Voza\u010d Aplikacija za zapo\u0161ljavanje<\/p>\n","protected":false},"author":1,"featured_media":9733,"parent":0,"menu_order":0,"comment_status":"closed","ping_status":"closed","template":"","meta":{"_eb_attr":"","footnotes":""},"class_list":["post-2777","page","type-page","status-publish","has-post-thumbnail","hentry"],"yoast_head":"<!-- This site is optimized with the Yoast SEO plugin v23.5 - https:\/\/yoast.com\/wordpress\/plugins\/seo\/ -->\n<title>Mogu\u0107nost zapo\u0161ljavanja - Predsednik Republike Kosovo - DR. VJOSA OSMANI - SADRIU<\/title>\n<meta name=\"description\" content=\"Mogu\u0107nost zapo\u0161ljavanja - Predsednik Republike Kosovo - DR. VJOSA OSMANI - SADRIU -\" \/>\n<meta name=\"robots\" content=\"index, follow, max-snippet:-1, max-image-preview:large, max-video-preview:-1\" \/>\n<link rel=\"canonical\" href=\"https:\/\/president-ksgov.net\/mundesi-punesimi\/\" \/>\n<meta property=\"og:locale\" content=\"sr_RS\" \/>\n<meta property=\"og:type\" content=\"article\" \/>\n<meta property=\"og:title\" content=\"Mogu\u0107nost zapo\u0161ljavanja - Predsednik Republike Kosovo - DR. VJOSA OSMANI - SADRIU\" \/>\n<meta property=\"og:description\" content=\"Mogu\u0107nost zapo\u0161ljavanja - Predsednik Republike Kosovo - DR. VJOSA OSMANI - SADRIU -\" \/>\n<meta property=\"og:url\" content=\"https:\/\/president-ksgov.net\/mundesi-punesimi\/\" \/>\n<meta property=\"og:site_name\" content=\"Predsednik Republike Kosovo - DR. VJOSA OSMANI - SADRIU\" \/>\n<meta property=\"article:modified_time\" content=\"2025-04-18T13:02:13+00:00\" \/>\n<meta property=\"og:image\" content=\"https:\/\/president-ksgov.net\/wp-content\/uploads\/2023\/03\/Zyra-e-Presidentes-Default-Image.jpeg\" \/>\n\t<meta property=\"og:image:width\" content=\"1280\" \/>\n\t<meta property=\"og:image:height\" content=\"640\" \/>\n\t<meta property=\"og:image:type\" content=\"image\/jpeg\" \/>\n<meta name=\"twitter:card\" content=\"summary_large_image\" \/>\n<meta name=\"twitter:label1\" content=\"\u041f\u0440\u043e\u0446\u0435\u045a\u0435\u043d\u043e \u0432\u0440\u0435\u043c\u0435 \u0447\u0438\u0442\u0430\u045a\u0430\" \/>\n\t<meta name=\"twitter:data1\" content=\"1 \u043c\u0438\u043d\u0443\u0442\" \/>\n<script type=\"application\/ld+json\" class=\"yoast-schema-graph\">{\"@context\":\"https:\/\/schema.org\",\"@graph\":[{\"@type\":\"WebPage\",\"@id\":\"https:\/\/president-ksgov.net\/mundesi-punesimi\/\",\"url\":\"https:\/\/president-ksgov.net\/mundesi-punesimi\/\",\"name\":\"Mogu\u0107nost zapo\u0161ljavanja - Predsednik Republike Kosovo - DR. VJOSA OSMANI - SADRIU\",\"isPartOf\":{\"@id\":\"https:\/\/president-ksgov.net\/#website\"},\"primaryImageOfPage\":{\"@id\":\"https:\/\/president-ksgov.net\/mundesi-punesimi\/#primaryimage\"},\"image\":{\"@id\":\"https:\/\/president-ksgov.net\/mundesi-punesimi\/#primaryimage\"},\"thumbnailUrl\":\"https:\/\/president-ksgov.net\/wp-content\/uploads\/2023\/03\/Zyra-e-Presidentes-Default-Image.jpeg\",\"datePublished\":\"2023-01-29T18:12:28+00:00\",\"dateModified\":\"2025-04-18T13:02:13+00:00\",\"description\":\"Mogu\u0107nost zapo\u0161ljavanja - Predsednik Republike Kosovo - DR. VJOSA OSMANI - SADRIU -\",\"breadcrumb\":{\"@id\":\"https:\/\/president-ksgov.net\/mundesi-punesimi\/#breadcrumb\"},\"inLanguage\":\"sr-RS\",\"potentialAction\":[{\"@type\":\"ReadAction\",\"target\":[\"https:\/\/president-ksgov.net\/mundesi-punesimi\/\"]}]},{\"@type\":\"ImageObject\",\"inLanguage\":\"sr-RS\",\"@id\":\"https:\/\/president-ksgov.net\/mundesi-punesimi\/#primaryimage\",\"url\":\"https:\/\/president-ksgov.net\/wp-content\/uploads\/2023\/03\/Zyra-e-Presidentes-Default-Image.jpeg\",\"contentUrl\":\"https:\/\/president-ksgov.net\/wp-content\/uploads\/2023\/03\/Zyra-e-Presidentes-Default-Image.jpeg\",\"width\":1280,\"height\":640},{\"@type\":\"BreadcrumbList\",\"@id\":\"https:\/\/president-ksgov.net\/mundesi-punesimi\/#breadcrumb\",\"itemListElement\":[{\"@type\":\"ListItem\",\"position\":1,\"name\":\"Home\",\"item\":\"https:\/\/president-ksgov.net\/sr\/\"},{\"@type\":\"ListItem\",\"position\":2,\"name\":\"Mogu\u0107nost zapo\u0161ljavanja\"}]},{\"@type\":\"WebSite\",\"@id\":\"https:\/\/president-ksgov.net\/#website\",\"url\":\"https:\/\/president-ksgov.net\/\",\"name\":\"Presidente e Republik\u00ebs s\u00eb Kosov\u00ebs\",\"description\":\"Presidente e Republik\u00ebs s\u00eb Kosov\u00ebs\",\"alternateName\":\"DR. VJOSA OSMANI - SADRIU\",\"potentialAction\":[{\"@type\":\"SearchAction\",\"target\":{\"@type\":\"EntryPoint\",\"urlTemplate\":\"https:\/\/president-ksgov.net\/?s={search_term_string}\"},\"query-input\":{\"@type\":\"PropertyValueSpecification\",\"valueRequired\":true,\"valueName\":\"search_term_string\"}}],\"inLanguage\":\"sr-RS\"}]}<\/script>\n<!-- \/ Yoast SEO plugin. -->","yoast_head_json":{"title":"Mogu\u0107nost zapo\u0161ljavanja - Predsednik Republike Kosovo - DR. VJOSA OSMANI - SADRIU","description":"Mogu\u0107nost zapo\u0161ljavanja - Predsednik Republike Kosovo - DR. VJOSA OSMANI - SADRIU -","robots":{"index":"index","follow":"follow","max-snippet":"max-snippet:-1","max-image-preview":"max-image-preview:large","max-video-preview":"max-video-preview:-1"},"canonical":"https:\/\/president-ksgov.net\/mundesi-punesimi\/","og_locale":"sr_RS","og_type":"article","og_title":"Mogu\u0107nost zapo\u0161ljavanja - Predsednik Republike Kosovo - DR. VJOSA OSMANI - SADRIU","og_description":"Mogu\u0107nost zapo\u0161ljavanja - Predsednik Republike Kosovo - DR. VJOSA OSMANI - SADRIU -","og_url":"https:\/\/president-ksgov.net\/mundesi-punesimi\/","og_site_name":"Predsednik Republike Kosovo - DR. VJOSA OSMANI - SADRIU","article_modified_time":"2025-04-18T13:02:13+00:00","og_image":[{"width":1280,"height":640,"url":"https:\/\/president-ksgov.net\/wp-content\/uploads\/2023\/03\/Zyra-e-Presidentes-Default-Image.jpeg","type":"image\/jpeg"}],"twitter_card":"summary_large_image","twitter_misc":{"\u041f\u0440\u043e\u0446\u0435\u045a\u0435\u043d\u043e \u0432\u0440\u0435\u043c\u0435 \u0447\u0438\u0442\u0430\u045a\u0430":"1 \u043c\u0438\u043d\u0443\u0442"},"schema":{"@context":"https:\/\/schema.org","@graph":[{"@type":"WebPage","@id":"https:\/\/president-ksgov.net\/mundesi-punesimi\/","url":"https:\/\/president-ksgov.net\/mundesi-punesimi\/","name":"Mogu\u0107nost zapo\u0161ljavanja - Predsednik Republike Kosovo - DR. VJOSA OSMANI - SADRIU","isPartOf":{"@id":"https:\/\/president-ksgov.net\/#website"},"primaryImageOfPage":{"@id":"https:\/\/president-ksgov.net\/mundesi-punesimi\/#primaryimage"},"image":{"@id":"https:\/\/president-ksgov.net\/mundesi-punesimi\/#primaryimage"},"thumbnailUrl":"https:\/\/president-ksgov.net\/wp-content\/uploads\/2023\/03\/Zyra-e-Presidentes-Default-Image.jpeg","datePublished":"2023-01-29T18:12:28+00:00","dateModified":"2025-04-18T13:02:13+00:00","description":"Mogu\u0107nost zapo\u0161ljavanja - Predsednik Republike Kosovo - DR. VJOSA OSMANI - SADRIU -","breadcrumb":{"@id":"https:\/\/president-ksgov.net\/mundesi-punesimi\/#breadcrumb"},"inLanguage":"sr-RS","potentialAction":[{"@type":"ReadAction","target":["https:\/\/president-ksgov.net\/mundesi-punesimi\/"]}]},{"@type":"ImageObject","inLanguage":"sr-RS","@id":"https:\/\/president-ksgov.net\/mundesi-punesimi\/#primaryimage","url":"https:\/\/president-ksgov.net\/wp-content\/uploads\/2023\/03\/Zyra-e-Presidentes-Default-Image.jpeg","contentUrl":"https:\/\/president-ksgov.net\/wp-content\/uploads\/2023\/03\/Zyra-e-Presidentes-Default-Image.jpeg","width":1280,"height":640},{"@type":"BreadcrumbList","@id":"https:\/\/president-ksgov.net\/mundesi-punesimi\/#breadcrumb","itemListElement":[{"@type":"ListItem","position":1,"name":"Home","item":"https:\/\/president-ksgov.net\/sr\/"},{"@type":"ListItem","position":2,"name":"Mogu\u0107nost zapo\u0161ljavanja"}]},{"@type":"WebSite","@id":"https:\/\/president-ksgov.net\/#website","url":"https:\/\/president-ksgov.net\/","name":"Presidente e Republik\u00ebs s\u00eb Kosov\u00ebs","description":"Presidente e Republik\u00ebs s\u00eb Kosov\u00ebs","alternateName":"DR. VJOSA OSMANI - SADRIU","potentialAction":[{"@type":"SearchAction","target":{"@type":"EntryPoint","urlTemplate":"https:\/\/president-ksgov.net\/?s={search_term_string}"},"query-input":{"@type":"PropertyValueSpecification","valueRequired":true,"valueName":"search_term_string"}}],"inLanguage":"sr-RS"}]}},"_links":{"self":[{"href":"https:\/\/president-ksgov.net\/sr\/wp-json\/wp\/v2\/pages\/2777","targetHints":{"allow":["GET"]}}],"collection":[{"href":"https:\/\/president-ksgov.net\/sr\/wp-json\/wp\/v2\/pages"}],"about":[{"href":"https:\/\/president-ksgov.net\/sr\/wp-json\/wp\/v2\/types\/page"}],"author":[{"embeddable":true,"href":"https:\/\/president-ksgov.net\/sr\/wp-json\/wp\/v2\/users\/1"}],"replies":[{"embeddable":true,"href":"https:\/\/president-ksgov.net\/sr\/wp-json\/wp\/v2\/comments?post=2777"}],"version-history":[{"count":32,"href":"https:\/\/president-ksgov.net\/sr\/wp-json\/wp\/v2\/pages\/2777\/revisions"}],"predecessor-version":[{"id":158583,"href":"https:\/\/president-ksgov.net\/sr\/wp-json\/wp\/v2\/pages\/2777\/revisions\/158583"}],"wp:featuredmedia":[{"embeddable":true,"href":"https:\/\/president-ksgov.net\/sr\/wp-json\/wp\/v2\/media\/9733"}],"wp:attachment":[{"href":"https:\/\/president-ksgov.net\/sr\/wp-json\/wp\/v2\/media?parent=2777"}],"curies":[{"name":"wp","href":"https:\/\/api.w.org\/{rel}","templated":true}]}}