{"id":2775,"date":"2023-01-26T21:09:33","date_gmt":"2023-01-26T20:09:33","guid":{"rendered":"https:\/\/dev.president-ksgov.net\/legjislacioni\/"},"modified":"2026-04-28T15:54:21","modified_gmt":"2026-04-28T13:54:21","slug":"zakonodavstvo","status":"publish","type":"page","link":"https:\/\/president-ksgov.net\/sr\/zakonodavstvo\/","title":{"rendered":"Zakonodavstvo"},"content":{"rendered":"\t\t<div data-elementor-type=\"wp-page\" data-elementor-id=\"2775\" class=\"elementor elementor-2775 elementor-749\">\n\t\t\t\t\t\t<section class=\"elementor-section elementor-top-section elementor-element elementor-element-9f62059 legjislacioni elementor-section-boxed elementor-section-height-default elementor-section-height-default wpr-particle-no wpr-jarallax-no wpr-parallax-no wpr-sticky-section-no\" data-id=\"9f62059\" data-element_type=\"section\">\n\t\t\t\t\t\t<div class=\"elementor-container elementor-column-gap-default\">\n\t\t\t\t\t<div class=\"elementor-column elementor-col-100 elementor-top-column elementor-element elementor-element-38c6e92\" data-id=\"38c6e92\" data-element_type=\"column\">\n\t\t\t<div class=\"elementor-widget-wrap elementor-element-populated\">\n\t\t\t\t\t\t<div class=\"elementor-element elementor-element-9cd9aec elementor-widget elementor-widget-eael-adv-accordion\" data-id=\"9cd9aec\" data-element_type=\"widget\" data-widget_type=\"eael-adv-accordion.default\">\n\t\t\t\t<div class=\"elementor-widget-container\">\n\t\t\t        <div class=\"eael-adv-accordion\" id=\"eael-adv-accordion-9cd9aec\" data-scroll-on-click=\"no\" data-scroll-speed=\"300\" data-accordion-id=\"9cd9aec\" data-accordion-type=\"accordion\" data-toogle-speed=\"300\">\n    <div class=\"eael-accordion-list\">\n                <div id=\"primarno-zakonodavstvo\" class=\"elementor-tab-title eael-accordion-header\" tabindex=\"0\" data-tab=\"1\" aria-controls=\"elementor-tab-content-1641\"><span class=\"eael-advanced-accordion-icon-closed\"><i aria-hidden=\"true\" class=\"fa-accordion-icon far fa-file\"><\/i><\/span><span class=\"eael-advanced-accordion-icon-opened\"><i aria-hidden=\"true\" class=\"fa-accordion-icon far fa-file-alt\"><\/i><\/span><span class=\"eael-accordion-tab-title\">Primarno zakonodavstvo<\/span><i aria-hidden=\"true\" class=\"fa-toggle fas fa-angle-right\"><\/i><\/div><div id=\"elementor-tab-content-1641\" class=\"eael-accordion-content clearfix\" data-tab=\"1\" aria-labelledby=\"primarno-zakonodavstvo\"><ul><li><a href=\"https:\/\/president-ksgov.net\/wp-content\/uploads\/2023\/02\/ZAKON_Br__03L_094_O_PREDSEDNIKU_REPUBLIKE_KOSOVO.pdf\">ZAKON Br. 03\/L 094 O PREDSEDNIKU REPUBLIKE KOSOVO<\/a><\/li><li><a href=\"https:\/\/president-ksgov.net\/wp-content\/uploads\/2023\/02\/ZAKON_Br__03L__101_O_POMILOVANJU.pdf\">ZAKON Br. 03\/L- 101 O POMILOVANJU<\/a><\/li><li><a href=\"https:\/\/president-ksgov.net\/wp-content\/uploads\/2023\/02\/ZAKON_Br__04L_070_O_DODELJIVANJU_ODLIKOVANJA_OD_PREDSEDNIKA.pdf\">ZAKON Br. 04\/L-070 O DODELJIVANJU ODLIKOVANJA OD PREDSEDNIKA REPUBLIKE KOSOVO<\/a><\/li><li><a href=\"https:\/\/president-ksgov.net\/wp-content\/uploads\/2023\/02\/ZAKON_Br__04L_052_O_ME__272_UNARODNIM_UGOVORIMA.pdf\">ZAKON Br. 04\/L-052 O ME\u0110UNARODNIM UGOVORIMA<\/a><\/li><\/ul><\/div>\n                <\/div><div class=\"eael-accordion-list\">\n                <div id=\"sekundarno-zakonodavstvo\" class=\"elementor-tab-title eael-accordion-header\" tabindex=\"0\" data-tab=\"2\" aria-controls=\"elementor-tab-content-1642\"><span class=\"eael-advanced-accordion-icon-closed\"><i aria-hidden=\"true\" class=\"fa-accordion-icon far fa-file\"><\/i><\/span><span class=\"eael-advanced-accordion-icon-opened\"><i aria-hidden=\"true\" class=\"fa-accordion-icon far fa-file-alt\"><\/i><\/span><span class=\"eael-accordion-tab-title\">Sekundarno zakonodavstvo<\/span><i aria-hidden=\"true\" class=\"fa-toggle fas fa-angle-right\"><\/i><\/div><div id=\"elementor-tab-content-1642\" class=\"eael-accordion-content clearfix\" data-tab=\"2\" aria-labelledby=\"sekundarno-zakonodavstvo\"><p><strong style=\"color: #c0912d\">Akti Predsednika<\/strong><\/p><ul><li><a href=\"https:\/\/president-ksgov.net\/wp-content\/uploads\/80-011-SRB-Rregullores-P-Nr.-01-2025-per-procesin-e-rekrutimit-te-Sekretar.pdf\" target=\"_blank\" rel=\"noopener\">UREDBA (P) BR. 01 2025 O PROCESU ZAPO\u0160LJAVANJA SEKRETARA<\/a><\/li><li><a href=\"https:\/\/president-ksgov.net\/wp-content\/uploads\/2023\/02\/UREDBA-02-2022-O-ORGANIZACIJI-PREDSEDNISTVA.pdf\">UREDBA (P) BR. 02\/2022 O ORGANIZACIJI I FUNKCIONISANJU PREDSEDNI\u0160TVA<\/a><\/li><li><a href=\"https:\/\/president-ksgov.net\/wp-content\/uploads\/2023\/02\/2021_04_02_163200_UREDBA_P_BR_012021.pdf\">UREDBA (P) BR. 01\/2021 O PROCEDURAMA PREUZIMANJA DU\u017dNOSTI PREDSEDNIKA REPUBLIKE KOSOVO<\/a><\/li><li><a href=\"https:\/\/president-ksgov.net\/wp-content\/uploads\/2023\/02\/2019_07_01_112909_UREDBA_O_CEREMONIJI_POLAGANJA_ZAKLETVE_TUZILACA.pdf\">UREDBA (P) BR. 02\/2019 O CEREMONIJI POLAGANJA ZAKLETVE TU\u017dILACA<\/a><\/li><li><a href=\"https:\/\/president-ksgov.net\/wp-content\/uploads\/2023\/02\/2019_07_01_095542_UREDBA_O_CEREMONIJI_POLAGANJA_ZAKLETVE_SUDIJA.pdf\">UREDBA (P) BR. 01\/2019 O CEREMONIJI POLAGANJA ZAKLETVE SUDIJA<\/a><\/li><li><a href=\"https:\/\/president-ksgov.net\/wp-content\/uploads\/2023\/02\/2018_04_27_101849_UREDBA_O_TITULI_AMBASADOR_DOBRE_VOLJE.pdf\">UREDBA (P) BR. 02\/2018 O TITULI: AMBASADOR DOBRE VOLJE<\/a><\/li><li><a href=\"https:\/\/president-ksgov.net\/wp-content\/uploads\/2023\/02\/2018_04_20_081954_UREDBA_O_PROCESU_PREDLOGA_IMENOVANJA_GENERALNOG_REVIZORA.pdf\">UREDBA (P) BR. 01\/2018 O PROCESU PREDLOGA IMENOVANJA GENERALNOG REVIZORA REPUBLIKE KOSOVO Pri\u0161tina, 29.<\/a><\/li><li><a href=\"https:\/\/president-ksgov.net\/wp-content\/uploads\/2023\/02\/2017_12_26_154811_STATUT_KONSULTATIVNOG_VECA_ZA_ZAJEDNICE.pdf\">STATUT KONSULTATIVNOG VE\u0106A ZA ZAJEDNICE<\/a><\/li><li><a href=\"https:\/\/president-ksgov.net\/wp-content\/uploads\/2023\/02\/2017_11_16_153120_UREDBA_O_POMILOVANJU_ZA_OSUDENE_OSOBE.pdf\">UREDBU (P) BR. 02\/2017 O KRITERIJUMIMA I POSTUPCIMA POMILOVANJA ZA OSU\u0110ENE OSOBE<\/a><\/li><li><a href=\"https:\/\/president-ksgov.net\/wp-content\/uploads\/2023\/02\/2017_05_25_164523_3_UREDBA__O_POSTUPKU_DAVANJA_DRZAVLJANSTVA_OD_STRANE_PREDSEDNIKA.pdf\">UREDBA (P) BR. 01\/2017 O POSTUPKU DAVANJA DR\u017dAVLJANSTVA OD STRANE PREDSEDNIKA U POSEBNOM INTERESU REPUBLIKE KOSOVA<\/a><\/li><li><a href=\"https:\/\/president-ksgov.net\/wp-content\/uploads\/2023\/02\/3__UREDBA_O_RADU_KOMISIJE_ZA_OCENU_ODLIKOVANJA.pdf\">UREDBA (P) NR. 05\/2016 O RADU KOMISIJE ZA OCENU ODLIKOVANJA Pri\u0161tina, 21.12.2016.<\/a><\/li><li><a href=\"https:\/\/president-ksgov.net\/wp-content\/uploads\/2023\/02\/2020_08_13_111232_3__UREDBA_O_VRSTAMA_ODLIKOVANJA_I_POSTUPCIMA_NJIHOVOG_DODELJIVANJA_.pdf\">UREDBA (P) NR. 04\/2016 O VRSTAMA ODLIKOVANJA I POSTUPCIMA NJIHOVOG DODELJIVANJA I ODUZIMANJA<\/a><\/li><li><a href=\"https:\/\/president-ksgov.net\/wp-content\/uploads\/2023\/02\/2017_08_03_101229_UREDBA_P_BR_032016_O_POSTUPKU_DAVANJA_OVLASCENJA_OD_STRANE_PREDSEDNIKA_RADI_SKLAPANJA_MEDUNARODNIH_SPORAZUMA.pdf\">UREDBA (P) BR. 03\/2016 O POSTUPKU DAVANJA OVLA\u0160\u0106ENJA OD STRANE PREDSEDNIKA RADI SKLAPANJA ME\u0110UNARODNIH SPORAZUMA KAO I O POSTUPKU RATIFIKACIJE ME\u0110UNARODNIH SPORAZUMA OD STRANE PREDSEDNIKA<\/a><\/li><\/ul><p><strong style=\"color: #c0912d\">Akti Sekretara Kancelarije Predsednika<\/strong><\/p><div id=\"start\"><ul><li style=\"list-style-type: none\"><ul><li><a href=\"https:\/\/president-ksgov.net\/wp-content\/uploads\/AU-02-2024-O-PROCESU-ZAPOSLJAVANJA-JAVNIH-SLUZBENIKA.pdf\" target=\"_blank\" rel=\"noopener\">ADMINISTRATIVNO UPUTSTVO (SKP) BR. 02\/2024 O PROCESU ZAPO\u0160LJAVANJA JAVNIH SLU\u017dBENIKA U PREDSEDNI\u0160TVO <\/a><\/li><li><a href=\"https:\/\/president-ksgov.net\/wp-content\/uploads\/AU-03-2024-O-KLASIFIKACIJI-POLOZAJA.pdf\" target=\"_blank\" rel=\"noopener\">ADMINISTRATIVNO UPUTSTVO (SKP) BR. 03\/2024 O KLASIFIKACIJI POLO\u017dAJA U DR\u017dAVNOJ SLU\u017dBI U PREDSEDNI\u0160TVU<\/a><\/li><li><a href=\"https:\/\/president-ksgov.net\/wp-content\/uploads\/AU-05-2024-O-PREMESTAJU-DRZAVNIH-SLUZBENIKA.pdf\" target=\"_blank\" rel=\"noopener\"><span>ADMINISTRATIVNO UPUTSTVO (SKP) BR. 05\/2024 O PREME\u0160TAJU DR\u017dAVNIH SLU\u017dBENIKA<\/span><\/a><\/li><li><a href=\"https:\/\/president-ksgov.net\/wp-content\/uploads\/AU-SKP-04-2024-O-DISCIPLINSKOJ-KOMISIJI-U-PREDSEDNISTVU.pdf\" target=\"_blank\" rel=\"noopener\">ADMINISTRATIVNO UPUTSTVO (SKP) BR. 04\/2024 O DISCIPLINSKOJ KOMISIJI U PREDSEDNI\u0160TVU<\/a><\/li><li><a href=\"https:\/\/president-ksgov.net\/wp-content\/uploads\/AU-01-2025-O-OCENI-REZULTATA-RADA.pdf\">ADMINISTRATIVNO UPUTSTVO (SKP) BR. 01\/2025<br \/>O OCENI REZULTATA RADA<br \/>DR\u017dAVNIH SLU\u017dBENIKA U PREDSEDNI\u0160TVU<\/a><\/li><li><a href=\"https:\/\/president-ksgov.net\/wp-content\/uploads\/2023\/02\/2021_07_28_170422_ADMINISTRATIVNO_UPUTSTVA_SKP_BR_032021.pdf\">ADMINISTRATIVNO UPUTSTVA (SKP) BR. 03\/2021 O IDENTIFIKACIONIM KARTICAMA U PREDSEDNI\u0160TVU<\/a><\/li><li><a href=\"https:\/\/president-ksgov.net\/wp-content\/uploads\/2023\/02\/2021_07_28_135232_ADMINISTRATIVNO_UPUTSTVA_SKP_BR_02_2021.pdf\">ADMINISTRATIVNO UPUTSTVA (SKP) BR. 02\/2021 O AKREDITACIJI PREDSTAVNIKA MEDIJA U PREDSEDNI\u0160TVU<\/a><\/li><li><a href=\"https:\/\/president-ksgov.net\/wp-content\/uploads\/2023\/02\/2021_07_28_134652_ADMINISTRATIVNOG_UPUTSTVA_SKP_BR_01_2021.pdf\">ADMINISTRATIVNOG UPUTSTVA (SKP) BR. 01\/2021 O REALIZOVANJU POSETA ORGANIZOVANIH U PREDSEDNI\u0160TVU<\/a><\/li><li><a href=\"https:\/\/president-ksgov.net\/wp-content\/uploads\/2023\/02\/2019_08_26_131212_ADMINISTRATIVNO_UPUTSTVO_SKP_BR_022019_O_SLUZBENIM_PUTOVANJIMA_PREDSEDNIKA.pdf\">ADMINISTRATIVNO UPUTSTVO (SKP) BR. 02\/2019 O SLU\u017dBENIM PUTOVANJIMA PREDSEDNIKA<\/a><\/li><li><a href=\"https:\/\/president-ksgov.net\/wp-content\/uploads\/2023\/02\/2019_10_07_113259_ADMINISTRATIVNO_UPUTSTVO_SKP_BR_012019__032019.pdf\">ADMINISTRATIVNO UPUTSTVO (SKP) BR. 01\/2019 O POSTUPCIMA KOJI SE PREDUZIMAJU U PREDSEDANI\u0160TVU O MISIJAMA REPUBLIKE KOSOVO VAN ZEMLJE<\/a><ul><li><a href=\"https:\/\/president-ksgov.net\/wp-content\/uploads\/ADMINISTRATIVNO-UPUTSTVO-SKP-BR.-022026-O-IZMENI-I-DOPUNI-ADMINISTRATIVNOG-UPUTSTVA-SKP-BR.-012019-O-POSTUPCIMA-KOJI-SE-PREDUZIMAJU-U-PREDSEDANISTVU-ZA-MISIJE-REPUBLIKE-KOSOVO.pdf\">ADMINISTRATIVNO UPUTSTVO (SKP) BR. 02\/2026 O IZMENI I DOPUNI ADMINISTRATIVNOG UPUTSTVA (SKP) BR. 01\/2019 O POSTUPCIMA KOJI SE PREDUZIMAJU U PREDSEDANI\u0160TVU ZA MISIJE REPUBLIKE KOSOVO<\/a><\/li><\/ul><\/li><li><a href=\"https:\/\/president-ksgov.net\/wp-content\/uploads\/2023\/02\/2018_04_25_085151_AU__01_2018_O_UPRAVLJANJU_NEFINANSIJSKOM_IMOVINOM.pdf\">ADMINISTRATIVNO UPUTSTVO (SKP) BR. 01\/2018 O UPRAVLJANJU NEFINANSIJSKOM IMOVINOM U PREDSEDNI\u0160TVU Pri\u0161tina, 27.<\/a><\/li><li><a href=\"https:\/\/president-ksgov.net\/wp-content\/uploads\/2023\/02\/2018_02_23_143520_STATUT_KOMITETA_ZA_UNUTRASNJU_REVIZIJU_U_PREDSEDNISTVU.pdf\">STATUT KOMITETA ZA UNUTRA\u0160NJU REVIZIJU U PREDSEDNI\u0160TVU<\/a><\/li><li><a href=\"https:\/\/president-ksgov.net\/wp-content\/uploads\/2023\/02\/2017_11_02_100711_AU_4_O_ODREDIVANJU_TROSKOVA_REPREZENTACIJE.pdf\">ADMINISTRATIVNO UPUTSTVO (SKP) BR. 04\/2017 O ODRE\u0110IVANJU TRO\u0160KOVA REPREZENTACIJE U PREDSEDNI\u0160TVU Pri\u0161tina, 26.10.2017.<\/a><\/li><li><a href=\"https:\/\/president-ksgov.net\/wp-content\/uploads\/2023\/02\/2017_08_02_143154_O_PRAVNIM_USLUGAMA.pdf\">ADMINISTRATIVNO UPUTSTVO (SKP) BR. 03\/2017 O PRAVNIM USLUGAMA U PREDSEDNI\u0160TVU<\/a><ul><li><a href=\"https:\/\/president-ksgov.net\/wp-content\/uploads\/ADMINISTRATIVNO-UPUTSTVO-SKP-BR.012026-O-IZMENI-I-DOPUNI-ADMINISTRATIVNOG-UPUTSTVA-SKP-BR.032017-O-PRAVNIM-USLUGAMA-U-PREDSEDNISTVU-1.pdf\">ADMINISTRATIVNO UPUTSTVO (SKP) BR.01\/2026 O IZMENI I DOPUNI ADMINISTRATIVNOG UPUTSTVA (SKP) BR.03\/2017 O PRAVNIM USLUGAMA U PREDSEDNISTVU<\/a><\/li><\/ul><\/li><li><a href=\"https:\/\/president-ksgov.net\/wp-content\/uploads\/2023\/02\/2017_08_02_151151_UEB_O_KORISCENJU_FIKSNE_I_MOBILNE_TELEFONIJE_U_PREDSEDNISTVU.pdf\">ADMINISTRATIVNO UPUTSTVO (SZP) BR. 02\/2017 O KORI\u0160\u0106ENJU FIKSNE I MOBILNE TELEFONIJE U PREDSEDNI\u0160TVU<\/a><\/li><\/ul><\/li><\/ul><\/div><\/div>\n                <\/div><\/div>\t\t<\/div>\n\t\t\t\t<\/div>\n\t\t\t\t\t<\/div>\n\t\t<\/div>\n\t\t\t\t\t<\/div>\n\t\t<\/section>\n\t\t\t\t<\/div>\n\t\t","protected":false},"excerpt":{"rendered":"<p>Primarno zakonodavstvo ZAKON Br. 03\/L 094 O PREDSEDNIKU REPUBLIKE KOSOVO ZAKON Br. 03\/L- 101 O POMILOVANJU ZAKON Br. 04\/L-070 O DODELJIVANJU ODLIKOVANJA OD PREDSEDNIKA REPUBLIKE KOSOVO ZAKON Br. 04\/L-052 O ME\u0110UNARODNIM UGOVORIMA Sekundarno zakonodavstvo Akti Predsednika UREDBA (P) BR. 01 2025 O PROCESU ZAPO\u0160LJAVANJA SEKRETARA UREDBA (P) BR. 02\/2022 O ORGANIZACIJI I FUNKCIONISANJU PREDSEDNI\u0160TVA UREDBA (P) BR. 01\/2021 O PROCEDURAMA PREUZIMANJA DU\u017dNOSTI PREDSEDNIKA REPUBLIKE KOSOVO UREDBA (P) BR. 02\/2019 O CEREMONIJI POLAGANJA ZAKLETVE TU\u017dILACA UREDBA (P) BR. 01\/2019 O CEREMONIJI POLAGANJA ZAKLETVE SUDIJA UREDBA (P) BR. 02\/2018 O TITULI: AMBASADOR DOBRE VOLJE UREDBA (P) BR. 01\/2018 O PROCESU PREDLOGA IMENOVANJA GENERALNOG REVIZORA REPUBLIKE KOSOVO Pri\u0161tina, 29. STATUT KONSULTATIVNOG VE\u0106A ZA ZAJEDNICE UREDBU (P) BR. 02\/2017 O KRITERIJUMIMA I POSTUPCIMA POMILOVANJA ZA OSU\u0110ENE OSOBE UREDBA (P) BR. 01\/2017 O POSTUPKU DAVANJA DR\u017dAVLJANSTVA OD STRANE PREDSEDNIKA U POSEBNOM INTERESU REPUBLIKE KOSOVA UREDBA (P) NR. 05\/2016 O RADU KOMISIJE ZA OCENU ODLIKOVANJA Pri\u0161tina, 21.12.2016. UREDBA (P) NR. 04\/2016 O VRSTAMA ODLIKOVANJA I POSTUPCIMA NJIHOVOG DODELJIVANJA I ODUZIMANJA UREDBA (P) BR. 03\/2016 O POSTUPKU DAVANJA OVLA\u0160\u0106ENJA OD STRANE PREDSEDNIKA RADI SKLAPANJA ME\u0110UNARODNIH SPORAZUMA KAO I O POSTUPKU RATIFIKACIJE ME\u0110UNARODNIH SPORAZUMA OD STRANE PREDSEDNIKA Akti Sekretara Kancelarije Predsednika ADMINISTRATIVNO UPUTSTVO (SKP) BR. 02\/2024 O PROCESU ZAPO\u0160LJAVANJA JAVNIH SLU\u017dBENIKA U PREDSEDNI\u0160TVO ADMINISTRATIVNO UPUTSTVO (SKP) BR. 03\/2024 O KLASIFIKACIJI POLO\u017dAJA U DR\u017dAVNOJ SLU\u017dBI U PREDSEDNI\u0160TVU ADMINISTRATIVNO UPUTSTVO (SKP) BR. 05\/2024 O PREME\u0160TAJU DR\u017dAVNIH SLU\u017dBENIKA ADMINISTRATIVNO UPUTSTVO (SKP) BR. 04\/2024 O DISCIPLINSKOJ KOMISIJI U PREDSEDNI\u0160TVU ADMINISTRATIVNO UPUTSTVO (SKP) BR. 01\/2025O OCENI REZULTATA RADADR\u017dAVNIH SLU\u017dBENIKA U PREDSEDNI\u0160TVU ADMINISTRATIVNO UPUTSTVA (SKP) BR. 03\/2021 O IDENTIFIKACIONIM KARTICAMA U PREDSEDNI\u0160TVU ADMINISTRATIVNO UPUTSTVA (SKP) BR. 02\/2021 O AKREDITACIJI PREDSTAVNIKA MEDIJA U PREDSEDNI\u0160TVU ADMINISTRATIVNOG UPUTSTVA (SKP) BR. 01\/2021 O REALIZOVANJU POSETA ORGANIZOVANIH U PREDSEDNI\u0160TVU ADMINISTRATIVNO UPUTSTVO (SKP) BR. 02\/2019 O SLU\u017dBENIM PUTOVANJIMA PREDSEDNIKA ADMINISTRATIVNO UPUTSTVO (SKP) BR. 01\/2019 O POSTUPCIMA KOJI SE PREDUZIMAJU U PREDSEDANI\u0160TVU O MISIJAMA REPUBLIKE KOSOVO VAN ZEMLJE ADMINISTRATIVNO UPUTSTVO (SKP) BR. 02\/2026 O IZMENI I DOPUNI ADMINISTRATIVNOG UPUTSTVA (SKP) BR. 01\/2019 O POSTUPCIMA KOJI SE PREDUZIMAJU U PREDSEDANI\u0160TVU ZA MISIJE REPUBLIKE KOSOVO ADMINISTRATIVNO UPUTSTVO (SKP) BR. 01\/2018 O UPRAVLJANJU NEFINANSIJSKOM IMOVINOM U PREDSEDNI\u0160TVU Pri\u0161tina, 27. STATUT KOMITETA ZA UNUTRA\u0160NJU REVIZIJU U PREDSEDNI\u0160TVU ADMINISTRATIVNO UPUTSTVO (SKP) BR. 04\/2017 O ODRE\u0110IVANJU TRO\u0160KOVA REPREZENTACIJE U PREDSEDNI\u0160TVU Pri\u0161tina, 26.10.2017. ADMINISTRATIVNO UPUTSTVO (SKP) BR. 03\/2017 O PRAVNIM USLUGAMA U PREDSEDNI\u0160TVU ADMINISTRATIVNO UPUTSTVO (SKP) BR.01\/2026 O IZMENI I DOPUNI ADMINISTRATIVNOG UPUTSTVA (SKP) BR.03\/2017 O PRAVNIM USLUGAMA U PREDSEDNISTVU ADMINISTRATIVNO UPUTSTVO (SZP) BR. 02\/2017 O KORI\u0160\u0106ENJU FIKSNE I MOBILNE TELEFONIJE U PREDSEDNI\u0160TVU<\/p>\n","protected":false},"author":1,"featured_media":9733,"parent":0,"menu_order":0,"comment_status":"closed","ping_status":"closed","template":"","meta":{"_eb_attr":"","footnotes":""},"class_list":["post-2775","page","type-page","status-publish","has-post-thumbnail","hentry"],"yoast_head":"<!-- This site is optimized with the Yoast SEO plugin v23.5 - https:\/\/yoast.com\/wordpress\/plugins\/seo\/ -->\n<title>Zakonodavstvo - Predsednik Republike Kosovo - DR. VJOSA OSMANI - SADRIU<\/title>\n<meta name=\"description\" content=\"Zakonodavstvo - Predsednik Republike Kosovo - DR. VJOSA OSMANI - SADRIU -\" \/>\n<meta name=\"robots\" content=\"index, follow, max-snippet:-1, max-image-preview:large, max-video-preview:-1\" \/>\n<link rel=\"canonical\" href=\"https:\/\/president-ksgov.net\/sr\/zakonodavstvo\/\" \/>\n<meta property=\"og:locale\" content=\"sr_RS\" \/>\n<meta property=\"og:type\" content=\"article\" \/>\n<meta property=\"og:title\" content=\"Zakonodavstvo - Predsednik Republike Kosovo - DR. VJOSA OSMANI - SADRIU\" \/>\n<meta property=\"og:description\" content=\"Zakonodavstvo - Predsednik Republike Kosovo - DR. VJOSA OSMANI - SADRIU -\" \/>\n<meta property=\"og:url\" content=\"https:\/\/president-ksgov.net\/sr\/zakonodavstvo\/\" \/>\n<meta property=\"og:site_name\" content=\"Predsednik Republike Kosovo - DR. VJOSA OSMANI - SADRIU\" \/>\n<meta property=\"article:modified_time\" content=\"2026-04-28T13:54:21+00:00\" \/>\n<meta property=\"og:image\" content=\"https:\/\/president-ksgov.net\/wp-content\/uploads\/2023\/03\/Zyra-e-Presidentes-Default-Image.jpeg\" \/>\n\t<meta property=\"og:image:width\" content=\"1280\" \/>\n\t<meta property=\"og:image:height\" content=\"640\" \/>\n\t<meta property=\"og:image:type\" content=\"image\/jpeg\" \/>\n<meta name=\"twitter:card\" content=\"summary_large_image\" \/>\n<meta name=\"twitter:label1\" content=\"\u041f\u0440\u043e\u0446\u0435\u045a\u0435\u043d\u043e \u0432\u0440\u0435\u043c\u0435 \u0447\u0438\u0442\u0430\u045a\u0430\" \/>\n\t<meta name=\"twitter:data1\" content=\"3 \u043c\u0438\u043d\u0443\u0442\u0430\" \/>\n<script type=\"application\/ld+json\" class=\"yoast-schema-graph\">{\"@context\":\"https:\/\/schema.org\",\"@graph\":[{\"@type\":\"WebPage\",\"@id\":\"https:\/\/president-ksgov.net\/sr\/zakonodavstvo\/\",\"url\":\"https:\/\/president-ksgov.net\/sr\/zakonodavstvo\/\",\"name\":\"Zakonodavstvo - Predsednik Republike Kosovo - DR. VJOSA OSMANI - SADRIU\",\"isPartOf\":{\"@id\":\"https:\/\/president-ksgov.net\/#website\"},\"primaryImageOfPage\":{\"@id\":\"https:\/\/president-ksgov.net\/sr\/zakonodavstvo\/#primaryimage\"},\"image\":{\"@id\":\"https:\/\/president-ksgov.net\/sr\/zakonodavstvo\/#primaryimage\"},\"thumbnailUrl\":\"https:\/\/president-ksgov.net\/wp-content\/uploads\/2023\/03\/Zyra-e-Presidentes-Default-Image.jpeg\",\"datePublished\":\"2023-01-26T20:09:33+00:00\",\"dateModified\":\"2026-04-28T13:54:21+00:00\",\"description\":\"Zakonodavstvo - Predsednik Republike Kosovo - DR. VJOSA OSMANI - SADRIU -\",\"breadcrumb\":{\"@id\":\"https:\/\/president-ksgov.net\/sr\/zakonodavstvo\/#breadcrumb\"},\"inLanguage\":\"sr-RS\",\"potentialAction\":[{\"@type\":\"ReadAction\",\"target\":[\"https:\/\/president-ksgov.net\/sr\/zakonodavstvo\/\"]}]},{\"@type\":\"ImageObject\",\"inLanguage\":\"sr-RS\",\"@id\":\"https:\/\/president-ksgov.net\/sr\/zakonodavstvo\/#primaryimage\",\"url\":\"https:\/\/president-ksgov.net\/wp-content\/uploads\/2023\/03\/Zyra-e-Presidentes-Default-Image.jpeg\",\"contentUrl\":\"https:\/\/president-ksgov.net\/wp-content\/uploads\/2023\/03\/Zyra-e-Presidentes-Default-Image.jpeg\",\"width\":1280,\"height\":640},{\"@type\":\"BreadcrumbList\",\"@id\":\"https:\/\/president-ksgov.net\/sr\/zakonodavstvo\/#breadcrumb\",\"itemListElement\":[{\"@type\":\"ListItem\",\"position\":1,\"name\":\"Home\",\"item\":\"https:\/\/president-ksgov.net\/sr\/\"},{\"@type\":\"ListItem\",\"position\":2,\"name\":\"Zakonodavstvo\"}]},{\"@type\":\"WebSite\",\"@id\":\"https:\/\/president-ksgov.net\/#website\",\"url\":\"https:\/\/president-ksgov.net\/\",\"name\":\"Presidente e Republik\u00ebs s\u00eb Kosov\u00ebs\",\"description\":\"Presidente e Republik\u00ebs s\u00eb Kosov\u00ebs\",\"alternateName\":\"DR. VJOSA OSMANI - SADRIU\",\"potentialAction\":[{\"@type\":\"SearchAction\",\"target\":{\"@type\":\"EntryPoint\",\"urlTemplate\":\"https:\/\/president-ksgov.net\/?s={search_term_string}\"},\"query-input\":{\"@type\":\"PropertyValueSpecification\",\"valueRequired\":true,\"valueName\":\"search_term_string\"}}],\"inLanguage\":\"sr-RS\"}]}<\/script>\n<!-- \/ Yoast SEO plugin. -->","yoast_head_json":{"title":"Zakonodavstvo - Predsednik Republike Kosovo - DR. VJOSA OSMANI - SADRIU","description":"Zakonodavstvo - Predsednik Republike Kosovo - DR. VJOSA OSMANI - SADRIU -","robots":{"index":"index","follow":"follow","max-snippet":"max-snippet:-1","max-image-preview":"max-image-preview:large","max-video-preview":"max-video-preview:-1"},"canonical":"https:\/\/president-ksgov.net\/sr\/zakonodavstvo\/","og_locale":"sr_RS","og_type":"article","og_title":"Zakonodavstvo - Predsednik Republike Kosovo - DR. VJOSA OSMANI - SADRIU","og_description":"Zakonodavstvo - Predsednik Republike Kosovo - DR. VJOSA OSMANI - SADRIU -","og_url":"https:\/\/president-ksgov.net\/sr\/zakonodavstvo\/","og_site_name":"Predsednik Republike Kosovo - DR. VJOSA OSMANI - SADRIU","article_modified_time":"2026-04-28T13:54:21+00:00","og_image":[{"width":1280,"height":640,"url":"https:\/\/president-ksgov.net\/wp-content\/uploads\/2023\/03\/Zyra-e-Presidentes-Default-Image.jpeg","type":"image\/jpeg"}],"twitter_card":"summary_large_image","twitter_misc":{"\u041f\u0440\u043e\u0446\u0435\u045a\u0435\u043d\u043e \u0432\u0440\u0435\u043c\u0435 \u0447\u0438\u0442\u0430\u045a\u0430":"3 \u043c\u0438\u043d\u0443\u0442\u0430"},"schema":{"@context":"https:\/\/schema.org","@graph":[{"@type":"WebPage","@id":"https:\/\/president-ksgov.net\/sr\/zakonodavstvo\/","url":"https:\/\/president-ksgov.net\/sr\/zakonodavstvo\/","name":"Zakonodavstvo - Predsednik Republike Kosovo - DR. VJOSA OSMANI - SADRIU","isPartOf":{"@id":"https:\/\/president-ksgov.net\/#website"},"primaryImageOfPage":{"@id":"https:\/\/president-ksgov.net\/sr\/zakonodavstvo\/#primaryimage"},"image":{"@id":"https:\/\/president-ksgov.net\/sr\/zakonodavstvo\/#primaryimage"},"thumbnailUrl":"https:\/\/president-ksgov.net\/wp-content\/uploads\/2023\/03\/Zyra-e-Presidentes-Default-Image.jpeg","datePublished":"2023-01-26T20:09:33+00:00","dateModified":"2026-04-28T13:54:21+00:00","description":"Zakonodavstvo - Predsednik Republike Kosovo - DR. VJOSA OSMANI - SADRIU -","breadcrumb":{"@id":"https:\/\/president-ksgov.net\/sr\/zakonodavstvo\/#breadcrumb"},"inLanguage":"sr-RS","potentialAction":[{"@type":"ReadAction","target":["https:\/\/president-ksgov.net\/sr\/zakonodavstvo\/"]}]},{"@type":"ImageObject","inLanguage":"sr-RS","@id":"https:\/\/president-ksgov.net\/sr\/zakonodavstvo\/#primaryimage","url":"https:\/\/president-ksgov.net\/wp-content\/uploads\/2023\/03\/Zyra-e-Presidentes-Default-Image.jpeg","contentUrl":"https:\/\/president-ksgov.net\/wp-content\/uploads\/2023\/03\/Zyra-e-Presidentes-Default-Image.jpeg","width":1280,"height":640},{"@type":"BreadcrumbList","@id":"https:\/\/president-ksgov.net\/sr\/zakonodavstvo\/#breadcrumb","itemListElement":[{"@type":"ListItem","position":1,"name":"Home","item":"https:\/\/president-ksgov.net\/sr\/"},{"@type":"ListItem","position":2,"name":"Zakonodavstvo"}]},{"@type":"WebSite","@id":"https:\/\/president-ksgov.net\/#website","url":"https:\/\/president-ksgov.net\/","name":"Presidente e Republik\u00ebs s\u00eb Kosov\u00ebs","description":"Presidente e Republik\u00ebs s\u00eb Kosov\u00ebs","alternateName":"DR. VJOSA OSMANI - SADRIU","potentialAction":[{"@type":"SearchAction","target":{"@type":"EntryPoint","urlTemplate":"https:\/\/president-ksgov.net\/?s={search_term_string}"},"query-input":{"@type":"PropertyValueSpecification","valueRequired":true,"valueName":"search_term_string"}}],"inLanguage":"sr-RS"}]}},"_links":{"self":[{"href":"https:\/\/president-ksgov.net\/sr\/wp-json\/wp\/v2\/pages\/2775","targetHints":{"allow":["GET"]}}],"collection":[{"href":"https:\/\/president-ksgov.net\/sr\/wp-json\/wp\/v2\/pages"}],"about":[{"href":"https:\/\/president-ksgov.net\/sr\/wp-json\/wp\/v2\/types\/page"}],"author":[{"embeddable":true,"href":"https:\/\/president-ksgov.net\/sr\/wp-json\/wp\/v2\/users\/1"}],"replies":[{"embeddable":true,"href":"https:\/\/president-ksgov.net\/sr\/wp-json\/wp\/v2\/comments?post=2775"}],"version-history":[{"count":70,"href":"https:\/\/president-ksgov.net\/sr\/wp-json\/wp\/v2\/pages\/2775\/revisions"}],"predecessor-version":[{"id":187725,"href":"https:\/\/president-ksgov.net\/sr\/wp-json\/wp\/v2\/pages\/2775\/revisions\/187725"}],"wp:featuredmedia":[{"embeddable":true,"href":"https:\/\/president-ksgov.net\/sr\/wp-json\/wp\/v2\/media\/9733"}],"wp:attachment":[{"href":"https:\/\/president-ksgov.net\/sr\/wp-json\/wp\/v2\/media?parent=2775"}],"curies":[{"name":"wp","href":"https:\/\/api.w.org\/{rel}","templated":true}]}}