{"id":2759,"date":"2023-01-29T15:32:51","date_gmt":"2023-01-29T14:32:51","guid":{"rendered":"https:\/\/dev.president-ksgov.net\/dekorata\/"},"modified":"2023-04-17T13:21:22","modified_gmt":"2023-04-17T11:21:22","slug":"odlikovanja","status":"publish","type":"page","link":"https:\/\/president-ksgov.net\/sr\/odlikovanja\/","title":{"rendered":"Odlikovanja"},"content":{"rendered":"\t\t<div data-elementor-type=\"wp-page\" data-elementor-id=\"2759\" class=\"elementor elementor-2759 elementor-995\">\n\t\t\t\t\t\t<section class=\"elementor-section elementor-top-section elementor-element elementor-element-1f06285 legjislacioni elementor-section-boxed elementor-section-height-default elementor-section-height-default wpr-particle-no wpr-jarallax-no wpr-parallax-no wpr-sticky-section-no\" data-id=\"1f06285\" data-element_type=\"section\">\n\t\t\t\t\t\t<div class=\"elementor-container elementor-column-gap-default\">\n\t\t\t\t\t<div class=\"elementor-column elementor-col-100 elementor-top-column elementor-element elementor-element-57168d0\" data-id=\"57168d0\" data-element_type=\"column\">\n\t\t\t<div class=\"elementor-widget-wrap elementor-element-populated\">\n\t\t\t\t\t\t<div class=\"elementor-element elementor-element-dcfd092 elementor-widget elementor-widget-eael-adv-accordion\" data-id=\"dcfd092\" data-element_type=\"widget\" data-widget_type=\"eael-adv-accordion.default\">\n\t\t\t\t<div class=\"elementor-widget-container\">\n\t\t\t        <div class=\"eael-adv-accordion\" id=\"eael-adv-accordion-dcfd092\" data-scroll-on-click=\"no\" data-scroll-speed=\"300\" data-accordion-id=\"dcfd092\" data-accordion-type=\"accordion\" data-toogle-speed=\"300\">\n    <div class=\"eael-accordion-list\">\n                <div id=\"dokumenti\" class=\"elementor-tab-title eael-accordion-header\" tabindex=\"0\" data-tab=\"1\" aria-controls=\"elementor-tab-content-2311\"><span class=\"eael-advanced-accordion-icon-closed\"><i aria-hidden=\"true\" class=\"fa-accordion-icon far fa-file\"><\/i><\/span><span class=\"eael-advanced-accordion-icon-opened\"><i aria-hidden=\"true\" class=\"fa-accordion-icon far fa-file-alt\"><\/i><\/span><span class=\"eael-accordion-tab-title\">Dokumenti<\/span><i aria-hidden=\"true\" class=\"fa-toggle fas fa-angle-right\"><\/i><\/div><div id=\"elementor-tab-content-2311\" class=\"eael-accordion-content clearfix\" data-tab=\"1\" aria-labelledby=\"dokumenti\"><ul><li><a href=\"https:\/\/president-ksgov.net\/wp-content\/uploads\/2023\/02\/2018_01_17_092138_EVIDENCA_PER_DEKORATAT_E_DHENA_NGA_PRESIDENTI_-_31_12_2017.pdf\">EVIDENCIJA ODLIKOVANIH OD STRANE PREDSEDNIKA HASHIM-a THA\u00c7I-ja (A\u017eurirana 31.12.2017. godine)<\/a><\/li><li><a href=\"https:\/\/president-ksgov.net\/wp-content\/uploads\/2023\/02\/2017_04_13_161223_2017_04_03_112003_ATIFETE_JAHJAGA_2011__2016_EVIDENCA_E_TE_DEKORUARVE_NGA_PRESIDENTJA_sr.pdf\">EVIDENCIJA ODLIKOVANIH OD STRANE PREDSEDNICE ATIFETE JAHJAGA (2011 \u2013 2016.)<\/a><\/li><li><a href=\"https:\/\/president-ksgov.net\/wp-content\/uploads\/2023\/02\/2017_04_03_112017_BEHGJET_PACOLLI_2011_EVIDENCA_E_TE_DEKORUARVE_NGA_PRESIDENTI.pdf\">EVIDENCIJA ODLIKOVANIH OD STRANE PREDSEDNIKA BEHGJET-a PACOLLI-ja (2011)<\/a><\/li><li><a href=\"https:\/\/president-ksgov.net\/wp-content\/uploads\/2023\/02\/2017_04_03_112017_BEHGJET_PACOLLI_2011_EVIDENCA_E_TE_DEKORUARVE_NGA_PRESIDENTI.pdf\">EVIDENCIJA ODLIKOVANIH OD STRANE VR\u0160IOCA DU\u017dNOSTI PREDSEDNIKA JAKUP-a KRASNIQI (2010-2011. godine)<\/a><\/li><li><a href=\"https:\/\/president-ksgov.net\/wp-content\/uploads\/2023\/02\/2017_04_03_112045_FATMIR_SEJDIU_2006__2010_EVIDENCA_E_TE_DEKORUARVE_NGA_PRESIDENTI.pdf\">EVIDENCIJA ODLIKOVANIH OD STRANE PREDSEDNIKA FATMIR-a SEJDIU (2006 \u2013 2010)<\/a><\/li><li><a href=\"https:\/\/president-ksgov.net\/wp-content\/uploads\/2023\/02\/2017_04_03_112100_IBRAHIM_RUGOVA_2002__2006_EVIDENCA_E_TE_DEKORUARVE_NGA_PRESIDENTI.pdf\">EVIDENCIJA ODLIKOVANIH OD STRANE PREDSEDNIKA IBRAHIM-a RUGOVA (2002 \u2013 2006. godine)<\/a><\/li><\/ul><\/div>\n                <\/div><\/div>\t\t<\/div>\n\t\t\t\t<\/div>\n\t\t\t\t\t<\/div>\n\t\t<\/div>\n\t\t\t\t\t<\/div>\n\t\t<\/section>\n\t\t\t\t<\/div>\n\t\t","protected":false},"excerpt":{"rendered":"<p>Dokumenti EVIDENCIJA ODLIKOVANIH OD STRANE PREDSEDNIKA HASHIM-a THA\u00c7I-ja (A\u017eurirana 31.12.2017. godine) EVIDENCIJA ODLIKOVANIH OD STRANE PREDSEDNICE ATIFETE JAHJAGA (2011 \u2013 2016.) EVIDENCIJA ODLIKOVANIH OD STRANE PREDSEDNIKA BEHGJET-a PACOLLI-ja (2011) EVIDENCIJA ODLIKOVANIH OD STRANE VR\u0160IOCA DU\u017dNOSTI PREDSEDNIKA JAKUP-a KRASNIQI (2010-2011. godine) EVIDENCIJA ODLIKOVANIH OD STRANE PREDSEDNIKA FATMIR-a SEJDIU (2006 \u2013 2010) EVIDENCIJA ODLIKOVANIH OD STRANE PREDSEDNIKA IBRAHIM-a RUGOVA (2002 \u2013 2006. godine)<\/p>\n","protected":false},"author":1,"featured_media":86338,"parent":0,"menu_order":0,"comment_status":"closed","ping_status":"closed","template":"","meta":{"_eb_attr":"","footnotes":""},"class_list":["post-2759","page","type-page","status-publish","has-post-thumbnail","hentry"],"yoast_head":"<!-- This site is optimized with the Yoast SEO plugin v23.5 - https:\/\/yoast.com\/wordpress\/plugins\/seo\/ -->\n<title>Odlikovanja - Predsednik Republike Kosovo - DR. VJOSA OSMANI - SADRIU<\/title>\n<meta name=\"description\" content=\"Odlikovanja - Predsednik Republike Kosovo - DR. VJOSA OSMANI - SADRIU -\" \/>\n<meta name=\"robots\" content=\"index, follow, max-snippet:-1, max-image-preview:large, max-video-preview:-1\" \/>\n<link rel=\"canonical\" href=\"https:\/\/president-ksgov.net\/sr\/odlikovanja\/\" \/>\n<meta property=\"og:locale\" content=\"sr_RS\" \/>\n<meta property=\"og:type\" content=\"article\" \/>\n<meta property=\"og:title\" content=\"Odlikovanja - Predsednik Republike Kosovo - DR. VJOSA OSMANI - SADRIU\" \/>\n<meta property=\"og:description\" content=\"Odlikovanja - Predsednik Republike Kosovo - DR. VJOSA OSMANI - SADRIU -\" \/>\n<meta property=\"og:url\" content=\"https:\/\/president-ksgov.net\/sr\/odlikovanja\/\" \/>\n<meta property=\"og:site_name\" content=\"Predsednik Republike Kosovo - DR. VJOSA OSMANI - SADRIU\" \/>\n<meta property=\"article:modified_time\" content=\"2023-04-17T11:21:22+00:00\" \/>\n<meta property=\"og:image\" content=\"https:\/\/president-ksgov.net\/wp-content\/uploads\/Zyra-e-Presidentes-Featured-Image1-e1678970937938.png\" \/>\n\t<meta property=\"og:image:width\" content=\"1024\" \/>\n\t<meta property=\"og:image:height\" content=\"716\" \/>\n\t<meta property=\"og:image:type\" content=\"image\/png\" \/>\n<meta name=\"twitter:card\" content=\"summary_large_image\" \/>\n<script type=\"application\/ld+json\" class=\"yoast-schema-graph\">{\"@context\":\"https:\/\/schema.org\",\"@graph\":[{\"@type\":\"WebPage\",\"@id\":\"https:\/\/president-ksgov.net\/sr\/odlikovanja\/\",\"url\":\"https:\/\/president-ksgov.net\/sr\/odlikovanja\/\",\"name\":\"Odlikovanja - Predsednik Republike Kosovo - DR. VJOSA OSMANI - SADRIU\",\"isPartOf\":{\"@id\":\"https:\/\/president-ksgov.net\/#website\"},\"primaryImageOfPage\":{\"@id\":\"https:\/\/president-ksgov.net\/sr\/odlikovanja\/#primaryimage\"},\"image\":{\"@id\":\"https:\/\/president-ksgov.net\/sr\/odlikovanja\/#primaryimage\"},\"thumbnailUrl\":\"https:\/\/president-ksgov.net\/wp-content\/uploads\/Zyra-e-Presidentes-Featured-Image1-e1678970937938.png\",\"datePublished\":\"2023-01-29T14:32:51+00:00\",\"dateModified\":\"2023-04-17T11:21:22+00:00\",\"description\":\"Odlikovanja - Predsednik Republike Kosovo - DR. VJOSA OSMANI - SADRIU -\",\"breadcrumb\":{\"@id\":\"https:\/\/president-ksgov.net\/sr\/odlikovanja\/#breadcrumb\"},\"inLanguage\":\"sr-RS\",\"potentialAction\":[{\"@type\":\"ReadAction\",\"target\":[\"https:\/\/president-ksgov.net\/sr\/odlikovanja\/\"]}]},{\"@type\":\"ImageObject\",\"inLanguage\":\"sr-RS\",\"@id\":\"https:\/\/president-ksgov.net\/sr\/odlikovanja\/#primaryimage\",\"url\":\"https:\/\/president-ksgov.net\/wp-content\/uploads\/Zyra-e-Presidentes-Featured-Image1-e1678970937938.png\",\"contentUrl\":\"https:\/\/president-ksgov.net\/wp-content\/uploads\/Zyra-e-Presidentes-Featured-Image1-e1678970937938.png\",\"width\":1024,\"height\":716},{\"@type\":\"BreadcrumbList\",\"@id\":\"https:\/\/president-ksgov.net\/sr\/odlikovanja\/#breadcrumb\",\"itemListElement\":[{\"@type\":\"ListItem\",\"position\":1,\"name\":\"Home\",\"item\":\"https:\/\/president-ksgov.net\/sr\/\"},{\"@type\":\"ListItem\",\"position\":2,\"name\":\"Odlikovanja\"}]},{\"@type\":\"WebSite\",\"@id\":\"https:\/\/president-ksgov.net\/#website\",\"url\":\"https:\/\/president-ksgov.net\/\",\"name\":\"Presidente e Republik\u00ebs s\u00eb Kosov\u00ebs\",\"description\":\"Presidente e Republik\u00ebs s\u00eb Kosov\u00ebs\",\"alternateName\":\"DR. VJOSA OSMANI - SADRIU\",\"potentialAction\":[{\"@type\":\"SearchAction\",\"target\":{\"@type\":\"EntryPoint\",\"urlTemplate\":\"https:\/\/president-ksgov.net\/?s={search_term_string}\"},\"query-input\":{\"@type\":\"PropertyValueSpecification\",\"valueRequired\":true,\"valueName\":\"search_term_string\"}}],\"inLanguage\":\"sr-RS\"}]}<\/script>\n<!-- \/ Yoast SEO plugin. -->","yoast_head_json":{"title":"Odlikovanja - Predsednik Republike Kosovo - DR. VJOSA OSMANI - SADRIU","description":"Odlikovanja - Predsednik Republike Kosovo - DR. VJOSA OSMANI - SADRIU -","robots":{"index":"index","follow":"follow","max-snippet":"max-snippet:-1","max-image-preview":"max-image-preview:large","max-video-preview":"max-video-preview:-1"},"canonical":"https:\/\/president-ksgov.net\/sr\/odlikovanja\/","og_locale":"sr_RS","og_type":"article","og_title":"Odlikovanja - Predsednik Republike Kosovo - DR. VJOSA OSMANI - SADRIU","og_description":"Odlikovanja - Predsednik Republike Kosovo - DR. VJOSA OSMANI - SADRIU -","og_url":"https:\/\/president-ksgov.net\/sr\/odlikovanja\/","og_site_name":"Predsednik Republike Kosovo - DR. VJOSA OSMANI - SADRIU","article_modified_time":"2023-04-17T11:21:22+00:00","og_image":[{"width":1024,"height":716,"url":"https:\/\/president-ksgov.net\/wp-content\/uploads\/Zyra-e-Presidentes-Featured-Image1-e1678970937938.png","type":"image\/png"}],"twitter_card":"summary_large_image","schema":{"@context":"https:\/\/schema.org","@graph":[{"@type":"WebPage","@id":"https:\/\/president-ksgov.net\/sr\/odlikovanja\/","url":"https:\/\/president-ksgov.net\/sr\/odlikovanja\/","name":"Odlikovanja - Predsednik Republike Kosovo - DR. VJOSA OSMANI - SADRIU","isPartOf":{"@id":"https:\/\/president-ksgov.net\/#website"},"primaryImageOfPage":{"@id":"https:\/\/president-ksgov.net\/sr\/odlikovanja\/#primaryimage"},"image":{"@id":"https:\/\/president-ksgov.net\/sr\/odlikovanja\/#primaryimage"},"thumbnailUrl":"https:\/\/president-ksgov.net\/wp-content\/uploads\/Zyra-e-Presidentes-Featured-Image1-e1678970937938.png","datePublished":"2023-01-29T14:32:51+00:00","dateModified":"2023-04-17T11:21:22+00:00","description":"Odlikovanja - Predsednik Republike Kosovo - DR. VJOSA OSMANI - SADRIU -","breadcrumb":{"@id":"https:\/\/president-ksgov.net\/sr\/odlikovanja\/#breadcrumb"},"inLanguage":"sr-RS","potentialAction":[{"@type":"ReadAction","target":["https:\/\/president-ksgov.net\/sr\/odlikovanja\/"]}]},{"@type":"ImageObject","inLanguage":"sr-RS","@id":"https:\/\/president-ksgov.net\/sr\/odlikovanja\/#primaryimage","url":"https:\/\/president-ksgov.net\/wp-content\/uploads\/Zyra-e-Presidentes-Featured-Image1-e1678970937938.png","contentUrl":"https:\/\/president-ksgov.net\/wp-content\/uploads\/Zyra-e-Presidentes-Featured-Image1-e1678970937938.png","width":1024,"height":716},{"@type":"BreadcrumbList","@id":"https:\/\/president-ksgov.net\/sr\/odlikovanja\/#breadcrumb","itemListElement":[{"@type":"ListItem","position":1,"name":"Home","item":"https:\/\/president-ksgov.net\/sr\/"},{"@type":"ListItem","position":2,"name":"Odlikovanja"}]},{"@type":"WebSite","@id":"https:\/\/president-ksgov.net\/#website","url":"https:\/\/president-ksgov.net\/","name":"Presidente e Republik\u00ebs s\u00eb Kosov\u00ebs","description":"Presidente e Republik\u00ebs s\u00eb Kosov\u00ebs","alternateName":"DR. VJOSA OSMANI - SADRIU","potentialAction":[{"@type":"SearchAction","target":{"@type":"EntryPoint","urlTemplate":"https:\/\/president-ksgov.net\/?s={search_term_string}"},"query-input":{"@type":"PropertyValueSpecification","valueRequired":true,"valueName":"search_term_string"}}],"inLanguage":"sr-RS"}]}},"_links":{"self":[{"href":"https:\/\/president-ksgov.net\/sr\/wp-json\/wp\/v2\/pages\/2759","targetHints":{"allow":["GET"]}}],"collection":[{"href":"https:\/\/president-ksgov.net\/sr\/wp-json\/wp\/v2\/pages"}],"about":[{"href":"https:\/\/president-ksgov.net\/sr\/wp-json\/wp\/v2\/types\/page"}],"author":[{"embeddable":true,"href":"https:\/\/president-ksgov.net\/sr\/wp-json\/wp\/v2\/users\/1"}],"replies":[{"embeddable":true,"href":"https:\/\/president-ksgov.net\/sr\/wp-json\/wp\/v2\/comments?post=2759"}],"version-history":[{"count":5,"href":"https:\/\/president-ksgov.net\/sr\/wp-json\/wp\/v2\/pages\/2759\/revisions"}],"predecessor-version":[{"id":88735,"href":"https:\/\/president-ksgov.net\/sr\/wp-json\/wp\/v2\/pages\/2759\/revisions\/88735"}],"wp:featuredmedia":[{"embeddable":true,"href":"https:\/\/president-ksgov.net\/sr\/wp-json\/wp\/v2\/media\/86338"}],"wp:attachment":[{"href":"https:\/\/president-ksgov.net\/sr\/wp-json\/wp\/v2\/media?parent=2759"}],"curies":[{"name":"wp","href":"https:\/\/api.w.org\/{rel}","templated":true}]}}