{"id":2745,"date":"2023-02-03T12:32:45","date_gmt":"2023-02-03T11:32:45","guid":{"rendered":"https:\/\/dev.president-ksgov.net\/administrata\/"},"modified":"2025-11-06T11:58:54","modified_gmt":"2025-11-06T10:58:54","slug":"administrata","status":"publish","type":"page","link":"https:\/\/president-ksgov.net\/sr\/administrata\/","title":{"rendered":"Administrata"},"content":{"rendered":"\t\t<div data-elementor-type=\"wp-page\" data-elementor-id=\"2745\" class=\"elementor elementor-2745 elementor-1599\">\n\t\t\t\t\t\t<section class=\"elementor-section elementor-top-section elementor-element elementor-element-3c826cc elementor-section-boxed elementor-section-height-default elementor-section-height-default wpr-particle-no wpr-jarallax-no wpr-parallax-no wpr-sticky-section-no\" data-id=\"3c826cc\" data-element_type=\"section\">\n\t\t\t\t\t\t<div class=\"elementor-container elementor-column-gap-default\">\n\t\t\t\t\t<div class=\"elementor-column elementor-col-100 elementor-top-column elementor-element elementor-element-289322f\" data-id=\"289322f\" data-element_type=\"column\">\n\t\t\t<div class=\"elementor-widget-wrap elementor-element-populated\">\n\t\t\t\t\t\t<div class=\"elementor-element elementor-element-a15cc50 elementor-widget elementor-widget-text-editor\" data-id=\"a15cc50\" data-element_type=\"widget\" data-widget_type=\"text-editor.default\">\n\t\t\t\t<div class=\"elementor-widget-container\">\n\t\t\t\t\t\t\t<ul><li style=\"list-style-type: none;\"><ul><li class=\"hidden-li\"><a href=\"https:\/\/president-ksgov.net\/struktura-menaxhuese-e-administrates\/\">STRUKTURA MENAXHUESE E ADMINISTRAT\u00cbS<\/a><\/li><li class=\"hidden-li\"><a href=\"https:\/\/president-ksgov.net\/wp-content\/uploads\/ORGANOGRAMI-I-ZYRES-SE-PRESIDENTES.pdf\"><span data-olk-copy-source=\"MessageBody\">ORGANOGRAMI I ZYR\u00cbS\u00a0 S\u00cb PRESIDENTES<\/span><\/a><\/li><\/ul><\/li><\/ul>\t\t\t\t\t\t<\/div>\n\t\t\t\t<\/div>\n\t\t\t\t\t<\/div>\n\t\t<\/div>\n\t\t\t\t\t<\/div>\n\t\t<\/section>\n\t\t\t\t<section class=\"elementor-section elementor-top-section elementor-element elementor-element-5016055 elementor-section-boxed elementor-section-height-default elementor-section-height-default wpr-particle-no wpr-jarallax-no wpr-parallax-no wpr-sticky-section-no\" data-id=\"5016055\" data-element_type=\"section\">\n\t\t\t\t\t\t<div class=\"elementor-container elementor-column-gap-default\">\n\t\t\t\t\t<div class=\"elementor-column elementor-col-100 elementor-top-column elementor-element elementor-element-1de225f\" data-id=\"1de225f\" data-element_type=\"column\">\n\t\t\t<div class=\"elementor-widget-wrap elementor-element-populated\">\n\t\t\t\t\t\t<div class=\"elementor-element elementor-element-c514b51 elementor-widget elementor-widget-eael-adv-accordion\" data-id=\"c514b51\" data-element_type=\"widget\" data-widget_type=\"eael-adv-accordion.default\">\n\t\t\t\t<div class=\"elementor-widget-container\">\n\t\t\t        <div class=\"eael-adv-accordion\" id=\"eael-adv-accordion-c514b51\" data-scroll-on-click=\"no\" data-scroll-speed=\"300\" data-accordion-id=\"c514b51\" data-accordion-type=\"accordion\" data-toogle-speed=\"300\">\n    <div class=\"eael-accordion-list\">\n                <div id=\"raportet-vjetore-t-puns-s-administrats\" class=\"elementor-tab-title eael-accordion-header\" tabindex=\"0\" data-tab=\"1\" aria-controls=\"elementor-tab-content-2061\"><span class=\"eael-advanced-accordion-icon-closed\"><i aria-hidden=\"true\" class=\"fa-accordion-icon far fa-file\"><\/i><\/span><span class=\"eael-advanced-accordion-icon-opened\"><i aria-hidden=\"true\" class=\"fa-accordion-icon far fa-file-alt\"><\/i><\/span><span class=\"eael-accordion-tab-title\">RAPORTET VJETORE T\u00cb PUN\u00cbS S\u00cb ADMINISTRAT\u00cbS<\/span><i aria-hidden=\"true\" class=\"fa-toggle fas fa-angle-right\"><\/i><\/div><div id=\"elementor-tab-content-2061\" class=\"eael-accordion-content clearfix\" data-tab=\"1\" aria-labelledby=\"raportet-vjetore-t-puns-s-administrats\"><ul>\n \t<li><a href=\"https:\/\/president-ksgov.net\/wp-content\/uploads\/85-401-Raporti-Vjetor-i-Punes-se-Administrates-se-Zyres-se-Presidentes-2024.pdf\" target=\"_blank\" rel=\"noopener\">Raporti Vjetor i Pun\u00ebs s\u00eb Administrat\u00ebs s\u00eb Zyr\u00ebs s\u00eb Presidentes &#8211; 2024<\/a><\/li>\n \t<li><a href=\"https:\/\/president-ksgov.net\/wp-content\/uploads\/Raporti-vjetor-i-Punes-se-Administrates-se-Zyres-se-Presidentes-per-vitin-2023.pdf\" target=\"_blank\" rel=\"noopener\">Raporti Vjetor i Pun\u00ebs s\u00eb Administrat\u00ebs s\u00eb Zyr\u00ebs s\u00eb Presidentes &#8211; 2023<\/a><\/li>\n<\/ul><\/div>\n                <\/div><\/div>\t\t<\/div>\n\t\t\t\t<\/div>\n\t\t\t\t<div class=\"elementor-element elementor-element-3a10972 elementor-widget elementor-widget-eael-adv-accordion\" data-id=\"3a10972\" data-element_type=\"widget\" data-widget_type=\"eael-adv-accordion.default\">\n\t\t\t\t<div class=\"elementor-widget-container\">\n\t\t\t        <div class=\"eael-adv-accordion\" id=\"eael-adv-accordion-3a10972\" data-scroll-on-click=\"no\" data-scroll-speed=\"300\" data-accordion-id=\"3a10972\" data-accordion-type=\"accordion\" data-toogle-speed=\"300\">\n    <div class=\"eael-accordion-list\">\n                <div id=\"raportet-e-auditimit-financiar\" class=\"elementor-tab-title eael-accordion-header\" tabindex=\"0\" data-tab=\"1\" aria-controls=\"elementor-tab-content-6081\"><span class=\"eael-advanced-accordion-icon-closed\"><i aria-hidden=\"true\" class=\"fa-accordion-icon far fa-file\"><\/i><\/span><span class=\"eael-advanced-accordion-icon-opened\"><i aria-hidden=\"true\" class=\"fa-accordion-icon far fa-file-alt\"><\/i><\/span><span class=\"eael-accordion-tab-title\">RAPORTET E AUDITIMIT FINANCIAR<\/span><i aria-hidden=\"true\" class=\"fa-toggle fas fa-angle-right\"><\/i><\/div><div id=\"elementor-tab-content-6081\" class=\"eael-accordion-content clearfix\" data-tab=\"1\" aria-labelledby=\"raportet-e-auditimit-financiar\"><ul><li><a href=\"https:\/\/president-ksgov.net\/wp-content\/uploads\/722-47-Raporti-i-auditimit-Zyra-Kombetare-e-Auditimit.pdf\" target=\"_blank\" rel=\"noopener\">RAPORTI I AUDITIMIT P\u00cbR PASQYRAT FINANCIARE VJETORE T\u00cb ZYR\u00cbS S\u00cb PRESIDENTIT T\u00cb REPUBLIK\u00cbS S\u00cb KOSOV\u00cbS P\u00cbR VITIN &#8211; 2024<\/a><\/li><li><a href=\"https:\/\/president-ksgov.net\/wp-content\/uploads\/Raporti-vjetor-i-Auditimit-per-Pasqyrat-Financiare-Vjetore-te-Zyres-se-Presidentes-per-vitin-2023.pdf\" target=\"_blank\" rel=\"noopener\"><span>RAPORTET E AUDITIMIT FINANCIAR &#8211; 2023<\/span><\/a><\/li><\/ul><\/div>\n                <\/div><\/div>\t\t<\/div>\n\t\t\t\t<\/div>\n\t\t\t\t\t<\/div>\n\t\t<\/div>\n\t\t\t\t\t<\/div>\n\t\t<\/section>\n\t\t\t\t<section class=\"elementor-section elementor-top-section elementor-element elementor-element-75da98f elementor-section-boxed elementor-section-height-default elementor-section-height-default wpr-particle-no wpr-jarallax-no wpr-parallax-no wpr-sticky-section-no\" data-id=\"75da98f\" data-element_type=\"section\">\n\t\t\t\t\t\t<div class=\"elementor-container elementor-column-gap-default\">\n\t\t\t\t\t<div class=\"elementor-column elementor-col-100 elementor-top-column elementor-element elementor-element-6d505b8\" data-id=\"6d505b8\" data-element_type=\"column\">\n\t\t\t<div class=\"elementor-widget-wrap elementor-element-populated\">\n\t\t\t\t\t\t<div class=\"elementor-element elementor-element-958a071 elementor-widget elementor-widget-eael-adv-accordion\" data-id=\"958a071\" data-element_type=\"widget\" data-widget_type=\"eael-adv-accordion.default\">\n\t\t\t\t<div class=\"elementor-widget-container\">\n\t\t\t        <div class=\"eael-adv-accordion\" id=\"eael-adv-accordion-958a071\" data-scroll-on-click=\"no\" data-scroll-speed=\"300\" data-accordion-id=\"958a071\" data-accordion-type=\"accordion\" data-toogle-speed=\"300\">\n    <div class=\"eael-accordion-list\">\n                <div id=\"plani-i-puns\" class=\"elementor-tab-title eael-accordion-header\" tabindex=\"0\" data-tab=\"1\" aria-controls=\"elementor-tab-content-1561\"><span class=\"eael-advanced-accordion-icon-closed\"><i aria-hidden=\"true\" class=\"fa-accordion-icon far fa-file\"><\/i><\/span><span class=\"eael-advanced-accordion-icon-opened\"><i aria-hidden=\"true\" class=\"fa-accordion-icon far fa-file-alt\"><\/i><\/span><span class=\"eael-accordion-tab-title\">PLANI I PUN\u00cbS<\/span><i aria-hidden=\"true\" class=\"fa-toggle fas fa-angle-right\"><\/i><\/div><div id=\"elementor-tab-content-1561\" class=\"eael-accordion-content clearfix\" data-tab=\"1\" aria-labelledby=\"plani-i-puns\"><ul>\n \t<li><a href=\"https:\/\/president-ksgov.net\/wp-content\/uploads\/175-401-plani-i-punes-2025-ZPRK.pdf\" target=\"_blank\" rel=\"noopener\">Plani i Pun\u00ebs s\u00eb Zyr\u00ebs s\u00eb Presidentes p\u00ebr vitin &#8211; 2025<\/a><\/li>\n \t<li class=\"hidden-li\"><a href=\"https:\/\/president-ksgov.net\/wp-content\/uploads\/Plani-i-vjetor-i-Punes-se-Administrates-se-Zyres-se-Presidentes-per-vitin-2024.pdf\"><span>Plani i Pun\u00ebs s\u00eb Zyr\u00ebs s\u00eb Presidentes p\u00ebr vitin &#8211; 2024<\/span><\/a><\/li>\n<\/ul><\/div>\n                <\/div><\/div>\t\t<\/div>\n\t\t\t\t<\/div>\n\t\t\t\t\t<\/div>\n\t\t<\/div>\n\t\t\t\t\t<\/div>\n\t\t<\/section>\n\t\t\t\t<section class=\"elementor-section elementor-top-section elementor-element elementor-element-47dd050 elementor-section-boxed elementor-section-height-default elementor-section-height-default wpr-particle-no wpr-jarallax-no wpr-parallax-no wpr-sticky-section-no\" data-id=\"47dd050\" data-element_type=\"section\">\n\t\t\t\t\t\t<div class=\"elementor-container elementor-column-gap-default\">\n\t\t\t\t\t<div class=\"elementor-column elementor-col-100 elementor-top-column elementor-element elementor-element-04ce93c\" data-id=\"04ce93c\" data-element_type=\"column\">\n\t\t\t<div class=\"elementor-widget-wrap elementor-element-populated\">\n\t\t\t\t\t\t<div class=\"elementor-element elementor-element-d5f2832 elementor-widget elementor-widget-text-editor\" data-id=\"d5f2832\" data-element_type=\"widget\" data-widget_type=\"text-editor.default\">\n\t\t\t\t<div class=\"elementor-widget-container\">\n\t\t\t\t\t\t\t<ul><li class=\"hidden-li\"><a href=\"https:\/\/president-ksgov.net\/wp-content\/uploads\/Plani-per-Integritet-2024-2026.pdf\"><span data-olk-copy-source=\"MessageBody\">PLANI P\u00cbR INTEGRITET<\/span><\/a><\/li><li><a href=\"https:\/\/president-ksgov.net\/qasje-ne-dokumente-publike\/\"><span style=\"color: black;\" data-ogsc=\"\" data-ogac=\"black\" data-olk-copy-source=\"MessageBody\">QASJA N<\/span>\u00cb DOKUMENTE PUBLIKE<\/a><\/li><li><a href=\"https:\/\/president-ksgov.net\/sinjalizimi\/\">SINJALIZIMI<\/a><\/li><li><a href=\"https:\/\/president-ksgov.net\/mbrojtja-e-te-dhenave-personale\/\">ZYRTARI P\u00cbR MBROJTJEN E T\u00cb DH\u00cbNAVE PERSONALE<\/a><\/li><\/ul>\t\t\t\t\t\t<\/div>\n\t\t\t\t<\/div>\n\t\t\t\t\t<\/div>\n\t\t<\/div>\n\t\t\t\t\t<\/div>\n\t\t<\/section>\n\t\t\t\t<\/div>\n\t\t","protected":false},"excerpt":{"rendered":"<p>STRUKTURA MENAXHUESE E ADMINISTRAT\u00cbS ORGANOGRAMI I ZYR\u00cbS\u00a0 S\u00cb PRESIDENTES RAPORTET VJETORE T\u00cb PUN\u00cbS S\u00cb ADMINISTRAT\u00cbS Raporti Vjetor i Pun\u00ebs s\u00eb Administrat\u00ebs s\u00eb Zyr\u00ebs s\u00eb Presidentes &#8211; 2024 Raporti Vjetor i Pun\u00ebs s\u00eb Administrat\u00ebs s\u00eb Zyr\u00ebs s\u00eb Presidentes &#8211; 2023 RAPORTET E AUDITIMIT FINANCIAR RAPORTI I AUDITIMIT P\u00cbR PASQYRAT FINANCIARE VJETORE T\u00cb ZYR\u00cbS S\u00cb PRESIDENTIT T\u00cb REPUBLIK\u00cbS S\u00cb KOSOV\u00cbS P\u00cbR VITIN &#8211; 2024 RAPORTET E AUDITIMIT FINANCIAR &#8211; 2023 PLANI I PUN\u00cbS Plani i Pun\u00ebs s\u00eb Zyr\u00ebs s\u00eb Presidentes p\u00ebr vitin &#8211; 2025 Plani i Pun\u00ebs s\u00eb Zyr\u00ebs s\u00eb Presidentes p\u00ebr vitin &#8211; 2024 PLANI P\u00cbR INTEGRITET QASJA N\u00cb DOKUMENTE PUBLIKE SINJALIZIMI ZYRTARI P\u00cbR MBROJTJEN E T\u00cb DH\u00cbNAVE PERSONALE<\/p>\n","protected":false},"author":1,"featured_media":86340,"parent":0,"menu_order":0,"comment_status":"closed","ping_status":"closed","template":"","meta":{"_eb_attr":"","footnotes":""},"class_list":["post-2745","page","type-page","status-publish","has-post-thumbnail","hentry"],"yoast_head":"<!-- This site is optimized with the Yoast SEO plugin v23.5 - https:\/\/yoast.com\/wordpress\/plugins\/seo\/ -->\n<title>Administrata - Predsednik Republike Kosovo - DR. VJOSA OSMANI - SADRIU<\/title>\n<meta name=\"description\" content=\"Administrata - Predsednik Republike Kosovo - DR. VJOSA OSMANI - SADRIU -\" \/>\n<meta name=\"robots\" content=\"index, follow, max-snippet:-1, max-image-preview:large, max-video-preview:-1\" \/>\n<link rel=\"canonical\" href=\"https:\/\/president-ksgov.net\/sr\/administrata\/\" \/>\n<meta property=\"og:locale\" content=\"sr_RS\" \/>\n<meta property=\"og:type\" content=\"article\" \/>\n<meta property=\"og:title\" content=\"Administrata - Predsednik Republike Kosovo - DR. VJOSA OSMANI - SADRIU\" \/>\n<meta property=\"og:description\" content=\"Administrata - Predsednik Republike Kosovo - DR. VJOSA OSMANI - SADRIU -\" \/>\n<meta property=\"og:url\" content=\"https:\/\/president-ksgov.net\/sr\/administrata\/\" \/>\n<meta property=\"og:site_name\" content=\"Predsednik Republike Kosovo - DR. VJOSA OSMANI - SADRIU\" \/>\n<meta property=\"article:modified_time\" content=\"2025-11-06T10:58:54+00:00\" \/>\n<meta property=\"og:image\" content=\"https:\/\/president-ksgov.net\/wp-content\/uploads\/Zyra-e-Presidentes-Featured-Image1-e1678970937938.png\" \/>\n\t<meta property=\"og:image:width\" content=\"1024\" \/>\n\t<meta property=\"og:image:height\" content=\"800\" \/>\n\t<meta property=\"og:image:type\" content=\"image\/png\" \/>\n<meta name=\"twitter:card\" content=\"summary_large_image\" \/>\n<meta name=\"twitter:label1\" content=\"\u041f\u0440\u043e\u0446\u0435\u045a\u0435\u043d\u043e \u0432\u0440\u0435\u043c\u0435 \u0447\u0438\u0442\u0430\u045a\u0430\" \/>\n\t<meta name=\"twitter:data1\" content=\"1 \u043c\u0438\u043d\u0443\u0442\" \/>\n<script type=\"application\/ld+json\" class=\"yoast-schema-graph\">{\"@context\":\"https:\/\/schema.org\",\"@graph\":[{\"@type\":\"WebPage\",\"@id\":\"https:\/\/president-ksgov.net\/sr\/administrata\/\",\"url\":\"https:\/\/president-ksgov.net\/sr\/administrata\/\",\"name\":\"Administrata - Predsednik Republike Kosovo - DR. VJOSA OSMANI - SADRIU\",\"isPartOf\":{\"@id\":\"https:\/\/president-ksgov.net\/#website\"},\"primaryImageOfPage\":{\"@id\":\"https:\/\/president-ksgov.net\/sr\/administrata\/#primaryimage\"},\"image\":{\"@id\":\"https:\/\/president-ksgov.net\/sr\/administrata\/#primaryimage\"},\"thumbnailUrl\":\"https:\/\/president-ksgov.net\/wp-content\/uploads\/Zyra-e-Presidentes-Featured-Image1-e1678970937938.png\",\"datePublished\":\"2023-02-03T11:32:45+00:00\",\"dateModified\":\"2025-11-06T10:58:54+00:00\",\"description\":\"Administrata - Predsednik Republike Kosovo - DR. VJOSA OSMANI - SADRIU -\",\"breadcrumb\":{\"@id\":\"https:\/\/president-ksgov.net\/sr\/administrata\/#breadcrumb\"},\"inLanguage\":\"sr-RS\",\"potentialAction\":[{\"@type\":\"ReadAction\",\"target\":[\"https:\/\/president-ksgov.net\/sr\/administrata\/\"]}]},{\"@type\":\"ImageObject\",\"inLanguage\":\"sr-RS\",\"@id\":\"https:\/\/president-ksgov.net\/sr\/administrata\/#primaryimage\",\"url\":\"https:\/\/president-ksgov.net\/wp-content\/uploads\/Zyra-e-Presidentes-Featured-Image1-e1678970937938.png\",\"contentUrl\":\"https:\/\/president-ksgov.net\/wp-content\/uploads\/Zyra-e-Presidentes-Featured-Image1-e1678970937938.png\",\"width\":1024,\"height\":800},{\"@type\":\"BreadcrumbList\",\"@id\":\"https:\/\/president-ksgov.net\/sr\/administrata\/#breadcrumb\",\"itemListElement\":[{\"@type\":\"ListItem\",\"position\":1,\"name\":\"Home\",\"item\":\"https:\/\/president-ksgov.net\/sr\/\"},{\"@type\":\"ListItem\",\"position\":2,\"name\":\"Administrata\"}]},{\"@type\":\"WebSite\",\"@id\":\"https:\/\/president-ksgov.net\/#website\",\"url\":\"https:\/\/president-ksgov.net\/\",\"name\":\"Presidente e Republik\u00ebs s\u00eb Kosov\u00ebs\",\"description\":\"Presidente e Republik\u00ebs s\u00eb Kosov\u00ebs\",\"alternateName\":\"DR. VJOSA OSMANI - SADRIU\",\"potentialAction\":[{\"@type\":\"SearchAction\",\"target\":{\"@type\":\"EntryPoint\",\"urlTemplate\":\"https:\/\/president-ksgov.net\/?s={search_term_string}\"},\"query-input\":{\"@type\":\"PropertyValueSpecification\",\"valueRequired\":true,\"valueName\":\"search_term_string\"}}],\"inLanguage\":\"sr-RS\"}]}<\/script>\n<!-- \/ Yoast SEO plugin. -->","yoast_head_json":{"title":"Administrata - Predsednik Republike Kosovo - DR. VJOSA OSMANI - SADRIU","description":"Administrata - Predsednik Republike Kosovo - DR. VJOSA OSMANI - SADRIU -","robots":{"index":"index","follow":"follow","max-snippet":"max-snippet:-1","max-image-preview":"max-image-preview:large","max-video-preview":"max-video-preview:-1"},"canonical":"https:\/\/president-ksgov.net\/sr\/administrata\/","og_locale":"sr_RS","og_type":"article","og_title":"Administrata - Predsednik Republike Kosovo - DR. VJOSA OSMANI - SADRIU","og_description":"Administrata - Predsednik Republike Kosovo - DR. VJOSA OSMANI - SADRIU -","og_url":"https:\/\/president-ksgov.net\/sr\/administrata\/","og_site_name":"Predsednik Republike Kosovo - DR. VJOSA OSMANI - SADRIU","article_modified_time":"2025-11-06T10:58:54+00:00","og_image":[{"width":1024,"height":800,"url":"https:\/\/president-ksgov.net\/wp-content\/uploads\/Zyra-e-Presidentes-Featured-Image1-e1678970937938.png","type":"image\/png"}],"twitter_card":"summary_large_image","twitter_misc":{"\u041f\u0440\u043e\u0446\u0435\u045a\u0435\u043d\u043e \u0432\u0440\u0435\u043c\u0435 \u0447\u0438\u0442\u0430\u045a\u0430":"1 \u043c\u0438\u043d\u0443\u0442"},"schema":{"@context":"https:\/\/schema.org","@graph":[{"@type":"WebPage","@id":"https:\/\/president-ksgov.net\/sr\/administrata\/","url":"https:\/\/president-ksgov.net\/sr\/administrata\/","name":"Administrata - Predsednik Republike Kosovo - DR. VJOSA OSMANI - SADRIU","isPartOf":{"@id":"https:\/\/president-ksgov.net\/#website"},"primaryImageOfPage":{"@id":"https:\/\/president-ksgov.net\/sr\/administrata\/#primaryimage"},"image":{"@id":"https:\/\/president-ksgov.net\/sr\/administrata\/#primaryimage"},"thumbnailUrl":"https:\/\/president-ksgov.net\/wp-content\/uploads\/Zyra-e-Presidentes-Featured-Image1-e1678970937938.png","datePublished":"2023-02-03T11:32:45+00:00","dateModified":"2025-11-06T10:58:54+00:00","description":"Administrata - Predsednik Republike Kosovo - DR. VJOSA OSMANI - SADRIU -","breadcrumb":{"@id":"https:\/\/president-ksgov.net\/sr\/administrata\/#breadcrumb"},"inLanguage":"sr-RS","potentialAction":[{"@type":"ReadAction","target":["https:\/\/president-ksgov.net\/sr\/administrata\/"]}]},{"@type":"ImageObject","inLanguage":"sr-RS","@id":"https:\/\/president-ksgov.net\/sr\/administrata\/#primaryimage","url":"https:\/\/president-ksgov.net\/wp-content\/uploads\/Zyra-e-Presidentes-Featured-Image1-e1678970937938.png","contentUrl":"https:\/\/president-ksgov.net\/wp-content\/uploads\/Zyra-e-Presidentes-Featured-Image1-e1678970937938.png","width":1024,"height":800},{"@type":"BreadcrumbList","@id":"https:\/\/president-ksgov.net\/sr\/administrata\/#breadcrumb","itemListElement":[{"@type":"ListItem","position":1,"name":"Home","item":"https:\/\/president-ksgov.net\/sr\/"},{"@type":"ListItem","position":2,"name":"Administrata"}]},{"@type":"WebSite","@id":"https:\/\/president-ksgov.net\/#website","url":"https:\/\/president-ksgov.net\/","name":"Presidente e Republik\u00ebs s\u00eb Kosov\u00ebs","description":"Presidente e Republik\u00ebs s\u00eb Kosov\u00ebs","alternateName":"DR. VJOSA OSMANI - SADRIU","potentialAction":[{"@type":"SearchAction","target":{"@type":"EntryPoint","urlTemplate":"https:\/\/president-ksgov.net\/?s={search_term_string}"},"query-input":{"@type":"PropertyValueSpecification","valueRequired":true,"valueName":"search_term_string"}}],"inLanguage":"sr-RS"}]}},"_links":{"self":[{"href":"https:\/\/president-ksgov.net\/sr\/wp-json\/wp\/v2\/pages\/2745","targetHints":{"allow":["GET"]}}],"collection":[{"href":"https:\/\/president-ksgov.net\/sr\/wp-json\/wp\/v2\/pages"}],"about":[{"href":"https:\/\/president-ksgov.net\/sr\/wp-json\/wp\/v2\/types\/page"}],"author":[{"embeddable":true,"href":"https:\/\/president-ksgov.net\/sr\/wp-json\/wp\/v2\/users\/1"}],"replies":[{"embeddable":true,"href":"https:\/\/president-ksgov.net\/sr\/wp-json\/wp\/v2\/comments?post=2745"}],"version-history":[{"count":40,"href":"https:\/\/president-ksgov.net\/sr\/wp-json\/wp\/v2\/pages\/2745\/revisions"}],"predecessor-version":[{"id":175527,"href":"https:\/\/president-ksgov.net\/sr\/wp-json\/wp\/v2\/pages\/2745\/revisions\/175527"}],"wp:featuredmedia":[{"embeddable":true,"href":"https:\/\/president-ksgov.net\/sr\/wp-json\/wp\/v2\/media\/86340"}],"wp:attachment":[{"href":"https:\/\/president-ksgov.net\/sr\/wp-json\/wp\/v2\/media?parent=2745"}],"curies":[{"name":"wp","href":"https:\/\/api.w.org\/{rel}","templated":true}]}}