{"id":177986,"date":"2025-01-08T10:18:19","date_gmt":"2025-01-08T09:18:19","guid":{"rendered":"https:\/\/president-ksgov.net\/acces-aux-documents-publics\/"},"modified":"2025-12-12T16:38:17","modified_gmt":"2025-12-12T15:38:17","slug":"acces-aux-documents-publics","status":"publish","type":"page","link":"https:\/\/president-ksgov.net\/fr\/acces-aux-documents-publics\/","title":{"rendered":"ACC\u00c8S AUX DOCUMENTS PUBLICS"},"content":{"rendered":"\t\t<div data-elementor-type=\"wp-page\" data-elementor-id=\"177986\" class=\"elementor elementor-177986 elementor-150912\">\n\t\t\t\t\t\t<section class=\"elementor-section elementor-top-section elementor-element elementor-element-e04f66e elementor-section-boxed elementor-section-height-default elementor-section-height-default wpr-particle-no wpr-jarallax-no wpr-parallax-no wpr-sticky-section-no\" data-id=\"e04f66e\" data-element_type=\"section\">\n\t\t\t\t\t\t<div class=\"elementor-container elementor-column-gap-default\">\n\t\t\t\t\t<div class=\"elementor-column elementor-col-100 elementor-top-column elementor-element elementor-element-853a4bd\" data-id=\"853a4bd\" data-element_type=\"column\">\n\t\t\t<div class=\"elementor-widget-wrap elementor-element-populated\">\n\t\t\t\t\t\t<div class=\"elementor-element elementor-element-927eb43 elementor-widget elementor-widget-text-editor\" data-id=\"927eb43\" data-element_type=\"widget\" data-widget_type=\"text-editor.default\">\n\t\t\t\t<div class=\"elementor-widget-container\">\n\t\t\t\t\t\t\t<p style=\"color: #000000; letter-spacing: normal; font-size: 11pt; font-family: Calibri, sans-serif; margin: 0px 0px 8pt; line-height: 15.6933px;\"><span style=\"border: 0px; font-style: inherit; font-variant: inherit; font-weight: inherit; font-stretch: inherit; font-size: 12pt; line-height: 17.12px; font-family: 'Times New Roman', serif; font-optical-sizing: inherit; font-size-adjust: inherit; font-kerning: inherit; font-feature-settings: inherit; font-variation-settings: inherit; margin: 0px; padding: 0px; vertical-align: baseline; color: inherit;\" data-olk-copy-source=\"MessageBody\">Gentrit ZEQIRI<\/span><\/p>\n<p style=\"color: #000000; letter-spacing: normal; font-size: 11pt; font-family: Calibri, sans-serif; margin: 0px 0px 8pt; line-height: 15.6933px;\"><span style=\"border: 0px; font-style: inherit; font-variant: inherit; font-weight: inherit; font-stretch: inherit; font-size: 12pt; line-height: 17.12px; font-family: 'Times New Roman', serif; font-optical-sizing: inherit; font-size-adjust: inherit; font-kerning: inherit; font-feature-settings: inherit; font-variation-settings: inherit; margin: 0px; padding: 0px; vertical-align: baseline; color: inherit;\">Responsable de l\u2019acc\u00e8s aux documents publics<\/span><\/p>\n<p style=\"color: #000000; letter-spacing: normal; font-size: 11pt; font-family: Calibri, sans-serif; margin: 0px 0px 8pt; line-height: 15.6933px;\"><span style=\"border: 0px; font-style: inherit; font-variant: inherit; font-weight: inherit; font-stretch: inherit; font-size: 12pt; line-height: 17.12px; font-family: 'Times New Roman', serif; font-optical-sizing: inherit; font-size-adjust: inherit; font-kerning: inherit; font-feature-settings: inherit; font-variation-settings: inherit; margin: 0px; padding: 0px; vertical-align: baseline; color: inherit;\">Courriel : <a style=\"border: 0px; font: inherit; margin: 0px; padding: 0px; vertical-align: baseline;\" title=\"mailto:gentrit.zeqiri@president-ksgov.net\" href=\"mailto:gentrit.zeqiri@president-ksgov.net\" data-linkindex=\"0\" data-ogsc=\"\">gentrit.zeqiri@president-ksgov.net<\/a><\/span><\/p>\n\t\t\t\t\t\t<\/div>\n\t\t\t\t<\/div>\n\t\t\t\t\t<\/div>\n\t\t<\/div>\n\t\t\t\t\t<\/div>\n\t\t<\/section>\n\t\t\t\t<section class=\"elementor-section elementor-top-section elementor-element elementor-element-960f107 elementor-section-boxed elementor-section-height-default elementor-section-height-default wpr-particle-no wpr-jarallax-no wpr-parallax-no wpr-sticky-section-no\" data-id=\"960f107\" data-element_type=\"section\">\n\t\t\t\t\t\t<div class=\"elementor-container elementor-column-gap-default\">\n\t\t\t\t\t<div class=\"elementor-column elementor-col-100 elementor-top-column elementor-element elementor-element-ed12aeb\" data-id=\"ed12aeb\" data-element_type=\"column\">\n\t\t\t<div class=\"elementor-widget-wrap elementor-element-populated\">\n\t\t\t\t\t\t<div class=\"elementor-element elementor-element-54b95ab elementor-widget elementor-widget-eael-adv-accordion\" data-id=\"54b95ab\" data-element_type=\"widget\" data-widget_type=\"eael-adv-accordion.default\">\n\t\t\t\t<div class=\"elementor-widget-container\">\n\t\t\t        <div class=\"eael-adv-accordion\" id=\"eael-adv-accordion-54b95ab\" data-scroll-on-click=\"no\" data-scroll-speed=\"300\" data-accordion-id=\"54b95ab\" data-accordion-type=\"accordion\" data-toogle-speed=\"300\">\n    <div class=\"eael-accordion-list\">\n                <div id=\"rapport-annuel-sur-laccs-aux-documents-publics-\" class=\"elementor-tab-title eael-accordion-header\" tabindex=\"0\" data-tab=\"1\" aria-controls=\"elementor-tab-content-8881\"><span class=\"eael-advanced-accordion-icon-closed\"><i aria-hidden=\"true\" class=\"fa-accordion-icon far fa-file\"><\/i><\/span><span class=\"eael-advanced-accordion-icon-opened\"><i aria-hidden=\"true\" class=\"fa-accordion-icon far fa-file-alt\"><\/i><\/span><span class=\"eael-accordion-tab-title\">Rapport annuel sur l\u2019acc\u00e8s aux documents publics :<\/span><i aria-hidden=\"true\" class=\"fa-toggle fas fa-angle-right\"><\/i><\/div><div id=\"elementor-tab-content-8881\" class=\"eael-accordion-content clearfix\" data-tab=\"1\" aria-labelledby=\"rapport-annuel-sur-laccs-aux-documents-publics-\"><ul>\n<li><a href=\"https:\/\/president-ksgov.net\/wp-content\/uploads\/110-401-raport-vjetor-AIP.pdf\" target=\"_blank\" rel=\"noopener\">Rapport annuel sur l\u2019acc\u00e8s aux documents publics \u2013 2024<\/a><\/li>\n<\/ul>\n<\/div>\n                <\/div><\/div>\t\t<\/div>\n\t\t\t\t<\/div>\n\t\t\t\t\t<\/div>\n\t\t<\/div>\n\t\t\t\t\t<\/div>\n\t\t<\/section>\n\t\t\t\t<\/div>\n\t\t","protected":false},"excerpt":{"rendered":"<p>Gentrit ZEQIRI Responsable de l\u2019acc\u00e8s aux documents publics Courriel : gentrit.zeqiri@president-ksgov.net Rapport annuel sur l\u2019acc\u00e8s aux documents publics : Rapport annuel sur l\u2019acc\u00e8s aux documents publics \u2013 2024<\/p>\n","protected":false},"author":14,"featured_media":86338,"parent":0,"menu_order":0,"comment_status":"closed","ping_status":"closed","template":"","meta":{"_eb_attr":"","footnotes":""},"class_list":["post-177986","page","type-page","status-publish","has-post-thumbnail","hentry"],"yoast_head":"<!-- This site is optimized with the Yoast SEO plugin v23.5 - https:\/\/yoast.com\/wordpress\/plugins\/seo\/ -->\n<title>ACC\u00c8S AUX DOCUMENTS PUBLICS - Presidente e Republik\u00ebs s\u00eb Kosov\u00ebs<\/title>\n<meta name=\"description\" content=\"ACC\u00c8S AUX DOCUMENTS PUBLICS - Presidente e Republik\u00ebs s\u00eb Kosov\u00ebs -\" \/>\n<meta name=\"robots\" content=\"index, follow, max-snippet:-1, max-image-preview:large, max-video-preview:-1\" \/>\n<link rel=\"canonical\" href=\"https:\/\/president-ksgov.net\/fr\/acces-aux-documents-publics\/\" \/>\n<meta property=\"og:locale\" content=\"fr_FR\" \/>\n<meta property=\"og:type\" content=\"article\" \/>\n<meta property=\"og:title\" content=\"ACC\u00c8S AUX DOCUMENTS PUBLICS - Presidente e Republik\u00ebs s\u00eb Kosov\u00ebs\" \/>\n<meta property=\"og:description\" content=\"ACC\u00c8S AUX DOCUMENTS PUBLICS - Presidente e Republik\u00ebs s\u00eb Kosov\u00ebs -\" \/>\n<meta property=\"og:url\" content=\"https:\/\/president-ksgov.net\/fr\/acces-aux-documents-publics\/\" \/>\n<meta property=\"og:site_name\" content=\"Presidente e Republik\u00ebs s\u00eb Kosov\u00ebs\" \/>\n<meta property=\"article:modified_time\" content=\"2025-12-12T15:38:17+00:00\" \/>\n<meta property=\"og:image\" content=\"https:\/\/president-ksgov.net\/wp-content\/uploads\/Zyra-e-Presidentes-Featured-Image1-e1678970937938.png\" \/>\n\t<meta property=\"og:image:width\" content=\"1024\" \/>\n\t<meta property=\"og:image:height\" content=\"716\" \/>\n\t<meta property=\"og:image:type\" content=\"image\/png\" \/>\n<meta name=\"twitter:card\" content=\"summary_large_image\" \/>\n<script type=\"application\/ld+json\" class=\"yoast-schema-graph\">{\"@context\":\"https:\/\/schema.org\",\"@graph\":[{\"@type\":\"WebPage\",\"@id\":\"https:\/\/president-ksgov.net\/fr\/acces-aux-documents-publics\/\",\"url\":\"https:\/\/president-ksgov.net\/fr\/acces-aux-documents-publics\/\",\"name\":\"ACC\u00c8S AUX DOCUMENTS PUBLICS - Presidente e Republik\u00ebs s\u00eb Kosov\u00ebs\",\"isPartOf\":{\"@id\":\"https:\/\/president-ksgov.net\/#website\"},\"primaryImageOfPage\":{\"@id\":\"https:\/\/president-ksgov.net\/fr\/acces-aux-documents-publics\/#primaryimage\"},\"image\":{\"@id\":\"https:\/\/president-ksgov.net\/fr\/acces-aux-documents-publics\/#primaryimage\"},\"thumbnailUrl\":\"https:\/\/president-ksgov.net\/wp-content\/uploads\/Zyra-e-Presidentes-Featured-Image1-e1678970937938.png\",\"datePublished\":\"2025-01-08T09:18:19+00:00\",\"dateModified\":\"2025-12-12T15:38:17+00:00\",\"description\":\"ACC\u00c8S AUX DOCUMENTS PUBLICS - Presidente e Republik\u00ebs s\u00eb Kosov\u00ebs -\",\"breadcrumb\":{\"@id\":\"https:\/\/president-ksgov.net\/fr\/acces-aux-documents-publics\/#breadcrumb\"},\"inLanguage\":\"fr-FR\",\"potentialAction\":[{\"@type\":\"ReadAction\",\"target\":[\"https:\/\/president-ksgov.net\/fr\/acces-aux-documents-publics\/\"]}]},{\"@type\":\"ImageObject\",\"inLanguage\":\"fr-FR\",\"@id\":\"https:\/\/president-ksgov.net\/fr\/acces-aux-documents-publics\/#primaryimage\",\"url\":\"https:\/\/president-ksgov.net\/wp-content\/uploads\/Zyra-e-Presidentes-Featured-Image1-e1678970937938.png\",\"contentUrl\":\"https:\/\/president-ksgov.net\/wp-content\/uploads\/Zyra-e-Presidentes-Featured-Image1-e1678970937938.png\",\"width\":1024,\"height\":716},{\"@type\":\"BreadcrumbList\",\"@id\":\"https:\/\/president-ksgov.net\/fr\/acces-aux-documents-publics\/#breadcrumb\",\"itemListElement\":[{\"@type\":\"ListItem\",\"position\":1,\"name\":\"Home\",\"item\":\"https:\/\/president-ksgov.net\/fr\/\"},{\"@type\":\"ListItem\",\"position\":2,\"name\":\"ACC\u00c8S AUX DOCUMENTS PUBLICS\"}]},{\"@type\":\"WebSite\",\"@id\":\"https:\/\/president-ksgov.net\/#website\",\"url\":\"https:\/\/president-ksgov.net\/\",\"name\":\"Presidente e Republik\u00ebs s\u00eb Kosov\u00ebs\",\"description\":\"Presidente e Republik\u00ebs s\u00eb Kosov\u00ebs\",\"alternateName\":\"DR. VJOSA OSMANI - SADRIU\",\"potentialAction\":[{\"@type\":\"SearchAction\",\"target\":{\"@type\":\"EntryPoint\",\"urlTemplate\":\"https:\/\/president-ksgov.net\/?s={search_term_string}\"},\"query-input\":{\"@type\":\"PropertyValueSpecification\",\"valueRequired\":true,\"valueName\":\"search_term_string\"}}],\"inLanguage\":\"fr-FR\"}]}<\/script>\n<!-- \/ Yoast SEO plugin. -->","yoast_head_json":{"title":"ACC\u00c8S AUX DOCUMENTS PUBLICS - Presidente e Republik\u00ebs s\u00eb Kosov\u00ebs","description":"ACC\u00c8S AUX DOCUMENTS PUBLICS - Presidente e Republik\u00ebs s\u00eb Kosov\u00ebs -","robots":{"index":"index","follow":"follow","max-snippet":"max-snippet:-1","max-image-preview":"max-image-preview:large","max-video-preview":"max-video-preview:-1"},"canonical":"https:\/\/president-ksgov.net\/fr\/acces-aux-documents-publics\/","og_locale":"fr_FR","og_type":"article","og_title":"ACC\u00c8S AUX DOCUMENTS PUBLICS - Presidente e Republik\u00ebs s\u00eb Kosov\u00ebs","og_description":"ACC\u00c8S AUX DOCUMENTS PUBLICS - Presidente e Republik\u00ebs s\u00eb Kosov\u00ebs -","og_url":"https:\/\/president-ksgov.net\/fr\/acces-aux-documents-publics\/","og_site_name":"Presidente e Republik\u00ebs s\u00eb Kosov\u00ebs","article_modified_time":"2025-12-12T15:38:17+00:00","og_image":[{"width":1024,"height":716,"url":"https:\/\/president-ksgov.net\/wp-content\/uploads\/Zyra-e-Presidentes-Featured-Image1-e1678970937938.png","type":"image\/png"}],"twitter_card":"summary_large_image","schema":{"@context":"https:\/\/schema.org","@graph":[{"@type":"WebPage","@id":"https:\/\/president-ksgov.net\/fr\/acces-aux-documents-publics\/","url":"https:\/\/president-ksgov.net\/fr\/acces-aux-documents-publics\/","name":"ACC\u00c8S AUX DOCUMENTS PUBLICS - Presidente e Republik\u00ebs s\u00eb Kosov\u00ebs","isPartOf":{"@id":"https:\/\/president-ksgov.net\/#website"},"primaryImageOfPage":{"@id":"https:\/\/president-ksgov.net\/fr\/acces-aux-documents-publics\/#primaryimage"},"image":{"@id":"https:\/\/president-ksgov.net\/fr\/acces-aux-documents-publics\/#primaryimage"},"thumbnailUrl":"https:\/\/president-ksgov.net\/wp-content\/uploads\/Zyra-e-Presidentes-Featured-Image1-e1678970937938.png","datePublished":"2025-01-08T09:18:19+00:00","dateModified":"2025-12-12T15:38:17+00:00","description":"ACC\u00c8S AUX DOCUMENTS PUBLICS - Presidente e Republik\u00ebs s\u00eb Kosov\u00ebs -","breadcrumb":{"@id":"https:\/\/president-ksgov.net\/fr\/acces-aux-documents-publics\/#breadcrumb"},"inLanguage":"fr-FR","potentialAction":[{"@type":"ReadAction","target":["https:\/\/president-ksgov.net\/fr\/acces-aux-documents-publics\/"]}]},{"@type":"ImageObject","inLanguage":"fr-FR","@id":"https:\/\/president-ksgov.net\/fr\/acces-aux-documents-publics\/#primaryimage","url":"https:\/\/president-ksgov.net\/wp-content\/uploads\/Zyra-e-Presidentes-Featured-Image1-e1678970937938.png","contentUrl":"https:\/\/president-ksgov.net\/wp-content\/uploads\/Zyra-e-Presidentes-Featured-Image1-e1678970937938.png","width":1024,"height":716},{"@type":"BreadcrumbList","@id":"https:\/\/president-ksgov.net\/fr\/acces-aux-documents-publics\/#breadcrumb","itemListElement":[{"@type":"ListItem","position":1,"name":"Home","item":"https:\/\/president-ksgov.net\/fr\/"},{"@type":"ListItem","position":2,"name":"ACC\u00c8S AUX DOCUMENTS PUBLICS"}]},{"@type":"WebSite","@id":"https:\/\/president-ksgov.net\/#website","url":"https:\/\/president-ksgov.net\/","name":"Presidente e Republik\u00ebs s\u00eb Kosov\u00ebs","description":"Presidente e Republik\u00ebs s\u00eb Kosov\u00ebs","alternateName":"DR. VJOSA OSMANI - SADRIU","potentialAction":[{"@type":"SearchAction","target":{"@type":"EntryPoint","urlTemplate":"https:\/\/president-ksgov.net\/?s={search_term_string}"},"query-input":{"@type":"PropertyValueSpecification","valueRequired":true,"valueName":"search_term_string"}}],"inLanguage":"fr-FR"}]}},"_links":{"self":[{"href":"https:\/\/president-ksgov.net\/fr\/wp-json\/wp\/v2\/pages\/177986","targetHints":{"allow":["GET"]}}],"collection":[{"href":"https:\/\/president-ksgov.net\/fr\/wp-json\/wp\/v2\/pages"}],"about":[{"href":"https:\/\/president-ksgov.net\/fr\/wp-json\/wp\/v2\/types\/page"}],"author":[{"embeddable":true,"href":"https:\/\/president-ksgov.net\/fr\/wp-json\/wp\/v2\/users\/14"}],"replies":[{"embeddable":true,"href":"https:\/\/president-ksgov.net\/fr\/wp-json\/wp\/v2\/comments?post=177986"}],"version-history":[{"count":1,"href":"https:\/\/president-ksgov.net\/fr\/wp-json\/wp\/v2\/pages\/177986\/revisions"}],"predecessor-version":[{"id":177987,"href":"https:\/\/president-ksgov.net\/fr\/wp-json\/wp\/v2\/pages\/177986\/revisions\/177987"}],"wp:featuredmedia":[{"embeddable":true,"href":"https:\/\/president-ksgov.net\/fr\/wp-json\/wp\/v2\/media\/86338"}],"wp:attachment":[{"href":"https:\/\/president-ksgov.net\/fr\/wp-json\/wp\/v2\/media?parent=177986"}],"curies":[{"name":"wp","href":"https:\/\/api.w.org\/{rel}","templated":true}]}}