{"id":177969,"date":"2025-01-08T11:05:15","date_gmt":"2025-01-08T10:05:15","guid":{"rendered":"https:\/\/president-ksgov.net\/structure-de-la-gestion-de-ladministration\/"},"modified":"2025-12-11T15:45:17","modified_gmt":"2025-12-11T14:45:17","slug":"structure-de-la-gestion-de-ladministration","status":"publish","type":"page","link":"https:\/\/president-ksgov.net\/fr\/structure-de-la-gestion-de-ladministration\/","title":{"rendered":"STRUCTURE DE LA GESTION DE L\u2019ADMINISTRATION"},"content":{"rendered":"\t\t<div data-elementor-type=\"wp-page\" data-elementor-id=\"177969\" class=\"elementor elementor-177969 elementor-150970\">\n\t\t\t\t\t\t<section class=\"elementor-section elementor-top-section elementor-element elementor-element-217db75 elementor-section-boxed elementor-section-height-default elementor-section-height-default wpr-particle-no wpr-jarallax-no wpr-parallax-no wpr-sticky-section-no\" data-id=\"217db75\" data-element_type=\"section\">\n\t\t\t\t\t\t<div class=\"elementor-container elementor-column-gap-default\">\n\t\t\t\t\t<div class=\"elementor-column elementor-col-100 elementor-top-column elementor-element elementor-element-4de11e9\" data-id=\"4de11e9\" data-element_type=\"column\">\n\t\t\t<div class=\"elementor-widget-wrap elementor-element-populated\">\n\t\t\t\t\t\t<div class=\"elementor-element elementor-element-74d9443 elementor-widget elementor-widget-html\" data-id=\"74d9443\" data-element_type=\"widget\" data-widget_type=\"html.default\">\n\t\t\t\t<div class=\"elementor-widget-container\">\n\t\t\t<div class=\"wp-block-column\">\n<p class=\"has-text-align-left has-background\" style=\"background-color: #f4f4f4; font-size: 18px;\"><strong style=\"color: #a97d22;\">Fehmi MEHMETI<\/strong><br>Secr\u00e9taire du Bureau de la Pr\u00e9sidente<br><a style=\"font-size: 15px; border-top: 1px solid #ddd; padding-top: 5px; margin-top: 10px;\" href=\"mailto:fehmi.mehmeti@president-ksgov.net\">Courriel : fehmi.mehmeti@president-ksgov.net<\/a><a href=\"https:\/\/twitter.com\/EgnesaVitia\" style=\"float:right;\"><img decoding=\"async\" src=\"https:\/\/president-ksgov.net\/wp-content\/uploads\/Twitter-logo-s.svg\"><\/a><\/p>\n<\/div>\n\t\t<\/div>\n\t\t\t\t<\/div>\n\t\t\t\t\t<\/div>\n\t\t<\/div>\n\t\t\t\t\t<\/div>\n\t\t<\/section>\n\t\t\t\t<section class=\"elementor-section elementor-top-section elementor-element elementor-element-ab81626 elementor-section-boxed elementor-section-height-default elementor-section-height-default wpr-particle-no wpr-jarallax-no wpr-parallax-no wpr-sticky-section-no\" data-id=\"ab81626\" data-element_type=\"section\">\n\t\t\t\t\t\t<div class=\"elementor-container elementor-column-gap-default\">\n\t\t\t\t\t<div class=\"elementor-column elementor-col-50 elementor-top-column elementor-element elementor-element-65058de\" data-id=\"65058de\" data-element_type=\"column\">\n\t\t\t<div class=\"elementor-widget-wrap elementor-element-populated\">\n\t\t\t\t\t\t<div class=\"elementor-element elementor-element-a24f4ee elementor-widget elementor-widget-html\" data-id=\"a24f4ee\" data-element_type=\"widget\" data-widget_type=\"html.default\">\n\t\t\t\t<div class=\"elementor-widget-container\">\n\t\t\t<div class=\"wp-block-column\">\n<p class=\"has-text-align-left has-background\" style=\"background-color: #f4f4f4; font-size: 18px;\"><strong style=\"color: #a97d22;\">Besim KAJTAZI<\/strong><br>D\u00e9partement des Questions Juridiques et des Relations Internationales<br><a style=\"font-size: 15px; border-top: 1px solid #ddd; padding-top: 5px; margin-top: 10px;\" href=\"mailto:besim.m.kajtazi@president-ksgov.net\">Courriel : besim.m.kajtazi@president-ksgov.net<\/a><a href=\"#\" style=\"float:right;\"><img decoding=\"async\" src=\"https:\/\/president-ksgov.net\/wp-content\/uploads\/Twitter-logo-s.svg\"><\/a><\/p>\n<\/div>\n\t\t<\/div>\n\t\t\t\t<\/div>\n\t\t\t\t\t<\/div>\n\t\t<\/div>\n\t\t\t\t<div class=\"elementor-column elementor-col-50 elementor-top-column elementor-element elementor-element-acc071c\" data-id=\"acc071c\" data-element_type=\"column\">\n\t\t\t<div class=\"elementor-widget-wrap elementor-element-populated\">\n\t\t\t\t\t\t<div class=\"elementor-element elementor-element-28194bc elementor-widget elementor-widget-html\" data-id=\"28194bc\" data-element_type=\"widget\" data-widget_type=\"html.default\">\n\t\t\t\t<div class=\"elementor-widget-container\">\n\t\t\t<div class=\"wp-block-column\">\n<p class=\"has-text-align-left has-background\" style=\"background-color: #f4f4f4; font-size: 18px;\"><strong style=\"color: #a97d22;\">Valbona IDRIZAJ<\/strong><br>D\u00e9partement du Protocole<br><a style=\"font-size: 15px; border-top: 1px solid #ddd; padding-top: 5px; margin-top: 10px;\" href=\"mailto:valbona.idrizaj@president-ksgov.net\">Courriel : valbona.idrizaj@president-ksgov.net<\/a><a href=\"https:\/\/twitter.com\/EgnesaVitia\" style=\"float:right;\"><img decoding=\"async\" src=\"https:\/\/president-ksgov.net\/wp-content\/uploads\/Twitter-logo-s.svg\"><\/a><\/p>\n<\/div>\n\t\t<\/div>\n\t\t\t\t<\/div>\n\t\t\t\t\t<\/div>\n\t\t<\/div>\n\t\t\t\t\t<\/div>\n\t\t<\/section>\n\t\t\t\t<section class=\"elementor-section elementor-top-section elementor-element elementor-element-75ccb28 elementor-section-boxed elementor-section-height-default elementor-section-height-default wpr-particle-no wpr-jarallax-no wpr-parallax-no wpr-sticky-section-no\" data-id=\"75ccb28\" data-element_type=\"section\">\n\t\t\t\t\t\t<div class=\"elementor-container elementor-column-gap-default\">\n\t\t\t\t\t<div class=\"elementor-column elementor-col-50 elementor-top-column elementor-element elementor-element-7440b32\" data-id=\"7440b32\" data-element_type=\"column\">\n\t\t\t<div class=\"elementor-widget-wrap elementor-element-populated\">\n\t\t\t\t\t\t<div class=\"elementor-element elementor-element-a0bef64 elementor-widget elementor-widget-html\" data-id=\"a0bef64\" data-element_type=\"widget\" data-widget_type=\"html.default\">\n\t\t\t\t<div class=\"elementor-widget-container\">\n\t\t\t<div class=\"wp-block-column\">\n<p class=\"has-text-align-left has-background\" style=\"background-color: #f4f4f4; font-size: 18px;\"><strong style=\"color: #a97d22;\">Florent RRAHMANI<\/strong><br>D\u00e9partement de l\u2019Information et de la Communication avec le Public<br><a style=\"font-size: 15px; border-top: 1px solid #ddd; padding-top: 5px; margin-top: 10px;\" href=\"mailto:bekim.kupina@president-ksgov.net\">Courriel : florent.rrahmani@president-ksgov.net<\/a><a href=\"#\" style=\"float:right;\"><img decoding=\"async\" src=\"https:\/\/president-ksgov.net\/wp-content\/uploads\/Twitter-logo-s.svg\"><\/a><\/p>\n<\/div>\n\t\t<\/div>\n\t\t\t\t<\/div>\n\t\t\t\t\t<\/div>\n\t\t<\/div>\n\t\t\t\t<div class=\"elementor-column elementor-col-50 elementor-top-column elementor-element elementor-element-3bb776d\" data-id=\"3bb776d\" data-element_type=\"column\">\n\t\t\t<div class=\"elementor-widget-wrap elementor-element-populated\">\n\t\t\t\t\t\t<div class=\"elementor-element elementor-element-26e1a44 elementor-widget elementor-widget-html\" data-id=\"26e1a44\" data-element_type=\"widget\" data-widget_type=\"html.default\">\n\t\t\t\t<div class=\"elementor-widget-container\">\n\t\t\t<div class=\"wp-block-column\">\n<p class=\"has-text-align-left has-background\" style=\"background-color: #f4f4f4; font-size: 18px;\"><strong style=\"color: #a97d22;\">Dafina SYLA<\/strong><br>D\u00e9partement des Services G\u00e9n\u00e9raux<br><a style=\"font-size: 15px; border-top: 1px solid #ddd; padding-top: 5px; margin-top: 10px;\" href=\"mailto:dafina.i.syla@president-ksgov.net\">Courriel : dafina.i.syla@president-ksgov.net<\/a><a href=\"https:\/\/twitter.com\/EgnesaVitia\" style=\"float:right;\"><img decoding=\"async\" src=\"https:\/\/president-ksgov.net\/wp-content\/uploads\/Twitter-logo-s.svg\"><\/a><\/p>\n<\/div>\n\t\t<\/div>\n\t\t\t\t<\/div>\n\t\t\t\t\t<\/div>\n\t\t<\/div>\n\t\t\t\t\t<\/div>\n\t\t<\/section>\n\t\t\t\t<section class=\"elementor-section elementor-top-section elementor-element elementor-element-ec4b770 elementor-section-boxed elementor-section-height-default elementor-section-height-default wpr-particle-no wpr-jarallax-no wpr-parallax-no wpr-sticky-section-no\" data-id=\"ec4b770\" data-element_type=\"section\">\n\t\t\t\t\t\t<div class=\"elementor-container elementor-column-gap-default\">\n\t\t\t\t\t<div class=\"elementor-column elementor-col-50 elementor-top-column elementor-element elementor-element-b076c13\" data-id=\"b076c13\" data-element_type=\"column\">\n\t\t\t<div class=\"elementor-widget-wrap elementor-element-populated\">\n\t\t\t\t\t\t<div class=\"elementor-element elementor-element-ab58516 elementor-widget elementor-widget-html\" data-id=\"ab58516\" data-element_type=\"widget\" data-widget_type=\"html.default\">\n\t\t\t\t<div class=\"elementor-widget-container\">\n\t\t\t<div class=\"wp-block-column\">\n<p class=\"has-text-align-left has-background\" style=\"background-color: #f4f4f4; font-size: 18px;\"><strong style=\"color: #a97d22;\">Amir HARADINAJ<\/strong><br>D\u00e9partement des Achats<br><a style=\"font-size: 15px; border-top: 1px solid #ddd; padding-top: 5px; margin-top: 10px;\" href=\"mailto:amir.haradinaj@president-ksgov.net\">Courriel : amir.haradinaj@president-ksgov.net<\/a><a href=\"#\" style=\"float:right;\"><img decoding=\"async\" src=\"https:\/\/president-ksgov.net\/wp-content\/uploads\/Twitter-logo-s.svg\"><\/a><\/p>\n<\/div>\n\t\t<\/div>\n\t\t\t\t<\/div>\n\t\t\t\t\t<\/div>\n\t\t<\/div>\n\t\t\t\t<div class=\"elementor-column elementor-col-50 elementor-top-column elementor-element elementor-element-75fb2fe\" data-id=\"75fb2fe\" data-element_type=\"column\">\n\t\t\t<div class=\"elementor-widget-wrap elementor-element-populated\">\n\t\t\t\t\t\t<div class=\"elementor-element elementor-element-372cf2d elementor-widget elementor-widget-html\" data-id=\"372cf2d\" data-element_type=\"widget\" data-widget_type=\"html.default\">\n\t\t\t\t<div class=\"elementor-widget-container\">\n\t\t\t<div class=\"wp-block-column\">\n<p class=\"has-text-align-left has-background\" style=\"background-color: #f4f4f4; font-size: 18px;\"><strong style=\"color: #a97d22;\">Ganimete de BYTYQI<\/strong><br>D\u00e9partement du Budget et des Finances<br><a style=\"font-size: 15px; border-top: 1px solid #ddd; padding-top: 5px; margin-top: 10px;\" href=\"mailto:ganimete.bytyqi@president-ksgov.net\">Courriel : ganimete.bytyqi@president-ksgov.net<\/a><a href=\"https:\/\/twitter.com\/EgnesaVitia\" style=\"float:right;\"><img decoding=\"async\" src=\"https:\/\/president-ksgov.net\/wp-content\/uploads\/Twitter-logo-s.svg\"><\/a><\/p>\n<\/div>\n\t\t<\/div>\n\t\t\t\t<\/div>\n\t\t\t\t\t<\/div>\n\t\t<\/div>\n\t\t\t\t\t<\/div>\n\t\t<\/section>\n\t\t\t\t<section class=\"elementor-section elementor-top-section elementor-element elementor-element-cbbd9e9 elementor-section-boxed elementor-section-height-default elementor-section-height-default wpr-particle-no wpr-jarallax-no wpr-parallax-no wpr-sticky-section-no\" data-id=\"cbbd9e9\" data-element_type=\"section\">\n\t\t\t\t\t\t<div class=\"elementor-container elementor-column-gap-default\">\n\t\t\t\t\t<div class=\"elementor-column elementor-col-50 elementor-top-column elementor-element elementor-element-130bd78\" data-id=\"130bd78\" data-element_type=\"column\">\n\t\t\t<div class=\"elementor-widget-wrap elementor-element-populated\">\n\t\t\t\t\t\t<div class=\"elementor-element elementor-element-9ef1fdb elementor-widget elementor-widget-html\" data-id=\"9ef1fdb\" data-element_type=\"widget\" data-widget_type=\"html.default\">\n\t\t\t\t<div class=\"elementor-widget-container\">\n\t\t\t<div class=\"wp-block-column\">\n<p class=\"has-text-align-left has-background\" style=\"background-color: #f4f4f4; font-size: 18px;\"><strong style=\"color: #a97d22;\">Nafiye GA\u015e<\/strong><br>Secr\u00e9tariat du Conseil Consultatif pour les Communaut\u00e9s<br><a style=\"font-size: 15px; border-top: 1px solid #ddd; padding-top: 5px; margin-top: 10px;\" href=\"mailto:naser.jakupi@president-ksgov.net\">Courriel : nafiye.gas@president-ksgov.net<\/a><a href=\"#\" style=\"float:right;\"><img decoding=\"async\" src=\"https:\/\/president-ksgov.net\/wp-content\/uploads\/Twitter-logo-s.svg\"><\/a><\/p>\n<\/div>\n\t\t<\/div>\n\t\t\t\t<\/div>\n\t\t\t\t\t<\/div>\n\t\t<\/div>\n\t\t\t\t<div class=\"elementor-column elementor-col-50 elementor-top-column elementor-element elementor-element-4888cb1\" data-id=\"4888cb1\" data-element_type=\"column\">\n\t\t\t<div class=\"elementor-widget-wrap elementor-element-populated\">\n\t\t\t\t\t\t<div class=\"elementor-element elementor-element-d387ce1 elementor-widget elementor-widget-html\" data-id=\"d387ce1\" data-element_type=\"widget\" data-widget_type=\"html.default\">\n\t\t\t\t<div class=\"elementor-widget-container\">\n\t\t\t<div class=\"wp-block-column\">\n<p class=\"has-text-align-left has-background\" style=\"background-color: #f4f4f4; font-size: 18px;\"><strong style=\"color: #a97d22;\">Naser JAKUPI<\/strong><br>Unit\u00e9 d\u2019Audit Interne<br><a style=\"font-size: 15px; border-top: 1px solid #ddd; padding-top: 5px; margin-top: 10px;\" href=\"mailto:naser.jakupi@president-ksgov.net\">Courriel : naser.jakupi@president-ksgov.net<\/a><a href=\"https:\/\/twitter.com\/EgnesaVitia\" style=\"float:right;\"><img decoding=\"async\" src=\"https:\/\/president-ksgov.net\/wp-content\/uploads\/Twitter-logo-s.svg\"><\/a><\/p>\n<\/div>\n\t\t<\/div>\n\t\t\t\t<\/div>\n\t\t\t\t\t<\/div>\n\t\t<\/div>\n\t\t\t\t\t<\/div>\n\t\t<\/section>\n\t\t\t\t<\/div>\n\t\t","protected":false},"excerpt":{"rendered":"<p>Fehmi MEHMETISecr\u00e9taire du Bureau de la Pr\u00e9sidenteCourriel : fehmi.mehmeti@president-ksgov.net Besim KAJTAZID\u00e9partement des Questions Juridiques et des Relations InternationalesCourriel : besim.m.kajtazi@president-ksgov.net Valbona IDRIZAJD\u00e9partement du ProtocoleCourriel : valbona.idrizaj@president-ksgov.net Florent RRAHMANID\u00e9partement de l\u2019Information et de la Communication avec le PublicCourriel : florent.rrahmani@president-ksgov.net Dafina SYLAD\u00e9partement des Services G\u00e9n\u00e9rauxCourriel : dafina.i.syla@president-ksgov.net Amir HARADINAJD\u00e9partement des AchatsCourriel : amir.haradinaj@president-ksgov.net Ganimete de BYTYQID\u00e9partement du Budget et des FinancesCourriel : ganimete.bytyqi@president-ksgov.net Nafiye GA\u015eSecr\u00e9tariat du Conseil Consultatif pour les Communaut\u00e9sCourriel : nafiye.gas@president-ksgov.net Naser JAKUPIUnit\u00e9 d\u2019Audit InterneCourriel : naser.jakupi@president-ksgov.net<\/p>\n","protected":false},"author":14,"featured_media":86338,"parent":0,"menu_order":0,"comment_status":"closed","ping_status":"closed","template":"","meta":{"_eb_attr":"","footnotes":""},"class_list":["post-177969","page","type-page","status-publish","has-post-thumbnail","hentry"],"yoast_head":"<!-- This site is optimized with the Yoast SEO plugin v23.5 - https:\/\/yoast.com\/wordpress\/plugins\/seo\/ -->\n<title>STRUCTURE DE LA GESTION DE L\u2019ADMINISTRATION - Presidente e Republik\u00ebs s\u00eb Kosov\u00ebs<\/title>\n<meta name=\"description\" content=\"STRUCTURE DE LA GESTION DE L\u2019ADMINISTRATION - Presidente e Republik\u00ebs s\u00eb Kosov\u00ebs -\" \/>\n<meta name=\"robots\" content=\"index, follow, max-snippet:-1, max-image-preview:large, max-video-preview:-1\" \/>\n<link rel=\"canonical\" href=\"https:\/\/president-ksgov.net\/fr\/structure-de-la-gestion-de-ladministration\/\" \/>\n<meta property=\"og:locale\" content=\"fr_FR\" \/>\n<meta property=\"og:type\" content=\"article\" \/>\n<meta property=\"og:title\" content=\"STRUCTURE DE LA GESTION DE L\u2019ADMINISTRATION - Presidente e Republik\u00ebs s\u00eb Kosov\u00ebs\" \/>\n<meta property=\"og:description\" content=\"STRUCTURE DE LA GESTION DE L\u2019ADMINISTRATION - Presidente e Republik\u00ebs s\u00eb Kosov\u00ebs -\" \/>\n<meta property=\"og:url\" content=\"https:\/\/president-ksgov.net\/fr\/structure-de-la-gestion-de-ladministration\/\" \/>\n<meta property=\"og:site_name\" content=\"Presidente e Republik\u00ebs s\u00eb Kosov\u00ebs\" \/>\n<meta property=\"article:modified_time\" content=\"2025-12-11T14:45:17+00:00\" \/>\n<meta property=\"og:image\" content=\"https:\/\/president-ksgov.net\/wp-content\/uploads\/Zyra-e-Presidentes-Featured-Image1-e1678970937938.png\" \/>\n\t<meta property=\"og:image:width\" content=\"1024\" \/>\n\t<meta property=\"og:image:height\" content=\"716\" \/>\n\t<meta property=\"og:image:type\" content=\"image\/png\" \/>\n<meta name=\"twitter:card\" content=\"summary_large_image\" \/>\n<meta name=\"twitter:label1\" content=\"Dur\u00e9e de lecture estim\u00e9e\" \/>\n\t<meta name=\"twitter:data1\" content=\"1 minute\" \/>\n<script type=\"application\/ld+json\" class=\"yoast-schema-graph\">{\"@context\":\"https:\/\/schema.org\",\"@graph\":[{\"@type\":\"WebPage\",\"@id\":\"https:\/\/president-ksgov.net\/fr\/structure-de-la-gestion-de-ladministration\/\",\"url\":\"https:\/\/president-ksgov.net\/fr\/structure-de-la-gestion-de-ladministration\/\",\"name\":\"STRUCTURE DE LA GESTION DE L\u2019ADMINISTRATION - Presidente e Republik\u00ebs s\u00eb Kosov\u00ebs\",\"isPartOf\":{\"@id\":\"https:\/\/president-ksgov.net\/#website\"},\"primaryImageOfPage\":{\"@id\":\"https:\/\/president-ksgov.net\/fr\/structure-de-la-gestion-de-ladministration\/#primaryimage\"},\"image\":{\"@id\":\"https:\/\/president-ksgov.net\/fr\/structure-de-la-gestion-de-ladministration\/#primaryimage\"},\"thumbnailUrl\":\"https:\/\/president-ksgov.net\/wp-content\/uploads\/Zyra-e-Presidentes-Featured-Image1-e1678970937938.png\",\"datePublished\":\"2025-01-08T10:05:15+00:00\",\"dateModified\":\"2025-12-11T14:45:17+00:00\",\"description\":\"STRUCTURE DE LA GESTION DE L\u2019ADMINISTRATION - Presidente e Republik\u00ebs s\u00eb Kosov\u00ebs -\",\"breadcrumb\":{\"@id\":\"https:\/\/president-ksgov.net\/fr\/structure-de-la-gestion-de-ladministration\/#breadcrumb\"},\"inLanguage\":\"fr-FR\",\"potentialAction\":[{\"@type\":\"ReadAction\",\"target\":[\"https:\/\/president-ksgov.net\/fr\/structure-de-la-gestion-de-ladministration\/\"]}]},{\"@type\":\"ImageObject\",\"inLanguage\":\"fr-FR\",\"@id\":\"https:\/\/president-ksgov.net\/fr\/structure-de-la-gestion-de-ladministration\/#primaryimage\",\"url\":\"https:\/\/president-ksgov.net\/wp-content\/uploads\/Zyra-e-Presidentes-Featured-Image1-e1678970937938.png\",\"contentUrl\":\"https:\/\/president-ksgov.net\/wp-content\/uploads\/Zyra-e-Presidentes-Featured-Image1-e1678970937938.png\",\"width\":1024,\"height\":716},{\"@type\":\"BreadcrumbList\",\"@id\":\"https:\/\/president-ksgov.net\/fr\/structure-de-la-gestion-de-ladministration\/#breadcrumb\",\"itemListElement\":[{\"@type\":\"ListItem\",\"position\":1,\"name\":\"Home\",\"item\":\"https:\/\/president-ksgov.net\/fr\/\"},{\"@type\":\"ListItem\",\"position\":2,\"name\":\"STRUCTURE DE LA GESTION DE L\u2019ADMINISTRATION\"}]},{\"@type\":\"WebSite\",\"@id\":\"https:\/\/president-ksgov.net\/#website\",\"url\":\"https:\/\/president-ksgov.net\/\",\"name\":\"Presidente e Republik\u00ebs s\u00eb Kosov\u00ebs\",\"description\":\"Presidente e Republik\u00ebs s\u00eb Kosov\u00ebs\",\"alternateName\":\"DR. VJOSA OSMANI - SADRIU\",\"potentialAction\":[{\"@type\":\"SearchAction\",\"target\":{\"@type\":\"EntryPoint\",\"urlTemplate\":\"https:\/\/president-ksgov.net\/?s={search_term_string}\"},\"query-input\":{\"@type\":\"PropertyValueSpecification\",\"valueRequired\":true,\"valueName\":\"search_term_string\"}}],\"inLanguage\":\"fr-FR\"}]}<\/script>\n<!-- \/ Yoast SEO plugin. -->","yoast_head_json":{"title":"STRUCTURE DE LA GESTION DE L\u2019ADMINISTRATION - Presidente e Republik\u00ebs s\u00eb Kosov\u00ebs","description":"STRUCTURE DE LA GESTION DE L\u2019ADMINISTRATION - Presidente e Republik\u00ebs s\u00eb Kosov\u00ebs -","robots":{"index":"index","follow":"follow","max-snippet":"max-snippet:-1","max-image-preview":"max-image-preview:large","max-video-preview":"max-video-preview:-1"},"canonical":"https:\/\/president-ksgov.net\/fr\/structure-de-la-gestion-de-ladministration\/","og_locale":"fr_FR","og_type":"article","og_title":"STRUCTURE DE LA GESTION DE L\u2019ADMINISTRATION - Presidente e Republik\u00ebs s\u00eb Kosov\u00ebs","og_description":"STRUCTURE DE LA GESTION DE L\u2019ADMINISTRATION - Presidente e Republik\u00ebs s\u00eb Kosov\u00ebs -","og_url":"https:\/\/president-ksgov.net\/fr\/structure-de-la-gestion-de-ladministration\/","og_site_name":"Presidente e Republik\u00ebs s\u00eb Kosov\u00ebs","article_modified_time":"2025-12-11T14:45:17+00:00","og_image":[{"width":1024,"height":716,"url":"https:\/\/president-ksgov.net\/wp-content\/uploads\/Zyra-e-Presidentes-Featured-Image1-e1678970937938.png","type":"image\/png"}],"twitter_card":"summary_large_image","twitter_misc":{"Dur\u00e9e de lecture estim\u00e9e":"1 minute"},"schema":{"@context":"https:\/\/schema.org","@graph":[{"@type":"WebPage","@id":"https:\/\/president-ksgov.net\/fr\/structure-de-la-gestion-de-ladministration\/","url":"https:\/\/president-ksgov.net\/fr\/structure-de-la-gestion-de-ladministration\/","name":"STRUCTURE DE LA GESTION DE L\u2019ADMINISTRATION - Presidente e Republik\u00ebs s\u00eb Kosov\u00ebs","isPartOf":{"@id":"https:\/\/president-ksgov.net\/#website"},"primaryImageOfPage":{"@id":"https:\/\/president-ksgov.net\/fr\/structure-de-la-gestion-de-ladministration\/#primaryimage"},"image":{"@id":"https:\/\/president-ksgov.net\/fr\/structure-de-la-gestion-de-ladministration\/#primaryimage"},"thumbnailUrl":"https:\/\/president-ksgov.net\/wp-content\/uploads\/Zyra-e-Presidentes-Featured-Image1-e1678970937938.png","datePublished":"2025-01-08T10:05:15+00:00","dateModified":"2025-12-11T14:45:17+00:00","description":"STRUCTURE DE LA GESTION DE L\u2019ADMINISTRATION - Presidente e Republik\u00ebs s\u00eb Kosov\u00ebs -","breadcrumb":{"@id":"https:\/\/president-ksgov.net\/fr\/structure-de-la-gestion-de-ladministration\/#breadcrumb"},"inLanguage":"fr-FR","potentialAction":[{"@type":"ReadAction","target":["https:\/\/president-ksgov.net\/fr\/structure-de-la-gestion-de-ladministration\/"]}]},{"@type":"ImageObject","inLanguage":"fr-FR","@id":"https:\/\/president-ksgov.net\/fr\/structure-de-la-gestion-de-ladministration\/#primaryimage","url":"https:\/\/president-ksgov.net\/wp-content\/uploads\/Zyra-e-Presidentes-Featured-Image1-e1678970937938.png","contentUrl":"https:\/\/president-ksgov.net\/wp-content\/uploads\/Zyra-e-Presidentes-Featured-Image1-e1678970937938.png","width":1024,"height":716},{"@type":"BreadcrumbList","@id":"https:\/\/president-ksgov.net\/fr\/structure-de-la-gestion-de-ladministration\/#breadcrumb","itemListElement":[{"@type":"ListItem","position":1,"name":"Home","item":"https:\/\/president-ksgov.net\/fr\/"},{"@type":"ListItem","position":2,"name":"STRUCTURE DE LA GESTION DE L\u2019ADMINISTRATION"}]},{"@type":"WebSite","@id":"https:\/\/president-ksgov.net\/#website","url":"https:\/\/president-ksgov.net\/","name":"Presidente e Republik\u00ebs s\u00eb Kosov\u00ebs","description":"Presidente e Republik\u00ebs s\u00eb Kosov\u00ebs","alternateName":"DR. VJOSA OSMANI - SADRIU","potentialAction":[{"@type":"SearchAction","target":{"@type":"EntryPoint","urlTemplate":"https:\/\/president-ksgov.net\/?s={search_term_string}"},"query-input":{"@type":"PropertyValueSpecification","valueRequired":true,"valueName":"search_term_string"}}],"inLanguage":"fr-FR"}]}},"_links":{"self":[{"href":"https:\/\/president-ksgov.net\/fr\/wp-json\/wp\/v2\/pages\/177969","targetHints":{"allow":["GET"]}}],"collection":[{"href":"https:\/\/president-ksgov.net\/fr\/wp-json\/wp\/v2\/pages"}],"about":[{"href":"https:\/\/president-ksgov.net\/fr\/wp-json\/wp\/v2\/types\/page"}],"author":[{"embeddable":true,"href":"https:\/\/president-ksgov.net\/fr\/wp-json\/wp\/v2\/users\/14"}],"replies":[{"embeddable":true,"href":"https:\/\/president-ksgov.net\/fr\/wp-json\/wp\/v2\/comments?post=177969"}],"version-history":[{"count":1,"href":"https:\/\/president-ksgov.net\/fr\/wp-json\/wp\/v2\/pages\/177969\/revisions"}],"predecessor-version":[{"id":177970,"href":"https:\/\/president-ksgov.net\/fr\/wp-json\/wp\/v2\/pages\/177969\/revisions\/177970"}],"wp:featuredmedia":[{"embeddable":true,"href":"https:\/\/president-ksgov.net\/fr\/wp-json\/wp\/v2\/media\/86338"}],"wp:attachment":[{"href":"https:\/\/president-ksgov.net\/fr\/wp-json\/wp\/v2\/media?parent=177969"}],"curies":[{"name":"wp","href":"https:\/\/api.w.org\/{rel}","templated":true}]}}