{"id":138318,"date":"2023-03-16T13:40:16","date_gmt":"2023-03-16T12:40:16","guid":{"rendered":"https:\/\/president-ksgov.net\/ecrivez-au-president\/"},"modified":"2024-07-05T10:48:45","modified_gmt":"2024-07-05T08:48:45","slug":"ecrivez-au-president","status":"publish","type":"page","link":"https:\/\/president-ksgov.net\/fr\/ecrivez-au-president\/","title":{"rendered":"\u00c9crivez au pr\u00e9sident"},"content":{"rendered":"\t\t<div data-elementor-type=\"wp-page\" data-elementor-id=\"138318\" class=\"elementor elementor-138318 elementor-86329\">\n\t\t\t\t\t\t<section class=\"elementor-section elementor-top-section elementor-element elementor-element-aaf06e5 elementor-section-boxed elementor-section-height-default elementor-section-height-default wpr-particle-no wpr-jarallax-no wpr-parallax-no wpr-sticky-section-no\" data-id=\"aaf06e5\" data-element_type=\"section\">\n\t\t\t\t\t\t<div class=\"elementor-container elementor-column-gap-default\">\n\t\t\t\t\t<div class=\"elementor-column elementor-col-100 elementor-top-column elementor-element elementor-element-86079a9\" data-id=\"86079a9\" data-element_type=\"column\">\n\t\t\t<div class=\"elementor-widget-wrap elementor-element-populated\">\n\t\t\t\t\t\t<div class=\"elementor-element elementor-element-62ca174 elementor-widget elementor-widget-shortcode\" data-id=\"62ca174\" data-element_type=\"widget\" data-widget_type=\"shortcode.default\">\n\t\t\t\t<div class=\"elementor-widget-container\">\n\t\t\t\t\t<div class=\"elementor-shortcode\"><div class=\"wpforms-container wpforms-container-full\" id=\"wpforms-86323\"><form id=\"wpforms-form-86323\" class=\"wpforms-validate wpforms-form wpforms-ajax-form\" data-formid=\"86323\" method=\"post\" enctype=\"multipart\/form-data\" action=\"\/fr\/wp-json\/wp\/v2\/pages\/138318\" data-token=\"ea04168f8aba6d3b4a066d08761b1d04\" data-token-time=\"1778789986\"><noscript class=\"wpforms-error-noscript\">Veuillez activer JavaScript dans votre navigateur pour remplir ce formulaire.<\/noscript><div class=\"wpforms-field-container\"><div id=\"wpforms-86323-field_0-container\" class=\"wpforms-field wpforms-field-name\" data-field-id=\"0\"><label class=\"wpforms-field-label\" for=\"wpforms-86323-field_0\">Emri dhe Mbiemri <span class=\"wpforms-required-label\">*<\/span><\/label><input type=\"text\" id=\"wpforms-86323-field_0\" class=\"wpforms-field-medium wpforms-field-required\" name=\"wpforms[fields][0]\" required><\/div><div id=\"wpforms-86323-field_1-container\" class=\"wpforms-field wpforms-field-email\" data-field-id=\"1\"><label class=\"wpforms-field-label\" for=\"wpforms-86323-field_1\">Email <span class=\"wpforms-required-label\">*<\/span><\/label><input type=\"email\" id=\"wpforms-86323-field_1\" class=\"wpforms-field-medium wpforms-field-required\" name=\"wpforms[fields][1]\" spellcheck=\"false\" required><\/div><div id=\"wpforms-86323-field_2-container\" class=\"wpforms-field wpforms-field-textarea\" data-field-id=\"2\"><label class=\"wpforms-field-label\" for=\"wpforms-86323-field_2\">Mesazhi <span class=\"wpforms-required-label\">*<\/span><\/label><textarea id=\"wpforms-86323-field_2\" class=\"wpforms-field-medium wpforms-field-required wpforms-limit-characters-enabled\" data-form-id=\"86323\" data-field-id=\"2\" data-text-limit=\"2000\" name=\"wpforms[fields][2]\" maxlength=\"2000\" required><\/textarea><\/div><\/div><!-- .wpforms-field-container --><div class=\"wpforms-recaptcha-container wpforms-is-hcaptcha\" ><div class=\"g-recaptcha\" data-sitekey=\"1173525a-01ee-4b1e-a624-3380a299c398\"><\/div><input type=\"text\" name=\"g-recaptcha-hidden\" class=\"wpforms-recaptcha-hidden\" style=\"position:absolute!important;clip:rect(0,0,0,0)!important;height:1px!important;width:1px!important;border:0!important;overflow:hidden!important;padding:0!important;margin:0!important;\" data-rule-hcaptcha=\"1\"><\/div><div class=\"wpforms-submit-container\" ><input type=\"hidden\" name=\"wpforms[id]\" value=\"86323\"><input type=\"hidden\" name=\"page_title\" value=\"\"><input type=\"hidden\" name=\"page_url\" value=\"https:\/\/president-ksgov.net\/fr\/wp-json\/wp\/v2\/pages\/138318\"><button type=\"submit\" name=\"wpforms[submit]\" id=\"wpforms-submit-86323\" class=\"wpforms-submit\" data-alt-text=\"Duke u d\u00ebrguar...\" data-submit-text=\"D\u00ebrgo\" aria-live=\"assertive\" value=\"wpforms-submit\">D\u00ebrgo<\/button><img decoding=\"async\" src=\"https:\/\/president-ksgov.net\/wp-content\/plugins\/wpforms-lite\/assets\/images\/submit-spin.svg\" class=\"wpforms-submit-spinner\" style=\"display: none;\" width=\"26\" height=\"26\" alt=\"Chargement en cours\"><\/div><\/form><\/div>  <!-- .wpforms-container --><\/div>\n\t\t\t\t<\/div>\n\t\t\t\t<\/div>\n\t\t\t\t\t<\/div>\n\t\t<\/div>\n\t\t\t\t\t<\/div>\n\t\t<\/section>\n\t\t\t\t<\/div>\n\t\t","protected":false},"excerpt":{"rendered":"","protected":false},"author":11,"featured_media":86338,"parent":0,"menu_order":0,"comment_status":"closed","ping_status":"closed","template":"","meta":{"_eb_attr":"","footnotes":""},"class_list":["post-138318","page","type-page","status-publish","has-post-thumbnail","hentry"],"yoast_head":"<!-- This site is optimized with the Yoast SEO plugin v23.5 - https:\/\/yoast.com\/wordpress\/plugins\/seo\/ -->\n<title>\u00c9crivez au pr\u00e9sident - Presidente e Republik\u00ebs s\u00eb Kosov\u00ebs<\/title>\n<meta name=\"description\" content=\"\u00c9crivez au pr\u00e9sident - Presidente e Republik\u00ebs s\u00eb Kosov\u00ebs -\" \/>\n<meta name=\"robots\" content=\"index, follow, max-snippet:-1, max-image-preview:large, max-video-preview:-1\" \/>\n<link rel=\"canonical\" href=\"https:\/\/president-ksgov.net\/fr\/ecrivez-au-president\/\" \/>\n<meta property=\"og:locale\" content=\"fr_FR\" \/>\n<meta property=\"og:type\" content=\"article\" \/>\n<meta property=\"og:title\" content=\"\u00c9crivez au pr\u00e9sident - Presidente e Republik\u00ebs s\u00eb Kosov\u00ebs\" \/>\n<meta property=\"og:description\" content=\"\u00c9crivez au pr\u00e9sident - Presidente e Republik\u00ebs s\u00eb Kosov\u00ebs -\" \/>\n<meta property=\"og:url\" content=\"https:\/\/president-ksgov.net\/fr\/ecrivez-au-president\/\" \/>\n<meta property=\"og:site_name\" content=\"Presidente e Republik\u00ebs s\u00eb Kosov\u00ebs\" \/>\n<meta property=\"article:modified_time\" content=\"2024-07-05T08:48:45+00:00\" \/>\n<meta property=\"og:image\" content=\"https:\/\/president-ksgov.net\/wp-content\/uploads\/Zyra-e-Presidentes-Featured-Image1-e1678970937938.png\" \/>\n\t<meta property=\"og:image:width\" content=\"1024\" \/>\n\t<meta property=\"og:image:height\" content=\"716\" \/>\n\t<meta property=\"og:image:type\" content=\"image\/png\" \/>\n<meta name=\"twitter:card\" content=\"summary_large_image\" \/>\n<script type=\"application\/ld+json\" class=\"yoast-schema-graph\">{\"@context\":\"https:\/\/schema.org\",\"@graph\":[{\"@type\":\"WebPage\",\"@id\":\"https:\/\/president-ksgov.net\/fr\/ecrivez-au-president\/\",\"url\":\"https:\/\/president-ksgov.net\/fr\/ecrivez-au-president\/\",\"name\":\"\u00c9crivez au pr\u00e9sident - Presidente e Republik\u00ebs s\u00eb Kosov\u00ebs\",\"isPartOf\":{\"@id\":\"https:\/\/president-ksgov.net\/#website\"},\"primaryImageOfPage\":{\"@id\":\"https:\/\/president-ksgov.net\/fr\/ecrivez-au-president\/#primaryimage\"},\"image\":{\"@id\":\"https:\/\/president-ksgov.net\/fr\/ecrivez-au-president\/#primaryimage\"},\"thumbnailUrl\":\"https:\/\/president-ksgov.net\/wp-content\/uploads\/Zyra-e-Presidentes-Featured-Image1-e1678970937938.png\",\"datePublished\":\"2023-03-16T12:40:16+00:00\",\"dateModified\":\"2024-07-05T08:48:45+00:00\",\"description\":\"\u00c9crivez au pr\u00e9sident - Presidente e Republik\u00ebs s\u00eb Kosov\u00ebs -\",\"breadcrumb\":{\"@id\":\"https:\/\/president-ksgov.net\/fr\/ecrivez-au-president\/#breadcrumb\"},\"inLanguage\":\"fr-FR\",\"potentialAction\":[{\"@type\":\"ReadAction\",\"target\":[\"https:\/\/president-ksgov.net\/fr\/ecrivez-au-president\/\"]}]},{\"@type\":\"ImageObject\",\"inLanguage\":\"fr-FR\",\"@id\":\"https:\/\/president-ksgov.net\/fr\/ecrivez-au-president\/#primaryimage\",\"url\":\"https:\/\/president-ksgov.net\/wp-content\/uploads\/Zyra-e-Presidentes-Featured-Image1-e1678970937938.png\",\"contentUrl\":\"https:\/\/president-ksgov.net\/wp-content\/uploads\/Zyra-e-Presidentes-Featured-Image1-e1678970937938.png\",\"width\":1024,\"height\":716},{\"@type\":\"BreadcrumbList\",\"@id\":\"https:\/\/president-ksgov.net\/fr\/ecrivez-au-president\/#breadcrumb\",\"itemListElement\":[{\"@type\":\"ListItem\",\"position\":1,\"name\":\"Home\",\"item\":\"https:\/\/president-ksgov.net\/fr\/\"},{\"@type\":\"ListItem\",\"position\":2,\"name\":\"\u00c9crivez au pr\u00e9sident\"}]},{\"@type\":\"WebSite\",\"@id\":\"https:\/\/president-ksgov.net\/#website\",\"url\":\"https:\/\/president-ksgov.net\/\",\"name\":\"Presidente e Republik\u00ebs s\u00eb Kosov\u00ebs\",\"description\":\"Presidente e Republik\u00ebs s\u00eb Kosov\u00ebs\",\"alternateName\":\"DR. VJOSA OSMANI - SADRIU\",\"potentialAction\":[{\"@type\":\"SearchAction\",\"target\":{\"@type\":\"EntryPoint\",\"urlTemplate\":\"https:\/\/president-ksgov.net\/?s={search_term_string}\"},\"query-input\":{\"@type\":\"PropertyValueSpecification\",\"valueRequired\":true,\"valueName\":\"search_term_string\"}}],\"inLanguage\":\"fr-FR\"}]}<\/script>\n<!-- \/ Yoast SEO plugin. -->","yoast_head_json":{"title":"\u00c9crivez au pr\u00e9sident - Presidente e Republik\u00ebs s\u00eb Kosov\u00ebs","description":"\u00c9crivez au pr\u00e9sident - Presidente e Republik\u00ebs s\u00eb Kosov\u00ebs -","robots":{"index":"index","follow":"follow","max-snippet":"max-snippet:-1","max-image-preview":"max-image-preview:large","max-video-preview":"max-video-preview:-1"},"canonical":"https:\/\/president-ksgov.net\/fr\/ecrivez-au-president\/","og_locale":"fr_FR","og_type":"article","og_title":"\u00c9crivez au pr\u00e9sident - Presidente e Republik\u00ebs s\u00eb Kosov\u00ebs","og_description":"\u00c9crivez au pr\u00e9sident - Presidente e Republik\u00ebs s\u00eb Kosov\u00ebs -","og_url":"https:\/\/president-ksgov.net\/fr\/ecrivez-au-president\/","og_site_name":"Presidente e Republik\u00ebs s\u00eb Kosov\u00ebs","article_modified_time":"2024-07-05T08:48:45+00:00","og_image":[{"width":1024,"height":716,"url":"https:\/\/president-ksgov.net\/wp-content\/uploads\/Zyra-e-Presidentes-Featured-Image1-e1678970937938.png","type":"image\/png"}],"twitter_card":"summary_large_image","schema":{"@context":"https:\/\/schema.org","@graph":[{"@type":"WebPage","@id":"https:\/\/president-ksgov.net\/fr\/ecrivez-au-president\/","url":"https:\/\/president-ksgov.net\/fr\/ecrivez-au-president\/","name":"\u00c9crivez au pr\u00e9sident - Presidente e Republik\u00ebs s\u00eb Kosov\u00ebs","isPartOf":{"@id":"https:\/\/president-ksgov.net\/#website"},"primaryImageOfPage":{"@id":"https:\/\/president-ksgov.net\/fr\/ecrivez-au-president\/#primaryimage"},"image":{"@id":"https:\/\/president-ksgov.net\/fr\/ecrivez-au-president\/#primaryimage"},"thumbnailUrl":"https:\/\/president-ksgov.net\/wp-content\/uploads\/Zyra-e-Presidentes-Featured-Image1-e1678970937938.png","datePublished":"2023-03-16T12:40:16+00:00","dateModified":"2024-07-05T08:48:45+00:00","description":"\u00c9crivez au pr\u00e9sident - Presidente e Republik\u00ebs s\u00eb Kosov\u00ebs -","breadcrumb":{"@id":"https:\/\/president-ksgov.net\/fr\/ecrivez-au-president\/#breadcrumb"},"inLanguage":"fr-FR","potentialAction":[{"@type":"ReadAction","target":["https:\/\/president-ksgov.net\/fr\/ecrivez-au-president\/"]}]},{"@type":"ImageObject","inLanguage":"fr-FR","@id":"https:\/\/president-ksgov.net\/fr\/ecrivez-au-president\/#primaryimage","url":"https:\/\/president-ksgov.net\/wp-content\/uploads\/Zyra-e-Presidentes-Featured-Image1-e1678970937938.png","contentUrl":"https:\/\/president-ksgov.net\/wp-content\/uploads\/Zyra-e-Presidentes-Featured-Image1-e1678970937938.png","width":1024,"height":716},{"@type":"BreadcrumbList","@id":"https:\/\/president-ksgov.net\/fr\/ecrivez-au-president\/#breadcrumb","itemListElement":[{"@type":"ListItem","position":1,"name":"Home","item":"https:\/\/president-ksgov.net\/fr\/"},{"@type":"ListItem","position":2,"name":"\u00c9crivez au pr\u00e9sident"}]},{"@type":"WebSite","@id":"https:\/\/president-ksgov.net\/#website","url":"https:\/\/president-ksgov.net\/","name":"Presidente e Republik\u00ebs s\u00eb Kosov\u00ebs","description":"Presidente e Republik\u00ebs s\u00eb Kosov\u00ebs","alternateName":"DR. VJOSA OSMANI - SADRIU","potentialAction":[{"@type":"SearchAction","target":{"@type":"EntryPoint","urlTemplate":"https:\/\/president-ksgov.net\/?s={search_term_string}"},"query-input":{"@type":"PropertyValueSpecification","valueRequired":true,"valueName":"search_term_string"}}],"inLanguage":"fr-FR"}]}},"_links":{"self":[{"href":"https:\/\/president-ksgov.net\/fr\/wp-json\/wp\/v2\/pages\/138318","targetHints":{"allow":["GET"]}}],"collection":[{"href":"https:\/\/president-ksgov.net\/fr\/wp-json\/wp\/v2\/pages"}],"about":[{"href":"https:\/\/president-ksgov.net\/fr\/wp-json\/wp\/v2\/types\/page"}],"author":[{"embeddable":true,"href":"https:\/\/president-ksgov.net\/fr\/wp-json\/wp\/v2\/users\/11"}],"replies":[{"embeddable":true,"href":"https:\/\/president-ksgov.net\/fr\/wp-json\/wp\/v2\/comments?post=138318"}],"version-history":[{"count":1,"href":"https:\/\/president-ksgov.net\/fr\/wp-json\/wp\/v2\/pages\/138318\/revisions"}],"predecessor-version":[{"id":138319,"href":"https:\/\/president-ksgov.net\/fr\/wp-json\/wp\/v2\/pages\/138318\/revisions\/138319"}],"wp:featuredmedia":[{"embeddable":true,"href":"https:\/\/president-ksgov.net\/fr\/wp-json\/wp\/v2\/media\/86338"}],"wp:attachment":[{"href":"https:\/\/president-ksgov.net\/fr\/wp-json\/wp\/v2\/media?parent=138318"}],"curies":[{"name":"wp","href":"https:\/\/api.w.org\/{rel}","templated":true}]}}