{"id":137951,"date":"2023-01-29T19:27:17","date_gmt":"2023-01-29T18:27:17","guid":{"rendered":"https:\/\/president-ksgov.net\/signaux\/"},"modified":"2025-12-12T20:39:34","modified_gmt":"2025-12-12T19:39:34","slug":"signalement","status":"publish","type":"page","link":"https:\/\/president-ksgov.net\/fr\/signalement\/","title":{"rendered":"SIGNALEMENT"},"content":{"rendered":"\t\t<div data-elementor-type=\"wp-page\" data-elementor-id=\"137951\" class=\"elementor elementor-137951 elementor-1035\">\n\t\t\t\t\t\t<section class=\"elementor-section elementor-top-section elementor-element elementor-element-5a93a53 elementor-section-boxed elementor-section-height-default elementor-section-height-default wpr-particle-no wpr-jarallax-no wpr-parallax-no wpr-sticky-section-no\" data-id=\"5a93a53\" data-element_type=\"section\">\n\t\t\t\t\t\t<div class=\"elementor-container elementor-column-gap-default\">\n\t\t\t\t\t<div class=\"elementor-column elementor-col-100 elementor-top-column elementor-element elementor-element-f15cc13\" data-id=\"f15cc13\" data-element_type=\"column\">\n\t\t\t<div class=\"elementor-widget-wrap elementor-element-populated\">\n\t\t\t\t\t\t<div class=\"elementor-element elementor-element-3bf20df elementor-widget elementor-widget-text-editor\" data-id=\"3bf20df\" data-element_type=\"widget\" data-widget_type=\"text-editor.default\">\n\t\t\t\t<div class=\"elementor-widget-container\">\n\t\t\t\t\t\t\t<p><em>Responsable du signalement :<\/em><\/p><p><em>Alban Halili \u2013 Chef de la Division des d\u00e9corations, des gr\u00e2ces et de la nationalit\u00e9<\/em><\/p><p><em>Bureau de la Pr\u00e9sidente de la R\u00e9publique du Kosovo<\/em><\/p><p>Courriel\u00a0: <a href=\"mailto:sinjalizimi.zprk@president-ksgov.net\"><u>signalizimi.zprk@president-ksgov.net<\/u><\/a><\/p>\t\t\t\t\t\t<\/div>\n\t\t\t\t<\/div>\n\t\t\t\t\t<\/div>\n\t\t<\/div>\n\t\t\t\t\t<\/div>\n\t\t<\/section>\n\t\t\t\t<section class=\"elementor-section elementor-top-section elementor-element elementor-element-5745721 legjislacioni elementor-section-boxed elementor-section-height-default elementor-section-height-default wpr-particle-no wpr-jarallax-no wpr-parallax-no wpr-sticky-section-no\" data-id=\"5745721\" data-element_type=\"section\">\n\t\t\t\t\t\t<div class=\"elementor-container elementor-column-gap-default\">\n\t\t\t\t\t<div class=\"elementor-column elementor-col-100 elementor-top-column elementor-element elementor-element-fa5ec02\" data-id=\"fa5ec02\" data-element_type=\"column\">\n\t\t\t<div class=\"elementor-widget-wrap elementor-element-populated\">\n\t\t\t\t\t\t<div class=\"elementor-element elementor-element-c6b2f2d elementor-widget elementor-widget-eael-adv-accordion\" data-id=\"c6b2f2d\" data-element_type=\"widget\" data-widget_type=\"eael-adv-accordion.default\">\n\t\t\t\t<div class=\"elementor-widget-container\">\n\t\t\t        <div class=\"eael-adv-accordion\" id=\"eael-adv-accordion-c6b2f2d\" data-scroll-on-click=\"no\" data-scroll-speed=\"300\" data-accordion-id=\"c6b2f2d\" data-accordion-type=\"accordion\" data-toogle-speed=\"300\">\n    <div class=\"eael-accordion-list\">\n                <div id=\"documents\" class=\"elementor-tab-title eael-accordion-header\" tabindex=\"0\" data-tab=\"1\" aria-controls=\"elementor-tab-content-2081\"><span class=\"eael-advanced-accordion-icon-closed\"><i aria-hidden=\"true\" class=\"fa-accordion-icon far fa-file\"><\/i><\/span><span class=\"eael-advanced-accordion-icon-opened\"><i aria-hidden=\"true\" class=\"fa-accordion-icon far fa-file-alt\"><\/i><\/span><span class=\"eael-accordion-tab-title\">documents<\/span><i aria-hidden=\"true\" class=\"fa-toggle fas fa-angle-right\"><\/i><\/div><div id=\"elementor-tab-content-2081\" class=\"eael-accordion-content clearfix\" data-tab=\"1\" aria-labelledby=\"documents\"><ul><li><a href=\"https:\/\/president-ksgov.net\/wp-content\/uploads\/2023\/01\/2022_06_28_114427_LIGJI_NR_06_L-085_PER_MBROJTJEN_E_SINJALIZUESVE.pdf\"><em>L<\/em><em>oi n\u00b0 06\/L-085 sur la protection des lanceurs d\u2019alerte<\/em><\/a><\/li><li><a href=\"https:\/\/president-ksgov.net\/wp-content\/uploads\/2023\/01\/2022_06_28_114414_RREGULLOREQRK_Nr03_2021_PER_PERCAKTIMIN_E_PROCEDURESPER_PRANIMIN_DHE_TRAJTIMIN_E_RASTEVE_TE_SINJALIZIMIT.pdf\"><em>R<\/em><em>\u00e8glement (Gouvernement de la R\u00e9publique du Kosovo &#8211; GRK) n\u00b0 03\/2021 d\u00e9finissant la proc\u00e9dure de r\u00e9ception et de traitement des cas de signalement<\/em><\/a><\/li><li><a href=\"https:\/\/president-ksgov.net\/wp-content\/uploads\/2023\/01\/2022_06_28_114352_UDHEZUES_PER_MBROJTJEN_E_SINJALIZUESVE.pdf\"><em>Guide pour la protection des lanceurs d\u2019alerte<\/em><\/a><\/li><li><a href=\"https:\/\/president-ksgov.net\/wp-content\/uploads\/2023\/01\/2022_06_28_114334_UDHEZUESI_NR_01-2022_PER_CESHTJE_JURIDIKE_NE_PRESIDENCE-_UDHEZUESI_PER_.pdf\"><em>Guide n\u00b0 01-2022 sur les questions juridiques \u00e0 la Pr\u00e9sidence \u2013 Guide pour la tenue et la mise \u00e0 jour du registre de r\u00e9ception et d\u2019enregistrement des signalements<\/em><\/a><\/li><\/ul><\/div>\n                <\/div><\/div>\t\t<\/div>\n\t\t\t\t<\/div>\n\t\t\t\t\t<\/div>\n\t\t<\/div>\n\t\t\t\t\t<\/div>\n\t\t<\/section>\n\t\t\t\t<\/div>\n\t\t","protected":false},"excerpt":{"rendered":"<p>Responsable du signalement : Alban Halili \u2013 Chef de la Division des d\u00e9corations, des gr\u00e2ces et de la nationalit\u00e9 Bureau de la Pr\u00e9sidente de la R\u00e9publique du Kosovo Courriel\u00a0: signalizimi.zprk@president-ksgov.net documents Loi n\u00b0 06\/L-085 sur la protection des lanceurs d\u2019alerte R\u00e8glement (Gouvernement de la R\u00e9publique du Kosovo \u2013 GRK) n\u00b0 03\/2021 d\u00e9finissant la proc\u00e9dure de r\u00e9ception et de traitement des cas de signalement Guide pour la protection des lanceurs d\u2019alerte Guide n\u00b0 01-2022 sur les questions juridiques \u00e0 la Pr\u00e9sidence \u2013 Guide pour la tenue et la mise \u00e0 jour du registre de r\u00e9ception et d\u2019enregistrement des signalements<\/p>\n","protected":false},"author":1,"featured_media":86338,"parent":0,"menu_order":0,"comment_status":"closed","ping_status":"closed","template":"","meta":{"_eb_attr":"","footnotes":""},"class_list":["post-137951","page","type-page","status-publish","has-post-thumbnail","hentry"],"yoast_head":"<!-- This site is optimized with the Yoast SEO plugin v23.5 - https:\/\/yoast.com\/wordpress\/plugins\/seo\/ -->\n<title>SIGNALEMENT - Presidente e Republik\u00ebs s\u00eb Kosov\u00ebs<\/title>\n<meta name=\"description\" content=\"SIGNALEMENT - Presidente e Republik\u00ebs s\u00eb Kosov\u00ebs -\" \/>\n<meta name=\"robots\" content=\"index, follow, max-snippet:-1, max-image-preview:large, max-video-preview:-1\" \/>\n<link rel=\"canonical\" href=\"https:\/\/president-ksgov.net\/fr\/signalement\/\" \/>\n<meta property=\"og:locale\" content=\"fr_FR\" \/>\n<meta property=\"og:type\" content=\"article\" \/>\n<meta property=\"og:title\" content=\"SIGNALEMENT - Presidente e Republik\u00ebs s\u00eb Kosov\u00ebs\" \/>\n<meta property=\"og:description\" content=\"SIGNALEMENT - Presidente e Republik\u00ebs s\u00eb Kosov\u00ebs -\" \/>\n<meta property=\"og:url\" content=\"https:\/\/president-ksgov.net\/fr\/signalement\/\" \/>\n<meta property=\"og:site_name\" content=\"Presidente e Republik\u00ebs s\u00eb Kosov\u00ebs\" \/>\n<meta property=\"article:modified_time\" content=\"2025-12-12T19:39:34+00:00\" \/>\n<meta name=\"twitter:card\" content=\"summary_large_image\" \/>\n<meta name=\"twitter:label1\" content=\"Dur\u00e9e de lecture estim\u00e9e\" \/>\n\t<meta name=\"twitter:data1\" content=\"1 minute\" \/>\n<script type=\"application\/ld+json\" class=\"yoast-schema-graph\">{\"@context\":\"https:\/\/schema.org\",\"@graph\":[{\"@type\":\"WebPage\",\"@id\":\"https:\/\/president-ksgov.net\/fr\/signalement\/\",\"url\":\"https:\/\/president-ksgov.net\/fr\/signalement\/\",\"name\":\"SIGNALEMENT - Presidente e Republik\u00ebs s\u00eb Kosov\u00ebs\",\"isPartOf\":{\"@id\":\"https:\/\/president-ksgov.net\/#website\"},\"primaryImageOfPage\":{\"@id\":\"https:\/\/president-ksgov.net\/fr\/signalement\/#primaryimage\"},\"image\":{\"@id\":\"https:\/\/president-ksgov.net\/fr\/signalement\/#primaryimage\"},\"thumbnailUrl\":\"https:\/\/president-ksgov.net\/wp-content\/uploads\/Zyra-e-Presidentes-Featured-Image1-e1678970937938.png\",\"datePublished\":\"2023-01-29T18:27:17+00:00\",\"dateModified\":\"2025-12-12T19:39:34+00:00\",\"description\":\"SIGNALEMENT - Presidente e Republik\u00ebs s\u00eb Kosov\u00ebs -\",\"breadcrumb\":{\"@id\":\"https:\/\/president-ksgov.net\/fr\/signalement\/#breadcrumb\"},\"inLanguage\":\"fr-FR\",\"potentialAction\":[{\"@type\":\"ReadAction\",\"target\":[\"https:\/\/president-ksgov.net\/fr\/signalement\/\"]}]},{\"@type\":\"ImageObject\",\"inLanguage\":\"fr-FR\",\"@id\":\"https:\/\/president-ksgov.net\/fr\/signalement\/#primaryimage\",\"url\":\"https:\/\/president-ksgov.net\/wp-content\/uploads\/Zyra-e-Presidentes-Featured-Image1-e1678970937938.png\",\"contentUrl\":\"https:\/\/president-ksgov.net\/wp-content\/uploads\/Zyra-e-Presidentes-Featured-Image1-e1678970937938.png\",\"width\":1024,\"height\":716},{\"@type\":\"BreadcrumbList\",\"@id\":\"https:\/\/president-ksgov.net\/fr\/signalement\/#breadcrumb\",\"itemListElement\":[{\"@type\":\"ListItem\",\"position\":1,\"name\":\"Home\",\"item\":\"https:\/\/president-ksgov.net\/fr\/\"},{\"@type\":\"ListItem\",\"position\":2,\"name\":\"SIGNALEMENT\"}]},{\"@type\":\"WebSite\",\"@id\":\"https:\/\/president-ksgov.net\/#website\",\"url\":\"https:\/\/president-ksgov.net\/\",\"name\":\"Presidente e Republik\u00ebs s\u00eb Kosov\u00ebs\",\"description\":\"Presidente e Republik\u00ebs s\u00eb Kosov\u00ebs\",\"alternateName\":\"DR. VJOSA OSMANI - SADRIU\",\"potentialAction\":[{\"@type\":\"SearchAction\",\"target\":{\"@type\":\"EntryPoint\",\"urlTemplate\":\"https:\/\/president-ksgov.net\/?s={search_term_string}\"},\"query-input\":{\"@type\":\"PropertyValueSpecification\",\"valueRequired\":true,\"valueName\":\"search_term_string\"}}],\"inLanguage\":\"fr-FR\"}]}<\/script>\n<!-- \/ Yoast SEO plugin. -->","yoast_head_json":{"title":"SIGNALEMENT - Presidente e Republik\u00ebs s\u00eb Kosov\u00ebs","description":"SIGNALEMENT - Presidente e Republik\u00ebs s\u00eb Kosov\u00ebs -","robots":{"index":"index","follow":"follow","max-snippet":"max-snippet:-1","max-image-preview":"max-image-preview:large","max-video-preview":"max-video-preview:-1"},"canonical":"https:\/\/president-ksgov.net\/fr\/signalement\/","og_locale":"fr_FR","og_type":"article","og_title":"SIGNALEMENT - Presidente e Republik\u00ebs s\u00eb Kosov\u00ebs","og_description":"SIGNALEMENT - Presidente e Republik\u00ebs s\u00eb Kosov\u00ebs -","og_url":"https:\/\/president-ksgov.net\/fr\/signalement\/","og_site_name":"Presidente e Republik\u00ebs s\u00eb Kosov\u00ebs","article_modified_time":"2025-12-12T19:39:34+00:00","twitter_card":"summary_large_image","twitter_misc":{"Dur\u00e9e de lecture estim\u00e9e":"1 minute"},"schema":{"@context":"https:\/\/schema.org","@graph":[{"@type":"WebPage","@id":"https:\/\/president-ksgov.net\/fr\/signalement\/","url":"https:\/\/president-ksgov.net\/fr\/signalement\/","name":"SIGNALEMENT - Presidente e Republik\u00ebs s\u00eb Kosov\u00ebs","isPartOf":{"@id":"https:\/\/president-ksgov.net\/#website"},"primaryImageOfPage":{"@id":"https:\/\/president-ksgov.net\/fr\/signalement\/#primaryimage"},"image":{"@id":"https:\/\/president-ksgov.net\/fr\/signalement\/#primaryimage"},"thumbnailUrl":"https:\/\/president-ksgov.net\/wp-content\/uploads\/Zyra-e-Presidentes-Featured-Image1-e1678970937938.png","datePublished":"2023-01-29T18:27:17+00:00","dateModified":"2025-12-12T19:39:34+00:00","description":"SIGNALEMENT - Presidente e Republik\u00ebs s\u00eb Kosov\u00ebs -","breadcrumb":{"@id":"https:\/\/president-ksgov.net\/fr\/signalement\/#breadcrumb"},"inLanguage":"fr-FR","potentialAction":[{"@type":"ReadAction","target":["https:\/\/president-ksgov.net\/fr\/signalement\/"]}]},{"@type":"ImageObject","inLanguage":"fr-FR","@id":"https:\/\/president-ksgov.net\/fr\/signalement\/#primaryimage","url":"https:\/\/president-ksgov.net\/wp-content\/uploads\/Zyra-e-Presidentes-Featured-Image1-e1678970937938.png","contentUrl":"https:\/\/president-ksgov.net\/wp-content\/uploads\/Zyra-e-Presidentes-Featured-Image1-e1678970937938.png","width":1024,"height":716},{"@type":"BreadcrumbList","@id":"https:\/\/president-ksgov.net\/fr\/signalement\/#breadcrumb","itemListElement":[{"@type":"ListItem","position":1,"name":"Home","item":"https:\/\/president-ksgov.net\/fr\/"},{"@type":"ListItem","position":2,"name":"SIGNALEMENT"}]},{"@type":"WebSite","@id":"https:\/\/president-ksgov.net\/#website","url":"https:\/\/president-ksgov.net\/","name":"Presidente e Republik\u00ebs s\u00eb Kosov\u00ebs","description":"Presidente e Republik\u00ebs s\u00eb Kosov\u00ebs","alternateName":"DR. VJOSA OSMANI - SADRIU","potentialAction":[{"@type":"SearchAction","target":{"@type":"EntryPoint","urlTemplate":"https:\/\/president-ksgov.net\/?s={search_term_string}"},"query-input":{"@type":"PropertyValueSpecification","valueRequired":true,"valueName":"search_term_string"}}],"inLanguage":"fr-FR"}]}},"_links":{"self":[{"href":"https:\/\/president-ksgov.net\/fr\/wp-json\/wp\/v2\/pages\/137951","targetHints":{"allow":["GET"]}}],"collection":[{"href":"https:\/\/president-ksgov.net\/fr\/wp-json\/wp\/v2\/pages"}],"about":[{"href":"https:\/\/president-ksgov.net\/fr\/wp-json\/wp\/v2\/types\/page"}],"author":[{"embeddable":true,"href":"https:\/\/president-ksgov.net\/fr\/wp-json\/wp\/v2\/users\/1"}],"replies":[{"embeddable":true,"href":"https:\/\/president-ksgov.net\/fr\/wp-json\/wp\/v2\/comments?post=137951"}],"version-history":[{"count":5,"href":"https:\/\/president-ksgov.net\/fr\/wp-json\/wp\/v2\/pages\/137951\/revisions"}],"predecessor-version":[{"id":177992,"href":"https:\/\/president-ksgov.net\/fr\/wp-json\/wp\/v2\/pages\/137951\/revisions\/177992"}],"wp:featuredmedia":[{"embeddable":true,"href":"https:\/\/president-ksgov.net\/fr\/wp-json\/wp\/v2\/media\/86338"}],"wp:attachment":[{"href":"https:\/\/president-ksgov.net\/fr\/wp-json\/wp\/v2\/media?parent=137951"}],"curies":[{"name":"wp","href":"https:\/\/api.w.org\/{rel}","templated":true}]}}