{"id":137937,"date":"2023-01-26T21:09:33","date_gmt":"2023-01-26T20:09:33","guid":{"rendered":"https:\/\/president-ksgov.net\/legislation\/"},"modified":"2025-12-11T10:16:48","modified_gmt":"2025-12-11T09:16:48","slug":"legislation","status":"publish","type":"page","link":"https:\/\/president-ksgov.net\/fr\/legislation\/","title":{"rendered":"L\u00e9gislation"},"content":{"rendered":"\t\t<div data-elementor-type=\"wp-page\" data-elementor-id=\"137937\" class=\"elementor elementor-137937 elementor-749\">\n\t\t\t\t\t\t<section class=\"elementor-section elementor-top-section elementor-element elementor-element-9f62059 legjislacioni elementor-section-boxed elementor-section-height-default elementor-section-height-default wpr-particle-no wpr-jarallax-no wpr-parallax-no wpr-sticky-section-no\" data-id=\"9f62059\" data-element_type=\"section\">\n\t\t\t\t\t\t<div class=\"elementor-container elementor-column-gap-default\">\n\t\t\t\t\t<div class=\"elementor-column elementor-col-100 elementor-top-column elementor-element elementor-element-38c6e92\" data-id=\"38c6e92\" data-element_type=\"column\">\n\t\t\t<div class=\"elementor-widget-wrap elementor-element-populated\">\n\t\t\t\t\t\t<div class=\"elementor-element elementor-element-9cd9aec elementor-widget elementor-widget-eael-adv-accordion\" data-id=\"9cd9aec\" data-element_type=\"widget\" data-widget_type=\"eael-adv-accordion.default\">\n\t\t\t\t<div class=\"elementor-widget-container\">\n\t\t\t        <div class=\"eael-adv-accordion\" id=\"eael-adv-accordion-9cd9aec\" data-scroll-on-click=\"no\" data-scroll-speed=\"300\" data-accordion-id=\"9cd9aec\" data-accordion-type=\"accordion\" data-toogle-speed=\"300\">\n    <div class=\"eael-accordion-list\">\n                <div id=\"lgislation-primaire\" class=\"elementor-tab-title eael-accordion-header\" tabindex=\"0\" data-tab=\"1\" aria-controls=\"elementor-tab-content-1641\"><span class=\"eael-advanced-accordion-icon-closed\"><i aria-hidden=\"true\" class=\"fa-accordion-icon far fa-file\"><\/i><\/span><span class=\"eael-advanced-accordion-icon-opened\"><i aria-hidden=\"true\" class=\"fa-accordion-icon far fa-file-alt\"><\/i><\/span><span class=\"eael-accordion-tab-title\">L\u00e9gislation primaire<\/span><i aria-hidden=\"true\" class=\"fa-toggle fas fa-angle-right\"><\/i><\/div><div id=\"elementor-tab-content-1641\" class=\"eael-accordion-content clearfix\" data-tab=\"1\" aria-labelledby=\"lgislation-primaire\"><ul><li><a href=\"https:\/\/president-ksgov.net\/wp-content\/uploads\/2023\/01\/1_LIGJI_Nr__03L_094_P_R_PRESIDENTIN_E_REPUBLIK_S_S__KOSOV_S.pdf\"><em>LOI n\u00b0 03\/L-094 SUR LE PR\u00c9SIDENT DE LA R\u00c9PUBLIQUE DU KOSOV<\/em><\/a>O<\/li><li><a href=\"https:\/\/president-ksgov.net\/wp-content\/uploads\/2023\/01\/2018_06_12_114751_LIGJI_NR_06_L-004___PER_NDRYSHIMIN_DHE_PLOTESIMIN_E_LIGJIT_Nr_03_L-094_PER_PRESIDENTIN_E_REPUBLIKES_SE_KOSOVES.pdf\"><em>LOI n\u00b0 06\/L-004 MODIFIANT ET COMPL\u00c9TANT LA LOI n\u00b0 03\/L-094 SUR LE PR\u00c9SIDENT DE LA R\u00c9PUBLIQUE DU KOSOVO<\/em><\/a><\/li><li><a href=\"https:\/\/president-ksgov.net\/wp-content\/uploads\/2023\/01\/2018_06_12_114751_LIGJI_NR_06_L-004___PER_NDRYSHIMIN_DHE_PLOTESIMIN_E_LIGJIT_Nr_03_L-094_PER_PRESIDENTIN_E_REPUBLIKES_SE_KOSOVES.pdf\"><em>LOI n\u00b0 03\/L-101 LOI SUR LA GR\u00c2CE<\/em><\/a><\/li><li><a href=\"https:\/\/president-ksgov.net\/wp-content\/uploads\/2023\/01\/1__LIGJI_Nr__04L_070_P_R_DH_NIEN_E_DEKORATAVE_NGA_PRESIDENTI.pdf\"><em>LOI n\u00b0 04\/L-070 SUR L\u2019ATTRIBUTION DES D\u00c9CORATIONS PAR LE PR\u00c9SIDENT DE LA R\u00c9PUBLIQUE DU KOSOVO<\/em><\/a><\/li><li><a href=\"https:\/\/president-ksgov.net\/wp-content\/uploads\/2023\/01\/1_LIGJI_Nr__04L_052_P_R_MARR_VESHJET_ND_RKOMB_TARE.pdf\"><em>LOI n\u00b0 04\/L-052 SUR LES ACCORDS INTERNATIONAUX<\/em><\/a><\/li><\/ul><\/div>\n                <\/div><div class=\"eael-accordion-list\">\n                <div id=\"lgislation-secondaire\" class=\"elementor-tab-title eael-accordion-header\" tabindex=\"0\" data-tab=\"2\" aria-controls=\"elementor-tab-content-1642\"><span class=\"eael-advanced-accordion-icon-closed\"><i aria-hidden=\"true\" class=\"fa-accordion-icon far fa-file\"><\/i><\/span><span class=\"eael-advanced-accordion-icon-opened\"><i aria-hidden=\"true\" class=\"fa-accordion-icon far fa-file-alt\"><\/i><\/span><span class=\"eael-accordion-tab-title\">L\u00e9gislation secondaire<\/span><i aria-hidden=\"true\" class=\"fa-toggle fas fa-angle-right\"><\/i><\/div><div id=\"elementor-tab-content-1642\" class=\"eael-accordion-content clearfix\" data-tab=\"2\" aria-labelledby=\"lgislation-secondaire\"><p><strong>Actes du Pr\u00e9sident<\/strong><\/p><ul><li><a href=\"https:\/\/president-ksgov.net\/wp-content\/uploads\/80-011-SQ-Rregullore-P-Nr.-01-2025-per-Procesin-e-Rekrutimit-te-Sekretare.pdf\"><em>R\u00c8GLEMENT (P) N\u00b0 01\/2025 SUR LE PROCESSUS DE RECRUTEMENT DU SECR\u00c9TAIRE GENERAL<\/em><\/a><em>\u00a0<\/em><\/li><li><a href=\"https:\/\/president-ksgov.net\/wp-content\/uploads\/2023\/01\/RREGULLORJA-02-2022-PER-ORGANIZIMIN-E-PRESIDENCES.pdf\"><em>R\u00c8GLEMENT (P) N\u00b0 02\/2022 SUR L\u2019ORGANISATION ET LE FONCTIONNEMENT DE LA PR\u00c9SIDENCE<\/em><\/a><\/li><li><a href=\"https:\/\/president-ksgov.net\/wp-content\/uploads\/2023\/02\/2021_04_02_163004_RREGULLORJA_01_2021.pdf\"><em>R\u00c8GLEMENT (P) N\u00b0 01\/2021 SUR LES PROC\u00c9DURES DE PRISE DE FONCTIONS DU PR\u00c9SIDENT DE LA R\u00c9PUBLIQUE DU KOSOVO<\/em><\/a><\/li><li><a href=\"https:\/\/president-ksgov.net\/wp-content\/uploads\/2023\/02\/2019_07_01_112843_RREGULLORE_PER_CEREMONINE_E_BETIMIT_TE_PROKUROREVE.pdf\"><em>R\u00c8GLEMENT (P) N\u00b0 02\/2019 SUR LA C\u00c9R\u00c9MONIE DE SERMENT DES PROCUREURS<\/em><\/a><\/li><li><a href=\"https:\/\/president-ksgov.net\/wp-content\/uploads\/2023\/02\/2019_07_01_095459_RREGULLORE_PER_CEREMONINE_E_BETIMIT_TE_GJYQTAREVE.pdf\"><em>R\u00c8GLEMENT (P) N\u00b0 01\/2019 SUR LA C\u00c9R\u00c9MONIE DE SERMENT DES JUGES<\/em><\/a><\/li><li><a href=\"https:\/\/president-ksgov.net\/wp-content\/uploads\/2023\/02\/2018_04_27_101821_RREGULLORE_PER_TITULLIN_AMBASADOR_I_VULLNETIT_TE_MIRE.pdf\"><em>R\u00c8GLEMENT (P) N\u00b0 02\/2018 SUR LE TITRE : AMBASSADEUR DE BONNE VOLONT\u00c9<\/em><\/a><\/li><li><a href=\"https:\/\/president-ksgov.net\/wp-content\/uploads\/2023\/02\/2018_04_20_081856_RREGULLORE_PER_PROCESIN_E_PROPOZIMIT_TE_EMERIMIT_T_TE_AUDITORIT_TE_PERGJITHSHEM.pdf\"><em>R\u00c8GLEMENT (P) N\u00b0 01\/2018 SUR LE PROCESSUS DE PROPOSITION DE NOMINATION DE L\u2019AUDITEUR G\u00c9N\u00c9RAL DE LA R\u00c9PUBLIQUE DU KOSOVO<\/em><\/a><\/li><li><a href=\"https:\/\/president-ksgov.net\/wp-content\/uploads\/2023\/02\/2017_12_26_154643_STATUTI_I_KESHILLIT_KONSULTATIV_PER_KOMUNITETE.pdf\"><em>STATUT DU CONSEIL CONSULTATIF POUR LES COMMUNAUT\u00c9S<\/em><\/a><\/li><li><a href=\"https:\/\/president-ksgov.net\/wp-content\/uploads\/2023\/02\/2017_11_16_153008_RREGULLORE_PER_FALJEN_E_PERSONAVE_TE_DENUAR.pdf\"><em>R\u00c8GLEMENT (P) N\u00b0 02\/2017 SUR LES CRIT\u00c8RES ET PROC\u00c9DURES DE GR\u00c2CE DES PERSONNES CONDAMN\u00c9ES<\/em><\/a><\/li><li><a href=\"https:\/\/president-ksgov.net\/wp-content\/uploads\/2023\/02\/2017_05_25_164223_1_RREGULLORE_PER_PROCEDUREN_E_DHENIES_SE_SHTETESISE_NGA_PRESIDENTI.pdf\"><em>R\u00c8GLEMENT (P) N\u00b0 01\/2017 SUR LA PROC\u00c9DURE D\u2019ATTRIBUTION DE LA NATIONALIT\u00c9 PAR LE PR\u00c9SIDENT POUR SERVICES RENDUS A LA R\u00c9PUBLIQUE DU KOSOVO<\/em><\/a><\/li><li><a href=\"https:\/\/president-ksgov.net\/wp-content\/uploads\/2023\/02\/1__RREGULLORE_PER_KOMISIONIN_VLERESUE_PER_DHENIEN_E_DEKORATAVE.pdf\"><em>R\u00c8GLEMENT (P) N\u00b0 05\/2016 SUR LE TRAVAIL DE LA COMMISSION D\u2019\u00c9VALUATION DES D\u00c9CORATIONS \u2013 Pristina<\/em><\/a><\/li><li><a href=\"https:\/\/president-ksgov.net\/wp-content\/uploads\/2023\/02\/2020_08_13_111150_1__RREGULLORE_P_R_LLOJET_E_DEKORATAVE_DHE_PROCEDURAT_P_R_DH_NIEN_DHE_REVOKIMIN_E_TYRE_.pdf\"><em>R\u00c8GLEMENT (P) N\u00b0 04\/2016 SUR LES TYPES DE D\u00c9CORATIONS ET LES PROC\u00c9DURES D\u2019ATTRIBUTION ET DE R\u00c9VOCATION DE CELLES-CI<\/em><\/a><\/li><li><a href=\"https:\/\/president-ksgov.net\/wp-content\/uploads\/2023\/02\/2017_08_03_101118_RREGULLORE_P_NR032016_PER_PROCEDUREN_E_DHENIES_SE_AUTORIZIMEVE_NGA_PRESIDENTI_PER_LIDHJEN_E_MARREVESHJEVE_NDERKOMBETARE.pdf\"><em>R\u00c8GLEMENT (P) N\u00b0 03\/2016 SUR LA PROC\u00c9DURE D\u2019ATTRIBUTION DES AUTORISATIONS PAR LE PR\u00c9SIDENT POUR LA CONCLUSION DES ACCORDS INTERNATIONAUX AINSI QUE SUR LA PROC\u00c9DURE DE RATIFICATION DES ACCORDS INTERNATIONAUX PAR LE PR\u00c9SIDENT<\/em><\/a><\/li><\/ul><p><em>\u00a0<\/em><strong>Actes du Secr\u00e9taire g\u00e9n\u00e9ral du Bureau du Pr\u00e9sident (SBP)<\/strong><\/p><ul><li><a href=\"https:\/\/president-ksgov.net\/wp-content\/uploads\/UA-02-2024-PER-PROCESIN-E-REKRUTIMIT.pdf\"><em>DIRECTIVE ADMINISTRATIVE (SBP) N\u00b0 02\/2024 SUR LE PROCESSUS DE RECRUTEMENT DES FONCTIONNAIRES CIVILS \u00c0 LA PR\u00c9SIDENCE<\/em><\/a><\/li><li><a href=\"https:\/\/president-ksgov.net\/wp-content\/uploads\/UA-03-2024-PER-KLASIFIKIMIN-E-POZITAVE.pdf\"><em>DIRECTIVE ADMINISTRATIVE (SBP) N\u00b0 03\/2024 SUR LE CLASSEMENT DES POSTES DANS LE SERVICE CIVIL \u00c0 LA PR\u00c9SIDENCE <\/em><\/a><\/li><li><a href=\"https:\/\/president-ksgov.net\/wp-content\/uploads\/UA-04-2024-PER-KOMISIONIN-DISIPLINOR-NE-PRESIDENCE.pdf\"><em>DIRECTIVE ADMINISTRATIVE (SBP) N\u00b0 04\/2024 SUR LA COMMISSION DISCIPLINAIRE \u00c0 LA PR\u00c9SIDENCE <\/em><\/a><\/li><li><a href=\"https:\/\/president-ksgov.net\/wp-content\/uploads\/UA-05-2024-PER-TRANSFERIMIN-E-NEPUNESVE-CIVILE.pdf\"><em>DIRECTIVE ADMINISTRATIVE (SBP) N\u00b0 05\/2024 SUR LE TRANSFERT DES FONCTIONNAIRES CIVILS <\/em><\/a><\/li><li><a href=\"https:\/\/president-ksgov.net\/wp-content\/uploads\/UA-01-2025-PER-VLERESIMIN-E-REZULTATEVE-NE-PUNE.pdf\"><em>DIRECTIVE ADMINISTRATIVE (SBP) N\u00b0 01\/2025 SUR L\u2019\u00c9VALUATION DES R\u00c9SULTATS AU TRAVAIL DES FONCTIONNAIRES CIVILS \u00c0 LA PR\u00c9SIDENCE<\/em><\/a><\/li><\/ul><p><strong>DEMANDE DE STAGE<\/strong><\/p><ul><li><a href=\"https:\/\/president-ksgov.net\/wp-content\/uploads\/UA-01-2022-SHQ.pdf\"><em>UA 01 2022 POUR LES STAGIAIRES \u00c0 LA PR\u00c9SIDENCE <\/em><\/a><\/li><li><a href=\"https:\/\/president-ksgov.net\/wp-content\/uploads\/2021_08_31_121802_UA_04_2021_PER_NDARJEN_E_SUBVENCIONEVE_NE_PRESIDENCE.pdf\"><em>DIRECTIVE ADMINISTRATIVE (SBP) N\u00b0 04\/2021 SUR LA DISTRIBUTION DES SUBVENTIONS \u00c0 LA PR\u00c9SIDENCE<\/em><\/a><\/li><li><a href=\"https:\/\/president-ksgov.net\/wp-content\/uploads\/2023\/02\/2021_07_28_170313_UDHEZIM_ADMINISTRATIV_SZP_NR_032021.pdf\"><em>DIRECTIVE ADMINISTRATIVE (SBP) N\u00b0 03\/2021 SUR LES CARTES D\u2019IDENTIT\u00c9 \u00c0 LA PR\u00c9SIDENCE<\/em><\/a><\/li><li><a href=\"https:\/\/president-ksgov.net\/wp-content\/uploads\/2023\/02\/2021_07_28_135122_UDHEZIM_ADMINISTRATIV_SZP_NR_02_2021.pdf\"><em>DIRECTIVE ADMINISTRATIVE (SBP) N\u00b0 02\/2021 SUR L\u2019ACCREDITATION DES REPR\u00c9SENTANTS DES M\u00c9DIAS \u00c0 LA PR\u00c9SIDENCE<\/em><\/a><\/li><li><a href=\"https:\/\/president-ksgov.net\/wp-content\/uploads\/2023\/02\/2021_07_28_134110_UDHEZIM_ADMINISTRATIV_SZP_NR_01_2021.pdf\"><em>DIRECTIVE ADMINISTRATIVE (SBP) N\u00b0 01\/2021 SUR LA R\u00c9ALISATION DES VISITES ORGANIS\u00c9ES \u00c0 LA PR\u00c9SIDENCE<\/em><\/a><\/li><li><a href=\"https:\/\/president-ksgov.net\/wp-content\/uploads\/2023\/02\/2019_08_26_131135_UDHEZIM_ADMINISTRATIV_SZP_NR_02-2019__PER_UDHETIMET_ZYRTARE_TE_PRESIDENTIT.pdf\"><em>DIRECTIVE ADMINISTRATIVE (SBP) N\u00b0 02\/2019 SUR LES VOYAGES OFFICIELS DU PR\u00c9SIDENT<\/em><\/a><\/li><li><a href=\"https:\/\/president-ksgov.net\/wp-content\/uploads\/2023\/02\/2019_10_07_113229_UDHEZIM_ADMINISTRATIV_SZP_NR_012019__032019.pdf\"><em>DIRECTIVE ADMINISTRATIVE (SBP) N\u00b0 01\/2019 SUR LES ACTIONS ENTREPRISES \u00c0 LA PR\u00c9SIDENCE POUR LES MISSIONS DE LA R\u00c9PUBLIQUE DU KOSOVO \u00c0 L\u2019\u00c9TRANGER<\/em><\/a><\/li><li><a href=\"https:\/\/president-ksgov.net\/wp-content\/uploads\/2023\/02\/2018_04_25_085054_UA_01_2018_PER_MENAXHIMIN_E_PASURISE_JO_FINANCIARE.pdf\">\u00a0<em>DIRECTIVE ADMINISTRATIVE (SBP) N\u00b0 01\/2018 SUR LA GESTION DES BIENS NON FINANCIERS \u00c0 LA PR\u00c9SIDENCE<\/em><\/a><\/li><li><a href=\"https:\/\/president-ksgov.net\/wp-content\/uploads\/2023\/02\/2022_11_14_080919_1770-1_statuti_i_komitetit_te_auditimit_ne_Presidence.pdf\"><em>STATUT DU COMIT\u00c9 D\u2019AUDIT INTERNE \u00c0 LA PR\u00c9SIDENCE<\/em><\/a><\/li><li><a href=\"https:\/\/president-ksgov.net\/wp-content\/uploads\/2023\/02\/2017_11_02_100628_UA_4_PER_CAKTIMIN_E_SHPENZIMEVE_TE_REPREZENTACIONIT.pdf\"><em>DIRECTIVE ADMINISTRATIVE (SBP) N\u00b0 04\/2017 SUR LA D\u00c9SIGNATION DES D\u00c9PENSES DE REPR\u00c9SENTATION \u00c0 LA PR\u00c9SIDENCE<\/em><\/a><\/li><li><a href=\"https:\/\/president-ksgov.net\/wp-content\/uploads\/2023\/02\/2017_08_02_143109_PER_SHERBIMET_JURIDIKE.pdf\"><em>DIRECTIVE ADMINISTRATIVE (SBP) N\u00b0 03\/2017 SUR LES SERVICES JURIDIQUES \u00c0 LA PR\u00c9SIDENCE<\/em><\/a><\/li><li><a href=\"https:\/\/president-ksgov.net\/wp-content\/uploads\/2023\/02\/2017_08_02_151100_Ueb_UA_02_2017_PER_PERDORIM_TE_TELEFONAVE.pdf\"><em>DIRECTIVE ADMINISTRATIVE (SBP) N\u00b0 02\/2017 SUR L\u2019UTILISATION DE LA T\u00c9L\u00c9PHONIE FIXE ET MOBILE \u00c0 LA PR\u00c9SIDENCE<\/em><\/a><\/li><\/ul><\/div>\n                <\/div><\/div>\t\t<\/div>\n\t\t\t\t<\/div>\n\t\t\t\t\t<\/div>\n\t\t<\/div>\n\t\t\t\t\t<\/div>\n\t\t<\/section>\n\t\t\t\t<\/div>\n\t\t","protected":false},"excerpt":{"rendered":"<p>L\u00e9gislation primaire LOI n\u00b0 03\/L-094 SUR LE PR\u00c9SIDENT DE LA R\u00c9PUBLIQUE DU KOSOVO LOI n\u00b0 06\/L-004 MODIFIANT ET COMPL\u00c9TANT LA LOI n\u00b0 03\/L-094 SUR LE PR\u00c9SIDENT DE LA R\u00c9PUBLIQUE DU KOSOVO LOI n\u00b0 03\/L-101 LOI SUR LA GR\u00c2CE LOI n\u00b0 04\/L-070 SUR L\u2019ATTRIBUTION DES D\u00c9CORATIONS PAR LE PR\u00c9SIDENT DE LA R\u00c9PUBLIQUE DU KOSOVO LOI n\u00b0 04\/L-052 SUR LES ACCORDS INTERNATIONAUX L\u00e9gislation secondaire Actes du Pr\u00e9sident R\u00c8GLEMENT (P) N\u00b0 01\/2025 SUR LE PROCESSUS DE RECRUTEMENT DU SECR\u00c9TAIRE GENERAL\u00a0 R\u00c8GLEMENT (P) N\u00b0 02\/2022 SUR L\u2019ORGANISATION ET LE FONCTIONNEMENT DE LA PR\u00c9SIDENCE R\u00c8GLEMENT (P) N\u00b0 01\/2021 SUR LES PROC\u00c9DURES DE PRISE DE FONCTIONS DU PR\u00c9SIDENT DE LA R\u00c9PUBLIQUE DU KOSOVO R\u00c8GLEMENT (P) N\u00b0 02\/2019 SUR LA C\u00c9R\u00c9MONIE DE SERMENT DES PROCUREURS R\u00c8GLEMENT (P) N\u00b0 01\/2019 SUR LA C\u00c9R\u00c9MONIE DE SERMENT DES JUGES R\u00c8GLEMENT (P) N\u00b0 02\/2018 SUR LE TITRE : AMBASSADEUR DE BONNE VOLONT\u00c9 R\u00c8GLEMENT (P) N\u00b0 01\/2018 SUR LE PROCESSUS DE PROPOSITION DE NOMINATION DE L\u2019AUDITEUR G\u00c9N\u00c9RAL DE LA R\u00c9PUBLIQUE DU KOSOVO STATUT DU CONSEIL CONSULTATIF POUR LES COMMUNAUT\u00c9S R\u00c8GLEMENT (P) N\u00b0 02\/2017 SUR LES CRIT\u00c8RES ET PROC\u00c9DURES DE GR\u00c2CE DES PERSONNES CONDAMN\u00c9ES R\u00c8GLEMENT (P) N\u00b0 01\/2017 SUR LA PROC\u00c9DURE D\u2019ATTRIBUTION DE LA NATIONALIT\u00c9 PAR LE PR\u00c9SIDENT POUR SERVICES RENDUS A LA R\u00c9PUBLIQUE DU KOSOVO R\u00c8GLEMENT (P) N\u00b0 05\/2016 SUR LE TRAVAIL DE LA COMMISSION D\u2019\u00c9VALUATION DES D\u00c9CORATIONS \u2013 Pristina R\u00c8GLEMENT (P) N\u00b0 04\/2016 SUR LES TYPES DE D\u00c9CORATIONS ET LES PROC\u00c9DURES D\u2019ATTRIBUTION ET DE R\u00c9VOCATION DE CELLES-CI R\u00c8GLEMENT (P) N\u00b0 03\/2016 SUR LA PROC\u00c9DURE D\u2019ATTRIBUTION DES AUTORISATIONS PAR LE PR\u00c9SIDENT POUR LA CONCLUSION DES ACCORDS INTERNATIONAUX AINSI QUE SUR LA PROC\u00c9DURE DE RATIFICATION DES ACCORDS INTERNATIONAUX PAR LE PR\u00c9SIDENT \u00a0Actes du Secr\u00e9taire g\u00e9n\u00e9ral du Bureau du Pr\u00e9sident (SBP) DIRECTIVE ADMINISTRATIVE (SBP) N\u00b0 02\/2024 SUR LE PROCESSUS DE RECRUTEMENT DES FONCTIONNAIRES CIVILS \u00c0 LA PR\u00c9SIDENCE DIRECTIVE ADMINISTRATIVE (SBP) N\u00b0 03\/2024 SUR LE CLASSEMENT DES POSTES DANS LE SERVICE CIVIL \u00c0 LA PR\u00c9SIDENCE DIRECTIVE ADMINISTRATIVE (SBP) N\u00b0 04\/2024 SUR LA COMMISSION DISCIPLINAIRE \u00c0 LA PR\u00c9SIDENCE DIRECTIVE ADMINISTRATIVE (SBP) N\u00b0 05\/2024 SUR LE TRANSFERT DES FONCTIONNAIRES CIVILS DIRECTIVE ADMINISTRATIVE (SBP) N\u00b0 01\/2025 SUR L\u2019\u00c9VALUATION DES R\u00c9SULTATS AU TRAVAIL DES FONCTIONNAIRES CIVILS \u00c0 LA PR\u00c9SIDENCE DEMANDE DE STAGE UA 01 2022 POUR LES STAGIAIRES \u00c0 LA PR\u00c9SIDENCE DIRECTIVE ADMINISTRATIVE (SBP) N\u00b0 04\/2021 SUR LA DISTRIBUTION DES SUBVENTIONS \u00c0 LA PR\u00c9SIDENCE DIRECTIVE ADMINISTRATIVE (SBP) N\u00b0 03\/2021 SUR LES CARTES D\u2019IDENTIT\u00c9 \u00c0 LA PR\u00c9SIDENCE DIRECTIVE ADMINISTRATIVE (SBP) N\u00b0 02\/2021 SUR L\u2019ACCREDITATION DES REPR\u00c9SENTANTS DES M\u00c9DIAS \u00c0 LA PR\u00c9SIDENCE DIRECTIVE ADMINISTRATIVE (SBP) N\u00b0 01\/2021 SUR LA R\u00c9ALISATION DES VISITES ORGANIS\u00c9ES \u00c0 LA PR\u00c9SIDENCE DIRECTIVE ADMINISTRATIVE (SBP) N\u00b0 02\/2019 SUR LES VOYAGES OFFICIELS DU PR\u00c9SIDENT DIRECTIVE ADMINISTRATIVE (SBP) N\u00b0 01\/2019 SUR LES ACTIONS ENTREPRISES \u00c0 LA PR\u00c9SIDENCE POUR LES MISSIONS DE LA R\u00c9PUBLIQUE DU KOSOVO \u00c0 L\u2019\u00c9TRANGER \u00a0DIRECTIVE ADMINISTRATIVE (SBP) N\u00b0 01\/2018 SUR LA GESTION DES BIENS NON FINANCIERS \u00c0 LA PR\u00c9SIDENCE STATUT DU COMIT\u00c9 D\u2019AUDIT INTERNE \u00c0 LA PR\u00c9SIDENCE DIRECTIVE ADMINISTRATIVE (SBP) N\u00b0 04\/2017 SUR LA D\u00c9SIGNATION DES D\u00c9PENSES DE REPR\u00c9SENTATION \u00c0 LA PR\u00c9SIDENCE DIRECTIVE ADMINISTRATIVE (SBP) N\u00b0 03\/2017 SUR LES SERVICES JURIDIQUES \u00c0 LA PR\u00c9SIDENCE DIRECTIVE ADMINISTRATIVE (SBP) N\u00b0 02\/2017 SUR L\u2019UTILISATION DE LA T\u00c9L\u00c9PHONIE FIXE ET MOBILE \u00c0 LA PR\u00c9SIDENCE<\/p>\n","protected":false},"author":1,"featured_media":86338,"parent":0,"menu_order":0,"comment_status":"closed","ping_status":"closed","template":"","meta":{"_eb_attr":"","footnotes":""},"class_list":["post-137937","page","type-page","status-publish","has-post-thumbnail","hentry"],"yoast_head":"<!-- This site is optimized with the Yoast SEO plugin v23.5 - https:\/\/yoast.com\/wordpress\/plugins\/seo\/ -->\n<title>L\u00e9gislation - Presidente e Republik\u00ebs s\u00eb Kosov\u00ebs<\/title>\n<meta name=\"description\" content=\"L\u00e9gislation - Presidente e Republik\u00ebs s\u00eb Kosov\u00ebs -\" \/>\n<meta name=\"robots\" content=\"index, follow, max-snippet:-1, max-image-preview:large, max-video-preview:-1\" \/>\n<link rel=\"canonical\" href=\"https:\/\/president-ksgov.net\/fr\/legislation\/\" \/>\n<meta property=\"og:locale\" content=\"fr_FR\" \/>\n<meta property=\"og:type\" content=\"article\" \/>\n<meta property=\"og:title\" content=\"L\u00e9gislation - Presidente e Republik\u00ebs s\u00eb Kosov\u00ebs\" \/>\n<meta property=\"og:description\" content=\"L\u00e9gislation - Presidente e Republik\u00ebs s\u00eb Kosov\u00ebs -\" \/>\n<meta property=\"og:url\" content=\"https:\/\/president-ksgov.net\/fr\/legislation\/\" \/>\n<meta property=\"og:site_name\" content=\"Presidente e Republik\u00ebs s\u00eb Kosov\u00ebs\" \/>\n<meta property=\"article:modified_time\" content=\"2025-12-11T09:16:48+00:00\" \/>\n<meta property=\"og:image\" content=\"https:\/\/president-ksgov.net\/wp-content\/uploads\/Zyra-e-Presidentes-Featured-Image1-e1678970937938.png\" \/>\n\t<meta property=\"og:image:width\" content=\"1024\" \/>\n\t<meta property=\"og:image:height\" content=\"716\" \/>\n\t<meta property=\"og:image:type\" content=\"image\/png\" \/>\n<meta name=\"twitter:card\" content=\"summary_large_image\" \/>\n<meta name=\"twitter:label1\" content=\"Dur\u00e9e de lecture estim\u00e9e\" \/>\n\t<meta name=\"twitter:data1\" content=\"3 minutes\" \/>\n<script type=\"application\/ld+json\" class=\"yoast-schema-graph\">{\"@context\":\"https:\/\/schema.org\",\"@graph\":[{\"@type\":\"WebPage\",\"@id\":\"https:\/\/president-ksgov.net\/fr\/legislation\/\",\"url\":\"https:\/\/president-ksgov.net\/fr\/legislation\/\",\"name\":\"L\u00e9gislation - Presidente e Republik\u00ebs s\u00eb Kosov\u00ebs\",\"isPartOf\":{\"@id\":\"https:\/\/president-ksgov.net\/#website\"},\"primaryImageOfPage\":{\"@id\":\"https:\/\/president-ksgov.net\/fr\/legislation\/#primaryimage\"},\"image\":{\"@id\":\"https:\/\/president-ksgov.net\/fr\/legislation\/#primaryimage\"},\"thumbnailUrl\":\"https:\/\/president-ksgov.net\/wp-content\/uploads\/Zyra-e-Presidentes-Featured-Image1-e1678970937938.png\",\"datePublished\":\"2023-01-26T20:09:33+00:00\",\"dateModified\":\"2025-12-11T09:16:48+00:00\",\"description\":\"L\u00e9gislation - Presidente e Republik\u00ebs s\u00eb Kosov\u00ebs -\",\"breadcrumb\":{\"@id\":\"https:\/\/president-ksgov.net\/fr\/legislation\/#breadcrumb\"},\"inLanguage\":\"fr-FR\",\"potentialAction\":[{\"@type\":\"ReadAction\",\"target\":[\"https:\/\/president-ksgov.net\/fr\/legislation\/\"]}]},{\"@type\":\"ImageObject\",\"inLanguage\":\"fr-FR\",\"@id\":\"https:\/\/president-ksgov.net\/fr\/legislation\/#primaryimage\",\"url\":\"https:\/\/president-ksgov.net\/wp-content\/uploads\/Zyra-e-Presidentes-Featured-Image1-e1678970937938.png\",\"contentUrl\":\"https:\/\/president-ksgov.net\/wp-content\/uploads\/Zyra-e-Presidentes-Featured-Image1-e1678970937938.png\",\"width\":1024,\"height\":716},{\"@type\":\"BreadcrumbList\",\"@id\":\"https:\/\/president-ksgov.net\/fr\/legislation\/#breadcrumb\",\"itemListElement\":[{\"@type\":\"ListItem\",\"position\":1,\"name\":\"Home\",\"item\":\"https:\/\/president-ksgov.net\/fr\/\"},{\"@type\":\"ListItem\",\"position\":2,\"name\":\"L\u00e9gislation\"}]},{\"@type\":\"WebSite\",\"@id\":\"https:\/\/president-ksgov.net\/#website\",\"url\":\"https:\/\/president-ksgov.net\/\",\"name\":\"Presidente e Republik\u00ebs s\u00eb Kosov\u00ebs\",\"description\":\"Presidente e Republik\u00ebs s\u00eb Kosov\u00ebs\",\"alternateName\":\"DR. VJOSA OSMANI - SADRIU\",\"potentialAction\":[{\"@type\":\"SearchAction\",\"target\":{\"@type\":\"EntryPoint\",\"urlTemplate\":\"https:\/\/president-ksgov.net\/?s={search_term_string}\"},\"query-input\":{\"@type\":\"PropertyValueSpecification\",\"valueRequired\":true,\"valueName\":\"search_term_string\"}}],\"inLanguage\":\"fr-FR\"}]}<\/script>\n<!-- \/ Yoast SEO plugin. -->","yoast_head_json":{"title":"L\u00e9gislation - Presidente e Republik\u00ebs s\u00eb Kosov\u00ebs","description":"L\u00e9gislation - Presidente e Republik\u00ebs s\u00eb Kosov\u00ebs -","robots":{"index":"index","follow":"follow","max-snippet":"max-snippet:-1","max-image-preview":"max-image-preview:large","max-video-preview":"max-video-preview:-1"},"canonical":"https:\/\/president-ksgov.net\/fr\/legislation\/","og_locale":"fr_FR","og_type":"article","og_title":"L\u00e9gislation - Presidente e Republik\u00ebs s\u00eb Kosov\u00ebs","og_description":"L\u00e9gislation - Presidente e Republik\u00ebs s\u00eb Kosov\u00ebs -","og_url":"https:\/\/president-ksgov.net\/fr\/legislation\/","og_site_name":"Presidente e Republik\u00ebs s\u00eb Kosov\u00ebs","article_modified_time":"2025-12-11T09:16:48+00:00","og_image":[{"width":1024,"height":716,"url":"https:\/\/president-ksgov.net\/wp-content\/uploads\/Zyra-e-Presidentes-Featured-Image1-e1678970937938.png","type":"image\/png"}],"twitter_card":"summary_large_image","twitter_misc":{"Dur\u00e9e de lecture estim\u00e9e":"3 minutes"},"schema":{"@context":"https:\/\/schema.org","@graph":[{"@type":"WebPage","@id":"https:\/\/president-ksgov.net\/fr\/legislation\/","url":"https:\/\/president-ksgov.net\/fr\/legislation\/","name":"L\u00e9gislation - Presidente e Republik\u00ebs s\u00eb Kosov\u00ebs","isPartOf":{"@id":"https:\/\/president-ksgov.net\/#website"},"primaryImageOfPage":{"@id":"https:\/\/president-ksgov.net\/fr\/legislation\/#primaryimage"},"image":{"@id":"https:\/\/president-ksgov.net\/fr\/legislation\/#primaryimage"},"thumbnailUrl":"https:\/\/president-ksgov.net\/wp-content\/uploads\/Zyra-e-Presidentes-Featured-Image1-e1678970937938.png","datePublished":"2023-01-26T20:09:33+00:00","dateModified":"2025-12-11T09:16:48+00:00","description":"L\u00e9gislation - Presidente e Republik\u00ebs s\u00eb Kosov\u00ebs -","breadcrumb":{"@id":"https:\/\/president-ksgov.net\/fr\/legislation\/#breadcrumb"},"inLanguage":"fr-FR","potentialAction":[{"@type":"ReadAction","target":["https:\/\/president-ksgov.net\/fr\/legislation\/"]}]},{"@type":"ImageObject","inLanguage":"fr-FR","@id":"https:\/\/president-ksgov.net\/fr\/legislation\/#primaryimage","url":"https:\/\/president-ksgov.net\/wp-content\/uploads\/Zyra-e-Presidentes-Featured-Image1-e1678970937938.png","contentUrl":"https:\/\/president-ksgov.net\/wp-content\/uploads\/Zyra-e-Presidentes-Featured-Image1-e1678970937938.png","width":1024,"height":716},{"@type":"BreadcrumbList","@id":"https:\/\/president-ksgov.net\/fr\/legislation\/#breadcrumb","itemListElement":[{"@type":"ListItem","position":1,"name":"Home","item":"https:\/\/president-ksgov.net\/fr\/"},{"@type":"ListItem","position":2,"name":"L\u00e9gislation"}]},{"@type":"WebSite","@id":"https:\/\/president-ksgov.net\/#website","url":"https:\/\/president-ksgov.net\/","name":"Presidente e Republik\u00ebs s\u00eb Kosov\u00ebs","description":"Presidente e Republik\u00ebs s\u00eb Kosov\u00ebs","alternateName":"DR. VJOSA OSMANI - SADRIU","potentialAction":[{"@type":"SearchAction","target":{"@type":"EntryPoint","urlTemplate":"https:\/\/president-ksgov.net\/?s={search_term_string}"},"query-input":{"@type":"PropertyValueSpecification","valueRequired":true,"valueName":"search_term_string"}}],"inLanguage":"fr-FR"}]}},"_links":{"self":[{"href":"https:\/\/president-ksgov.net\/fr\/wp-json\/wp\/v2\/pages\/137937","targetHints":{"allow":["GET"]}}],"collection":[{"href":"https:\/\/president-ksgov.net\/fr\/wp-json\/wp\/v2\/pages"}],"about":[{"href":"https:\/\/president-ksgov.net\/fr\/wp-json\/wp\/v2\/types\/page"}],"author":[{"embeddable":true,"href":"https:\/\/president-ksgov.net\/fr\/wp-json\/wp\/v2\/users\/1"}],"replies":[{"embeddable":true,"href":"https:\/\/president-ksgov.net\/fr\/wp-json\/wp\/v2\/comments?post=137937"}],"version-history":[{"count":15,"href":"https:\/\/president-ksgov.net\/fr\/wp-json\/wp\/v2\/pages\/137937\/revisions"}],"predecessor-version":[{"id":177946,"href":"https:\/\/president-ksgov.net\/fr\/wp-json\/wp\/v2\/pages\/137937\/revisions\/177946"}],"wp:featuredmedia":[{"embeddable":true,"href":"https:\/\/president-ksgov.net\/fr\/wp-json\/wp\/v2\/media\/86338"}],"wp:attachment":[{"href":"https:\/\/president-ksgov.net\/fr\/wp-json\/wp\/v2\/media?parent=137937"}],"curies":[{"name":"wp","href":"https:\/\/api.w.org\/{rel}","templated":true}]}}