{"id":137845,"date":"2023-01-27T08:55:17","date_gmt":"2023-01-27T07:55:17","guid":{"rendered":"https:\/\/president-ksgov.net\/la-constitution-de-la-republique\/"},"modified":"2024-06-26T13:14:38","modified_gmt":"2024-06-26T11:14:38","slug":"la-constitution-de-la-republique","status":"publish","type":"page","link":"https:\/\/president-ksgov.net\/fr\/la-constitution-de-la-republique\/","title":{"rendered":"La Constitution de la R\u00e9publique"},"content":{"rendered":"\t\t<div data-elementor-type=\"wp-page\" data-elementor-id=\"137845\" class=\"elementor elementor-137845 elementor-828\">\n\t\t\t\t\t\t<section class=\"elementor-section elementor-top-section elementor-element elementor-element-f63df6a legjislacioni elementor-section-boxed elementor-section-height-default elementor-section-height-default wpr-particle-no wpr-jarallax-no wpr-parallax-no wpr-sticky-section-no\" data-id=\"f63df6a\" data-element_type=\"section\">\n\t\t\t\t\t\t<div class=\"elementor-container elementor-column-gap-default\">\n\t\t\t\t\t<div class=\"elementor-column elementor-col-100 elementor-top-column elementor-element elementor-element-4059872\" data-id=\"4059872\" data-element_type=\"column\">\n\t\t\t<div class=\"elementor-widget-wrap elementor-element-populated\">\n\t\t\t\t\t\t<div class=\"elementor-element elementor-element-d8aaced elementor-widget elementor-widget-eael-adv-accordion\" data-id=\"d8aaced\" data-element_type=\"widget\" data-widget_type=\"eael-adv-accordion.default\">\n\t\t\t\t<div class=\"elementor-widget-container\">\n\t\t\t        <div class=\"eael-adv-accordion\" id=\"eael-adv-accordion-d8aaced\" data-scroll-on-click=\"no\" data-scroll-speed=\"300\" data-accordion-id=\"d8aaced\" data-accordion-type=\"accordion\" data-toogle-speed=\"300\">\n    <div class=\"eael-accordion-list\">\n                <div id=\"constitution-de-la-rpublique-du-kosovo\" class=\"elementor-tab-title eael-accordion-header\" tabindex=\"0\" data-tab=\"1\" aria-controls=\"elementor-tab-content-2271\"><span class=\"fa-accordion-icon fa-accordion-icon-svg eaa-svg eael-advanced-accordion-icon-closed\"><svg xmlns=\"http:\/\/www.w3.org\/2000\/svg\" width=\"50.603\" height=\"60\" viewBox=\"0 0 50.603 60\"><path id=\"Union_372\" data-name=\"Union 372\" d=\"M25.168,59.946a49.5,49.5,0,0,1-8.254-4.872A39.072,39.072,0,0,1,10.7,49.384,37.934,37.934,0,0,1,3.216,36.091C0,26.419,0,15.385,0,5.649V4.578L.241,4.5a80.674,80.674,0,0,1,12.53-3.34A71.125,71.125,0,0,1,25.3.027V0A71.113,71.113,0,0,1,37.832,1.131a80.828,80.828,0,0,1,12.53,3.34l.241.08V5.6c0,4.805,0,10.251-.416,15.514A62.938,62.938,0,0,1,47.4,36.05a37.9,37.9,0,0,1-7.471,13.295,39.156,39.156,0,0,1-6.215,5.694,49.428,49.428,0,0,1-8.252,4.88L25.3,60ZM14.06,4.281a71.858,71.858,0,0,0-11.248,3v.4c0,9.32,0,18.958,2.813,27.554a33.913,33.913,0,0,0,6.684,11.981,34.994,34.994,0,0,0,5.585,5.127,44.451,44.451,0,0,0,7.433,4.394,44.32,44.32,0,0,0,7.433-4.387,34.892,34.892,0,0,0,5.585-5.124,33.87,33.87,0,0,0,6.685-11.983c2.814-8.6,2.814-18.241,2.813-27.565V7.283a72.655,72.655,0,0,0-11.268-3,62.991,62.991,0,0,0-22.517,0Zm6.9,42.44h0a.777.777,0,0,0,.026-.2c0-.319-.212-.531-.212-.807a.538.538,0,0,1,.026-.171c.312-.265.8-.443.8-.9a.755.755,0,0,0-.02-.167c-.375-.509-.241-1.232-.616-1.768a1.312,1.312,0,0,1-.518-.887.822.822,0,0,1,.037-.238.637.637,0,0,0,.149-.42,2.648,2.648,0,0,0-.336-.945,4.239,4.239,0,0,1-.3-1.178c-.589-.348-.643-1.312-1.445-1.419-.57,0-.664-.725-1.2-.725h-.043l-.014,0c-.054-.107-.187-.187-.294-.294a1.016,1.016,0,0,1-.792.062,2.435,2.435,0,0,0-.421-.049,1.078,1.078,0,0,0-.161.012.892.892,0,0,0-.125.028,1.1,1.1,0,0,1-.115-.54c0-.168.017-.338.018-.5a.755.755,0,0,0-.519-.807v-.4c.081.053.134-.054.188-.107a.465.465,0,0,0,0-.049c0-.316-.447-.418-.449-.716a.454.454,0,0,1,.071-.226c-.134-.133-.348-.187-.241-.481-.4-.884-1.606-.777-1.847-1.66h0a2.423,2.423,0,0,0,.294-.589,1.657,1.657,0,0,1-.207-.795,1.808,1.808,0,0,1,.02-.276c.187-.054.294-.294.374-.482-.24-.187-.536-.455-.776-.347a4.933,4.933,0,0,1-1.259-.723.231.231,0,0,1-.067-.194c0-.08.014-.167.014-.234.589-.188-.107-1.071.616-.991.187-.241.589-.348.857-.535a1.792,1.792,0,0,1,.83.134c.241.347.67.187.911.482a2.442,2.442,0,0,1,.554-.111.654.654,0,0,1,.276.058,1.46,1.46,0,0,1,.536-1.125c.053-.187.321-.348.562-.428a1.524,1.524,0,0,0,1.311-.241c.152.108.3-.046.5-.109h0l.006,0h0a.446.446,0,0,1,.062-.014h.014l.025,0H18.1l.068-.011h.023a.819.819,0,0,1,.632.2.308.308,0,0,1,.134-.248c.172-.114.474-.076.711-.171a.5.5,0,0,0,.307-.357A.344.344,0,0,0,20,23.9c0-.346-.571-.53-.567-.842a.228.228,0,0,1,0-.034A.6.6,0,0,1,19.4,22.8c0-.3.254-.5.363-.741l.044-.023.008,0,.006,0,.01-.005A1.017,1.017,0,0,1,20.4,21.9c.643-.24.133-1.552,1.124-1.071h0c0,.067-.014.14-.014.2a.142.142,0,0,0,.067.144c.347,0,.4-.428.643-.589a1.176,1.176,0,0,0,.02-.233c0-.145-.017-.293-.017-.435a.642.642,0,0,1,.184-.51.7.7,0,0,0,.374-.241.877.877,0,0,0-.374-.7.219.219,0,0,1-.2.093l-.06,0h0a.391.391,0,0,0-.163.016,4.227,4.227,0,0,0-.241-.884.444.444,0,0,1-.2-.329.367.367,0,0,1,.014-.1c.241-.241,0-.884.589-.75.188-.187.59-.054.777-.375.59-.347,1.312-.347,1.741-.99a.451.451,0,0,0,.243-.027.337.337,0,0,1,.346.027c.054.428.536.267.59.616a2.124,2.124,0,0,1,.535,1.285c-.3.161-.67.187-.857.428a1.669,1.669,0,0,1,1.328.482,1.482,1.482,0,0,0,1.723.348c.107.241.294.455.589.348l.134-.428c.294-.094.4.113.515.321s.235.415.556.321c.294.294.107.776.294,1.124A2.66,2.66,0,0,0,31,21.071c.134-.187.241-.482.616-.4a1.678,1.678,0,0,1,.535.937c-.015.09-.032.179-.046.267-.085.516-.1.988.421,1.286v.187c.428.187,1.338-.187,1.338.589a.3.3,0,0,0-.005.053c0,.084.048.1.111.1.025,0,.052,0,.08-.005.077-.009.157-.017.19.039a3.714,3.714,0,0,1,.964-.054.725.725,0,0,1,.057.278c0,.455-.427.827-.539,1.274a.837.837,0,0,1,.154.543c0,.2-.033.408-.047.582l-.134.08c.375.107.911-.053,1.312.187l.67.3a1.8,1.8,0,0,1,1.124-.188c.348.241-.107.7.188.884.347,0,.669.054.723.4l.053.107c.294-.482,1.018-.16,1.339-.536.535,0,.643.643.857.991a1.247,1.247,0,0,1,.008.14c0,.682-.641,1.058-.644,1.692a1.036,1.036,0,0,0,.047.31,7.309,7.309,0,0,1-.91,1.178.125.125,0,0,1,.067.127c0,.053-.014.113-.014.167-.348.188-.053.777-.481.831-.035.257-.323.284-.461.375-.077.051-.108.122-.022.266.428.59-.24.964-.24,1.5a.24.24,0,0,1-.2.087.841.841,0,0,1-.208-.033c-.194-.048-.369-.1-.369.241a.642.642,0,0,1-.4-.037c-.182-.059-.345-.118-.488.09a.608.608,0,0,0-.013.122c0,.284.206.428.206.7a.548.548,0,0,1-.006.084c.408-.041.583.26.725.56l.014.029.011.022.008.017v0l.011.023c.021.044.041.086.061.128h0l.024.047.536.589a.886.886,0,0,1-.581.184,3.425,3.425,0,0,1-.411-.034l-.039-.005a1.675,1.675,0,0,0-.815.043c-.065-.04-.068-.11-.068-.185v-.007a.244.244,0,0,0-.067-.211,1.4,1.4,0,0,0-.777-.24.176.176,0,0,1,0,.043c0,.17-.24.275-.239.456a.269.269,0,0,0,.048.142c0,.057.031.151.031.228s-.023.121-.111.121a.318.318,0,0,1-.394-.1.32.32,0,0,0-.228-.129.41.41,0,0,0-.155.04c-.3.115-.268.466-.361.692-.057.14-.159.232-.416.192a.575.575,0,0,1,.007.1c0,.472-.57.823-.568,1.2a.538.538,0,0,0,.266.418c.134.161.054.348.08.535h0a2.017,2.017,0,0,1-1.874.107c-.228-.058-.251-.25-.251-.464,0-.053,0-.107,0-.161a.685.685,0,0,0-.071-.366c-.161-.294-.643-.482-.643-.884a1.576,1.576,0,0,1-.777-.536,6.091,6.091,0,0,1-1.715,1.306,2.733,2.733,0,0,1-.989.248c-.482.24-.724,1.285-1.5.83,0,.008-.009.016-.014.024-.308.494-1.138-.014-1.191.7-.348.161-.187.643-.375.884a1.311,1.311,0,0,0,.429,1.365.341.341,0,0,1,0,.312c-.07.131-.217.209-.221.347a.309.309,0,0,0,.059.171.4.4,0,0,1,.021.138A.3.3,0,0,1,24.2,46c-.1.08-.156.146-.155.241a.372.372,0,0,0,.021.107c-.129,0-.184.075-.284.177l-.01.01c-.16.294-.589.428-.884.643-.017.006-.034.011-.051.015-.265.06-.441-.187-.617-.363a.58.58,0,0,1-.59.482C21.2,47.309,21.285,46.908,20.964,46.721ZM7.416,14.163,5.488,15.556l.75-2.3-1.954-1.5H6.693L7.47,9.344l.723,2.409h2.436l-2.008,1.5.67,2.3Zm35.958-.7L41.5,14.886l.67-2.3-2.008-1.5H42.6l.723-2.436.777,2.436h2.436l-1.955,1.5.724,2.3Zm-29.344-1.58-1.9,1.392.723-2.3L10.9,9.5h2.436l.777-2.436.7,2.436h2.436l-1.981,1.472.643,2.3Zm20.8-1.445L32.851,8.969h2.437l.7-2.436.777,2.436H39.2l-1.981,1.472.749,2.3-1.927-1.392-1.875,1.419ZM27.684,9.4,25.676,7.924h2.436l.723-2.436.777,2.436h2.436L30.093,9.4l.724,2.3-1.928-1.392-1.875,1.419Zm-6.613.911L19.17,11.7l.723-2.3L17.939,7.924h2.436l.776-2.436.724,2.436h2.409L22.3,9.4l.643,2.33Z\" fill=\"#d2ab67\"><\/path><\/svg><\/span><span class=\"fa-accordion-icon fa-accordion-icon-svg eaa-svg eael-advanced-accordion-icon-opened\"><svg xmlns=\"http:\/\/www.w3.org\/2000\/svg\" width=\"50.603\" height=\"60\" viewBox=\"0 0 50.603 60\"><path id=\"Union_372\" data-name=\"Union 372\" d=\"M25.168,59.946a49.5,49.5,0,0,1-8.254-4.872A39.072,39.072,0,0,1,10.7,49.384,37.934,37.934,0,0,1,3.216,36.091C0,26.419,0,15.385,0,5.649V4.578L.241,4.5a80.674,80.674,0,0,1,12.53-3.34A71.125,71.125,0,0,1,25.3.027V0A71.113,71.113,0,0,1,37.832,1.131a80.828,80.828,0,0,1,12.53,3.34l.241.08V5.6c0,4.805,0,10.251-.416,15.514A62.938,62.938,0,0,1,47.4,36.05a37.9,37.9,0,0,1-7.471,13.295,39.156,39.156,0,0,1-6.215,5.694,49.428,49.428,0,0,1-8.252,4.88L25.3,60ZM14.06,4.281a71.858,71.858,0,0,0-11.248,3v.4c0,9.32,0,18.958,2.813,27.554a33.913,33.913,0,0,0,6.684,11.981,34.994,34.994,0,0,0,5.585,5.127,44.451,44.451,0,0,0,7.433,4.394,44.32,44.32,0,0,0,7.433-4.387,34.892,34.892,0,0,0,5.585-5.124,33.87,33.87,0,0,0,6.685-11.983c2.814-8.6,2.814-18.241,2.813-27.565V7.283a72.655,72.655,0,0,0-11.268-3,62.991,62.991,0,0,0-22.517,0Zm6.9,42.44h0a.777.777,0,0,0,.026-.2c0-.319-.212-.531-.212-.807a.538.538,0,0,1,.026-.171c.312-.265.8-.443.8-.9a.755.755,0,0,0-.02-.167c-.375-.509-.241-1.232-.616-1.768a1.312,1.312,0,0,1-.518-.887.822.822,0,0,1,.037-.238.637.637,0,0,0,.149-.42,2.648,2.648,0,0,0-.336-.945,4.239,4.239,0,0,1-.3-1.178c-.589-.348-.643-1.312-1.445-1.419-.57,0-.664-.725-1.2-.725h-.043l-.014,0c-.054-.107-.187-.187-.294-.294a1.016,1.016,0,0,1-.792.062,2.435,2.435,0,0,0-.421-.049,1.078,1.078,0,0,0-.161.012.892.892,0,0,0-.125.028,1.1,1.1,0,0,1-.115-.54c0-.168.017-.338.018-.5a.755.755,0,0,0-.519-.807v-.4c.081.053.134-.054.188-.107a.465.465,0,0,0,0-.049c0-.316-.447-.418-.449-.716a.454.454,0,0,1,.071-.226c-.134-.133-.348-.187-.241-.481-.4-.884-1.606-.777-1.847-1.66h0a2.423,2.423,0,0,0,.294-.589,1.657,1.657,0,0,1-.207-.795,1.808,1.808,0,0,1,.02-.276c.187-.054.294-.294.374-.482-.24-.187-.536-.455-.776-.347a4.933,4.933,0,0,1-1.259-.723.231.231,0,0,1-.067-.194c0-.08.014-.167.014-.234.589-.188-.107-1.071.616-.991.187-.241.589-.348.857-.535a1.792,1.792,0,0,1,.83.134c.241.347.67.187.911.482a2.442,2.442,0,0,1,.554-.111.654.654,0,0,1,.276.058,1.46,1.46,0,0,1,.536-1.125c.053-.187.321-.348.562-.428a1.524,1.524,0,0,0,1.311-.241c.152.108.3-.046.5-.109h0l.006,0h0a.446.446,0,0,1,.062-.014h.014l.025,0H18.1l.068-.011h.023a.819.819,0,0,1,.632.2.308.308,0,0,1,.134-.248c.172-.114.474-.076.711-.171a.5.5,0,0,0,.307-.357A.344.344,0,0,0,20,23.9c0-.346-.571-.53-.567-.842a.228.228,0,0,1,0-.034A.6.6,0,0,1,19.4,22.8c0-.3.254-.5.363-.741l.044-.023.008,0,.006,0,.01-.005A1.017,1.017,0,0,1,20.4,21.9c.643-.24.133-1.552,1.124-1.071h0c0,.067-.014.14-.014.2a.142.142,0,0,0,.067.144c.347,0,.4-.428.643-.589a1.176,1.176,0,0,0,.02-.233c0-.145-.017-.293-.017-.435a.642.642,0,0,1,.184-.51.7.7,0,0,0,.374-.241.877.877,0,0,0-.374-.7.219.219,0,0,1-.2.093l-.06,0h0a.391.391,0,0,0-.163.016,4.227,4.227,0,0,0-.241-.884.444.444,0,0,1-.2-.329.367.367,0,0,1,.014-.1c.241-.241,0-.884.589-.75.188-.187.59-.054.777-.375.59-.347,1.312-.347,1.741-.99a.451.451,0,0,0,.243-.027.337.337,0,0,1,.346.027c.054.428.536.267.59.616a2.124,2.124,0,0,1,.535,1.285c-.3.161-.67.187-.857.428a1.669,1.669,0,0,1,1.328.482,1.482,1.482,0,0,0,1.723.348c.107.241.294.455.589.348l.134-.428c.294-.094.4.113.515.321s.235.415.556.321c.294.294.107.776.294,1.124A2.66,2.66,0,0,0,31,21.071c.134-.187.241-.482.616-.4a1.678,1.678,0,0,1,.535.937c-.015.09-.032.179-.046.267-.085.516-.1.988.421,1.286v.187c.428.187,1.338-.187,1.338.589a.3.3,0,0,0-.005.053c0,.084.048.1.111.1.025,0,.052,0,.08-.005.077-.009.157-.017.19.039a3.714,3.714,0,0,1,.964-.054.725.725,0,0,1,.057.278c0,.455-.427.827-.539,1.274a.837.837,0,0,1,.154.543c0,.2-.033.408-.047.582l-.134.08c.375.107.911-.053,1.312.187l.67.3a1.8,1.8,0,0,1,1.124-.188c.348.241-.107.7.188.884.347,0,.669.054.723.4l.053.107c.294-.482,1.018-.16,1.339-.536.535,0,.643.643.857.991a1.247,1.247,0,0,1,.008.14c0,.682-.641,1.058-.644,1.692a1.036,1.036,0,0,0,.047.31,7.309,7.309,0,0,1-.91,1.178.125.125,0,0,1,.067.127c0,.053-.014.113-.014.167-.348.188-.053.777-.481.831-.035.257-.323.284-.461.375-.077.051-.108.122-.022.266.428.59-.24.964-.24,1.5a.24.24,0,0,1-.2.087.841.841,0,0,1-.208-.033c-.194-.048-.369-.1-.369.241a.642.642,0,0,1-.4-.037c-.182-.059-.345-.118-.488.09a.608.608,0,0,0-.013.122c0,.284.206.428.206.7a.548.548,0,0,1-.006.084c.408-.041.583.26.725.56l.014.029.011.022.008.017v0l.011.023c.021.044.041.086.061.128h0l.024.047.536.589a.886.886,0,0,1-.581.184,3.425,3.425,0,0,1-.411-.034l-.039-.005a1.675,1.675,0,0,0-.815.043c-.065-.04-.068-.11-.068-.185v-.007a.244.244,0,0,0-.067-.211,1.4,1.4,0,0,0-.777-.24.176.176,0,0,1,0,.043c0,.17-.24.275-.239.456a.269.269,0,0,0,.048.142c0,.057.031.151.031.228s-.023.121-.111.121a.318.318,0,0,1-.394-.1.32.32,0,0,0-.228-.129.41.41,0,0,0-.155.04c-.3.115-.268.466-.361.692-.057.14-.159.232-.416.192a.575.575,0,0,1,.007.1c0,.472-.57.823-.568,1.2a.538.538,0,0,0,.266.418c.134.161.054.348.08.535h0a2.017,2.017,0,0,1-1.874.107c-.228-.058-.251-.25-.251-.464,0-.053,0-.107,0-.161a.685.685,0,0,0-.071-.366c-.161-.294-.643-.482-.643-.884a1.576,1.576,0,0,1-.777-.536,6.091,6.091,0,0,1-1.715,1.306,2.733,2.733,0,0,1-.989.248c-.482.24-.724,1.285-1.5.83,0,.008-.009.016-.014.024-.308.494-1.138-.014-1.191.7-.348.161-.187.643-.375.884a1.311,1.311,0,0,0,.429,1.365.341.341,0,0,1,0,.312c-.07.131-.217.209-.221.347a.309.309,0,0,0,.059.171.4.4,0,0,1,.021.138A.3.3,0,0,1,24.2,46c-.1.08-.156.146-.155.241a.372.372,0,0,0,.021.107c-.129,0-.184.075-.284.177l-.01.01c-.16.294-.589.428-.884.643-.017.006-.034.011-.051.015-.265.06-.441-.187-.617-.363a.58.58,0,0,1-.59.482C21.2,47.309,21.285,46.908,20.964,46.721ZM7.416,14.163,5.488,15.556l.75-2.3-1.954-1.5H6.693L7.47,9.344l.723,2.409h2.436l-2.008,1.5.67,2.3Zm35.958-.7L41.5,14.886l.67-2.3-2.008-1.5H42.6l.723-2.436.777,2.436h2.436l-1.955,1.5.724,2.3Zm-29.344-1.58-1.9,1.392.723-2.3L10.9,9.5h2.436l.777-2.436.7,2.436h2.436l-1.981,1.472.643,2.3Zm20.8-1.445L32.851,8.969h2.437l.7-2.436.777,2.436H39.2l-1.981,1.472.749,2.3-1.927-1.392-1.875,1.419ZM27.684,9.4,25.676,7.924h2.436l.723-2.436.777,2.436h2.436L30.093,9.4l.724,2.3-1.928-1.392-1.875,1.419Zm-6.613.911L19.17,11.7l.723-2.3L17.939,7.924h2.436l.776-2.436.724,2.436h2.409L22.3,9.4l.643,2.33Z\" fill=\"#d2ab67\"><\/path><\/svg><\/span><span class=\"eael-accordion-tab-title\">Constitution de la R\u00e9publique du Kosovo<\/span><i aria-hidden=\"true\" class=\"fa-toggle fas fa-angle-right\"><\/i><\/div><div id=\"elementor-tab-content-2271\" class=\"eael-accordion-content clearfix\" data-tab=\"1\" aria-labelledby=\"constitution-de-la-rpublique-du-kosovo\"><ul>\n<li><a href=\"https:\/\/president-ksgov.net\/wp-content\/uploads\/2023\/01\/KUSHTETUTA_E_REPUBLIKE%CC%88S_SE%CC%88_KOSOVE%CC%88S.pdf\"><a href=\"https:\/\/president-ksgov.net\/wp-content\/uploads\/2023\/01\/KUSHTETUTA_E_REPUBLIKE%CC%88S_SE%CC%88_KOSOVE%CC%88S.pdf\">Constitution de la R\u00e9publique du Kosovo &#8211; PDF<\/a><\/a><\/li>\n<\/ul>\n<\/div>\n                <\/div><\/div>\t\t<\/div>\n\t\t\t\t<\/div>\n\t\t\t\t\t<\/div>\n\t\t<\/div>\n\t\t\t\t\t<\/div>\n\t\t<\/section>\n\t\t\t\t<\/div>\n\t\t","protected":false},"excerpt":{"rendered":"<p>Constitution de la R\u00e9publique du Kosovo Constitution de la R\u00e9publique du Kosovo &#8211; PDF<\/p>\n","protected":false},"author":1,"featured_media":86338,"parent":0,"menu_order":0,"comment_status":"closed","ping_status":"closed","template":"","meta":{"_eb_attr":"","footnotes":""},"class_list":["post-137845","page","type-page","status-publish","has-post-thumbnail","hentry"],"yoast_head":"<!-- This site is optimized with the Yoast SEO plugin v23.5 - https:\/\/yoast.com\/wordpress\/plugins\/seo\/ -->\n<title>La Constitution de la R\u00e9publique - Presidente e Republik\u00ebs s\u00eb Kosov\u00ebs<\/title>\n<meta name=\"description\" content=\"La Constitution de la R\u00e9publique - Presidente e Republik\u00ebs s\u00eb Kosov\u00ebs -\" \/>\n<meta name=\"robots\" content=\"index, follow, max-snippet:-1, max-image-preview:large, max-video-preview:-1\" \/>\n<link rel=\"canonical\" href=\"https:\/\/president-ksgov.net\/fr\/la-constitution-de-la-republique\/\" \/>\n<meta property=\"og:locale\" content=\"fr_FR\" \/>\n<meta property=\"og:type\" content=\"article\" \/>\n<meta property=\"og:title\" content=\"La Constitution de la R\u00e9publique - Presidente e Republik\u00ebs s\u00eb Kosov\u00ebs\" \/>\n<meta property=\"og:description\" content=\"La Constitution de la R\u00e9publique - Presidente e Republik\u00ebs s\u00eb Kosov\u00ebs -\" \/>\n<meta property=\"og:url\" content=\"https:\/\/president-ksgov.net\/fr\/la-constitution-de-la-republique\/\" \/>\n<meta property=\"og:site_name\" content=\"Presidente e Republik\u00ebs s\u00eb Kosov\u00ebs\" \/>\n<meta property=\"article:modified_time\" content=\"2024-06-26T11:14:38+00:00\" \/>\n<meta property=\"og:image\" content=\"https:\/\/president-ksgov.net\/wp-content\/uploads\/Zyra-e-Presidentes-Featured-Image1-e1678970937938.png\" \/>\n\t<meta property=\"og:image:width\" content=\"1024\" \/>\n\t<meta property=\"og:image:height\" content=\"716\" \/>\n\t<meta property=\"og:image:type\" content=\"image\/png\" \/>\n<meta name=\"twitter:card\" content=\"summary_large_image\" \/>\n<script type=\"application\/ld+json\" class=\"yoast-schema-graph\">{\"@context\":\"https:\/\/schema.org\",\"@graph\":[{\"@type\":\"WebPage\",\"@id\":\"https:\/\/president-ksgov.net\/fr\/la-constitution-de-la-republique\/\",\"url\":\"https:\/\/president-ksgov.net\/fr\/la-constitution-de-la-republique\/\",\"name\":\"La Constitution de la R\u00e9publique - Presidente e Republik\u00ebs s\u00eb Kosov\u00ebs\",\"isPartOf\":{\"@id\":\"https:\/\/president-ksgov.net\/#website\"},\"primaryImageOfPage\":{\"@id\":\"https:\/\/president-ksgov.net\/fr\/la-constitution-de-la-republique\/#primaryimage\"},\"image\":{\"@id\":\"https:\/\/president-ksgov.net\/fr\/la-constitution-de-la-republique\/#primaryimage\"},\"thumbnailUrl\":\"https:\/\/president-ksgov.net\/wp-content\/uploads\/Zyra-e-Presidentes-Featured-Image1-e1678970937938.png\",\"datePublished\":\"2023-01-27T07:55:17+00:00\",\"dateModified\":\"2024-06-26T11:14:38+00:00\",\"description\":\"La Constitution de la R\u00e9publique - Presidente e Republik\u00ebs s\u00eb Kosov\u00ebs -\",\"breadcrumb\":{\"@id\":\"https:\/\/president-ksgov.net\/fr\/la-constitution-de-la-republique\/#breadcrumb\"},\"inLanguage\":\"fr-FR\",\"potentialAction\":[{\"@type\":\"ReadAction\",\"target\":[\"https:\/\/president-ksgov.net\/fr\/la-constitution-de-la-republique\/\"]}]},{\"@type\":\"ImageObject\",\"inLanguage\":\"fr-FR\",\"@id\":\"https:\/\/president-ksgov.net\/fr\/la-constitution-de-la-republique\/#primaryimage\",\"url\":\"https:\/\/president-ksgov.net\/wp-content\/uploads\/Zyra-e-Presidentes-Featured-Image1-e1678970937938.png\",\"contentUrl\":\"https:\/\/president-ksgov.net\/wp-content\/uploads\/Zyra-e-Presidentes-Featured-Image1-e1678970937938.png\",\"width\":1024,\"height\":716},{\"@type\":\"BreadcrumbList\",\"@id\":\"https:\/\/president-ksgov.net\/fr\/la-constitution-de-la-republique\/#breadcrumb\",\"itemListElement\":[{\"@type\":\"ListItem\",\"position\":1,\"name\":\"Home\",\"item\":\"https:\/\/president-ksgov.net\/fr\/\"},{\"@type\":\"ListItem\",\"position\":2,\"name\":\"La Constitution de la R\u00e9publique\"}]},{\"@type\":\"WebSite\",\"@id\":\"https:\/\/president-ksgov.net\/#website\",\"url\":\"https:\/\/president-ksgov.net\/\",\"name\":\"Presidente e Republik\u00ebs s\u00eb Kosov\u00ebs\",\"description\":\"Presidente e Republik\u00ebs s\u00eb Kosov\u00ebs\",\"alternateName\":\"DR. VJOSA OSMANI - SADRIU\",\"potentialAction\":[{\"@type\":\"SearchAction\",\"target\":{\"@type\":\"EntryPoint\",\"urlTemplate\":\"https:\/\/president-ksgov.net\/?s={search_term_string}\"},\"query-input\":{\"@type\":\"PropertyValueSpecification\",\"valueRequired\":true,\"valueName\":\"search_term_string\"}}],\"inLanguage\":\"fr-FR\"}]}<\/script>\n<!-- \/ Yoast SEO plugin. -->","yoast_head_json":{"title":"La Constitution de la R\u00e9publique - Presidente e Republik\u00ebs s\u00eb Kosov\u00ebs","description":"La Constitution de la R\u00e9publique - Presidente e Republik\u00ebs s\u00eb Kosov\u00ebs -","robots":{"index":"index","follow":"follow","max-snippet":"max-snippet:-1","max-image-preview":"max-image-preview:large","max-video-preview":"max-video-preview:-1"},"canonical":"https:\/\/president-ksgov.net\/fr\/la-constitution-de-la-republique\/","og_locale":"fr_FR","og_type":"article","og_title":"La Constitution de la R\u00e9publique - Presidente e Republik\u00ebs s\u00eb Kosov\u00ebs","og_description":"La Constitution de la R\u00e9publique - Presidente e Republik\u00ebs s\u00eb Kosov\u00ebs -","og_url":"https:\/\/president-ksgov.net\/fr\/la-constitution-de-la-republique\/","og_site_name":"Presidente e Republik\u00ebs s\u00eb Kosov\u00ebs","article_modified_time":"2024-06-26T11:14:38+00:00","og_image":[{"width":1024,"height":716,"url":"https:\/\/president-ksgov.net\/wp-content\/uploads\/Zyra-e-Presidentes-Featured-Image1-e1678970937938.png","type":"image\/png"}],"twitter_card":"summary_large_image","schema":{"@context":"https:\/\/schema.org","@graph":[{"@type":"WebPage","@id":"https:\/\/president-ksgov.net\/fr\/la-constitution-de-la-republique\/","url":"https:\/\/president-ksgov.net\/fr\/la-constitution-de-la-republique\/","name":"La Constitution de la R\u00e9publique - Presidente e Republik\u00ebs s\u00eb Kosov\u00ebs","isPartOf":{"@id":"https:\/\/president-ksgov.net\/#website"},"primaryImageOfPage":{"@id":"https:\/\/president-ksgov.net\/fr\/la-constitution-de-la-republique\/#primaryimage"},"image":{"@id":"https:\/\/president-ksgov.net\/fr\/la-constitution-de-la-republique\/#primaryimage"},"thumbnailUrl":"https:\/\/president-ksgov.net\/wp-content\/uploads\/Zyra-e-Presidentes-Featured-Image1-e1678970937938.png","datePublished":"2023-01-27T07:55:17+00:00","dateModified":"2024-06-26T11:14:38+00:00","description":"La Constitution de la R\u00e9publique - Presidente e Republik\u00ebs s\u00eb Kosov\u00ebs -","breadcrumb":{"@id":"https:\/\/president-ksgov.net\/fr\/la-constitution-de-la-republique\/#breadcrumb"},"inLanguage":"fr-FR","potentialAction":[{"@type":"ReadAction","target":["https:\/\/president-ksgov.net\/fr\/la-constitution-de-la-republique\/"]}]},{"@type":"ImageObject","inLanguage":"fr-FR","@id":"https:\/\/president-ksgov.net\/fr\/la-constitution-de-la-republique\/#primaryimage","url":"https:\/\/president-ksgov.net\/wp-content\/uploads\/Zyra-e-Presidentes-Featured-Image1-e1678970937938.png","contentUrl":"https:\/\/president-ksgov.net\/wp-content\/uploads\/Zyra-e-Presidentes-Featured-Image1-e1678970937938.png","width":1024,"height":716},{"@type":"BreadcrumbList","@id":"https:\/\/president-ksgov.net\/fr\/la-constitution-de-la-republique\/#breadcrumb","itemListElement":[{"@type":"ListItem","position":1,"name":"Home","item":"https:\/\/president-ksgov.net\/fr\/"},{"@type":"ListItem","position":2,"name":"La Constitution de la R\u00e9publique"}]},{"@type":"WebSite","@id":"https:\/\/president-ksgov.net\/#website","url":"https:\/\/president-ksgov.net\/","name":"Presidente e Republik\u00ebs s\u00eb Kosov\u00ebs","description":"Presidente e Republik\u00ebs s\u00eb Kosov\u00ebs","alternateName":"DR. VJOSA OSMANI - SADRIU","potentialAction":[{"@type":"SearchAction","target":{"@type":"EntryPoint","urlTemplate":"https:\/\/president-ksgov.net\/?s={search_term_string}"},"query-input":{"@type":"PropertyValueSpecification","valueRequired":true,"valueName":"search_term_string"}}],"inLanguage":"fr-FR"}]}},"_links":{"self":[{"href":"https:\/\/president-ksgov.net\/fr\/wp-json\/wp\/v2\/pages\/137845","targetHints":{"allow":["GET"]}}],"collection":[{"href":"https:\/\/president-ksgov.net\/fr\/wp-json\/wp\/v2\/pages"}],"about":[{"href":"https:\/\/president-ksgov.net\/fr\/wp-json\/wp\/v2\/types\/page"}],"author":[{"embeddable":true,"href":"https:\/\/president-ksgov.net\/fr\/wp-json\/wp\/v2\/users\/1"}],"replies":[{"embeddable":true,"href":"https:\/\/president-ksgov.net\/fr\/wp-json\/wp\/v2\/comments?post=137845"}],"version-history":[{"count":1,"href":"https:\/\/president-ksgov.net\/fr\/wp-json\/wp\/v2\/pages\/137845\/revisions"}],"predecessor-version":[{"id":137847,"href":"https:\/\/president-ksgov.net\/fr\/wp-json\/wp\/v2\/pages\/137845\/revisions\/137847"}],"wp:featuredmedia":[{"embeddable":true,"href":"https:\/\/president-ksgov.net\/fr\/wp-json\/wp\/v2\/media\/86338"}],"wp:attachment":[{"href":"https:\/\/president-ksgov.net\/fr\/wp-json\/wp\/v2\/media?parent=137845"}],"curies":[{"name":"wp","href":"https:\/\/api.w.org\/{rel}","templated":true}]}}