{"id":2808,"date":"2023-02-13T13:46:12","date_gmt":"2023-02-13T12:46:12","guid":{"rendered":"https:\/\/dev.president-ksgov.net\/hashim-thaci\/"},"modified":"2026-03-19T13:05:58","modified_gmt":"2026-03-19T12:05:58","slug":"hashim-thaci","status":"publish","type":"page","link":"https:\/\/president-ksgov.net\/en\/former-presidents-of-kosovo\/hashim-thaci\/","title":{"rendered":"Hashim Tha\u00e7i"},"content":{"rendered":"\t\t<div data-elementor-type=\"wp-page\" data-elementor-id=\"2808\" class=\"elementor elementor-2808 elementor-2072\">\n\t\t\t\t\t\t<section class=\"elementor-section elementor-top-section elementor-element elementor-element-123295a elementor-section-boxed elementor-section-height-default elementor-section-height-default wpr-particle-no wpr-jarallax-no wpr-parallax-no wpr-sticky-section-no\" data-id=\"123295a\" data-element_type=\"section\">\n\t\t\t\t\t\t<div class=\"elementor-container elementor-column-gap-default\">\n\t\t\t\t\t<div class=\"elementor-column elementor-col-100 elementor-top-column elementor-element elementor-element-e66079c\" data-id=\"e66079c\" data-element_type=\"column\">\n\t\t\t<div class=\"elementor-widget-wrap elementor-element-populated\">\n\t\t\t\t\t\t<div class=\"elementor-element elementor-element-4dbeeb7 elementor-position-left elementor-vertical-align-middle elementor-widget elementor-widget-image-box\" data-id=\"4dbeeb7\" data-element_type=\"widget\" data-widget_type=\"image-box.default\">\n\t\t\t\t<div class=\"elementor-widget-container\">\n\t\t\t<div class=\"elementor-image-box-wrapper\"><figure class=\"elementor-image-box-img\"><img fetchpriority=\"high\" decoding=\"async\" width=\"1707\" height=\"2560\" src=\"https:\/\/president-ksgov.net\/wp-content\/uploads\/Hashim_Thac\u0327i_official_portrait_1-scaled.jpg\" class=\"attachment-full size-full wp-image-87720\" alt=\"\" srcset=\"https:\/\/president-ksgov.net\/wp-content\/uploads\/Hashim_Thac\u0327i_official_portrait_1-scaled.jpg 1707w, https:\/\/president-ksgov.net\/wp-content\/uploads\/Hashim_Thac\u0327i_official_portrait_1-200x300.jpg 200w, https:\/\/president-ksgov.net\/wp-content\/uploads\/Hashim_Thac\u0327i_official_portrait_1-683x1024.jpg 683w, https:\/\/president-ksgov.net\/wp-content\/uploads\/Hashim_Thac\u0327i_official_portrait_1-768x1152.jpg 768w, https:\/\/president-ksgov.net\/wp-content\/uploads\/Hashim_Thac\u0327i_official_portrait_1-1024x1536.jpg 1024w, https:\/\/president-ksgov.net\/wp-content\/uploads\/Hashim_Thac\u0327i_official_portrait_1-1365x2048.jpg 1365w, https:\/\/president-ksgov.net\/wp-content\/uploads\/Hashim_Thac\u0327i_official_portrait_1-300x450.jpg 300w\" sizes=\"(max-width: 1707px) 100vw, 1707px\" \/><\/figure><div class=\"elementor-image-box-content\"><h3 class=\"elementor-image-box-title\">HASHIM THA\u00c7I<\/h3><p class=\"elementor-image-box-description\">PRESIDENT OF THE REPUBLIC OF KOSOVO - (2016 - 2020)<\/p><\/div><\/div>\t\t<\/div>\n\t\t\t\t<\/div>\n\t\t\t\t\t<\/div>\n\t\t<\/div>\n\t\t\t\t\t<\/div>\n\t\t<\/section>\n\t\t\t\t<section class=\"elementor-section elementor-top-section elementor-element elementor-element-6c09038 elementor-section-boxed elementor-section-height-default elementor-section-height-default wpr-particle-no wpr-jarallax-no wpr-parallax-no wpr-sticky-section-no\" data-id=\"6c09038\" data-element_type=\"section\">\n\t\t\t\t\t\t<div class=\"elementor-container elementor-column-gap-default\">\n\t\t\t\t\t<div class=\"elementor-column elementor-col-100 elementor-top-column elementor-element elementor-element-aa5a5ee\" data-id=\"aa5a5ee\" data-element_type=\"column\">\n\t\t\t<div class=\"elementor-widget-wrap elementor-element-populated\">\n\t\t\t\t\t\t<div class=\"elementor-element elementor-element-009a778 elementor-widget elementor-widget-text-editor\" data-id=\"009a778\" data-element_type=\"widget\" data-widget_type=\"text-editor.default\">\n\t\t\t\t<div class=\"elementor-widget-container\">\n\t\t\t\t\t\t\t<p>Hashim Tha\u00e7i is the President of the Republic of Kosovo, elected on February 26th 2016 by the Assembly of Kosovo. He assumed office on April 7th 2016, after taking the solemn oath in the Assembly of Kosovo.<\/p><p>Before becoming president, Tha\u00e7i served as First Deputy Prime Minister and Minister of Foreign Affairs for one year (2014-2015), as well as Prime Minister of the Republic of Kosovo for two terms (2007-2014).<\/p><p>Tha\u00e7i was the first leader of the Democratic Party of Kosovo and was continuously re-elected as the party&#8217;s leader, until his resignation on February 26th 2016, prior to being voted President of Kosovo.<\/p><p>Hashim Tha\u00e7i declared Kosovo an independent state on February 17th 2008, led the Kosovo team at the<\/p><p>Rambouillet talks in February 1999, and was the political leader of the Kosovo Liberation Army.<\/p><p>Tha\u00e7i was the most voted political leader in the June 8, 2014 elections.<\/p><p>As Prime Minister of Kosovo, Hashim Tha\u00e7i led the political dialogue between Kosovo and Serbia, which on April 19th 2013 resulted in the signing of an agreement for the normalization of relations.<\/p><p>For his commitment to peace and stability, in 2014, Hashim Tha\u00e7i was nominated for the Nobel Peace Prize by US congressmen and senators, as well as representatives of the European Parliament.<\/p><p>Political career<\/p><p>Hashim Tha\u00e7i&#8217;s political career began with his involvement in the People&#8217;s Movement of Kosovo (LPK), a political movement that aimed to emancipate the position of Albanians in the former Yugoslavia.<\/p><p>As a student at the University of Prishtina, Tha\u00e7i became a leader of the Student Movement between 1990 and 1993, years when the Belgrade government closed down Albanian-language university level educational institutions, while the University of Prishtina began to operate outside the institutional system.<\/p><p>In 1991, Tha\u00e7i was elected vice-rector-student of the University of Prishtina, where he contributed to the structuring and development of the parallel university teaching process.<\/p><p>Hashim Tha\u00e7i is one of the founders of the political-military organization, the Kosovo Liberation Army (KLA).<\/p><p>As head of the Political Directorate of the Kosovo Liberation Army, Tha\u00e7i led the Kosovo delegation at the International Conference held in Rambouillet, France, from 6 to 22 February 1999.<\/p><p>After the war, Hashim Tha\u00e7i was Prime Minister of the Interim Government of Kosovo from 1999 to 2000.<\/p><p>Hashim Tha\u00e7i was a member of the Interim Administrative Council (IAC), the joint governing structure of the UN Mission in Kosovo (UNMIK) and the Kosovar political class, until 2001 when the first parliamentary elections were held in post-war Kosovo.<\/p><p>In October 1999, Hashim Tha\u00e7i was among the founders of the Party of Democratic Progress of Kosovo (PPDK). At the party&#8217;s first electoral convention in 2000, the party changed its name to the Democratic Party of Kosovo, and Hashim Tha\u00e7i was elected its chairman, a position he held until 26 February 2016.<\/p><p>Hashim Tha\u00e7i was a member of the Unity Team that represented Kosovo in the negotiation process led by the UN Special Envoy, President Martti Ahtisaari, who negotiated the political status of Kosovo, 2005\u20132007.<\/p><p>After the victory of the Democratic Party of Kosovo in the parliamentary elections of 17 November 2007, Hashim Tha\u00e7i was elected Prime Minister of the Government of Kosovo. On February 17th 2008, Prime Minister Hashim Tha\u00e7i declared Kosovo an independent state in the Assembly of Kosovo.<\/p><p>Tha\u00e7i is the first Prime Minister of the Government of the Republic of Kosovo.<\/p><p>Academic experience<\/p><p>Hashim Tha\u00e7i graduated from the Department of History at the University of Pristina. He completed his postgraduate studies in the field of Southeast European History and Political Science at the University of<\/p><p>Zurich in Switzerland (1996 \u2013 1998).<\/p><p>Tha\u00e7i speaks English and German.<\/p><p>He was born on April 24th 1968 in the village of Buroj\u00eb, Skenderaj.<\/p><p>He is married and has a son.<\/p>\t\t\t\t\t\t<\/div>\n\t\t\t\t<\/div>\n\t\t\t\t\t<\/div>\n\t\t<\/div>\n\t\t\t\t\t<\/div>\n\t\t<\/section>\n\t\t\t\t<\/div>\n\t\t","protected":false},"excerpt":{"rendered":"<p>HASHIM THA\u00c7I PRESIDENT OF THE REPUBLIC OF KOSOVO &#8211; (2016 &#8211; 2020) Hashim Tha\u00e7i is the President of the Republic of Kosovo, elected on February 26th 2016 by the Assembly of Kosovo. He assumed office on April 7th 2016, after taking the solemn oath in the Assembly of Kosovo. Before becoming president, Tha\u00e7i served as First Deputy Prime Minister and Minister of Foreign Affairs for one year (2014-2015), as well as Prime Minister of the Republic of Kosovo for two terms (2007-2014). Tha\u00e7i was the first leader of the Democratic Party of Kosovo and was continuously re-elected as the party&#8217;s leader, until his resignation on February 26th 2016, prior to being voted President of Kosovo. Hashim Tha\u00e7i declared Kosovo an independent state on February 17th 2008, led the Kosovo team at the Rambouillet talks in February 1999, and was the political leader of the Kosovo Liberation Army. Tha\u00e7i was the most voted political leader in the June 8, 2014 elections. As Prime Minister of Kosovo, Hashim Tha\u00e7i led the political dialogue between Kosovo and Serbia, which on April 19th 2013 resulted in the signing of an agreement for the normalization of relations. For his commitment to peace and stability, in 2014, Hashim Tha\u00e7i was nominated for the Nobel Peace Prize by US congressmen and senators, as well as representatives of the European Parliament. Political career Hashim Tha\u00e7i&#8217;s political career began with his involvement in the People&#8217;s Movement of Kosovo (LPK), a political movement that aimed to emancipate the position of Albanians in the former Yugoslavia. As a student at the University of Prishtina, Tha\u00e7i became a leader of the Student Movement between 1990 and 1993, years when the Belgrade government closed down Albanian-language university level educational institutions, while the University of Prishtina began to operate outside the institutional system. In 1991, Tha\u00e7i was elected vice-rector-student of the University of Prishtina, where he contributed to the structuring and development of the parallel university teaching process. Hashim Tha\u00e7i is one of the founders of the political-military organization, the Kosovo Liberation Army (KLA). As head of the Political Directorate of the Kosovo Liberation Army, Tha\u00e7i led the Kosovo delegation at the International Conference held in Rambouillet, France, from 6 to 22 February 1999. After the war, Hashim Tha\u00e7i was Prime Minister of the Interim Government of Kosovo from 1999 to 2000. Hashim Tha\u00e7i was a member of the Interim Administrative Council (IAC), the joint governing structure of the UN Mission in Kosovo (UNMIK) and the Kosovar political class, until 2001 when the first parliamentary elections were held in post-war Kosovo. In October 1999, Hashim Tha\u00e7i was among the founders of the Party of Democratic Progress of Kosovo (PPDK). At the party&#8217;s first electoral convention in 2000, the party changed its name to the Democratic Party of Kosovo, and Hashim Tha\u00e7i was elected its chairman, a position he held until 26 February 2016. Hashim Tha\u00e7i was a member of the Unity Team that represented Kosovo in the negotiation process led by the UN Special Envoy, President Martti Ahtisaari, who negotiated the political status of Kosovo, 2005\u20132007. After the victory of the Democratic Party of Kosovo in the parliamentary elections of 17 November 2007, Hashim Tha\u00e7i was elected Prime Minister of the Government of Kosovo. On February 17th 2008, Prime Minister Hashim Tha\u00e7i declared Kosovo an independent state in the Assembly of Kosovo. Tha\u00e7i is the first Prime Minister of the Government of the Republic of Kosovo. Academic experience Hashim Tha\u00e7i graduated from the Department of History at the University of Pristina. He completed his postgraduate studies in the field of Southeast European History and Political Science at the University of Zurich in Switzerland (1996 \u2013 1998). Tha\u00e7i speaks English and German. He was born on April 24th 1968 in the village of Buroj\u00eb, Skenderaj. He is married and has a son.<\/p>\n","protected":false},"author":1,"featured_media":86339,"parent":2778,"menu_order":0,"comment_status":"closed","ping_status":"closed","template":"","meta":{"_eb_attr":"","footnotes":""},"class_list":["post-2808","page","type-page","status-publish","has-post-thumbnail","hentry"],"yoast_head":"<!-- This site is optimized with the Yoast SEO plugin v23.5 - https:\/\/yoast.com\/wordpress\/plugins\/seo\/ -->\n<title>Hashim Tha\u00e7i - President of the Republic of Kosovo - DR. VJOSA OSMANI - SADRIU<\/title>\n<meta name=\"description\" content=\"Hashim Tha\u00e7i - President of the Republic of Kosovo - DR. VJOSA OSMANI - SADRIU -\" \/>\n<meta name=\"robots\" content=\"index, follow, max-snippet:-1, max-image-preview:large, max-video-preview:-1\" \/>\n<link rel=\"canonical\" href=\"https:\/\/president-ksgov.net\/ish-presidentet-e-kosoves\/hashim-thaci\/\" \/>\n<meta property=\"og:locale\" content=\"en_US\" \/>\n<meta property=\"og:type\" content=\"article\" \/>\n<meta property=\"og:title\" content=\"Hashim Tha\u00e7i - President of the Republic of Kosovo - DR. VJOSA OSMANI - SADRIU\" \/>\n<meta property=\"og:description\" content=\"Hashim Tha\u00e7i - President of the Republic of Kosovo - DR. VJOSA OSMANI - SADRIU -\" \/>\n<meta property=\"og:url\" content=\"https:\/\/president-ksgov.net\/ish-presidentet-e-kosoves\/hashim-thaci\/\" \/>\n<meta property=\"og:site_name\" content=\"President of the Republic of Kosovo - DR. VJOSA OSMANI - SADRIU\" \/>\n<meta property=\"article:modified_time\" content=\"2026-03-19T12:05:58+00:00\" \/>\n<meta property=\"og:image\" content=\"https:\/\/president-ksgov.net\/wp-content\/uploads\/Zyra-e-Presidentes-Featured-Image1-e1678970937938.png\" \/>\n\t<meta property=\"og:image:width\" content=\"1024\" \/>\n\t<meta property=\"og:image:height\" content=\"800\" \/>\n\t<meta property=\"og:image:type\" content=\"image\/png\" \/>\n<meta name=\"twitter:card\" content=\"summary_large_image\" \/>\n<meta name=\"twitter:label1\" content=\"Est. reading time\" \/>\n\t<meta name=\"twitter:data1\" content=\"3 minutes\" \/>\n<script type=\"application\/ld+json\" class=\"yoast-schema-graph\">{\"@context\":\"https:\/\/schema.org\",\"@graph\":[{\"@type\":\"WebPage\",\"@id\":\"https:\/\/president-ksgov.net\/ish-presidentet-e-kosoves\/hashim-thaci\/\",\"url\":\"https:\/\/president-ksgov.net\/ish-presidentet-e-kosoves\/hashim-thaci\/\",\"name\":\"Hashim Tha\u00e7i - President of the Republic of Kosovo - DR. VJOSA OSMANI - SADRIU\",\"isPartOf\":{\"@id\":\"https:\/\/president-ksgov.net\/#website\"},\"primaryImageOfPage\":{\"@id\":\"https:\/\/president-ksgov.net\/ish-presidentet-e-kosoves\/hashim-thaci\/#primaryimage\"},\"image\":{\"@id\":\"https:\/\/president-ksgov.net\/ish-presidentet-e-kosoves\/hashim-thaci\/#primaryimage\"},\"thumbnailUrl\":\"https:\/\/president-ksgov.net\/wp-content\/uploads\/Zyra-e-Presidentes-Featured-Image1-e1678970937938.png\",\"datePublished\":\"2023-02-13T12:46:12+00:00\",\"dateModified\":\"2026-03-19T12:05:58+00:00\",\"description\":\"Hashim Tha\u00e7i - President of the Republic of Kosovo - DR. VJOSA OSMANI - SADRIU -\",\"breadcrumb\":{\"@id\":\"https:\/\/president-ksgov.net\/ish-presidentet-e-kosoves\/hashim-thaci\/#breadcrumb\"},\"inLanguage\":\"en-US\",\"potentialAction\":[{\"@type\":\"ReadAction\",\"target\":[\"https:\/\/president-ksgov.net\/ish-presidentet-e-kosoves\/hashim-thaci\/\"]}]},{\"@type\":\"ImageObject\",\"inLanguage\":\"en-US\",\"@id\":\"https:\/\/president-ksgov.net\/ish-presidentet-e-kosoves\/hashim-thaci\/#primaryimage\",\"url\":\"https:\/\/president-ksgov.net\/wp-content\/uploads\/Zyra-e-Presidentes-Featured-Image1-e1678970937938.png\",\"contentUrl\":\"https:\/\/president-ksgov.net\/wp-content\/uploads\/Zyra-e-Presidentes-Featured-Image1-e1678970937938.png\",\"width\":1024,\"height\":800},{\"@type\":\"BreadcrumbList\",\"@id\":\"https:\/\/president-ksgov.net\/ish-presidentet-e-kosoves\/hashim-thaci\/#breadcrumb\",\"itemListElement\":[{\"@type\":\"ListItem\",\"position\":1,\"name\":\"Home\",\"item\":\"https:\/\/president-ksgov.net\/en\/\"},{\"@type\":\"ListItem\",\"position\":2,\"name\":\"Former Presidents of Kosovo\",\"item\":\"https:\/\/president-ksgov.net\/ish-presidentet-e-kosoves\/\"},{\"@type\":\"ListItem\",\"position\":3,\"name\":\"Hashim Tha\u00e7i\"}]},{\"@type\":\"WebSite\",\"@id\":\"https:\/\/president-ksgov.net\/#website\",\"url\":\"https:\/\/president-ksgov.net\/\",\"name\":\"Presidente e Republik\u00ebs s\u00eb Kosov\u00ebs\",\"description\":\"Presidente e Republik\u00ebs s\u00eb Kosov\u00ebs\",\"alternateName\":\"DR. VJOSA OSMANI - SADRIU\",\"potentialAction\":[{\"@type\":\"SearchAction\",\"target\":{\"@type\":\"EntryPoint\",\"urlTemplate\":\"https:\/\/president-ksgov.net\/?s={search_term_string}\"},\"query-input\":{\"@type\":\"PropertyValueSpecification\",\"valueRequired\":true,\"valueName\":\"search_term_string\"}}],\"inLanguage\":\"en-US\"}]}<\/script>\n<!-- \/ Yoast SEO plugin. -->","yoast_head_json":{"title":"Hashim Tha\u00e7i - President of the Republic of Kosovo - DR. VJOSA OSMANI - SADRIU","description":"Hashim Tha\u00e7i - President of the Republic of Kosovo - DR. VJOSA OSMANI - SADRIU -","robots":{"index":"index","follow":"follow","max-snippet":"max-snippet:-1","max-image-preview":"max-image-preview:large","max-video-preview":"max-video-preview:-1"},"canonical":"https:\/\/president-ksgov.net\/ish-presidentet-e-kosoves\/hashim-thaci\/","og_locale":"en_US","og_type":"article","og_title":"Hashim Tha\u00e7i - President of the Republic of Kosovo - DR. VJOSA OSMANI - SADRIU","og_description":"Hashim Tha\u00e7i - President of the Republic of Kosovo - DR. VJOSA OSMANI - SADRIU -","og_url":"https:\/\/president-ksgov.net\/ish-presidentet-e-kosoves\/hashim-thaci\/","og_site_name":"President of the Republic of Kosovo - DR. VJOSA OSMANI - SADRIU","article_modified_time":"2026-03-19T12:05:58+00:00","og_image":[{"width":1024,"height":800,"url":"https:\/\/president-ksgov.net\/wp-content\/uploads\/Zyra-e-Presidentes-Featured-Image1-e1678970937938.png","type":"image\/png"}],"twitter_card":"summary_large_image","twitter_misc":{"Est. reading time":"3 minutes"},"schema":{"@context":"https:\/\/schema.org","@graph":[{"@type":"WebPage","@id":"https:\/\/president-ksgov.net\/ish-presidentet-e-kosoves\/hashim-thaci\/","url":"https:\/\/president-ksgov.net\/ish-presidentet-e-kosoves\/hashim-thaci\/","name":"Hashim Tha\u00e7i - President of the Republic of Kosovo - DR. VJOSA OSMANI - SADRIU","isPartOf":{"@id":"https:\/\/president-ksgov.net\/#website"},"primaryImageOfPage":{"@id":"https:\/\/president-ksgov.net\/ish-presidentet-e-kosoves\/hashim-thaci\/#primaryimage"},"image":{"@id":"https:\/\/president-ksgov.net\/ish-presidentet-e-kosoves\/hashim-thaci\/#primaryimage"},"thumbnailUrl":"https:\/\/president-ksgov.net\/wp-content\/uploads\/Zyra-e-Presidentes-Featured-Image1-e1678970937938.png","datePublished":"2023-02-13T12:46:12+00:00","dateModified":"2026-03-19T12:05:58+00:00","description":"Hashim Tha\u00e7i - President of the Republic of Kosovo - DR. VJOSA OSMANI - SADRIU -","breadcrumb":{"@id":"https:\/\/president-ksgov.net\/ish-presidentet-e-kosoves\/hashim-thaci\/#breadcrumb"},"inLanguage":"en-US","potentialAction":[{"@type":"ReadAction","target":["https:\/\/president-ksgov.net\/ish-presidentet-e-kosoves\/hashim-thaci\/"]}]},{"@type":"ImageObject","inLanguage":"en-US","@id":"https:\/\/president-ksgov.net\/ish-presidentet-e-kosoves\/hashim-thaci\/#primaryimage","url":"https:\/\/president-ksgov.net\/wp-content\/uploads\/Zyra-e-Presidentes-Featured-Image1-e1678970937938.png","contentUrl":"https:\/\/president-ksgov.net\/wp-content\/uploads\/Zyra-e-Presidentes-Featured-Image1-e1678970937938.png","width":1024,"height":800},{"@type":"BreadcrumbList","@id":"https:\/\/president-ksgov.net\/ish-presidentet-e-kosoves\/hashim-thaci\/#breadcrumb","itemListElement":[{"@type":"ListItem","position":1,"name":"Home","item":"https:\/\/president-ksgov.net\/en\/"},{"@type":"ListItem","position":2,"name":"Former Presidents of Kosovo","item":"https:\/\/president-ksgov.net\/ish-presidentet-e-kosoves\/"},{"@type":"ListItem","position":3,"name":"Hashim Tha\u00e7i"}]},{"@type":"WebSite","@id":"https:\/\/president-ksgov.net\/#website","url":"https:\/\/president-ksgov.net\/","name":"Presidente e Republik\u00ebs s\u00eb Kosov\u00ebs","description":"Presidente e Republik\u00ebs s\u00eb Kosov\u00ebs","alternateName":"DR. VJOSA OSMANI - SADRIU","potentialAction":[{"@type":"SearchAction","target":{"@type":"EntryPoint","urlTemplate":"https:\/\/president-ksgov.net\/?s={search_term_string}"},"query-input":{"@type":"PropertyValueSpecification","valueRequired":true,"valueName":"search_term_string"}}],"inLanguage":"en-US"}]}},"_links":{"self":[{"href":"https:\/\/president-ksgov.net\/en\/wp-json\/wp\/v2\/pages\/2808","targetHints":{"allow":["GET"]}}],"collection":[{"href":"https:\/\/president-ksgov.net\/en\/wp-json\/wp\/v2\/pages"}],"about":[{"href":"https:\/\/president-ksgov.net\/en\/wp-json\/wp\/v2\/types\/page"}],"author":[{"embeddable":true,"href":"https:\/\/president-ksgov.net\/en\/wp-json\/wp\/v2\/users\/1"}],"replies":[{"embeddable":true,"href":"https:\/\/president-ksgov.net\/en\/wp-json\/wp\/v2\/comments?post=2808"}],"version-history":[{"count":40,"href":"https:\/\/president-ksgov.net\/en\/wp-json\/wp\/v2\/pages\/2808\/revisions"}],"predecessor-version":[{"id":185123,"href":"https:\/\/president-ksgov.net\/en\/wp-json\/wp\/v2\/pages\/2808\/revisions\/185123"}],"up":[{"embeddable":true,"href":"https:\/\/president-ksgov.net\/en\/wp-json\/wp\/v2\/pages\/2778"}],"wp:featuredmedia":[{"embeddable":true,"href":"https:\/\/president-ksgov.net\/en\/wp-json\/wp\/v2\/media\/86339"}],"wp:attachment":[{"href":"https:\/\/president-ksgov.net\/en\/wp-json\/wp\/v2\/media?parent=2808"}],"curies":[{"name":"wp","href":"https:\/\/api.w.org\/{rel}","templated":true}]}}