{"id":2806,"date":"2023-02-13T13:41:14","date_gmt":"2023-02-13T12:41:14","guid":{"rendered":"https:\/\/dev.president-ksgov.net\/glauk-konjufca\/"},"modified":"2026-03-19T11:26:43","modified_gmt":"2026-03-19T10:26:43","slug":"glauk-konjufca","status":"publish","type":"page","link":"https:\/\/president-ksgov.net\/en\/former-presidents-of-kosovo\/glauk-konjufca\/","title":{"rendered":"Glauk Konjufca"},"content":{"rendered":"\t\t<div data-elementor-type=\"wp-page\" data-elementor-id=\"2806\" class=\"elementor elementor-2806 elementor-2064\">\n\t\t\t\t\t\t<section class=\"elementor-section elementor-top-section elementor-element elementor-element-b1ac3dc elementor-section-boxed elementor-section-height-default elementor-section-height-default wpr-particle-no wpr-jarallax-no wpr-parallax-no wpr-sticky-section-no\" data-id=\"b1ac3dc\" data-element_type=\"section\">\n\t\t\t\t\t\t<div class=\"elementor-container elementor-column-gap-default\">\n\t\t\t\t\t<div class=\"elementor-column elementor-col-100 elementor-top-column elementor-element elementor-element-3cf065c\" data-id=\"3cf065c\" data-element_type=\"column\">\n\t\t\t<div class=\"elementor-widget-wrap elementor-element-populated\">\n\t\t\t\t\t\t<div class=\"elementor-element elementor-element-a9b6c62 elementor-position-left elementor-vertical-align-middle elementor-widget elementor-widget-image-box\" data-id=\"a9b6c62\" data-element_type=\"widget\" data-widget_type=\"image-box.default\">\n\t\t\t\t<div class=\"elementor-widget-container\">\n\t\t\t<div class=\"elementor-image-box-wrapper\"><figure class=\"elementor-image-box-img\"><img fetchpriority=\"high\" decoding=\"async\" width=\"666\" height=\"661\" src=\"https:\/\/president-ksgov.net\/wp-content\/uploads\/Screenshot-2023-03-15-at-09.55.11.png\" class=\"attachment-full size-full wp-image-86108\" alt=\"\" srcset=\"https:\/\/president-ksgov.net\/wp-content\/uploads\/Screenshot-2023-03-15-at-09.55.11.png 666w, https:\/\/president-ksgov.net\/wp-content\/uploads\/Screenshot-2023-03-15-at-09.55.11-300x298.png 300w, https:\/\/president-ksgov.net\/wp-content\/uploads\/Screenshot-2023-03-15-at-09.55.11-150x150.png 150w, https:\/\/president-ksgov.net\/wp-content\/uploads\/Screenshot-2023-03-15-at-09.55.11-453x450.png 453w, https:\/\/president-ksgov.net\/wp-content\/uploads\/Screenshot-2023-03-15-at-09.55.11-100x100.png 100w\" sizes=\"(max-width: 666px) 100vw, 666px\" \/><\/figure><div class=\"elementor-image-box-content\"><h3 class=\"elementor-image-box-title\">GLAUK KONJUFCA<\/h3><p class=\"elementor-image-box-description\">ACTING PRESIDENT OF THE REPUBLIC OF KOSOVO - ( MARCH 22 2021 - APRIL 4 2021)<\/p><\/div><\/div>\t\t<\/div>\n\t\t\t\t<\/div>\n\t\t\t\t\t<\/div>\n\t\t<\/div>\n\t\t\t\t\t<\/div>\n\t\t<\/section>\n\t\t\t\t<section class=\"elementor-section elementor-top-section elementor-element elementor-element-51d2e51 elementor-section-boxed elementor-section-height-default elementor-section-height-default wpr-particle-no wpr-jarallax-no wpr-parallax-no wpr-sticky-section-no\" data-id=\"51d2e51\" data-element_type=\"section\">\n\t\t\t\t\t\t<div class=\"elementor-container elementor-column-gap-default\">\n\t\t\t\t\t<div class=\"elementor-column elementor-col-100 elementor-top-column elementor-element elementor-element-91aadce\" data-id=\"91aadce\" data-element_type=\"column\">\n\t\t\t<div class=\"elementor-widget-wrap elementor-element-populated\">\n\t\t\t\t\t\t<div class=\"elementor-element elementor-element-9a5fc0b elementor-widget elementor-widget-text-editor\" data-id=\"9a5fc0b\" data-element_type=\"widget\" data-widget_type=\"text-editor.default\">\n\t\t\t\t<div class=\"elementor-widget-container\">\n\t\t\t\t\t\t\t<div class=\"wp-block-columns\"><div class=\"wp-block-column\"><p class=\"has-text-align-left has-medium-font-size\">Glauk Konjufca was born in July 1981, in Prishtina. He completed his studies in Philosophy at the Faculty of Philosophy, University of Prishtina.<\/p><\/div><\/div><p>He has been active in the VET\u00cbVENDOSJE! Movement since its beginnings. He is a scholar of philosophy and, among many writings in this field, has published the book \u201cHuti i minerv\u00ebs fluturon n\u00eb muzg G.W.F. Hegel\u201d. In 2010, he was elected a deputy of the VET\u00cbVENDOSJE! Movement at the 4th legislature of the Assembly of the Republic of Kosovo. In 2011-2014, he was the Deputy Speaker of the Assembly of the Republic of Kosovo.<\/p><p>In 2014, he was elected a deputy and appointed as the head of the VET\u00cbVENDOSJE! Parliamentary Group. In the same year, he was appointed as Deputy Speaker of the Assembly until March 12, 2015. In the 5th legislature, he was Deputy Chair of the Committee on Economic Development, Infrastructure, Trade and Industry in the Assembly of Kosovo. In the 6th legislature, he was elected Chair of the VET\u00cbVENDOSJE! Movement Parliamentary Group, and was a member of the Committee on Economic Development and the Committee on Foreign Affairs.<\/p><p>In the October 2019 elections, Mr. Konjufca was elected as a deputy and on December 26 of that year, he was nominated and elected Speaker of the Assembly of Kosovo until February 3, 2020. With the formation of the Kurti Government, Glauk Konjufca was appointed as Minister in the Ministry of Foreign Affairs and Diaspora until June 2020.<\/p><p>He is married and has two children.<\/p>\t\t\t\t\t\t<\/div>\n\t\t\t\t<\/div>\n\t\t\t\t\t<\/div>\n\t\t<\/div>\n\t\t\t\t\t<\/div>\n\t\t<\/section>\n\t\t\t\t<\/div>\n\t\t","protected":false},"excerpt":{"rendered":"<p>GLAUK KONJUFCA ACTING PRESIDENT OF THE REPUBLIC OF KOSOVO &#8211; ( MARCH 22 2021 &#8211; APRIL 4 2021) Glauk Konjufca was born in July 1981, in Prishtina. He completed his studies in Philosophy at the Faculty of Philosophy, University of Prishtina. He has been active in the VET\u00cbVENDOSJE! Movement since its beginnings. He is a scholar of philosophy and, among many writings in this field, has published the book \u201cHuti i minerv\u00ebs fluturon n\u00eb muzg G.W.F. Hegel\u201d. In 2010, he was elected a deputy of the VET\u00cbVENDOSJE! Movement at the 4th legislature of the Assembly of the Republic of Kosovo. In 2011-2014, he was the Deputy Speaker of the Assembly of the Republic of Kosovo. In 2014, he was elected a deputy and appointed as the head of the VET\u00cbVENDOSJE! Parliamentary Group. In the same year, he was appointed as Deputy Speaker of the Assembly until March 12, 2015. In the 5th legislature, he was Deputy Chair of the Committee on Economic Development, Infrastructure, Trade and Industry in the Assembly of Kosovo. In the 6th legislature, he was elected Chair of the VET\u00cbVENDOSJE! Movement Parliamentary Group, and was a member of the Committee on Economic Development and the Committee on Foreign Affairs. In the October 2019 elections, Mr. Konjufca was elected as a deputy and on December 26 of that year, he was nominated and elected Speaker of the Assembly of Kosovo until February 3, 2020. With the formation of the Kurti Government, Glauk Konjufca was appointed as Minister in the Ministry of Foreign Affairs and Diaspora until June 2020. He is married and has two children.<\/p>\n","protected":false},"author":1,"featured_media":86339,"parent":2778,"menu_order":0,"comment_status":"closed","ping_status":"closed","template":"","meta":{"_eb_attr":"","footnotes":""},"class_list":["post-2806","page","type-page","status-publish","has-post-thumbnail","hentry"],"yoast_head":"<!-- This site is optimized with the Yoast SEO plugin v23.5 - https:\/\/yoast.com\/wordpress\/plugins\/seo\/ -->\n<title>Glauk Konjufca - President of the Republic of Kosovo - DR. VJOSA OSMANI - SADRIU<\/title>\n<meta name=\"description\" content=\"Glauk Konjufca - President of the Republic of Kosovo - DR. VJOSA OSMANI - SADRIU -\" \/>\n<meta name=\"robots\" content=\"index, follow, max-snippet:-1, max-image-preview:large, max-video-preview:-1\" \/>\n<link rel=\"canonical\" href=\"https:\/\/president-ksgov.net\/en\/former-presidents-of-kosovo\/glauk-konjufca\/\" \/>\n<meta property=\"og:locale\" content=\"en_US\" \/>\n<meta property=\"og:type\" content=\"article\" \/>\n<meta property=\"og:title\" content=\"Glauk Konjufca - President of the Republic of Kosovo - DR. VJOSA OSMANI - SADRIU\" \/>\n<meta property=\"og:description\" content=\"Glauk Konjufca - President of the Republic of Kosovo - DR. VJOSA OSMANI - SADRIU -\" \/>\n<meta property=\"og:url\" content=\"https:\/\/president-ksgov.net\/en\/former-presidents-of-kosovo\/glauk-konjufca\/\" \/>\n<meta property=\"og:site_name\" content=\"President of the Republic of Kosovo - DR. VJOSA OSMANI - SADRIU\" \/>\n<meta property=\"article:modified_time\" content=\"2026-03-19T10:26:43+00:00\" \/>\n<meta property=\"og:image\" content=\"https:\/\/president-ksgov.net\/wp-content\/uploads\/Zyra-e-Presidentes-Featured-Image1-e1678970937938.png\" \/>\n\t<meta property=\"og:image:width\" content=\"1024\" \/>\n\t<meta property=\"og:image:height\" content=\"800\" \/>\n\t<meta property=\"og:image:type\" content=\"image\/png\" \/>\n<meta name=\"twitter:card\" content=\"summary_large_image\" \/>\n<meta name=\"twitter:label1\" content=\"Est. reading time\" \/>\n\t<meta name=\"twitter:data1\" content=\"2 minutes\" \/>\n<script type=\"application\/ld+json\" class=\"yoast-schema-graph\">{\"@context\":\"https:\/\/schema.org\",\"@graph\":[{\"@type\":\"WebPage\",\"@id\":\"https:\/\/president-ksgov.net\/en\/former-presidents-of-kosovo\/glauk-konjufca\/\",\"url\":\"https:\/\/president-ksgov.net\/en\/former-presidents-of-kosovo\/glauk-konjufca\/\",\"name\":\"Glauk Konjufca - President of the Republic of Kosovo - DR. VJOSA OSMANI - SADRIU\",\"isPartOf\":{\"@id\":\"https:\/\/president-ksgov.net\/#website\"},\"primaryImageOfPage\":{\"@id\":\"https:\/\/president-ksgov.net\/en\/former-presidents-of-kosovo\/glauk-konjufca\/#primaryimage\"},\"image\":{\"@id\":\"https:\/\/president-ksgov.net\/en\/former-presidents-of-kosovo\/glauk-konjufca\/#primaryimage\"},\"thumbnailUrl\":\"https:\/\/president-ksgov.net\/wp-content\/uploads\/Zyra-e-Presidentes-Featured-Image1-e1678970937938.png\",\"datePublished\":\"2023-02-13T12:41:14+00:00\",\"dateModified\":\"2026-03-19T10:26:43+00:00\",\"description\":\"Glauk Konjufca - President of the Republic of Kosovo - DR. VJOSA OSMANI - SADRIU -\",\"breadcrumb\":{\"@id\":\"https:\/\/president-ksgov.net\/en\/former-presidents-of-kosovo\/glauk-konjufca\/#breadcrumb\"},\"inLanguage\":\"en-US\",\"potentialAction\":[{\"@type\":\"ReadAction\",\"target\":[\"https:\/\/president-ksgov.net\/en\/former-presidents-of-kosovo\/glauk-konjufca\/\"]}]},{\"@type\":\"ImageObject\",\"inLanguage\":\"en-US\",\"@id\":\"https:\/\/president-ksgov.net\/en\/former-presidents-of-kosovo\/glauk-konjufca\/#primaryimage\",\"url\":\"https:\/\/president-ksgov.net\/wp-content\/uploads\/Zyra-e-Presidentes-Featured-Image1-e1678970937938.png\",\"contentUrl\":\"https:\/\/president-ksgov.net\/wp-content\/uploads\/Zyra-e-Presidentes-Featured-Image1-e1678970937938.png\",\"width\":1024,\"height\":800},{\"@type\":\"BreadcrumbList\",\"@id\":\"https:\/\/president-ksgov.net\/en\/former-presidents-of-kosovo\/glauk-konjufca\/#breadcrumb\",\"itemListElement\":[{\"@type\":\"ListItem\",\"position\":1,\"name\":\"Home\",\"item\":\"https:\/\/president-ksgov.net\/en\/\"},{\"@type\":\"ListItem\",\"position\":2,\"name\":\"Former Presidents of Kosovo\",\"item\":\"https:\/\/president-ksgov.net\/ish-presidentet-e-kosoves\/\"},{\"@type\":\"ListItem\",\"position\":3,\"name\":\"Glauk Konjufca\"}]},{\"@type\":\"WebSite\",\"@id\":\"https:\/\/president-ksgov.net\/#website\",\"url\":\"https:\/\/president-ksgov.net\/\",\"name\":\"Presidente e Republik\u00ebs s\u00eb Kosov\u00ebs\",\"description\":\"Presidente e Republik\u00ebs s\u00eb Kosov\u00ebs\",\"alternateName\":\"DR. VJOSA OSMANI - SADRIU\",\"potentialAction\":[{\"@type\":\"SearchAction\",\"target\":{\"@type\":\"EntryPoint\",\"urlTemplate\":\"https:\/\/president-ksgov.net\/?s={search_term_string}\"},\"query-input\":{\"@type\":\"PropertyValueSpecification\",\"valueRequired\":true,\"valueName\":\"search_term_string\"}}],\"inLanguage\":\"en-US\"}]}<\/script>\n<!-- \/ Yoast SEO plugin. -->","yoast_head_json":{"title":"Glauk Konjufca - President of the Republic of Kosovo - DR. VJOSA OSMANI - SADRIU","description":"Glauk Konjufca - President of the Republic of Kosovo - DR. VJOSA OSMANI - SADRIU -","robots":{"index":"index","follow":"follow","max-snippet":"max-snippet:-1","max-image-preview":"max-image-preview:large","max-video-preview":"max-video-preview:-1"},"canonical":"https:\/\/president-ksgov.net\/en\/former-presidents-of-kosovo\/glauk-konjufca\/","og_locale":"en_US","og_type":"article","og_title":"Glauk Konjufca - President of the Republic of Kosovo - DR. VJOSA OSMANI - SADRIU","og_description":"Glauk Konjufca - President of the Republic of Kosovo - DR. VJOSA OSMANI - SADRIU -","og_url":"https:\/\/president-ksgov.net\/en\/former-presidents-of-kosovo\/glauk-konjufca\/","og_site_name":"President of the Republic of Kosovo - DR. VJOSA OSMANI - SADRIU","article_modified_time":"2026-03-19T10:26:43+00:00","og_image":[{"width":1024,"height":800,"url":"https:\/\/president-ksgov.net\/wp-content\/uploads\/Zyra-e-Presidentes-Featured-Image1-e1678970937938.png","type":"image\/png"}],"twitter_card":"summary_large_image","twitter_misc":{"Est. reading time":"2 minutes"},"schema":{"@context":"https:\/\/schema.org","@graph":[{"@type":"WebPage","@id":"https:\/\/president-ksgov.net\/en\/former-presidents-of-kosovo\/glauk-konjufca\/","url":"https:\/\/president-ksgov.net\/en\/former-presidents-of-kosovo\/glauk-konjufca\/","name":"Glauk Konjufca - President of the Republic of Kosovo - DR. VJOSA OSMANI - SADRIU","isPartOf":{"@id":"https:\/\/president-ksgov.net\/#website"},"primaryImageOfPage":{"@id":"https:\/\/president-ksgov.net\/en\/former-presidents-of-kosovo\/glauk-konjufca\/#primaryimage"},"image":{"@id":"https:\/\/president-ksgov.net\/en\/former-presidents-of-kosovo\/glauk-konjufca\/#primaryimage"},"thumbnailUrl":"https:\/\/president-ksgov.net\/wp-content\/uploads\/Zyra-e-Presidentes-Featured-Image1-e1678970937938.png","datePublished":"2023-02-13T12:41:14+00:00","dateModified":"2026-03-19T10:26:43+00:00","description":"Glauk Konjufca - President of the Republic of Kosovo - DR. VJOSA OSMANI - SADRIU -","breadcrumb":{"@id":"https:\/\/president-ksgov.net\/en\/former-presidents-of-kosovo\/glauk-konjufca\/#breadcrumb"},"inLanguage":"en-US","potentialAction":[{"@type":"ReadAction","target":["https:\/\/president-ksgov.net\/en\/former-presidents-of-kosovo\/glauk-konjufca\/"]}]},{"@type":"ImageObject","inLanguage":"en-US","@id":"https:\/\/president-ksgov.net\/en\/former-presidents-of-kosovo\/glauk-konjufca\/#primaryimage","url":"https:\/\/president-ksgov.net\/wp-content\/uploads\/Zyra-e-Presidentes-Featured-Image1-e1678970937938.png","contentUrl":"https:\/\/president-ksgov.net\/wp-content\/uploads\/Zyra-e-Presidentes-Featured-Image1-e1678970937938.png","width":1024,"height":800},{"@type":"BreadcrumbList","@id":"https:\/\/president-ksgov.net\/en\/former-presidents-of-kosovo\/glauk-konjufca\/#breadcrumb","itemListElement":[{"@type":"ListItem","position":1,"name":"Home","item":"https:\/\/president-ksgov.net\/en\/"},{"@type":"ListItem","position":2,"name":"Former Presidents of Kosovo","item":"https:\/\/president-ksgov.net\/ish-presidentet-e-kosoves\/"},{"@type":"ListItem","position":3,"name":"Glauk Konjufca"}]},{"@type":"WebSite","@id":"https:\/\/president-ksgov.net\/#website","url":"https:\/\/president-ksgov.net\/","name":"Presidente e Republik\u00ebs s\u00eb Kosov\u00ebs","description":"Presidente e Republik\u00ebs s\u00eb Kosov\u00ebs","alternateName":"DR. VJOSA OSMANI - SADRIU","potentialAction":[{"@type":"SearchAction","target":{"@type":"EntryPoint","urlTemplate":"https:\/\/president-ksgov.net\/?s={search_term_string}"},"query-input":{"@type":"PropertyValueSpecification","valueRequired":true,"valueName":"search_term_string"}}],"inLanguage":"en-US"}]}},"_links":{"self":[{"href":"https:\/\/president-ksgov.net\/en\/wp-json\/wp\/v2\/pages\/2806","targetHints":{"allow":["GET"]}}],"collection":[{"href":"https:\/\/president-ksgov.net\/en\/wp-json\/wp\/v2\/pages"}],"about":[{"href":"https:\/\/president-ksgov.net\/en\/wp-json\/wp\/v2\/types\/page"}],"author":[{"embeddable":true,"href":"https:\/\/president-ksgov.net\/en\/wp-json\/wp\/v2\/users\/1"}],"replies":[{"embeddable":true,"href":"https:\/\/president-ksgov.net\/en\/wp-json\/wp\/v2\/comments?post=2806"}],"version-history":[{"count":38,"href":"https:\/\/president-ksgov.net\/en\/wp-json\/wp\/v2\/pages\/2806\/revisions"}],"predecessor-version":[{"id":185090,"href":"https:\/\/president-ksgov.net\/en\/wp-json\/wp\/v2\/pages\/2806\/revisions\/185090"}],"up":[{"embeddable":true,"href":"https:\/\/president-ksgov.net\/en\/wp-json\/wp\/v2\/pages\/2778"}],"wp:featuredmedia":[{"embeddable":true,"href":"https:\/\/president-ksgov.net\/en\/wp-json\/wp\/v2\/media\/86339"}],"wp:attachment":[{"href":"https:\/\/president-ksgov.net\/en\/wp-json\/wp\/v2\/media?parent=2806"}],"curies":[{"name":"wp","href":"https:\/\/api.w.org\/{rel}","templated":true}]}}