{"id":2800,"date":"2023-02-13T14:16:29","date_gmt":"2023-02-13T13:16:29","guid":{"rendered":"https:\/\/dev.president-ksgov.net\/dr-fatmir-sejdiu\/"},"modified":"2026-03-19T13:18:07","modified_gmt":"2026-03-19T12:18:07","slug":"dr-fatmir-sejdiu","status":"publish","type":"page","link":"https:\/\/president-ksgov.net\/en\/former-presidents-of-kosovo\/dr-fatmir-sejdiu\/","title":{"rendered":"Dr. Fatmir Sejdiu"},"content":{"rendered":"\t\t<div data-elementor-type=\"wp-page\" data-elementor-id=\"2800\" class=\"elementor elementor-2800 elementor-2114\">\n\t\t\t\t\t\t<section class=\"elementor-section elementor-top-section elementor-element elementor-element-5f0ee7a elementor-section-boxed elementor-section-height-default elementor-section-height-default wpr-particle-no wpr-jarallax-no wpr-parallax-no wpr-sticky-section-no\" data-id=\"5f0ee7a\" data-element_type=\"section\">\n\t\t\t\t\t\t<div class=\"elementor-container elementor-column-gap-default\">\n\t\t\t\t\t<div class=\"elementor-column elementor-col-100 elementor-top-column elementor-element elementor-element-622035d\" data-id=\"622035d\" data-element_type=\"column\">\n\t\t\t<div class=\"elementor-widget-wrap elementor-element-populated\">\n\t\t\t\t\t\t<div class=\"elementor-element elementor-element-07a3a07 elementor-position-left elementor-vertical-align-middle elementor-widget elementor-widget-image-box\" data-id=\"07a3a07\" data-element_type=\"widget\" data-widget_type=\"image-box.default\">\n\t\t\t\t<div class=\"elementor-widget-container\">\n\t\t\t<div class=\"elementor-image-box-wrapper\"><figure class=\"elementor-image-box-img\"><img fetchpriority=\"high\" decoding=\"async\" width=\"800\" height=\"1120\" src=\"https:\/\/president-ksgov.net\/wp-content\/uploads\/Fatmir_Sejdiu1_OFFICIAL_IMAGE.jpg\" class=\"attachment-full size-full wp-image-87898\" alt=\"\" srcset=\"https:\/\/president-ksgov.net\/wp-content\/uploads\/Fatmir_Sejdiu1_OFFICIAL_IMAGE.jpg 800w, https:\/\/president-ksgov.net\/wp-content\/uploads\/Fatmir_Sejdiu1_OFFICIAL_IMAGE-214x300.jpg 214w, https:\/\/president-ksgov.net\/wp-content\/uploads\/Fatmir_Sejdiu1_OFFICIAL_IMAGE-731x1024.jpg 731w, https:\/\/president-ksgov.net\/wp-content\/uploads\/Fatmir_Sejdiu1_OFFICIAL_IMAGE-768x1075.jpg 768w, https:\/\/president-ksgov.net\/wp-content\/uploads\/Fatmir_Sejdiu1_OFFICIAL_IMAGE-321x450.jpg 321w\" sizes=\"(max-width: 800px) 100vw, 800px\" \/><\/figure><div class=\"elementor-image-box-content\"><h3 class=\"elementor-image-box-title\">DR. FATMIR SEJDIU<\/h3><p class=\"elementor-image-box-description\">FIRST PRESIDENT OF THE REPUBLIC OF KOSOVO - (2006-2010)<\/p><\/div><\/div>\t\t<\/div>\n\t\t\t\t<\/div>\n\t\t\t\t\t<\/div>\n\t\t<\/div>\n\t\t\t\t\t<\/div>\n\t\t<\/section>\n\t\t\t\t<section class=\"elementor-section elementor-top-section elementor-element elementor-element-622f660 elementor-section-boxed elementor-section-height-default elementor-section-height-default wpr-particle-no wpr-jarallax-no wpr-parallax-no wpr-sticky-section-no\" data-id=\"622f660\" data-element_type=\"section\">\n\t\t\t\t\t\t<div class=\"elementor-container elementor-column-gap-default\">\n\t\t\t\t\t<div class=\"elementor-column elementor-col-100 elementor-top-column elementor-element elementor-element-19f622b\" data-id=\"19f622b\" data-element_type=\"column\">\n\t\t\t<div class=\"elementor-widget-wrap elementor-element-populated\">\n\t\t\t\t\t\t<div class=\"elementor-element elementor-element-5ff6904 elementor-widget elementor-widget-text-editor\" data-id=\"5ff6904\" data-element_type=\"widget\" data-widget_type=\"text-editor.default\">\n\t\t\t\t<div class=\"elementor-widget-container\">\n\t\t\t\t\t\t\t<div class=\"wp-block-columns\"><div class=\"wp-block-column\"><p>Dr. Fatmir Sejdiu was born on October 23, 1951 in Pakashtic\u00eb, Podujev\u00eb municipality of Podujev\u00eb, Kosovo. He completed his primary and secondary education in Podujev\u00eb.<\/p><p>He graduated from the Faculty of Law at the University of Prishtina in 1974, where he also completed his postgraduate studies, and defended his doctoral dissertation.<\/p><p>He was a lecturer at the Faculty of Law and the Faculty of Political Science of the University of Prishtina with the title of full professor for 33 consecutive years. For in-depth studies, he stayed in France (University \u201cParis 2\u201d, in 1984, at the Section of History of Institutions of Economics, Philosophy and Sociology of Law and History of Political Ideas) and in the USA (Arizona State University, for 4 months), and he had shorter study stays at other universities. He has published many scientific works in the legal \u2013 historical and legal \u2013 constitutional fields, as well as special books in these fields.<\/p><p>Fatmir Sejdiu was a participant of the founding Assembly of the Democratic League of Kosovo (LDK) on December 23, 1989. At the First Electoral Assembly, in 1991, he was elected a member of the General Council and in 1992 a member of the Presidency of the LDK, while in 1994 he was the Secretary General of the LDK. He also exercised this function from 2004-2006.<\/p><p>On December 9th 2006, he was elected chairman of the Democratic League of Kosovo, a position he held until 2010.<\/p><p>He was a member of the Central Commission for the Organization of the Referendum on the Independence of Kosovo held in 1991.<\/p><p>He was elected a deputy at the Assembly of the Republic of Kosovo in 1992 and 1998. Likewise, in 1998, he was elected Secretary General of the Assembly and Chairman of the Committee on Constitutional Affairs. In 2001, in the first democratic post-war elections, he was elected a deputy at the Assembly of Kosovo and a member of the Presidency of the Assembly, in which capacity he was re-elected again in 2004.<\/p><p>On February 10th 2006, Fatmir Sejdiu was elected President of the Republic of Kosovo with two-thirds of the votes of the deputies of the Assembly of Kosovo.<\/p><p>He led the Unity Team in the negotiations before determining the final status of the Republic of Kosovo.<\/p><p>He has given lectures at important scientific institutions in the world, such as Arizona State University, Oxford Union, LSE London, Louvain, Tirana, the \u201cWorld Affairs Council\u201d \u2013 San Francisco, Harvard University and other institutions.<\/p><p>In June 2006, the State University of Tirana awarded Dr. Fatmir Sejdiu the title of Doctor Honoris Causa.<\/p><p>On November 3, 2008, President Sejdiu was honored by the President of the Republic of Albania, Mr. Bamir Topi, with the \u201cGjergj Kastrioti Skanderbeg\u201d Order.<\/p><p>On November 5, 2008, President Sejdiu received the \u201cHonorary Citizen of Shkodra\u201d Award.<\/p><p>On February 23, 2009, President Sejdiu was honored with the \u201cDistinguished Global Leadership\u201d award at Arizona State University<\/p><p>Also, in April 2011, he was awarded the title Doctor Honoris Causa by Sakarya State University in Turkey.<\/p><p>He communicates in Albanian, French, English, Serbo-Croatian, Bulgarian, Macedonian. He is married and has three children. He lives in Prishtina.<\/p><p>On September 27, 2010, he resigned from the post of President of the Republic of Kosovo.<\/p><\/div><\/div>\t\t\t\t\t\t<\/div>\n\t\t\t\t<\/div>\n\t\t\t\t\t<\/div>\n\t\t<\/div>\n\t\t\t\t\t<\/div>\n\t\t<\/section>\n\t\t\t\t<\/div>\n\t\t","protected":false},"excerpt":{"rendered":"<p>DR. FATMIR SEJDIU FIRST PRESIDENT OF THE REPUBLIC OF KOSOVO &#8211; (2006-2010) Dr. Fatmir Sejdiu was born on October 23, 1951 in Pakashtic\u00eb, Podujev\u00eb municipality of Podujev\u00eb, Kosovo. He completed his primary and secondary education in Podujev\u00eb. He graduated from the Faculty of Law at the University of Prishtina in 1974, where he also completed his postgraduate studies, and defended his doctoral dissertation. He was a lecturer at the Faculty of Law and the Faculty of Political Science of the University of Prishtina with the title of full professor for 33 consecutive years. For in-depth studies, he stayed in France (University \u201cParis 2\u201d, in 1984, at the Section of History of Institutions of Economics, Philosophy and Sociology of Law and History of Political Ideas) and in the USA (Arizona State University, for 4 months), and he had shorter study stays at other universities. He has published many scientific works in the legal \u2013 historical and legal \u2013 constitutional fields, as well as special books in these fields. Fatmir Sejdiu was a participant of the founding Assembly of the Democratic League of Kosovo (LDK) on December 23, 1989. At the First Electoral Assembly, in 1991, he was elected a member of the General Council and in 1992 a member of the Presidency of the LDK, while in 1994 he was the Secretary General of the LDK. He also exercised this function from 2004-2006. On December 9th 2006, he was elected chairman of the Democratic League of Kosovo, a position he held until 2010. He was a member of the Central Commission for the Organization of the Referendum on the Independence of Kosovo held in 1991. He was elected a deputy at the Assembly of the Republic of Kosovo in 1992 and 1998. Likewise, in 1998, he was elected Secretary General of the Assembly and Chairman of the Committee on Constitutional Affairs. In 2001, in the first democratic post-war elections, he was elected a deputy at the Assembly of Kosovo and a member of the Presidency of the Assembly, in which capacity he was re-elected again in 2004. On February 10th 2006, Fatmir Sejdiu was elected President of the Republic of Kosovo with two-thirds of the votes of the deputies of the Assembly of Kosovo. He led the Unity Team in the negotiations before determining the final status of the Republic of Kosovo. He has given lectures at important scientific institutions in the world, such as Arizona State University, Oxford Union, LSE London, Louvain, Tirana, the \u201cWorld Affairs Council\u201d \u2013 San Francisco, Harvard University and other institutions. In June 2006, the State University of Tirana awarded Dr. Fatmir Sejdiu the title of Doctor Honoris Causa. On November 3, 2008, President Sejdiu was honored by the President of the Republic of Albania, Mr. Bamir Topi, with the \u201cGjergj Kastrioti Skanderbeg\u201d Order. On November 5, 2008, President Sejdiu received the \u201cHonorary Citizen of Shkodra\u201d Award. On February 23, 2009, President Sejdiu was honored with the \u201cDistinguished Global Leadership\u201d award at Arizona State University Also, in April 2011, he was awarded the title Doctor Honoris Causa by Sakarya State University in Turkey. He communicates in Albanian, French, English, Serbo-Croatian, Bulgarian, Macedonian. He is married and has three children. He lives in Prishtina. On September 27, 2010, he resigned from the post of President of the Republic of Kosovo.<\/p>\n","protected":false},"author":1,"featured_media":86339,"parent":2778,"menu_order":0,"comment_status":"closed","ping_status":"closed","template":"","meta":{"_eb_attr":"","footnotes":""},"class_list":["post-2800","page","type-page","status-publish","has-post-thumbnail","hentry"],"yoast_head":"<!-- This site is optimized with the Yoast SEO plugin v23.5 - https:\/\/yoast.com\/wordpress\/plugins\/seo\/ -->\n<title>Dr. Fatmir Sejdiu - President of the Republic of Kosovo - DR. VJOSA OSMANI - SADRIU<\/title>\n<meta name=\"description\" content=\"Dr. Fatmir Sejdiu - President of the Republic of Kosovo - DR. VJOSA OSMANI - SADRIU -\" \/>\n<meta name=\"robots\" content=\"index, follow, max-snippet:-1, max-image-preview:large, max-video-preview:-1\" \/>\n<link rel=\"canonical\" href=\"https:\/\/president-ksgov.net\/ish-presidentet-e-kosoves\/dr-fatmir-sejdiu\/\" \/>\n<meta property=\"og:locale\" content=\"en_US\" \/>\n<meta property=\"og:type\" content=\"article\" \/>\n<meta property=\"og:title\" content=\"Dr. Fatmir Sejdiu - President of the Republic of Kosovo - DR. VJOSA OSMANI - SADRIU\" \/>\n<meta property=\"og:description\" content=\"Dr. Fatmir Sejdiu - President of the Republic of Kosovo - DR. VJOSA OSMANI - SADRIU -\" \/>\n<meta property=\"og:url\" content=\"https:\/\/president-ksgov.net\/ish-presidentet-e-kosoves\/dr-fatmir-sejdiu\/\" \/>\n<meta property=\"og:site_name\" content=\"President of the Republic of Kosovo - DR. VJOSA OSMANI - SADRIU\" \/>\n<meta property=\"article:modified_time\" content=\"2026-03-19T12:18:07+00:00\" \/>\n<meta property=\"og:image\" content=\"https:\/\/president-ksgov.net\/wp-content\/uploads\/Zyra-e-Presidentes-Featured-Image1-e1678970937938.png\" \/>\n\t<meta property=\"og:image:width\" content=\"1024\" \/>\n\t<meta property=\"og:image:height\" content=\"800\" \/>\n\t<meta property=\"og:image:type\" content=\"image\/png\" \/>\n<meta name=\"twitter:card\" content=\"summary_large_image\" \/>\n<meta name=\"twitter:label1\" content=\"Est. reading time\" \/>\n\t<meta name=\"twitter:data1\" content=\"3 minutes\" \/>\n<script type=\"application\/ld+json\" class=\"yoast-schema-graph\">{\"@context\":\"https:\/\/schema.org\",\"@graph\":[{\"@type\":\"WebPage\",\"@id\":\"https:\/\/president-ksgov.net\/ish-presidentet-e-kosoves\/dr-fatmir-sejdiu\/\",\"url\":\"https:\/\/president-ksgov.net\/ish-presidentet-e-kosoves\/dr-fatmir-sejdiu\/\",\"name\":\"Dr. Fatmir Sejdiu - President of the Republic of Kosovo - DR. VJOSA OSMANI - SADRIU\",\"isPartOf\":{\"@id\":\"https:\/\/president-ksgov.net\/#website\"},\"primaryImageOfPage\":{\"@id\":\"https:\/\/president-ksgov.net\/ish-presidentet-e-kosoves\/dr-fatmir-sejdiu\/#primaryimage\"},\"image\":{\"@id\":\"https:\/\/president-ksgov.net\/ish-presidentet-e-kosoves\/dr-fatmir-sejdiu\/#primaryimage\"},\"thumbnailUrl\":\"https:\/\/president-ksgov.net\/wp-content\/uploads\/Zyra-e-Presidentes-Featured-Image1-e1678970937938.png\",\"datePublished\":\"2023-02-13T13:16:29+00:00\",\"dateModified\":\"2026-03-19T12:18:07+00:00\",\"description\":\"Dr. Fatmir Sejdiu - President of the Republic of Kosovo - DR. VJOSA OSMANI - SADRIU -\",\"breadcrumb\":{\"@id\":\"https:\/\/president-ksgov.net\/ish-presidentet-e-kosoves\/dr-fatmir-sejdiu\/#breadcrumb\"},\"inLanguage\":\"en-US\",\"potentialAction\":[{\"@type\":\"ReadAction\",\"target\":[\"https:\/\/president-ksgov.net\/ish-presidentet-e-kosoves\/dr-fatmir-sejdiu\/\"]}]},{\"@type\":\"ImageObject\",\"inLanguage\":\"en-US\",\"@id\":\"https:\/\/president-ksgov.net\/ish-presidentet-e-kosoves\/dr-fatmir-sejdiu\/#primaryimage\",\"url\":\"https:\/\/president-ksgov.net\/wp-content\/uploads\/Zyra-e-Presidentes-Featured-Image1-e1678970937938.png\",\"contentUrl\":\"https:\/\/president-ksgov.net\/wp-content\/uploads\/Zyra-e-Presidentes-Featured-Image1-e1678970937938.png\",\"width\":1024,\"height\":800},{\"@type\":\"BreadcrumbList\",\"@id\":\"https:\/\/president-ksgov.net\/ish-presidentet-e-kosoves\/dr-fatmir-sejdiu\/#breadcrumb\",\"itemListElement\":[{\"@type\":\"ListItem\",\"position\":1,\"name\":\"Home\",\"item\":\"https:\/\/president-ksgov.net\/en\/\"},{\"@type\":\"ListItem\",\"position\":2,\"name\":\"Former Presidents of Kosovo\",\"item\":\"https:\/\/president-ksgov.net\/ish-presidentet-e-kosoves\/\"},{\"@type\":\"ListItem\",\"position\":3,\"name\":\"Dr. Fatmir Sejdiu\"}]},{\"@type\":\"WebSite\",\"@id\":\"https:\/\/president-ksgov.net\/#website\",\"url\":\"https:\/\/president-ksgov.net\/\",\"name\":\"Presidente e Republik\u00ebs s\u00eb Kosov\u00ebs\",\"description\":\"Presidente e Republik\u00ebs s\u00eb Kosov\u00ebs\",\"alternateName\":\"DR. VJOSA OSMANI - SADRIU\",\"potentialAction\":[{\"@type\":\"SearchAction\",\"target\":{\"@type\":\"EntryPoint\",\"urlTemplate\":\"https:\/\/president-ksgov.net\/?s={search_term_string}\"},\"query-input\":{\"@type\":\"PropertyValueSpecification\",\"valueRequired\":true,\"valueName\":\"search_term_string\"}}],\"inLanguage\":\"en-US\"}]}<\/script>\n<!-- \/ Yoast SEO plugin. -->","yoast_head_json":{"title":"Dr. Fatmir Sejdiu - President of the Republic of Kosovo - DR. VJOSA OSMANI - SADRIU","description":"Dr. Fatmir Sejdiu - President of the Republic of Kosovo - DR. VJOSA OSMANI - SADRIU -","robots":{"index":"index","follow":"follow","max-snippet":"max-snippet:-1","max-image-preview":"max-image-preview:large","max-video-preview":"max-video-preview:-1"},"canonical":"https:\/\/president-ksgov.net\/ish-presidentet-e-kosoves\/dr-fatmir-sejdiu\/","og_locale":"en_US","og_type":"article","og_title":"Dr. Fatmir Sejdiu - President of the Republic of Kosovo - DR. VJOSA OSMANI - SADRIU","og_description":"Dr. Fatmir Sejdiu - President of the Republic of Kosovo - DR. VJOSA OSMANI - SADRIU -","og_url":"https:\/\/president-ksgov.net\/ish-presidentet-e-kosoves\/dr-fatmir-sejdiu\/","og_site_name":"President of the Republic of Kosovo - DR. VJOSA OSMANI - SADRIU","article_modified_time":"2026-03-19T12:18:07+00:00","og_image":[{"width":1024,"height":800,"url":"https:\/\/president-ksgov.net\/wp-content\/uploads\/Zyra-e-Presidentes-Featured-Image1-e1678970937938.png","type":"image\/png"}],"twitter_card":"summary_large_image","twitter_misc":{"Est. reading time":"3 minutes"},"schema":{"@context":"https:\/\/schema.org","@graph":[{"@type":"WebPage","@id":"https:\/\/president-ksgov.net\/ish-presidentet-e-kosoves\/dr-fatmir-sejdiu\/","url":"https:\/\/president-ksgov.net\/ish-presidentet-e-kosoves\/dr-fatmir-sejdiu\/","name":"Dr. Fatmir Sejdiu - President of the Republic of Kosovo - DR. VJOSA OSMANI - SADRIU","isPartOf":{"@id":"https:\/\/president-ksgov.net\/#website"},"primaryImageOfPage":{"@id":"https:\/\/president-ksgov.net\/ish-presidentet-e-kosoves\/dr-fatmir-sejdiu\/#primaryimage"},"image":{"@id":"https:\/\/president-ksgov.net\/ish-presidentet-e-kosoves\/dr-fatmir-sejdiu\/#primaryimage"},"thumbnailUrl":"https:\/\/president-ksgov.net\/wp-content\/uploads\/Zyra-e-Presidentes-Featured-Image1-e1678970937938.png","datePublished":"2023-02-13T13:16:29+00:00","dateModified":"2026-03-19T12:18:07+00:00","description":"Dr. Fatmir Sejdiu - President of the Republic of Kosovo - DR. VJOSA OSMANI - SADRIU -","breadcrumb":{"@id":"https:\/\/president-ksgov.net\/ish-presidentet-e-kosoves\/dr-fatmir-sejdiu\/#breadcrumb"},"inLanguage":"en-US","potentialAction":[{"@type":"ReadAction","target":["https:\/\/president-ksgov.net\/ish-presidentet-e-kosoves\/dr-fatmir-sejdiu\/"]}]},{"@type":"ImageObject","inLanguage":"en-US","@id":"https:\/\/president-ksgov.net\/ish-presidentet-e-kosoves\/dr-fatmir-sejdiu\/#primaryimage","url":"https:\/\/president-ksgov.net\/wp-content\/uploads\/Zyra-e-Presidentes-Featured-Image1-e1678970937938.png","contentUrl":"https:\/\/president-ksgov.net\/wp-content\/uploads\/Zyra-e-Presidentes-Featured-Image1-e1678970937938.png","width":1024,"height":800},{"@type":"BreadcrumbList","@id":"https:\/\/president-ksgov.net\/ish-presidentet-e-kosoves\/dr-fatmir-sejdiu\/#breadcrumb","itemListElement":[{"@type":"ListItem","position":1,"name":"Home","item":"https:\/\/president-ksgov.net\/en\/"},{"@type":"ListItem","position":2,"name":"Former Presidents of Kosovo","item":"https:\/\/president-ksgov.net\/ish-presidentet-e-kosoves\/"},{"@type":"ListItem","position":3,"name":"Dr. Fatmir Sejdiu"}]},{"@type":"WebSite","@id":"https:\/\/president-ksgov.net\/#website","url":"https:\/\/president-ksgov.net\/","name":"Presidente e Republik\u00ebs s\u00eb Kosov\u00ebs","description":"Presidente e Republik\u00ebs s\u00eb Kosov\u00ebs","alternateName":"DR. VJOSA OSMANI - SADRIU","potentialAction":[{"@type":"SearchAction","target":{"@type":"EntryPoint","urlTemplate":"https:\/\/president-ksgov.net\/?s={search_term_string}"},"query-input":{"@type":"PropertyValueSpecification","valueRequired":true,"valueName":"search_term_string"}}],"inLanguage":"en-US"}]}},"_links":{"self":[{"href":"https:\/\/president-ksgov.net\/en\/wp-json\/wp\/v2\/pages\/2800","targetHints":{"allow":["GET"]}}],"collection":[{"href":"https:\/\/president-ksgov.net\/en\/wp-json\/wp\/v2\/pages"}],"about":[{"href":"https:\/\/president-ksgov.net\/en\/wp-json\/wp\/v2\/types\/page"}],"author":[{"embeddable":true,"href":"https:\/\/president-ksgov.net\/en\/wp-json\/wp\/v2\/users\/1"}],"replies":[{"embeddable":true,"href":"https:\/\/president-ksgov.net\/en\/wp-json\/wp\/v2\/comments?post=2800"}],"version-history":[{"count":40,"href":"https:\/\/president-ksgov.net\/en\/wp-json\/wp\/v2\/pages\/2800\/revisions"}],"predecessor-version":[{"id":185135,"href":"https:\/\/president-ksgov.net\/en\/wp-json\/wp\/v2\/pages\/2800\/revisions\/185135"}],"up":[{"embeddable":true,"href":"https:\/\/president-ksgov.net\/en\/wp-json\/wp\/v2\/pages\/2778"}],"wp:featuredmedia":[{"embeddable":true,"href":"https:\/\/president-ksgov.net\/en\/wp-json\/wp\/v2\/media\/86339"}],"wp:attachment":[{"href":"https:\/\/president-ksgov.net\/en\/wp-json\/wp\/v2\/media?parent=2800"}],"curies":[{"name":"wp","href":"https:\/\/api.w.org\/{rel}","templated":true}]}}