{"id":2796,"date":"2023-02-13T13:53:16","date_gmt":"2023-02-13T12:53:16","guid":{"rendered":"https:\/\/dev.president-ksgov.net\/atifete-jahjaga\/"},"modified":"2026-03-19T13:34:34","modified_gmt":"2026-03-19T12:34:34","slug":"atifete-jahjaga","status":"publish","type":"page","link":"https:\/\/president-ksgov.net\/en\/former-presidents-of-kosovo\/atifete-jahjaga\/","title":{"rendered":"Atifete Jahjaga"},"content":{"rendered":"\t\t<div data-elementor-type=\"wp-page\" data-elementor-id=\"2796\" class=\"elementor elementor-2796 elementor-2081\">\n\t\t\t\t\t\t<section class=\"elementor-section elementor-top-section elementor-element elementor-element-13c36cc elementor-section-boxed elementor-section-height-default elementor-section-height-default wpr-particle-no wpr-jarallax-no wpr-parallax-no wpr-sticky-section-no\" data-id=\"13c36cc\" data-element_type=\"section\">\n\t\t\t\t\t\t<div class=\"elementor-container elementor-column-gap-default\">\n\t\t\t\t\t<div class=\"elementor-column elementor-col-100 elementor-top-column elementor-element elementor-element-5ada190\" data-id=\"5ada190\" data-element_type=\"column\">\n\t\t\t<div class=\"elementor-widget-wrap elementor-element-populated\">\n\t\t\t\t\t\t<div class=\"elementor-element elementor-element-33d1342 elementor-position-left elementor-vertical-align-middle elementor-widget elementor-widget-image-box\" data-id=\"33d1342\" data-element_type=\"widget\" data-widget_type=\"image-box.default\">\n\t\t\t\t<div class=\"elementor-widget-container\">\n\t\t\t<div class=\"elementor-image-box-wrapper\"><figure class=\"elementor-image-box-img\"><img fetchpriority=\"high\" decoding=\"async\" width=\"1829\" height=\"2560\" src=\"https:\/\/president-ksgov.net\/wp-content\/uploads\/Atifete_Jahjaga_OFFICIAL_IMAGE-scaled.jpg\" class=\"attachment-full size-full wp-image-87771\" alt=\"\" srcset=\"https:\/\/president-ksgov.net\/wp-content\/uploads\/Atifete_Jahjaga_OFFICIAL_IMAGE-scaled.jpg 1829w, https:\/\/president-ksgov.net\/wp-content\/uploads\/Atifete_Jahjaga_OFFICIAL_IMAGE-214x300.jpg 214w, https:\/\/president-ksgov.net\/wp-content\/uploads\/Atifete_Jahjaga_OFFICIAL_IMAGE-731x1024.jpg 731w, https:\/\/president-ksgov.net\/wp-content\/uploads\/Atifete_Jahjaga_OFFICIAL_IMAGE-768x1075.jpg 768w, https:\/\/president-ksgov.net\/wp-content\/uploads\/Atifete_Jahjaga_OFFICIAL_IMAGE-1097x1536.jpg 1097w, https:\/\/president-ksgov.net\/wp-content\/uploads\/Atifete_Jahjaga_OFFICIAL_IMAGE-1463x2048.jpg 1463w, https:\/\/president-ksgov.net\/wp-content\/uploads\/Atifete_Jahjaga_OFFICIAL_IMAGE-321x450.jpg 321w\" sizes=\"(max-width: 1829px) 100vw, 1829px\" \/><\/figure><div class=\"elementor-image-box-content\"><h3 class=\"elementor-image-box-title\">ATIFETE JAHJAGA<\/h3><p class=\"elementor-image-box-description\">PRESIDENTE E REPUBLIK\u00cbS S\u00cb KOSOV\u00cbS - (2011 - 2016)<\/p><\/div><\/div>\t\t<\/div>\n\t\t\t\t<\/div>\n\t\t\t\t\t<\/div>\n\t\t<\/div>\n\t\t\t\t\t<\/div>\n\t\t<\/section>\n\t\t\t\t<section class=\"elementor-section elementor-top-section elementor-element elementor-element-049848c elementor-section-boxed elementor-section-height-default elementor-section-height-default wpr-particle-no wpr-jarallax-no wpr-parallax-no wpr-sticky-section-no\" data-id=\"049848c\" data-element_type=\"section\">\n\t\t\t\t\t\t<div class=\"elementor-container elementor-column-gap-default\">\n\t\t\t\t\t<div class=\"elementor-column elementor-col-100 elementor-top-column elementor-element elementor-element-95229b9\" data-id=\"95229b9\" data-element_type=\"column\">\n\t\t\t<div class=\"elementor-widget-wrap elementor-element-populated\">\n\t\t\t\t\t\t<div class=\"elementor-element elementor-element-f67010c elementor-widget elementor-widget-text-editor\" data-id=\"f67010c\" data-element_type=\"widget\" data-widget_type=\"text-editor.default\">\n\t\t\t\t<div class=\"elementor-widget-container\">\n\t\t\t\t\t\t\t<div class=\"wp-block-columns\"><div class=\"wp-block-column\"><p>Atifete Jahjaga \u00ebsht\u00eb Presidentja e par\u00eb grua e Republik\u00ebs s\u00eb Kosov\u00ebs dhe sh\u00ebrbeu si kreu i shtetit nga viti 2011 deri n\u00eb 2016. Atifete Jahjaga \u00ebsht\u00eb gruaja udh\u00ebheq\u00ebse m\u00eb e re n\u00eb bot\u00eb, lindur me 20 prill 1975, n\u00eb Rashkoc &#8211; Gjakov\u00eb. Gjithashtu \u00ebsht\u00eb gruaja e par\u00eb udh\u00ebheq\u00ebse e shtetit n\u00eb Ballkanin modern.<\/p><p>Atifete Jahjaga u lind n\u00eb vitin 1975. Mbaroi shkoll\u00ebn fillore dhe t\u00eb mesme n\u00eb Prishtin\u00eb, ku p\u00ebrfundoi edhe studimet n\u00eb Fakultetin Juridik t\u00eb Universitetit t\u00eb Prishtin\u00ebs, n\u00eb vitin 2000. Nga viti 2006 deri n\u00eb 2007, mori pjes\u00eb n\u00eb nj\u00eb program certifikimi pasuniversitar n\u00eb Menaxhimin e Policis\u00eb dhe Ligjin Penal n\u00eb Universitetin e Leicesterit n\u00eb Mbret\u00ebrin\u00eb e Bashkuar, dhe morri certifikim pasuniversitar \u00a0n\u00eb Shkenc\u00ebn e Krimit nga Universiteti i Virxhinias n\u00eb SHBA, n\u00eb vitin 2007.<\/p><p>Para zgjedhjes s\u00eb saj si Presidentja e Kosov\u00ebs, Atifete Jahjaga sh\u00ebrbeu n\u00eb forc\u00ebn e Policis\u00eb s\u00eb Kosov\u00ebs, duke avancuar karrier\u00ebn e saj deri n\u00eb grad\u00ebn e Kolonelit t\u00eb P\u00ebrgjithsh\u00ebm dhe pozit\u00ebn e Z\u00ebvend\u00ebs Drejtorit t\u00eb P\u00ebrgjithsh\u00ebm t\u00eb Policis\u00eb s\u00eb Kosov\u00ebs.<\/p><p>Atifete Jahjaga i kushtoi r\u00ebnd\u00ebsi t\u00eb madhe fuqizimit t\u00eb grave dhe mb\u00ebshtetjes s\u00eb t\u00eb mbijetuar\u00ebve t\u00eb dhun\u00ebs seksuale gjat\u00eb luft\u00ebs. N\u00eb k\u00ebt\u00eb kontekst, n\u00eb vitin 2012, mbajti Samitin Nd\u00ebrkomb\u00ebtare t\u00eb Grave &#8220;Partneriteti p\u00ebr Ndryshim &#8211; Fuqizimi i Grave&#8221;, n\u00eb t\u00eb cil\u00ebn morr\u00ebn pjes\u00eb 200 udh\u00ebheq\u00ebs nga Kosova, Evropa e gj\u00ebr\u00eb, Amerika e Veriut, Afrika dhe Lindja e Mesme. Diskutimet \u00e7uan n\u00eb miratimin e Parimeve t\u00eb Prishtin\u00ebs q\u00eb afirmojn\u00eb t\u00eb drejtat e grave p\u00ebr pjes\u00ebmarrje politike dhe p\u00ebrfaq\u00ebsim, burime ekonomike dhe qasje n\u00eb siguri dhe drejt\u00ebsi, dhe thirrje p\u00ebr veprime p\u00ebr t\u00eb b\u00ebr\u00eb k\u00ebto parime nj\u00eb realitet. Atifete Jahjaga mobilizoi opinionin publik n\u00eb mb\u00ebshtetje t\u00eb t\u00eb mbijetuar\u00ebve t\u00eb dhun\u00ebs seksuale t\u00eb cilat \u00a0ishin te stigmatizuar nga shoq\u00ebria, p\u00ebrfshiu Kosov\u00ebn n\u00eb nismat globale p\u00ebr parandalimin e dhun\u00ebs seksuale si mjet lufte, dhe ndihmoi n\u00eb krijimin dhe vendosj\u00ebn e\u00a0korniz\u00ebs ligjore t\u00eb nevojshme p\u00ebr t\u00eb mbijetuarit n\u00eb m\u00ebnyr\u00eb q\u00eb t\u00eb garantohen t\u00eb drejtat e tyre.<\/p><p>Atifete Jahjaga \u00ebsht\u00eb pranuese e shum\u00eb nderimeve dhe \u00e7mimeve duke p\u00ebrfshir\u00eb titullin Doctor\u00a0 Honoris Causa nga Universiteti i Durhamit (2013), \u00c7mimin e Udh\u00ebheqjes n\u00eb Sh\u00ebrbim Publik nga Iniciativa Globale e Klintonit (2014), Dama Grand Cross e Urdhrit Mbret\u00ebror t\u00eb Franc\u00ebs (2014), Qytetare Nderi e Qytetit t\u00eb Panamas (2014). Titullin e Doktorit t\u00eb Nderit te Drejt\u00ebsis\u00eb nga Universiteti i Leicesterit (2015) dhe Medaljen Presidenciale t\u00eb Deklarat\u00ebs s\u00eb Pavar\u00ebsis\u00eb (2018), titullin Doctor Honoris Causa nga Universiteti i Yarmouk n\u00eb Ibrid t\u00eb Jordanis\u00eb (2022).<\/p><p>P\u00ebrve\u00e7 gjuh\u00ebs amtare shqipe, flet rrjedhsh\u00ebm gjuh\u00ebn serbe dhe angleze.<\/p><p>N\u00eb mars t\u00eb vitit 2018, themeloi Fondacionin Jahjaga, nj\u00eb nism\u00eb q\u00eb fokusohet n\u00eb fuqizimin e rinis\u00eb dhe grave drejt arritjes s\u00eb ndryshimit social n\u00eb Kosov\u00eb.<\/p><p><a href=\"https:\/\/president-ksgov.net\/wp-content\/uploads\/CV-e-plote.pdf\">CV e plot\u00eb<\/a><\/p><\/div><\/div>\t\t\t\t\t\t<\/div>\n\t\t\t\t<\/div>\n\t\t\t\t\t<\/div>\n\t\t<\/div>\n\t\t\t\t\t<\/div>\n\t\t<\/section>\n\t\t\t\t<\/div>\n\t\t","protected":false},"excerpt":{"rendered":"<p>ATIFETE JAHJAGA PRESIDENTE E REPUBLIK\u00cbS S\u00cb KOSOV\u00cbS &#8211; (2011 &#8211; 2016) Atifete Jahjaga \u00ebsht\u00eb Presidentja e par\u00eb grua e Republik\u00ebs s\u00eb Kosov\u00ebs dhe sh\u00ebrbeu si kreu i shtetit nga viti 2011 deri n\u00eb 2016. Atifete Jahjaga \u00ebsht\u00eb gruaja udh\u00ebheq\u00ebse m\u00eb e re n\u00eb bot\u00eb, lindur me 20 prill 1975, n\u00eb Rashkoc &#8211; Gjakov\u00eb. Gjithashtu \u00ebsht\u00eb gruaja e par\u00eb udh\u00ebheq\u00ebse e shtetit n\u00eb Ballkanin modern. Atifete Jahjaga u lind n\u00eb vitin 1975. Mbaroi shkoll\u00ebn fillore dhe t\u00eb mesme n\u00eb Prishtin\u00eb, ku p\u00ebrfundoi edhe studimet n\u00eb Fakultetin Juridik t\u00eb Universitetit t\u00eb Prishtin\u00ebs, n\u00eb vitin 2000. Nga viti 2006 deri n\u00eb 2007, mori pjes\u00eb n\u00eb nj\u00eb program certifikimi pasuniversitar n\u00eb Menaxhimin e Policis\u00eb dhe Ligjin Penal n\u00eb Universitetin e Leicesterit n\u00eb Mbret\u00ebrin\u00eb e Bashkuar, dhe morri certifikim pasuniversitar \u00a0n\u00eb Shkenc\u00ebn e Krimit nga Universiteti i Virxhinias n\u00eb SHBA, n\u00eb vitin 2007. Para zgjedhjes s\u00eb saj si Presidentja e Kosov\u00ebs, Atifete Jahjaga sh\u00ebrbeu n\u00eb forc\u00ebn e Policis\u00eb s\u00eb Kosov\u00ebs, duke avancuar karrier\u00ebn e saj deri n\u00eb grad\u00ebn e Kolonelit t\u00eb P\u00ebrgjithsh\u00ebm dhe pozit\u00ebn e Z\u00ebvend\u00ebs Drejtorit t\u00eb P\u00ebrgjithsh\u00ebm t\u00eb Policis\u00eb s\u00eb Kosov\u00ebs. Atifete Jahjaga i kushtoi r\u00ebnd\u00ebsi t\u00eb madhe fuqizimit t\u00eb grave dhe mb\u00ebshtetjes s\u00eb t\u00eb mbijetuar\u00ebve t\u00eb dhun\u00ebs seksuale gjat\u00eb luft\u00ebs. N\u00eb k\u00ebt\u00eb kontekst, n\u00eb vitin 2012, mbajti Samitin Nd\u00ebrkomb\u00ebtare t\u00eb Grave &#8220;Partneriteti p\u00ebr Ndryshim &#8211; Fuqizimi i Grave&#8221;, n\u00eb t\u00eb cil\u00ebn morr\u00ebn pjes\u00eb 200 udh\u00ebheq\u00ebs nga Kosova, Evropa e gj\u00ebr\u00eb, Amerika e Veriut, Afrika dhe Lindja e Mesme. Diskutimet \u00e7uan n\u00eb miratimin e Parimeve t\u00eb Prishtin\u00ebs q\u00eb afirmojn\u00eb t\u00eb drejtat e grave p\u00ebr pjes\u00ebmarrje politike dhe p\u00ebrfaq\u00ebsim, burime ekonomike dhe qasje n\u00eb siguri dhe drejt\u00ebsi, dhe thirrje p\u00ebr veprime p\u00ebr t\u00eb b\u00ebr\u00eb k\u00ebto parime nj\u00eb realitet. Atifete Jahjaga mobilizoi opinionin publik n\u00eb mb\u00ebshtetje t\u00eb t\u00eb mbijetuar\u00ebve t\u00eb dhun\u00ebs seksuale t\u00eb cilat \u00a0ishin te stigmatizuar nga shoq\u00ebria, p\u00ebrfshiu Kosov\u00ebn n\u00eb nismat globale p\u00ebr parandalimin e dhun\u00ebs seksuale si mjet lufte, dhe ndihmoi n\u00eb krijimin dhe vendosj\u00ebn e\u00a0korniz\u00ebs ligjore t\u00eb nevojshme p\u00ebr t\u00eb mbijetuarit n\u00eb m\u00ebnyr\u00eb q\u00eb t\u00eb garantohen t\u00eb drejtat e tyre. Atifete Jahjaga \u00ebsht\u00eb pranuese e shum\u00eb nderimeve dhe \u00e7mimeve duke p\u00ebrfshir\u00eb titullin Doctor\u00a0 Honoris Causa nga Universiteti i Durhamit (2013), \u00c7mimin e Udh\u00ebheqjes n\u00eb Sh\u00ebrbim Publik nga Iniciativa Globale e Klintonit (2014), Dama Grand Cross e Urdhrit Mbret\u00ebror t\u00eb Franc\u00ebs (2014), Qytetare Nderi e Qytetit t\u00eb Panamas (2014). Titullin e Doktorit t\u00eb Nderit te Drejt\u00ebsis\u00eb nga Universiteti i Leicesterit (2015) dhe Medaljen Presidenciale t\u00eb Deklarat\u00ebs s\u00eb Pavar\u00ebsis\u00eb (2018), titullin Doctor Honoris Causa nga Universiteti i Yarmouk n\u00eb Ibrid t\u00eb Jordanis\u00eb (2022). P\u00ebrve\u00e7 gjuh\u00ebs amtare shqipe, flet rrjedhsh\u00ebm gjuh\u00ebn serbe dhe angleze. N\u00eb mars t\u00eb vitit 2018, themeloi Fondacionin Jahjaga, nj\u00eb nism\u00eb q\u00eb fokusohet n\u00eb fuqizimin e rinis\u00eb dhe grave drejt arritjes s\u00eb ndryshimit social n\u00eb Kosov\u00eb. CV e plot\u00eb<\/p>\n","protected":false},"author":1,"featured_media":86339,"parent":2778,"menu_order":0,"comment_status":"closed","ping_status":"closed","template":"","meta":{"_eb_attr":"","footnotes":""},"class_list":["post-2796","page","type-page","status-publish","has-post-thumbnail","hentry"],"yoast_head":"<!-- This site is optimized with the Yoast SEO plugin v23.5 - https:\/\/yoast.com\/wordpress\/plugins\/seo\/ -->\n<title>Atifete Jahjaga - President of the Republic of Kosovo - DR. VJOSA OSMANI - SADRIU<\/title>\n<meta name=\"description\" content=\"Atifete Jahjaga - President of the Republic of Kosovo - DR. VJOSA OSMANI - SADRIU -\" \/>\n<meta name=\"robots\" content=\"index, follow, max-snippet:-1, max-image-preview:large, max-video-preview:-1\" \/>\n<link rel=\"canonical\" href=\"https:\/\/president-ksgov.net\/en\/former-presidents-of-kosovo\/atifete-jahjaga\/\" \/>\n<meta property=\"og:locale\" content=\"en_US\" \/>\n<meta property=\"og:type\" content=\"article\" \/>\n<meta property=\"og:title\" content=\"Atifete Jahjaga - President of the Republic of Kosovo - DR. VJOSA OSMANI - SADRIU\" \/>\n<meta property=\"og:description\" content=\"Atifete Jahjaga - President of the Republic of Kosovo - DR. VJOSA OSMANI - SADRIU -\" \/>\n<meta property=\"og:url\" content=\"https:\/\/president-ksgov.net\/en\/former-presidents-of-kosovo\/atifete-jahjaga\/\" \/>\n<meta property=\"og:site_name\" content=\"President of the Republic of Kosovo - DR. VJOSA OSMANI - SADRIU\" \/>\n<meta property=\"article:modified_time\" content=\"2026-03-19T12:34:34+00:00\" \/>\n<meta property=\"og:image\" content=\"https:\/\/president-ksgov.net\/wp-content\/uploads\/Zyra-e-Presidentes-Featured-Image1-e1678970937938.png\" \/>\n\t<meta property=\"og:image:width\" content=\"1024\" \/>\n\t<meta property=\"og:image:height\" content=\"800\" \/>\n\t<meta property=\"og:image:type\" content=\"image\/png\" \/>\n<meta name=\"twitter:card\" content=\"summary_large_image\" \/>\n<meta name=\"twitter:label1\" content=\"Est. reading time\" \/>\n\t<meta name=\"twitter:data1\" content=\"3 minutes\" \/>\n<script type=\"application\/ld+json\" class=\"yoast-schema-graph\">{\"@context\":\"https:\/\/schema.org\",\"@graph\":[{\"@type\":\"WebPage\",\"@id\":\"https:\/\/president-ksgov.net\/en\/former-presidents-of-kosovo\/atifete-jahjaga\/\",\"url\":\"https:\/\/president-ksgov.net\/en\/former-presidents-of-kosovo\/atifete-jahjaga\/\",\"name\":\"Atifete Jahjaga - President of the Republic of Kosovo - DR. VJOSA OSMANI - SADRIU\",\"isPartOf\":{\"@id\":\"https:\/\/president-ksgov.net\/#website\"},\"primaryImageOfPage\":{\"@id\":\"https:\/\/president-ksgov.net\/en\/former-presidents-of-kosovo\/atifete-jahjaga\/#primaryimage\"},\"image\":{\"@id\":\"https:\/\/president-ksgov.net\/en\/former-presidents-of-kosovo\/atifete-jahjaga\/#primaryimage\"},\"thumbnailUrl\":\"https:\/\/president-ksgov.net\/wp-content\/uploads\/Zyra-e-Presidentes-Featured-Image1-e1678970937938.png\",\"datePublished\":\"2023-02-13T12:53:16+00:00\",\"dateModified\":\"2026-03-19T12:34:34+00:00\",\"description\":\"Atifete Jahjaga - President of the Republic of Kosovo - DR. VJOSA OSMANI - SADRIU -\",\"breadcrumb\":{\"@id\":\"https:\/\/president-ksgov.net\/en\/former-presidents-of-kosovo\/atifete-jahjaga\/#breadcrumb\"},\"inLanguage\":\"en-US\",\"potentialAction\":[{\"@type\":\"ReadAction\",\"target\":[\"https:\/\/president-ksgov.net\/en\/former-presidents-of-kosovo\/atifete-jahjaga\/\"]}]},{\"@type\":\"ImageObject\",\"inLanguage\":\"en-US\",\"@id\":\"https:\/\/president-ksgov.net\/en\/former-presidents-of-kosovo\/atifete-jahjaga\/#primaryimage\",\"url\":\"https:\/\/president-ksgov.net\/wp-content\/uploads\/Zyra-e-Presidentes-Featured-Image1-e1678970937938.png\",\"contentUrl\":\"https:\/\/president-ksgov.net\/wp-content\/uploads\/Zyra-e-Presidentes-Featured-Image1-e1678970937938.png\",\"width\":1024,\"height\":800},{\"@type\":\"BreadcrumbList\",\"@id\":\"https:\/\/president-ksgov.net\/en\/former-presidents-of-kosovo\/atifete-jahjaga\/#breadcrumb\",\"itemListElement\":[{\"@type\":\"ListItem\",\"position\":1,\"name\":\"Home\",\"item\":\"https:\/\/president-ksgov.net\/en\/\"},{\"@type\":\"ListItem\",\"position\":2,\"name\":\"Former Presidents of Kosovo\",\"item\":\"https:\/\/president-ksgov.net\/ish-presidentet-e-kosoves\/\"},{\"@type\":\"ListItem\",\"position\":3,\"name\":\"Atifete Jahjaga\"}]},{\"@type\":\"WebSite\",\"@id\":\"https:\/\/president-ksgov.net\/#website\",\"url\":\"https:\/\/president-ksgov.net\/\",\"name\":\"Presidente e Republik\u00ebs s\u00eb Kosov\u00ebs\",\"description\":\"Presidente e Republik\u00ebs s\u00eb Kosov\u00ebs\",\"alternateName\":\"DR. VJOSA OSMANI - SADRIU\",\"potentialAction\":[{\"@type\":\"SearchAction\",\"target\":{\"@type\":\"EntryPoint\",\"urlTemplate\":\"https:\/\/president-ksgov.net\/?s={search_term_string}\"},\"query-input\":{\"@type\":\"PropertyValueSpecification\",\"valueRequired\":true,\"valueName\":\"search_term_string\"}}],\"inLanguage\":\"en-US\"}]}<\/script>\n<!-- \/ Yoast SEO plugin. -->","yoast_head_json":{"title":"Atifete Jahjaga - President of the Republic of Kosovo - DR. VJOSA OSMANI - SADRIU","description":"Atifete Jahjaga - President of the Republic of Kosovo - DR. VJOSA OSMANI - SADRIU -","robots":{"index":"index","follow":"follow","max-snippet":"max-snippet:-1","max-image-preview":"max-image-preview:large","max-video-preview":"max-video-preview:-1"},"canonical":"https:\/\/president-ksgov.net\/en\/former-presidents-of-kosovo\/atifete-jahjaga\/","og_locale":"en_US","og_type":"article","og_title":"Atifete Jahjaga - President of the Republic of Kosovo - DR. VJOSA OSMANI - SADRIU","og_description":"Atifete Jahjaga - President of the Republic of Kosovo - DR. VJOSA OSMANI - SADRIU -","og_url":"https:\/\/president-ksgov.net\/en\/former-presidents-of-kosovo\/atifete-jahjaga\/","og_site_name":"President of the Republic of Kosovo - DR. VJOSA OSMANI - SADRIU","article_modified_time":"2026-03-19T12:34:34+00:00","og_image":[{"width":1024,"height":800,"url":"https:\/\/president-ksgov.net\/wp-content\/uploads\/Zyra-e-Presidentes-Featured-Image1-e1678970937938.png","type":"image\/png"}],"twitter_card":"summary_large_image","twitter_misc":{"Est. reading time":"3 minutes"},"schema":{"@context":"https:\/\/schema.org","@graph":[{"@type":"WebPage","@id":"https:\/\/president-ksgov.net\/en\/former-presidents-of-kosovo\/atifete-jahjaga\/","url":"https:\/\/president-ksgov.net\/en\/former-presidents-of-kosovo\/atifete-jahjaga\/","name":"Atifete Jahjaga - President of the Republic of Kosovo - DR. VJOSA OSMANI - SADRIU","isPartOf":{"@id":"https:\/\/president-ksgov.net\/#website"},"primaryImageOfPage":{"@id":"https:\/\/president-ksgov.net\/en\/former-presidents-of-kosovo\/atifete-jahjaga\/#primaryimage"},"image":{"@id":"https:\/\/president-ksgov.net\/en\/former-presidents-of-kosovo\/atifete-jahjaga\/#primaryimage"},"thumbnailUrl":"https:\/\/president-ksgov.net\/wp-content\/uploads\/Zyra-e-Presidentes-Featured-Image1-e1678970937938.png","datePublished":"2023-02-13T12:53:16+00:00","dateModified":"2026-03-19T12:34:34+00:00","description":"Atifete Jahjaga - President of the Republic of Kosovo - DR. VJOSA OSMANI - SADRIU -","breadcrumb":{"@id":"https:\/\/president-ksgov.net\/en\/former-presidents-of-kosovo\/atifete-jahjaga\/#breadcrumb"},"inLanguage":"en-US","potentialAction":[{"@type":"ReadAction","target":["https:\/\/president-ksgov.net\/en\/former-presidents-of-kosovo\/atifete-jahjaga\/"]}]},{"@type":"ImageObject","inLanguage":"en-US","@id":"https:\/\/president-ksgov.net\/en\/former-presidents-of-kosovo\/atifete-jahjaga\/#primaryimage","url":"https:\/\/president-ksgov.net\/wp-content\/uploads\/Zyra-e-Presidentes-Featured-Image1-e1678970937938.png","contentUrl":"https:\/\/president-ksgov.net\/wp-content\/uploads\/Zyra-e-Presidentes-Featured-Image1-e1678970937938.png","width":1024,"height":800},{"@type":"BreadcrumbList","@id":"https:\/\/president-ksgov.net\/en\/former-presidents-of-kosovo\/atifete-jahjaga\/#breadcrumb","itemListElement":[{"@type":"ListItem","position":1,"name":"Home","item":"https:\/\/president-ksgov.net\/en\/"},{"@type":"ListItem","position":2,"name":"Former Presidents of Kosovo","item":"https:\/\/president-ksgov.net\/ish-presidentet-e-kosoves\/"},{"@type":"ListItem","position":3,"name":"Atifete Jahjaga"}]},{"@type":"WebSite","@id":"https:\/\/president-ksgov.net\/#website","url":"https:\/\/president-ksgov.net\/","name":"Presidente e Republik\u00ebs s\u00eb Kosov\u00ebs","description":"Presidente e Republik\u00ebs s\u00eb Kosov\u00ebs","alternateName":"DR. VJOSA OSMANI - SADRIU","potentialAction":[{"@type":"SearchAction","target":{"@type":"EntryPoint","urlTemplate":"https:\/\/president-ksgov.net\/?s={search_term_string}"},"query-input":{"@type":"PropertyValueSpecification","valueRequired":true,"valueName":"search_term_string"}}],"inLanguage":"en-US"}]}},"_links":{"self":[{"href":"https:\/\/president-ksgov.net\/en\/wp-json\/wp\/v2\/pages\/2796","targetHints":{"allow":["GET"]}}],"collection":[{"href":"https:\/\/president-ksgov.net\/en\/wp-json\/wp\/v2\/pages"}],"about":[{"href":"https:\/\/president-ksgov.net\/en\/wp-json\/wp\/v2\/types\/page"}],"author":[{"embeddable":true,"href":"https:\/\/president-ksgov.net\/en\/wp-json\/wp\/v2\/users\/1"}],"replies":[{"embeddable":true,"href":"https:\/\/president-ksgov.net\/en\/wp-json\/wp\/v2\/comments?post=2796"}],"version-history":[{"count":57,"href":"https:\/\/president-ksgov.net\/en\/wp-json\/wp\/v2\/pages\/2796\/revisions"}],"predecessor-version":[{"id":185148,"href":"https:\/\/president-ksgov.net\/en\/wp-json\/wp\/v2\/pages\/2796\/revisions\/185148"}],"up":[{"embeddable":true,"href":"https:\/\/president-ksgov.net\/en\/wp-json\/wp\/v2\/pages\/2778"}],"wp:featuredmedia":[{"embeddable":true,"href":"https:\/\/president-ksgov.net\/en\/wp-json\/wp\/v2\/media\/86339"}],"wp:attachment":[{"href":"https:\/\/president-ksgov.net\/en\/wp-json\/wp\/v2\/media?parent=2796"}],"curies":[{"name":"wp","href":"https:\/\/api.w.org\/{rel}","templated":true}]}}