{"id":2774,"date":"2023-01-26T21:09:33","date_gmt":"2023-01-26T20:09:33","guid":{"rendered":"https:\/\/dev.president-ksgov.net\/legjislacioni\/"},"modified":"2026-04-28T16:03:23","modified_gmt":"2026-04-28T14:03:23","slug":"legislation","status":"publish","type":"page","link":"https:\/\/president-ksgov.net\/en\/legislation\/","title":{"rendered":"Legislation"},"content":{"rendered":"\t\t<div data-elementor-type=\"wp-page\" data-elementor-id=\"2774\" class=\"elementor elementor-2774 elementor-749\">\n\t\t\t\t\t\t<section class=\"elementor-section elementor-top-section elementor-element elementor-element-4f55601 legjislacioni elementor-section-boxed elementor-section-height-default elementor-section-height-default wpr-particle-no wpr-jarallax-no wpr-parallax-no wpr-sticky-section-no\" data-id=\"4f55601\" data-element_type=\"section\">\n\t\t\t\t\t\t<div class=\"elementor-container elementor-column-gap-default\">\n\t\t\t\t\t<div class=\"elementor-column elementor-col-100 elementor-top-column elementor-element elementor-element-cd56231\" data-id=\"cd56231\" data-element_type=\"column\">\n\t\t\t<div class=\"elementor-widget-wrap elementor-element-populated\">\n\t\t\t\t\t\t<div class=\"elementor-element elementor-element-f5b294e elementor-widget elementor-widget-eael-adv-accordion\" data-id=\"f5b294e\" data-element_type=\"widget\" data-widget_type=\"eael-adv-accordion.default\">\n\t\t\t\t<div class=\"elementor-widget-container\">\n\t\t\t        <div class=\"eael-adv-accordion\" id=\"eael-adv-accordion-f5b294e\" data-scroll-on-click=\"no\" data-scroll-speed=\"300\" data-accordion-id=\"f5b294e\" data-accordion-type=\"accordion\" data-toogle-speed=\"300\">\n    <div class=\"eael-accordion-list\">\n                <div id=\"primary-legislation\" class=\"elementor-tab-title eael-accordion-header\" tabindex=\"0\" data-tab=\"1\" aria-controls=\"elementor-tab-content-2571\"><span class=\"eael-advanced-accordion-icon-closed\"><i aria-hidden=\"true\" class=\"fa-accordion-icon far fa-file\"><\/i><\/span><span class=\"eael-advanced-accordion-icon-opened\"><i aria-hidden=\"true\" class=\"fa-accordion-icon far fa-file-alt\"><\/i><\/span><span class=\"eael-accordion-tab-title\">Primary legislation<\/span><i aria-hidden=\"true\" class=\"fa-toggle fas fa-angle-right\"><\/i><\/div><div id=\"elementor-tab-content-2571\" class=\"eael-accordion-content clearfix\" data-tab=\"1\" aria-labelledby=\"primary-legislation\"><ul><li><a href=\"https:\/\/president-ksgov.net\/wp-content\/uploads\/2023\/02\/LAW_No__03L_094_ON_THE_PRESIDENT_OF_THE_REPUBLIC_OF_KOSOVO.pdf\">LAW No. 03\/L 094 ON THE PRESIDENT OF THE REPUBLIC OF KOSOVO<\/a><\/li><li><a href=\"https:\/\/president-ksgov.net\/wp-content\/uploads\/2023\/02\/LAW_No__03L_101_ON_PARDON.pdf\">LAW No. 03\/L-101 ON PARDON<\/a><\/li><li><a href=\"https:\/\/president-ksgov.net\/wp-content\/uploads\/2023\/02\/LAW_No__04L_070_FOR_THE_CONFERMENT_OF_DECORATIONS_BY_THE_PRESIDENT.pdf\">LAW No. 04\/L-070 FOR THE CONFERMENT OF DECORATIONS BY THE PRESIDENT OF THE REPUBLIC OF KOSOVO<\/a><\/li><li><a href=\"https:\/\/president-ksgov.net\/wp-content\/uploads\/2023\/02\/LAW_No__04L_052_ON_INTERNATIONAL_AGREEMENTS.pdf\">LAW No. 04\/L-052 ON INTERNATIONAL AGREEMENTS<\/a><\/li><\/ul><\/div>\n                <\/div><div class=\"eael-accordion-list\">\n                <div id=\"secondary-legislation\" class=\"elementor-tab-title eael-accordion-header\" tabindex=\"0\" data-tab=\"2\" aria-controls=\"elementor-tab-content-2572\"><span class=\"eael-advanced-accordion-icon-closed\"><i aria-hidden=\"true\" class=\"fa-accordion-icon far fa-file\"><\/i><\/span><span class=\"eael-advanced-accordion-icon-opened\"><i aria-hidden=\"true\" class=\"fa-accordion-icon far fa-file-alt\"><\/i><\/span><span class=\"eael-accordion-tab-title\">Secondary legislation<\/span><i aria-hidden=\"true\" class=\"fa-toggle fas fa-angle-right\"><\/i><\/div><div id=\"elementor-tab-content-2572\" class=\"eael-accordion-content clearfix\" data-tab=\"2\" aria-labelledby=\"secondary-legislation\"><p><strong style=\"color: #c0912d\">The acts of the President<\/strong><\/p><ul><li><a href=\"https:\/\/president-ksgov.net\/wp-content\/uploads\/80-011-ENG-Rregullores-P-Nr.-01-2025-per-procesin-e-rekrutimit-te-Sekretar.pdf\" target=\"_blank\" rel=\"noopener\">REGULATION (P) No. 01 2025 ON THE PROCESS OF RECRUITMENT OF THE SECRETARY<\/a><\/li><li><a href=\"https:\/\/president-ksgov.net\/wp-content\/uploads\/2023\/02\/REGULATION-P-NO.-02-2022-ON-THE-ORGANIZATION-OF-THE-PRESIDENCY.pdf\">REGULATION (P) NO. 02\/2022 ON THE ORGANIZATION AND FUNCTIONING OF THE PRESIDENCY<\/a><\/li><li><a href=\"https:\/\/president-ksgov.net\/wp-content\/uploads\/2023\/02\/2021_04_02_163125_REGULATION_P_NO_012021.pdf\">REGULATION (P) NO. 01\/2021 ON THE PROCEDURES FOR THE ACCEPTANCE OF THE DUTY BY THE PRESIDENT OF THE REPUBLIC OF KOSOVO<\/a><\/li><li><a href=\"https:\/\/president-ksgov.net\/wp-content\/uploads\/2023\/02\/2019_07_01_112858_REGULATION_ON_THE_SWEARING_OF_THE_OATH_CEREMONY_OF_THE_PROSECUTORS.pdf\">REGULATION (P) NO. 02\/2019 ON THE SWEARING OF THE OATH CEREMONY OF THE PROSECUTORS<\/a><\/li><li><a href=\"https:\/\/president-ksgov.net\/wp-content\/uploads\/2023\/02\/2019_07_01_095523_REGULATION_ON_THE_SWEARING_OF_THE_OATH_CEREMONY_OF_THE_JUDGES.pdf\">REGULATION ON THE SWEARING OF THE OATH CEREMONY OF THE JUDGES<\/a><\/li><li><a href=\"https:\/\/president-ksgov.net\/wp-content\/uploads\/2023\/02\/2018_04_27_101837_REGULATION_ON_THE_TITLE_GOODWILL_AMBASSADOR_.pdf\">REGULATION (P) NO. 02\/2018 ON THE TITLE: GOODWILL AMBASSADOR Prishtina, March<\/a><\/li><li><a href=\"https:\/\/president-ksgov.net\/wp-content\/uploads\/2023\/02\/2018_04_20_081935_REGULATION_ON_THE_APPOINTMENT_PROPOSAL_PROCESS_OF_THE_AUDITOR_GENERAL_.pdf\">REGULATION (P) NO. 01\/2018 ON THE APPOINTMENT PROPOSAL PROCESS OF THE AUDITOR GENERAL OF THE REPUBLIC OF KOSOVO Prishtina, March<\/a><\/li><li><a href=\"https:\/\/president-ksgov.net\/wp-content\/uploads\/2023\/02\/2017_12_26_154720_STATUTE_OF_THE_CONSULTATIVE_COUNCIL_FOR_COMMUNITIES_1.pdf\">STATUTE OF THE CONSULTATIVE COUNCIL FOR COMMUNITIES<\/a><\/li><li><a href=\"https:\/\/president-ksgov.net\/wp-content\/uploads\/2023\/02\/2017_11_16_153103_REGULATION_ON_THE_PARDON_OF_CONVICTED_PERSONS.pdf\">REGULATION (P) NO. 02\/2017 ON THE CRITERIA AND PROCEDURES ON THE PARDON OF CONVICTED PERSONS<\/a><\/li><li><a href=\"https:\/\/president-ksgov.net\/wp-content\/uploads\/2023\/02\/2018_03_30_135557_2_REGULATION__ON_THE_PROCEDURE_OF_GRANTING_THE_CITIZENSHIP_BY_THE_PRESIDENT.pdf\">REGULATION (P) NO. 01\/2017 ON THE PROCEDURE OF GRANTING THE CITIZENSHIP BY THE PRESIDENT FOR THE SPECIAL INTEREST OF THE REPUBLIC OF KOSOVO<\/a><\/li><li><a href=\"https:\/\/president-ksgov.net\/wp-content\/uploads\/2023\/02\/2__REGULATION_ON__THE_WORK_OF_THE_AWARD_EVALUATION_COMMISSION-1.pdf\">REGULATION (P) NO. 05\/2016 ON THE WORK OF THE AWARD EVALUATION COMMISSION<\/a><\/li><li><a href=\"https:\/\/president-ksgov.net\/wp-content\/uploads\/2023\/02\/2020_08_13_111220_2__REGULATION_ON_TYPES_OF_AWARDS_AND_PROCEDURES_FOR_THEIR_GRANT_AND_REVOCATION_.pdf\">REGULATION (P) NO. 04\/2016 ON TYPES OF AWARDS AND PROCEDURES FOR THEIR GRANT AND REVOCATION<\/a><\/li><li><a href=\"https:\/\/president-ksgov.net\/wp-content\/uploads\/2023\/02\/2017_08_03_101154_REGULATION_P_NO032016_ON_THE_PROCEDURE_OF_GRANTING_AUTHORIZATIONS_BY_THE_PRESIDENT_FOR_THE_SIGNING_OF_INTER.pdf\">REGULATION (P) NO. 03\/2016 ON THE PROCEDURE OF GRANTING AUTHORIZATIONS BY THE PRESIDENT FOR THE SIGNING OF INTERNATIONAL AGREEMENTS AND ON THE PROCEDURE FOR THE RATIFICATION OF INTERNATIONAL AGREEMENTS BY THE PRESIDENT<\/a><\/li><\/ul><p><strong style=\"color: #c0912d\">The acts of the Secretary of the Office of the President<\/strong><\/p><ul><li><a href=\"https:\/\/president-ksgov.net\/wp-content\/uploads\/AI-02-2024-ON-THE-RECRUITMENT-PROCESS.pdf\" target=\"_blank\" rel=\"noopener\">ADMINISTRATIVE INSTRUCTION (SOP) NO. 02\/2024 ON THE RECRUITMENT PROCESS OF CIVIL SERVANTS<br \/>AT THE PRESIDENCY <\/a><\/li><li><a href=\"https:\/\/president-ksgov.net\/wp-content\/uploads\/AI-03-2024-ON-THE-CLASSIFICATION-OF-POSITIONS.pdf\" target=\"_blank\" rel=\"noopener\">ADMINISTRATIVE INSTRUCTION (AI) NO. 03\/2024 ON THE CLASSIFICATION OF POSITIONS IN THE CIVIL SERVICE IN THE PRESIDENCY<\/a><\/li><li><a href=\"https:\/\/president-ksgov.net\/wp-content\/uploads\/AI-05-2024-FOR-THE-TRANSFER-OF-CIVIL-SERVICE-EMPLOYEES.pdf\" target=\"_blank\" rel=\"noopener\"><span>ADMINISTRATIVE INSTRUCTION (SOP) NO. 05\/2024 FOR THE TRANSFER OF CIVIL SERVICE EMPLOYEES<\/span><\/a><\/li><li><a href=\"https:\/\/president-ksgov.net\/wp-content\/uploads\/AI-04-2024-ON-THE-DISCIPLINARY-COMMITTEE-AT-THE-PRESIDENCY.pdf\" target=\"_blank\" rel=\"noopener\">ADMINISTRATIVE INSTRUCTION (SZP) NO. 04\/2024 ON THE DISCIPLINARY COMMITTEE AT THE PRESIDENCY<\/a><\/li><li><a href=\"https:\/\/president-ksgov.net\/wp-content\/uploads\/AI-01-2025-ON-THE-EVALUATION-OF-WORK.pdf\">ADMINISTRATIVE INSTRUCTION (SOP) NO. 01\/2025<br \/>ON THE EVALUATION OF WORK RESULTS FOR CIVIL<br \/>SERVANTS IN THE PRESIDENCY<\/a><\/li><li><a href=\"https:\/\/president-ksgov.net\/wp-content\/uploads\/2023\/02\/2021_07_28_170345_ADMINISTRATIVE_INSTRUCTION_SOP_NO_03_2021.pdf\">ADMINISTRATIVE INSTRUCTION (SOP) NO. 03\/2021 ON IDENTIFICATION CARDS IN THE PRESIDENCY<\/a><\/li><li><a href=\"https:\/\/president-ksgov.net\/wp-content\/uploads\/2023\/02\/2021_07_28_135215_ADMINISTRATIVE_INSTRUCTION_SOP_NO_02_2021.pdf\">ADMINISTRATIVE INSTRUCTION (SOP) NO.02\/2021 ON ACCREDITATION OF MEDIA REPRESENTATIVES AT THE PRESIDENCY<\/a><\/li><li><a href=\"https:\/\/president-ksgov.net\/wp-content\/uploads\/2023\/02\/2021_07_28_134620_ADMINISTRATIVE_INSTRUCTION_SOP_NO_01_2021.pdf\">ADMINISTRATIVE INSTRUCTION (SOP) NO. 01\/2021 ON THE CONDUCT OF ORGANIZED VISITS AT THE PRESIDENCY<\/a><\/li><li><a href=\"https:\/\/president-ksgov.net\/wp-content\/uploads\/2023\/02\/2019_08_26_131156_ADMINISTRATIVE_INSTRUCTION_SOP_NO_02_2019_ON_PRESIDENTS_TRAVEL_ABROAD.pdf\">ADMINISTRATIVE INSTRUCTION (SOP) NO. 02\/2019 ON PRESIDENT\u2019S TRAVEL ABROAD<\/a><\/li><li><a href=\"https:\/\/president-ksgov.net\/wp-content\/uploads\/2023\/02\/2019_10_07_113245_ADMINISTRATIVE_INSTRUCTION_SOP_NR_01_2019__032019.pdf\">ADMINISTRATIVE INSTRUCTION (SOP) NR. 01\/2019 ON THE ACTIVITIES UNDERTAKEN AT THE PRESIDENCY RELATED TO THE MISSIONS OF THE REPUBLIC OF KOSOVO ABROAD<\/a><ul><li><a href=\"https:\/\/president-ksgov.net\/wp-content\/uploads\/ADMINISTRATIVE-INSTRUCTION-SOP-NO.-022026-ON-CHANGING-AND-AMENDING-OF-THE-ADMINISTRATIVE-INSTRUCTION-SOP-NO.-012019-ON-ACTIVITIES-UNDERTAKEN-AT-THE-PRESIDENCY-FOR-THE-MISSIONS.pdf\">ADMINISTRATIVE INSTRUCTION (SOP) NO. 02\/2026 ON CHANGING AND AMENDING OF THE ADMINISTRATIVE INSTRUCTION (SOP) NO. 01\/2019 ON ACTIVITIES UNDERTAKEN AT THE PRESIDENCY FOR THE MISSIONS<\/a><\/li><\/ul><\/li><li><a href=\"https:\/\/president-ksgov.net\/wp-content\/uploads\/2023\/02\/2018_04_25_085126_AI_01_2018_ON_THE_MANAGEMENT_OF_NON-FINANCIAL_ASSETS.pdf\">ADMINISTRATIVE INSTRUCTION (SZP) NO. 01\/2018 ON THE MANAGEMENT OF NON-FINANCIAL ASSETS IN THE PRESIDENCY Prishtina, March<\/a><\/li><li><a href=\"https:\/\/president-ksgov.net\/wp-content\/uploads\/2023\/02\/2018_02_23_153600_STATUTE_OF_THE_INTERNAL_AUDIT_COMMITTEE_IN_THE_PRESIDENCY.pdf\">STATUTE OF THE INTERNAL AUDIT COMMITTEE IN THE PRESIDENCY<\/a><\/li><li><a href=\"https:\/\/president-ksgov.net\/wp-content\/uploads\/2023\/02\/2017_11_02_100651_AI_4_ON_THE_ASSIGNMENT_OF_THE_REPRESENTATION.pdf\">ADMINISTRATIVE INSTRUCTION (SOP) NO. 04\/2017 ON THE ASSIGNMENT OF THE REPRESENTATION EXPENSES OF THE PRESIDENCY Prishtina<\/a><\/li><li><a href=\"https:\/\/president-ksgov.net\/wp-content\/uploads\/2023\/02\/2017_08_02_143132_ON_THE_LEGAL_SERVICES.pdf\">ADMINISTRATIVE INSTRUCTION (SOP) NO. 03\/2017 ON THE LEGAL SERVICES OF THE PRESIDENCY<\/a><ul><li><a href=\"https:\/\/president-ksgov.net\/wp-content\/uploads\/ADMINISTRATIVE-INSTRUCTION-SOP-NO.012026-ON-CHANGING-AND-AMENDING-OF-THE-ADMINISTRATIVE-INSTRUCTION-SOP-NO.032017-ON-LEGAL-SERVICES-AT-THE-PRESIDENCY-1.pdf\">ADMINISTRATIVE INSTRUCTION (SOP) NO.01\/2026 ON CHANGING AND AMENDING OF THE ADMINISTRATIVE INSTRUCTION (SOP) NO.03\/2017 ON LEGAL SERVICES AT THE PRESIDENCY<\/a><\/li><\/ul><\/li><li><a href=\"https:\/\/president-ksgov.net\/wp-content\/uploads\/2023\/02\/2017_08_02_151124_Ueb_ON_THE_USAGE_OF_FIXED_AND_MOBILE_TELEPHONY_IN_THE_PRESIDENCY.pdf\">ADMINISTRATIVE INSTRUCTION (SZP) No. 02\/2017 ON THE USAGE OF FIXED AND MOBILE TELEPHONY IN THE PRESIDENCY<\/a><\/li><\/ul><\/div>\n                <\/div><\/div>\t\t<\/div>\n\t\t\t\t<\/div>\n\t\t\t\t\t<\/div>\n\t\t<\/div>\n\t\t\t\t\t<\/div>\n\t\t<\/section>\n\t\t\t\t<\/div>\n\t\t","protected":false},"excerpt":{"rendered":"<p>Primary legislation LAW No. 03\/L 094 ON THE PRESIDENT OF THE REPUBLIC OF KOSOVO LAW No. 03\/L-101 ON PARDON LAW No. 04\/L-070 FOR THE CONFERMENT OF DECORATIONS BY THE PRESIDENT OF THE REPUBLIC OF KOSOVO LAW No. 04\/L-052 ON INTERNATIONAL AGREEMENTS Secondary legislation The acts of the President REGULATION (P) No. 01 2025 ON THE PROCESS OF RECRUITMENT OF THE SECRETARY REGULATION (P) NO. 02\/2022 ON THE ORGANIZATION AND FUNCTIONING OF THE PRESIDENCY REGULATION (P) NO. 01\/2021 ON THE PROCEDURES FOR THE ACCEPTANCE OF THE DUTY BY THE PRESIDENT OF THE REPUBLIC OF KOSOVO REGULATION (P) NO. 02\/2019 ON THE SWEARING OF THE OATH CEREMONY OF THE PROSECUTORS REGULATION ON THE SWEARING OF THE OATH CEREMONY OF THE JUDGES REGULATION (P) NO. 02\/2018 ON THE TITLE: GOODWILL AMBASSADOR Prishtina, March REGULATION (P) NO. 01\/2018 ON THE APPOINTMENT PROPOSAL PROCESS OF THE AUDITOR GENERAL OF THE REPUBLIC OF KOSOVO Prishtina, March STATUTE OF THE CONSULTATIVE COUNCIL FOR COMMUNITIES REGULATION (P) NO. 02\/2017 ON THE CRITERIA AND PROCEDURES ON THE PARDON OF CONVICTED PERSONS REGULATION (P) NO. 01\/2017 ON THE PROCEDURE OF GRANTING THE CITIZENSHIP BY THE PRESIDENT FOR THE SPECIAL INTEREST OF THE REPUBLIC OF KOSOVO REGULATION (P) NO. 05\/2016 ON THE WORK OF THE AWARD EVALUATION COMMISSION REGULATION (P) NO. 04\/2016 ON TYPES OF AWARDS AND PROCEDURES FOR THEIR GRANT AND REVOCATION REGULATION (P) NO. 03\/2016 ON THE PROCEDURE OF GRANTING AUTHORIZATIONS BY THE PRESIDENT FOR THE SIGNING OF INTERNATIONAL AGREEMENTS AND ON THE PROCEDURE FOR THE RATIFICATION OF INTERNATIONAL AGREEMENTS BY THE PRESIDENT The acts of the Secretary of the Office of the President ADMINISTRATIVE INSTRUCTION (SOP) NO. 02\/2024 ON THE RECRUITMENT PROCESS OF CIVIL SERVANTSAT THE PRESIDENCY ADMINISTRATIVE INSTRUCTION (AI) NO. 03\/2024 ON THE CLASSIFICATION OF POSITIONS IN THE CIVIL SERVICE IN THE PRESIDENCY ADMINISTRATIVE INSTRUCTION (SOP) NO. 05\/2024 FOR THE TRANSFER OF CIVIL SERVICE EMPLOYEES ADMINISTRATIVE INSTRUCTION (SZP) NO. 04\/2024 ON THE DISCIPLINARY COMMITTEE AT THE PRESIDENCY ADMINISTRATIVE INSTRUCTION (SOP) NO. 01\/2025ON THE EVALUATION OF WORK RESULTS FOR CIVILSERVANTS IN THE PRESIDENCY ADMINISTRATIVE INSTRUCTION (SOP) NO. 03\/2021 ON IDENTIFICATION CARDS IN THE PRESIDENCY ADMINISTRATIVE INSTRUCTION (SOP) NO.02\/2021 ON ACCREDITATION OF MEDIA REPRESENTATIVES AT THE PRESIDENCY ADMINISTRATIVE INSTRUCTION (SOP) NO. 01\/2021 ON THE CONDUCT OF ORGANIZED VISITS AT THE PRESIDENCY ADMINISTRATIVE INSTRUCTION (SOP) NO. 02\/2019 ON PRESIDENT\u2019S TRAVEL ABROAD ADMINISTRATIVE INSTRUCTION (SOP) NR. 01\/2019 ON THE ACTIVITIES UNDERTAKEN AT THE PRESIDENCY RELATED TO THE MISSIONS OF THE REPUBLIC OF KOSOVO ABROAD ADMINISTRATIVE INSTRUCTION (SOP) NO. 02\/2026 ON CHANGING AND AMENDING OF THE ADMINISTRATIVE INSTRUCTION (SOP) NO. 01\/2019 ON ACTIVITIES UNDERTAKEN AT THE PRESIDENCY FOR THE MISSIONS ADMINISTRATIVE INSTRUCTION (SZP) NO. 01\/2018 ON THE MANAGEMENT OF NON-FINANCIAL ASSETS IN THE PRESIDENCY Prishtina, March STATUTE OF THE INTERNAL AUDIT COMMITTEE IN THE PRESIDENCY ADMINISTRATIVE INSTRUCTION (SOP) NO. 04\/2017 ON THE ASSIGNMENT OF THE REPRESENTATION EXPENSES OF THE PRESIDENCY Prishtina ADMINISTRATIVE INSTRUCTION (SOP) NO. 03\/2017 ON THE LEGAL SERVICES OF THE PRESIDENCY ADMINISTRATIVE INSTRUCTION (SOP) NO.01\/2026 ON CHANGING AND AMENDING OF THE ADMINISTRATIVE INSTRUCTION (SOP) NO.03\/2017 ON LEGAL SERVICES AT THE PRESIDENCY ADMINISTRATIVE INSTRUCTION (SZP) No. 02\/2017 ON THE USAGE OF FIXED AND MOBILE TELEPHONY IN THE PRESIDENCY<\/p>\n","protected":false},"author":1,"featured_media":9732,"parent":0,"menu_order":0,"comment_status":"closed","ping_status":"closed","template":"","meta":{"_eb_attr":"","footnotes":""},"class_list":["post-2774","page","type-page","status-publish","has-post-thumbnail","hentry"],"yoast_head":"<!-- This site is optimized with the Yoast SEO plugin v23.5 - https:\/\/yoast.com\/wordpress\/plugins\/seo\/ -->\n<title>Legislation - President of the Republic of Kosovo - DR. VJOSA OSMANI - SADRIU<\/title>\n<meta name=\"description\" content=\"Legislation - President of the Republic of Kosovo - DR. VJOSA OSMANI - SADRIU -\" \/>\n<meta name=\"robots\" content=\"index, follow, max-snippet:-1, max-image-preview:large, max-video-preview:-1\" \/>\n<link rel=\"canonical\" href=\"https:\/\/president-ksgov.net\/en\/legislation\/\" \/>\n<meta property=\"og:locale\" content=\"en_US\" \/>\n<meta property=\"og:type\" content=\"article\" \/>\n<meta property=\"og:title\" content=\"Legislation - President of the Republic of Kosovo - DR. VJOSA OSMANI - SADRIU\" \/>\n<meta property=\"og:description\" content=\"Legislation - President of the Republic of Kosovo - DR. VJOSA OSMANI - SADRIU -\" \/>\n<meta property=\"og:url\" content=\"https:\/\/president-ksgov.net\/en\/legislation\/\" \/>\n<meta property=\"og:site_name\" content=\"President of the Republic of Kosovo - DR. VJOSA OSMANI - SADRIU\" \/>\n<meta property=\"article:modified_time\" content=\"2026-04-28T14:03:23+00:00\" \/>\n<meta property=\"og:image\" content=\"https:\/\/president-ksgov.net\/wp-content\/uploads\/2023\/03\/Zyra-e-Presidentes-Default-Image.jpeg\" \/>\n\t<meta property=\"og:image:width\" content=\"1280\" \/>\n\t<meta property=\"og:image:height\" content=\"640\" \/>\n\t<meta property=\"og:image:type\" content=\"image\/jpeg\" \/>\n<meta name=\"twitter:card\" content=\"summary_large_image\" \/>\n<meta name=\"twitter:label1\" content=\"Est. reading time\" \/>\n\t<meta name=\"twitter:data1\" content=\"3 minutes\" \/>\n<script type=\"application\/ld+json\" class=\"yoast-schema-graph\">{\"@context\":\"https:\/\/schema.org\",\"@graph\":[{\"@type\":\"WebPage\",\"@id\":\"https:\/\/president-ksgov.net\/en\/legislation\/\",\"url\":\"https:\/\/president-ksgov.net\/en\/legislation\/\",\"name\":\"Legislation - President of the Republic of Kosovo - DR. VJOSA OSMANI - SADRIU\",\"isPartOf\":{\"@id\":\"https:\/\/president-ksgov.net\/#website\"},\"primaryImageOfPage\":{\"@id\":\"https:\/\/president-ksgov.net\/en\/legislation\/#primaryimage\"},\"image\":{\"@id\":\"https:\/\/president-ksgov.net\/en\/legislation\/#primaryimage\"},\"thumbnailUrl\":\"https:\/\/president-ksgov.net\/wp-content\/uploads\/2023\/03\/Zyra-e-Presidentes-Default-Image.jpeg\",\"datePublished\":\"2023-01-26T20:09:33+00:00\",\"dateModified\":\"2026-04-28T14:03:23+00:00\",\"description\":\"Legislation - President of the Republic of Kosovo - DR. VJOSA OSMANI - SADRIU -\",\"breadcrumb\":{\"@id\":\"https:\/\/president-ksgov.net\/en\/legislation\/#breadcrumb\"},\"inLanguage\":\"en-US\",\"potentialAction\":[{\"@type\":\"ReadAction\",\"target\":[\"https:\/\/president-ksgov.net\/en\/legislation\/\"]}]},{\"@type\":\"ImageObject\",\"inLanguage\":\"en-US\",\"@id\":\"https:\/\/president-ksgov.net\/en\/legislation\/#primaryimage\",\"url\":\"https:\/\/president-ksgov.net\/wp-content\/uploads\/2023\/03\/Zyra-e-Presidentes-Default-Image.jpeg\",\"contentUrl\":\"https:\/\/president-ksgov.net\/wp-content\/uploads\/2023\/03\/Zyra-e-Presidentes-Default-Image.jpeg\",\"width\":1280,\"height\":640},{\"@type\":\"BreadcrumbList\",\"@id\":\"https:\/\/president-ksgov.net\/en\/legislation\/#breadcrumb\",\"itemListElement\":[{\"@type\":\"ListItem\",\"position\":1,\"name\":\"Home\",\"item\":\"https:\/\/president-ksgov.net\/en\/\"},{\"@type\":\"ListItem\",\"position\":2,\"name\":\"Legislation\"}]},{\"@type\":\"WebSite\",\"@id\":\"https:\/\/president-ksgov.net\/#website\",\"url\":\"https:\/\/president-ksgov.net\/\",\"name\":\"Presidente e Republik\u00ebs s\u00eb Kosov\u00ebs\",\"description\":\"Presidente e Republik\u00ebs s\u00eb Kosov\u00ebs\",\"alternateName\":\"DR. VJOSA OSMANI - SADRIU\",\"potentialAction\":[{\"@type\":\"SearchAction\",\"target\":{\"@type\":\"EntryPoint\",\"urlTemplate\":\"https:\/\/president-ksgov.net\/?s={search_term_string}\"},\"query-input\":{\"@type\":\"PropertyValueSpecification\",\"valueRequired\":true,\"valueName\":\"search_term_string\"}}],\"inLanguage\":\"en-US\"}]}<\/script>\n<!-- \/ Yoast SEO plugin. -->","yoast_head_json":{"title":"Legislation - President of the Republic of Kosovo - DR. VJOSA OSMANI - SADRIU","description":"Legislation - President of the Republic of Kosovo - DR. VJOSA OSMANI - SADRIU -","robots":{"index":"index","follow":"follow","max-snippet":"max-snippet:-1","max-image-preview":"max-image-preview:large","max-video-preview":"max-video-preview:-1"},"canonical":"https:\/\/president-ksgov.net\/en\/legislation\/","og_locale":"en_US","og_type":"article","og_title":"Legislation - President of the Republic of Kosovo - DR. VJOSA OSMANI - SADRIU","og_description":"Legislation - President of the Republic of Kosovo - DR. VJOSA OSMANI - SADRIU -","og_url":"https:\/\/president-ksgov.net\/en\/legislation\/","og_site_name":"President of the Republic of Kosovo - DR. VJOSA OSMANI - SADRIU","article_modified_time":"2026-04-28T14:03:23+00:00","og_image":[{"width":1280,"height":640,"url":"https:\/\/president-ksgov.net\/wp-content\/uploads\/2023\/03\/Zyra-e-Presidentes-Default-Image.jpeg","type":"image\/jpeg"}],"twitter_card":"summary_large_image","twitter_misc":{"Est. reading time":"3 minutes"},"schema":{"@context":"https:\/\/schema.org","@graph":[{"@type":"WebPage","@id":"https:\/\/president-ksgov.net\/en\/legislation\/","url":"https:\/\/president-ksgov.net\/en\/legislation\/","name":"Legislation - President of the Republic of Kosovo - DR. VJOSA OSMANI - SADRIU","isPartOf":{"@id":"https:\/\/president-ksgov.net\/#website"},"primaryImageOfPage":{"@id":"https:\/\/president-ksgov.net\/en\/legislation\/#primaryimage"},"image":{"@id":"https:\/\/president-ksgov.net\/en\/legislation\/#primaryimage"},"thumbnailUrl":"https:\/\/president-ksgov.net\/wp-content\/uploads\/2023\/03\/Zyra-e-Presidentes-Default-Image.jpeg","datePublished":"2023-01-26T20:09:33+00:00","dateModified":"2026-04-28T14:03:23+00:00","description":"Legislation - President of the Republic of Kosovo - DR. VJOSA OSMANI - SADRIU -","breadcrumb":{"@id":"https:\/\/president-ksgov.net\/en\/legislation\/#breadcrumb"},"inLanguage":"en-US","potentialAction":[{"@type":"ReadAction","target":["https:\/\/president-ksgov.net\/en\/legislation\/"]}]},{"@type":"ImageObject","inLanguage":"en-US","@id":"https:\/\/president-ksgov.net\/en\/legislation\/#primaryimage","url":"https:\/\/president-ksgov.net\/wp-content\/uploads\/2023\/03\/Zyra-e-Presidentes-Default-Image.jpeg","contentUrl":"https:\/\/president-ksgov.net\/wp-content\/uploads\/2023\/03\/Zyra-e-Presidentes-Default-Image.jpeg","width":1280,"height":640},{"@type":"BreadcrumbList","@id":"https:\/\/president-ksgov.net\/en\/legislation\/#breadcrumb","itemListElement":[{"@type":"ListItem","position":1,"name":"Home","item":"https:\/\/president-ksgov.net\/en\/"},{"@type":"ListItem","position":2,"name":"Legislation"}]},{"@type":"WebSite","@id":"https:\/\/president-ksgov.net\/#website","url":"https:\/\/president-ksgov.net\/","name":"Presidente e Republik\u00ebs s\u00eb Kosov\u00ebs","description":"Presidente e Republik\u00ebs s\u00eb Kosov\u00ebs","alternateName":"DR. VJOSA OSMANI - SADRIU","potentialAction":[{"@type":"SearchAction","target":{"@type":"EntryPoint","urlTemplate":"https:\/\/president-ksgov.net\/?s={search_term_string}"},"query-input":{"@type":"PropertyValueSpecification","valueRequired":true,"valueName":"search_term_string"}}],"inLanguage":"en-US"}]}},"_links":{"self":[{"href":"https:\/\/president-ksgov.net\/en\/wp-json\/wp\/v2\/pages\/2774","targetHints":{"allow":["GET"]}}],"collection":[{"href":"https:\/\/president-ksgov.net\/en\/wp-json\/wp\/v2\/pages"}],"about":[{"href":"https:\/\/president-ksgov.net\/en\/wp-json\/wp\/v2\/types\/page"}],"author":[{"embeddable":true,"href":"https:\/\/president-ksgov.net\/en\/wp-json\/wp\/v2\/users\/1"}],"replies":[{"embeddable":true,"href":"https:\/\/president-ksgov.net\/en\/wp-json\/wp\/v2\/comments?post=2774"}],"version-history":[{"count":73,"href":"https:\/\/president-ksgov.net\/en\/wp-json\/wp\/v2\/pages\/2774\/revisions"}],"predecessor-version":[{"id":187734,"href":"https:\/\/president-ksgov.net\/en\/wp-json\/wp\/v2\/pages\/2774\/revisions\/187734"}],"wp:featuredmedia":[{"embeddable":true,"href":"https:\/\/president-ksgov.net\/en\/wp-json\/wp\/v2\/media\/9732"}],"wp:attachment":[{"href":"https:\/\/president-ksgov.net\/en\/wp-json\/wp\/v2\/media?parent=2774"}],"curies":[{"name":"wp","href":"https:\/\/api.w.org\/{rel}","templated":true}]}}