{"id":2764,"date":"2023-02-02T14:54:17","date_gmt":"2023-02-02T13:54:17","guid":{"rendered":"https:\/\/dev.president-ksgov.net\/foto-galeria\/"},"modified":"2023-04-28T13:38:48","modified_gmt":"2023-04-28T11:38:48","slug":"photo-gallery","status":"publish","type":"page","link":"https:\/\/president-ksgov.net\/en\/photo-gallery\/","title":{"rendered":"Photo Gallery"},"content":{"rendered":"\t\t<div data-elementor-type=\"wp-page\" data-elementor-id=\"2764\" class=\"elementor elementor-2764 elementor-1527\">\n\t\t\t\t\t\t<section class=\"elementor-section elementor-top-section elementor-element elementor-element-8eba102 elementor-section-boxed elementor-section-height-default elementor-section-height-default wpr-particle-no wpr-jarallax-no wpr-parallax-no wpr-sticky-section-no\" data-id=\"8eba102\" data-element_type=\"section\">\n\t\t\t\t\t\t<div class=\"elementor-container elementor-column-gap-default\">\n\t\t\t\t\t<div class=\"elementor-column elementor-col-100 elementor-top-column elementor-element elementor-element-496d158\" data-id=\"496d158\" data-element_type=\"column\">\n\t\t\t<div class=\"elementor-widget-wrap elementor-element-populated\">\n\t\t\t\t\t\t<div class=\"elementor-element elementor-element-e968ff8 elementor-widget elementor-widget-shortcode\" data-id=\"e968ff8\" data-element_type=\"widget\" data-widget_type=\"shortcode.default\">\n\t\t\t\t<div class=\"elementor-widget-container\">\n\t\t\t\t\t<div class=\"elementor-shortcode\">\r\n\t<form method=\"get\" class=\"row\">\r\n\t\r\n\t<div class=\"form-group col-md-3 month-year\">\r\n\t\t\t\t\t<div>\r\n\t\t\t\t\t<label for=\"month\">Month <\/label>\r\n\t\t\t\t\t<select class=\"form-control\" placeholder=\"Label\" name=\"filter_month\">\r\n\t\t\t\t\t<option name=\"\"><\/option>\r\n\t\t\t\t\t<option value=\"01\" >January<\/option><option value=\"02\" >February<\/option><option value=\"03\" >March<\/option><option value=\"04\" >April<\/option><option value=\"05\" >May<\/option><option value=\"06\" >June<\/option><option value=\"07\" >July<\/option><option value=\"08\" >August<\/option><option value=\"09\" >September<\/option><option value=\"10\" >October<\/option><option value=\"11\" >November<\/option><option value=\"12\" >December<\/option>\r\n\t\t\t\t\t<\/select>\r\n\t\t\t\t\t<\/div>\r\n\t\t\t\t\t<div>\r\n\t\t\t\t\t<label for=\"year\">Year <\/label>\r\n\t\t\t\t\t<select class=\"form-control\" placeholder=\"Label\" name=\"filter_year\">\r\n\t\t\t\t\t<option value=\"\"><\/option>\r\n\t\t\t\t\t<option value=\"2026\">2026<\/option><option value=\"2025\">2025<\/option><option value=\"2024\">2024<\/option><option value=\"2023\">2023<\/option><option value=\"2022\">2022<\/option><option value=\"2021\">2021<\/option><option value=\"2020\">2020<\/option><option value=\"2019\">2019<\/option><option value=\"2018\">2018<\/option><option value=\"2017\">2017<\/option><option value=\"2016\">2016<\/option><option value=\"2015\">2015<\/option><option value=\"2014\">2014<\/option><option value=\"2013\">2013<\/option><option value=\"2012\">2012<\/option><option value=\"2011\">2011<\/option><option value=\"2010\">2010<\/option><option value=\"2009\">2009<\/option><option value=\"2008\">2008<\/option><option value=\"2007\">2007<\/option>\r\n\t\t\t\t\t<\/select>\r\n\t\t\t\t\t<\/div>\r\n\t\t\t\t\t<button type=\"submit\" class=\"btn btn-primary mb-2 col-md-3 kerko-foto\">Search<\/button>\r\n\t\t\t\t<\/div>\t\t\t\r\n\t\t\t<\/form>\r\n\t<div class=\"gallery\">\r\n\t\t<a href=\"https:\/\/president-ksgov.net\/wp-content\/uploads\/27.04.2026-6.jpg\" class=\"big\"  data-slb-group=\"my-gallery\">\r\n\t\t<img decoding=\"async\" src=\"https:\/\/president-ksgov.net\/wp-content\/uploads\/27.04.2026-6.jpg\">\r\n\t\t<\/a>\r\n\t\r\n\t\t<a href=\"https:\/\/president-ksgov.net\/wp-content\/uploads\/27.04.2026-5.jpg\" class=\"big\"  data-slb-group=\"my-gallery\">\r\n\t\t<img decoding=\"async\" src=\"https:\/\/president-ksgov.net\/wp-content\/uploads\/27.04.2026-5.jpg\">\r\n\t\t<\/a>\r\n\t\r\n\t\t<a href=\"https:\/\/president-ksgov.net\/wp-content\/uploads\/27.04.2026-4.jpg\" class=\"big\"  data-slb-group=\"my-gallery\">\r\n\t\t<img decoding=\"async\" src=\"https:\/\/president-ksgov.net\/wp-content\/uploads\/27.04.2026-4.jpg\">\r\n\t\t<\/a>\r\n\t\r\n\t\t<a href=\"https:\/\/president-ksgov.net\/wp-content\/uploads\/27.04.2026-3.jpg\" class=\"big\"  data-slb-group=\"my-gallery\">\r\n\t\t<img decoding=\"async\" src=\"https:\/\/president-ksgov.net\/wp-content\/uploads\/27.04.2026-3.jpg\">\r\n\t\t<\/a>\r\n\t\r\n\t\t<a href=\"https:\/\/president-ksgov.net\/wp-content\/uploads\/27.04.2026-2.jpg\" class=\"big\"  data-slb-group=\"my-gallery\">\r\n\t\t<img decoding=\"async\" src=\"https:\/\/president-ksgov.net\/wp-content\/uploads\/27.04.2026-2.jpg\">\r\n\t\t<\/a>\r\n\t\r\n\t\t<a href=\"https:\/\/president-ksgov.net\/wp-content\/uploads\/27.04.26-1.jpg\" class=\"big\"  data-slb-group=\"my-gallery\">\r\n\t\t<img decoding=\"async\" src=\"https:\/\/president-ksgov.net\/wp-content\/uploads\/27.04.26-1.jpg\">\r\n\t\t<\/a>\r\n\t\r\n\t\t<a href=\"https:\/\/president-ksgov.net\/wp-content\/uploads\/27.04.26-2.jpg\" class=\"big\"  data-slb-group=\"my-gallery\">\r\n\t\t<img decoding=\"async\" src=\"https:\/\/president-ksgov.net\/wp-content\/uploads\/27.04.26-2.jpg\">\r\n\t\t<\/a>\r\n\t\r\n\t\t<a href=\"https:\/\/president-ksgov.net\/wp-content\/uploads\/dff4adc3-ec0a-40a1-b923-98db2b7c2a7d.jpeg\" class=\"big\"  data-slb-group=\"my-gallery\">\r\n\t\t<img decoding=\"async\" src=\"https:\/\/president-ksgov.net\/wp-content\/uploads\/dff4adc3-ec0a-40a1-b923-98db2b7c2a7d.jpeg\">\r\n\t\t<\/a>\r\n\t\r\n\t\t<a href=\"https:\/\/president-ksgov.net\/wp-content\/uploads\/c61740b4-f0f1-41cc-a55a-e2bad2d70077.jpeg\" class=\"big\"  data-slb-group=\"my-gallery\">\r\n\t\t<img decoding=\"async\" src=\"https:\/\/president-ksgov.net\/wp-content\/uploads\/c61740b4-f0f1-41cc-a55a-e2bad2d70077.jpeg\">\r\n\t\t<\/a>\r\n\t\r\n\t\t<a href=\"https:\/\/president-ksgov.net\/wp-content\/uploads\/520ce71f-4ae1-42d4-9104-a5a1590269a4.jpeg\" class=\"big\"  data-slb-group=\"my-gallery\">\r\n\t\t<img decoding=\"async\" src=\"https:\/\/president-ksgov.net\/wp-content\/uploads\/520ce71f-4ae1-42d4-9104-a5a1590269a4.jpeg\">\r\n\t\t<\/a>\r\n\t\r\n\t\t<a href=\"https:\/\/president-ksgov.net\/wp-content\/uploads\/87d6516a-349b-4d88-b14d-415c84dfb304.jpeg\" class=\"big\"  data-slb-group=\"my-gallery\">\r\n\t\t<img decoding=\"async\" src=\"https:\/\/president-ksgov.net\/wp-content\/uploads\/87d6516a-349b-4d88-b14d-415c84dfb304.jpeg\">\r\n\t\t<\/a>\r\n\t\r\n\t\t<a href=\"https:\/\/president-ksgov.net\/wp-content\/uploads\/24.04.26-2.jpg\" class=\"big\"  data-slb-group=\"my-gallery\">\r\n\t\t<img decoding=\"async\" src=\"https:\/\/president-ksgov.net\/wp-content\/uploads\/24.04.26-2.jpg\">\r\n\t\t<\/a>\r\n\t\r\n\t\t<a href=\"https:\/\/president-ksgov.net\/wp-content\/uploads\/24.04.26-1.jpg\" class=\"big\"  data-slb-group=\"my-gallery\">\r\n\t\t<img decoding=\"async\" src=\"https:\/\/president-ksgov.net\/wp-content\/uploads\/24.04.26-1.jpg\">\r\n\t\t<\/a>\r\n\t\r\n\t\t<a href=\"https:\/\/president-ksgov.net\/wp-content\/uploads\/24.04.2026-3jpg.jpg\" class=\"big\"  data-slb-group=\"my-gallery\">\r\n\t\t<img decoding=\"async\" src=\"https:\/\/president-ksgov.net\/wp-content\/uploads\/24.04.2026-3jpg.jpg\">\r\n\t\t<\/a>\r\n\t\r\n\t\t<a href=\"https:\/\/president-ksgov.net\/wp-content\/uploads\/24.04.2026-2jpg.jpg\" class=\"big\"  data-slb-group=\"my-gallery\">\r\n\t\t<img decoding=\"async\" src=\"https:\/\/president-ksgov.net\/wp-content\/uploads\/24.04.2026-2jpg.jpg\">\r\n\t\t<\/a>\r\n\t\r\n\t\t<a href=\"https:\/\/president-ksgov.net\/wp-content\/uploads\/24.04.2026-1.jpg\" class=\"big\"  data-slb-group=\"my-gallery\">\r\n\t\t<img decoding=\"async\" src=\"https:\/\/president-ksgov.net\/wp-content\/uploads\/24.04.2026-1.jpg\">\r\n\t\t<\/a>\r\n\t\r\n\t\t<a href=\"https:\/\/president-ksgov.net\/wp-content\/uploads\/7c8cb1bb-123a-480d-8b92-118dc68a5ceb.jpeg\" class=\"big\"  data-slb-group=\"my-gallery\">\r\n\t\t<img decoding=\"async\" src=\"https:\/\/president-ksgov.net\/wp-content\/uploads\/7c8cb1bb-123a-480d-8b92-118dc68a5ceb.jpeg\">\r\n\t\t<\/a>\r\n\t\r\n\t\t<a href=\"https:\/\/president-ksgov.net\/wp-content\/uploads\/34d682b3-3230-499a-8f87-da2fb7c0b82e.jpeg\" class=\"big\"  data-slb-group=\"my-gallery\">\r\n\t\t<img decoding=\"async\" src=\"https:\/\/president-ksgov.net\/wp-content\/uploads\/34d682b3-3230-499a-8f87-da2fb7c0b82e.jpeg\">\r\n\t\t<\/a>\r\n\t\r\n\t\t<a href=\"https:\/\/president-ksgov.net\/wp-content\/uploads\/bd89595c-582e-4436-bfc7-0f9bb078726a.jpeg\" class=\"big\"  data-slb-group=\"my-gallery\">\r\n\t\t<img decoding=\"async\" src=\"https:\/\/president-ksgov.net\/wp-content\/uploads\/bd89595c-582e-4436-bfc7-0f9bb078726a.jpeg\">\r\n\t\t<\/a>\r\n\t\r\n\t\t<a href=\"https:\/\/president-ksgov.net\/wp-content\/uploads\/IMG_8364.jpeg\" class=\"big\"  data-slb-group=\"my-gallery\">\r\n\t\t<img decoding=\"async\" src=\"https:\/\/president-ksgov.net\/wp-content\/uploads\/IMG_8364.jpeg\">\r\n\t\t<\/a>\r\n\t<\/div><div class=\"pagination\"><span aria-current=\"page\" class=\"page-numbers current\">1<\/span>\n<a class=\"page-numbers\" href=\"https:\/\/president-ksgov.net\/en\/wp-json\/wp\/v2\/pages\/2764\/page\/2\/\">2<\/a>\n<a class=\"page-numbers\" href=\"https:\/\/president-ksgov.net\/en\/wp-json\/wp\/v2\/pages\/2764\/page\/3\/\">3<\/a>\n<span class=\"page-numbers dots\">&hellip;<\/span>\n<a class=\"page-numbers\" href=\"https:\/\/president-ksgov.net\/en\/wp-json\/wp\/v2\/pages\/2764\/page\/1410\/\">1,410<\/a>\n<a class=\"next page-numbers\" href=\"https:\/\/president-ksgov.net\/en\/wp-json\/wp\/v2\/pages\/2764\/page\/2\/\">Next &raquo;<\/a><\/div>\r\n\t<script>\r\n\t\r\n\r\n\t\twindow.onload = ()=>{\r\n\r\n\t\t\tsetTimeout(()=>{\r\n\t\t\tjQuery(document).ready(function() {\r\n\t\t\tvar gallery = jQuery(\".gallery a\").simpleLightbox({\r\n\t\t\t\t\tsourceAttr:\"href\",\r\n\t\t\t\t\toverlay:true,\r\n\t\t\t\t\tspinner:true,\r\n\t\t\t\t\tnav:true,\r\n\t\t\t\t\tnavText: [\"Previous\",\"Next\"],\r\n\t\t\t\t\tcaptions:true,\r\n\t\t\t\t\tcaptionDelay: 0,\r\n\t\t\t\t\tcaptionSelector:\"img\",\r\n\t\t\t\t\tcaptionType:\"attr\",\r\n\t\t\t\t\tcaptionPosition:\"bottom\",\r\n\t\t\t\t\tcaptionClass:\"\",\r\n\t\t\t\t\tcaptionsData:\"title\",\r\n\t\t\t\t\tclose:true,\r\n\t\t\t\t\tcloseText:\"X\",\r\n\t\t\t\t\tswipeClose:true,\r\n\t\t\t\t\tshowCounter:true,\r\n\t\t\t\t\tfileExt:\"png|jpg|jpeg|gif\",\r\n\t\t\t\t\tanimationSlide:true,\r\n\t\t\t\t\tanimationSpeed: 250,\r\n\t\t\t\t\tpreloading:true,\r\n\t\t\t\t\tenableKeyboard:true,\r\n\t\t\t\t\tloop: true,\r\n\t\t\t\t\trel:false,\r\n\t\t\t\t\tdocClose: true,\r\n\t\t\t\t\tswipeTolerance: 50,\r\n\t\t\t\t\tclassName:\"simple-lightbox\",\r\n\t\t\t\t\twidthRatio: 0.8,\r\n\t\t\t\t\theightRatio: 0.9,\r\n\t\t\t\t\tscaleImageToRatio:false,\r\n\t\t\t\t\tdisableRightClick:false,\r\n\t\t\t\t\talertError: true,\r\n\t\t\t\t\talertErrorMessage:\"Image not found, next image will be loaded\",\r\n\t\t\t\t\tadditionalHtml:false,\r\n\t\t\t\t\thistory:true,\r\n\t\t\t\t\tthrottleInterval: 0,\r\n\t\t\t\t\tdoubleTapZoom: 2,\r\n\t\t\t\t\tmaxZoom: 10,\r\n\t\t\t\t\thtmlClass:\"has-lightbox\",\r\n\t\t\t\t\trtl:false,\r\n\t\t\t\t\tfixedClass:\"sl-fixed\",\r\n\t\t\t\t\tfadeSpeed: 300,\r\n\t\t\t\t\tuniqueImages:true,\r\n\t\t\t\t\tfocus:true,\r\n\t\t\t\t});\r\n\t\t\t\tjQuery(\"#filter_to\").datepicker();\r\n\t\t\t\tjQuery(\"#filter_from\").datepicker();\r\n\t\t\t\t\r\n\t\t\t\t});\r\n\t\t\t\t\r\n\t\t\t},1000)\r\n\t\t\t\r\n\t\t}\r\n\t<\/script><\/div>\n\t\t\t\t<\/div>\n\t\t\t\t<\/div>\n\t\t\t\t\t<\/div>\n\t\t<\/div>\n\t\t\t\t\t<\/div>\n\t\t<\/section>\n\t\t\t\t<\/div>\n\t\t","protected":false},"excerpt":{"rendered":"","protected":false},"author":1,"featured_media":86338,"parent":0,"menu_order":0,"comment_status":"closed","ping_status":"closed","template":"","meta":{"_eb_attr":"","footnotes":""},"class_list":["post-2764","page","type-page","status-publish","has-post-thumbnail","hentry"],"yoast_head":"<!-- This site is optimized with the Yoast SEO plugin v23.5 - https:\/\/yoast.com\/wordpress\/plugins\/seo\/ -->\n<title>Photo Gallery - President of the Republic of Kosovo - DR. VJOSA OSMANI - SADRIU<\/title>\n<meta name=\"description\" content=\"Photo Gallery - President of the Republic of Kosovo - DR. VJOSA OSMANI - SADRIU -\" \/>\n<meta name=\"robots\" content=\"index, follow, max-snippet:-1, max-image-preview:large, max-video-preview:-1\" \/>\n<link rel=\"canonical\" href=\"https:\/\/president-ksgov.net\/en\/photo-gallery\/\" \/>\n<meta property=\"og:locale\" content=\"en_US\" \/>\n<meta property=\"og:type\" content=\"article\" \/>\n<meta property=\"og:title\" content=\"Photo Gallery - President of the Republic of Kosovo - DR. VJOSA OSMANI - SADRIU\" \/>\n<meta property=\"og:description\" content=\"Photo Gallery - President of the Republic of Kosovo - DR. VJOSA OSMANI - SADRIU -\" \/>\n<meta property=\"og:url\" content=\"https:\/\/president-ksgov.net\/en\/photo-gallery\/\" \/>\n<meta property=\"og:site_name\" content=\"President of the Republic of Kosovo - DR. VJOSA OSMANI - SADRIU\" \/>\n<meta property=\"article:modified_time\" content=\"2023-04-28T11:38:48+00:00\" \/>\n<meta property=\"og:image\" content=\"https:\/\/president-ksgov.net\/wp-content\/uploads\/Zyra-e-Presidentes-Featured-Image1-e1678970937938.png\" \/>\n\t<meta property=\"og:image:width\" content=\"1024\" \/>\n\t<meta property=\"og:image:height\" content=\"716\" \/>\n\t<meta property=\"og:image:type\" content=\"image\/png\" \/>\n<meta name=\"twitter:card\" content=\"summary_large_image\" \/>\n<script type=\"application\/ld+json\" class=\"yoast-schema-graph\">{\"@context\":\"https:\/\/schema.org\",\"@graph\":[{\"@type\":\"WebPage\",\"@id\":\"https:\/\/president-ksgov.net\/en\/photo-gallery\/\",\"url\":\"https:\/\/president-ksgov.net\/en\/photo-gallery\/\",\"name\":\"Photo Gallery - President of the Republic of Kosovo - DR. VJOSA OSMANI - SADRIU\",\"isPartOf\":{\"@id\":\"https:\/\/president-ksgov.net\/#website\"},\"primaryImageOfPage\":{\"@id\":\"https:\/\/president-ksgov.net\/en\/photo-gallery\/#primaryimage\"},\"image\":{\"@id\":\"https:\/\/president-ksgov.net\/en\/photo-gallery\/#primaryimage\"},\"thumbnailUrl\":\"https:\/\/president-ksgov.net\/wp-content\/uploads\/Zyra-e-Presidentes-Featured-Image1-e1678970937938.png\",\"datePublished\":\"2023-02-02T13:54:17+00:00\",\"dateModified\":\"2023-04-28T11:38:48+00:00\",\"description\":\"Photo Gallery - President of the Republic of Kosovo - DR. VJOSA OSMANI - SADRIU -\",\"breadcrumb\":{\"@id\":\"https:\/\/president-ksgov.net\/en\/photo-gallery\/#breadcrumb\"},\"inLanguage\":\"en-US\",\"potentialAction\":[{\"@type\":\"ReadAction\",\"target\":[\"https:\/\/president-ksgov.net\/en\/photo-gallery\/\"]}]},{\"@type\":\"ImageObject\",\"inLanguage\":\"en-US\",\"@id\":\"https:\/\/president-ksgov.net\/en\/photo-gallery\/#primaryimage\",\"url\":\"https:\/\/president-ksgov.net\/wp-content\/uploads\/Zyra-e-Presidentes-Featured-Image1-e1678970937938.png\",\"contentUrl\":\"https:\/\/president-ksgov.net\/wp-content\/uploads\/Zyra-e-Presidentes-Featured-Image1-e1678970937938.png\",\"width\":1024,\"height\":716},{\"@type\":\"BreadcrumbList\",\"@id\":\"https:\/\/president-ksgov.net\/en\/photo-gallery\/#breadcrumb\",\"itemListElement\":[{\"@type\":\"ListItem\",\"position\":1,\"name\":\"Home\",\"item\":\"https:\/\/president-ksgov.net\/en\/\"},{\"@type\":\"ListItem\",\"position\":2,\"name\":\"Photo Gallery\"}]},{\"@type\":\"WebSite\",\"@id\":\"https:\/\/president-ksgov.net\/#website\",\"url\":\"https:\/\/president-ksgov.net\/\",\"name\":\"Presidente e Republik\u00ebs s\u00eb Kosov\u00ebs\",\"description\":\"Presidente e Republik\u00ebs s\u00eb Kosov\u00ebs\",\"alternateName\":\"DR. VJOSA OSMANI - SADRIU\",\"potentialAction\":[{\"@type\":\"SearchAction\",\"target\":{\"@type\":\"EntryPoint\",\"urlTemplate\":\"https:\/\/president-ksgov.net\/?s={search_term_string}\"},\"query-input\":{\"@type\":\"PropertyValueSpecification\",\"valueRequired\":true,\"valueName\":\"search_term_string\"}}],\"inLanguage\":\"en-US\"}]}<\/script>\n<!-- \/ Yoast SEO plugin. -->","yoast_head_json":{"title":"Photo Gallery - President of the Republic of Kosovo - DR. VJOSA OSMANI - SADRIU","description":"Photo Gallery - President of the Republic of Kosovo - DR. VJOSA OSMANI - SADRIU -","robots":{"index":"index","follow":"follow","max-snippet":"max-snippet:-1","max-image-preview":"max-image-preview:large","max-video-preview":"max-video-preview:-1"},"canonical":"https:\/\/president-ksgov.net\/en\/photo-gallery\/","og_locale":"en_US","og_type":"article","og_title":"Photo Gallery - President of the Republic of Kosovo - DR. VJOSA OSMANI - SADRIU","og_description":"Photo Gallery - President of the Republic of Kosovo - DR. VJOSA OSMANI - SADRIU -","og_url":"https:\/\/president-ksgov.net\/en\/photo-gallery\/","og_site_name":"President of the Republic of Kosovo - DR. VJOSA OSMANI - SADRIU","article_modified_time":"2023-04-28T11:38:48+00:00","og_image":[{"width":1024,"height":716,"url":"https:\/\/president-ksgov.net\/wp-content\/uploads\/Zyra-e-Presidentes-Featured-Image1-e1678970937938.png","type":"image\/png"}],"twitter_card":"summary_large_image","schema":{"@context":"https:\/\/schema.org","@graph":[{"@type":"WebPage","@id":"https:\/\/president-ksgov.net\/en\/photo-gallery\/","url":"https:\/\/president-ksgov.net\/en\/photo-gallery\/","name":"Photo Gallery - President of the Republic of Kosovo - DR. VJOSA OSMANI - SADRIU","isPartOf":{"@id":"https:\/\/president-ksgov.net\/#website"},"primaryImageOfPage":{"@id":"https:\/\/president-ksgov.net\/en\/photo-gallery\/#primaryimage"},"image":{"@id":"https:\/\/president-ksgov.net\/en\/photo-gallery\/#primaryimage"},"thumbnailUrl":"https:\/\/president-ksgov.net\/wp-content\/uploads\/Zyra-e-Presidentes-Featured-Image1-e1678970937938.png","datePublished":"2023-02-02T13:54:17+00:00","dateModified":"2023-04-28T11:38:48+00:00","description":"Photo Gallery - President of the Republic of Kosovo - DR. VJOSA OSMANI - SADRIU -","breadcrumb":{"@id":"https:\/\/president-ksgov.net\/en\/photo-gallery\/#breadcrumb"},"inLanguage":"en-US","potentialAction":[{"@type":"ReadAction","target":["https:\/\/president-ksgov.net\/en\/photo-gallery\/"]}]},{"@type":"ImageObject","inLanguage":"en-US","@id":"https:\/\/president-ksgov.net\/en\/photo-gallery\/#primaryimage","url":"https:\/\/president-ksgov.net\/wp-content\/uploads\/Zyra-e-Presidentes-Featured-Image1-e1678970937938.png","contentUrl":"https:\/\/president-ksgov.net\/wp-content\/uploads\/Zyra-e-Presidentes-Featured-Image1-e1678970937938.png","width":1024,"height":716},{"@type":"BreadcrumbList","@id":"https:\/\/president-ksgov.net\/en\/photo-gallery\/#breadcrumb","itemListElement":[{"@type":"ListItem","position":1,"name":"Home","item":"https:\/\/president-ksgov.net\/en\/"},{"@type":"ListItem","position":2,"name":"Photo Gallery"}]},{"@type":"WebSite","@id":"https:\/\/president-ksgov.net\/#website","url":"https:\/\/president-ksgov.net\/","name":"Presidente e Republik\u00ebs s\u00eb Kosov\u00ebs","description":"Presidente e Republik\u00ebs s\u00eb Kosov\u00ebs","alternateName":"DR. VJOSA OSMANI - SADRIU","potentialAction":[{"@type":"SearchAction","target":{"@type":"EntryPoint","urlTemplate":"https:\/\/president-ksgov.net\/?s={search_term_string}"},"query-input":{"@type":"PropertyValueSpecification","valueRequired":true,"valueName":"search_term_string"}}],"inLanguage":"en-US"}]}},"_links":{"self":[{"href":"https:\/\/president-ksgov.net\/en\/wp-json\/wp\/v2\/pages\/2764","targetHints":{"allow":["GET"]}}],"collection":[{"href":"https:\/\/president-ksgov.net\/en\/wp-json\/wp\/v2\/pages"}],"about":[{"href":"https:\/\/president-ksgov.net\/en\/wp-json\/wp\/v2\/types\/page"}],"author":[{"embeddable":true,"href":"https:\/\/president-ksgov.net\/en\/wp-json\/wp\/v2\/users\/1"}],"replies":[{"embeddable":true,"href":"https:\/\/president-ksgov.net\/en\/wp-json\/wp\/v2\/comments?post=2764"}],"version-history":[{"count":29,"href":"https:\/\/president-ksgov.net\/en\/wp-json\/wp\/v2\/pages\/2764\/revisions"}],"predecessor-version":[{"id":89648,"href":"https:\/\/president-ksgov.net\/en\/wp-json\/wp\/v2\/pages\/2764\/revisions\/89648"}],"wp:featuredmedia":[{"embeddable":true,"href":"https:\/\/president-ksgov.net\/en\/wp-json\/wp\/v2\/media\/86338"}],"wp:attachment":[{"href":"https:\/\/president-ksgov.net\/en\/wp-json\/wp\/v2\/media?parent=2764"}],"curies":[{"name":"wp","href":"https:\/\/api.w.org\/{rel}","templated":true}]}}