{"id":2758,"date":"2023-01-29T15:32:51","date_gmt":"2023-01-29T14:32:51","guid":{"rendered":"https:\/\/dev.president-ksgov.net\/dekorata\/"},"modified":"2024-01-17T20:39:42","modified_gmt":"2024-01-17T19:39:42","slug":"dekorata","status":"publish","type":"page","link":"https:\/\/president-ksgov.net\/en\/dekorata\/","title":{"rendered":"Dekorata"},"content":{"rendered":"\t\t<div data-elementor-type=\"wp-page\" data-elementor-id=\"2758\" class=\"elementor elementor-2758 elementor-995\">\n\t\t\t\t\t\t<section class=\"elementor-section elementor-top-section elementor-element elementor-element-1f06285 legjislacioni elementor-section-boxed elementor-section-height-default elementor-section-height-default wpr-particle-no wpr-jarallax-no wpr-parallax-no wpr-sticky-section-no\" data-id=\"1f06285\" data-element_type=\"section\">\n\t\t\t\t\t\t<div class=\"elementor-container elementor-column-gap-default\">\n\t\t\t\t\t<div class=\"elementor-column elementor-col-100 elementor-top-column elementor-element elementor-element-57168d0\" data-id=\"57168d0\" data-element_type=\"column\">\n\t\t\t<div class=\"elementor-widget-wrap elementor-element-populated\">\n\t\t\t\t\t\t<div class=\"elementor-element elementor-element-dcfd092 elementor-widget elementor-widget-eael-adv-accordion\" data-id=\"dcfd092\" data-element_type=\"widget\" data-widget_type=\"eael-adv-accordion.default\">\n\t\t\t\t<div class=\"elementor-widget-container\">\n\t\t\t        <div class=\"eael-adv-accordion\" id=\"eael-adv-accordion-dcfd092\" data-scroll-on-click=\"no\" data-scroll-speed=\"300\" data-accordion-id=\"dcfd092\" data-accordion-type=\"accordion\" data-toogle-speed=\"300\">\n    <div class=\"eael-accordion-list\">\n                <div id=\"dokumente\" class=\"elementor-tab-title eael-accordion-header\" tabindex=\"0\" data-tab=\"1\" aria-controls=\"elementor-tab-content-2311\"><span class=\"eael-advanced-accordion-icon-closed\"><i aria-hidden=\"true\" class=\"fa-accordion-icon far fa-file\"><\/i><\/span><span class=\"eael-advanced-accordion-icon-opened\"><i aria-hidden=\"true\" class=\"fa-accordion-icon far fa-file-alt\"><\/i><\/span><span class=\"eael-accordion-tab-title\">Dokumente<\/span><i aria-hidden=\"true\" class=\"fa-toggle fas fa-angle-right\"><\/i><\/div><div id=\"elementor-tab-content-2311\" class=\"eael-accordion-content clearfix\" data-tab=\"1\" aria-labelledby=\"dokumente\"><ul><li><a href=\"https:\/\/president-ksgov.net\/wp-content\/uploads\/EVIDENCA-PER-DEKORATAT-E-DHENA-NGA-PRESIDENTJA-SH.S.ZNJ_.-VJOSA-OSMANI-SADRIU-Perditesuar-me-31.12.2023.pdf\">EVIDENCA P\u00cbR DEKORATAT E DH\u00cbNA NGA PRESIDENTJA SH.S.ZNJ. VJOSA OSMANI &#8211; SADRIU &#8211; P\u00ebrdit\u00ebsuar m\u00eb 31.12.2023<\/a><\/li><li><a href=\"https:\/\/president-ksgov.net\/wp-content\/uploads\/EVIDENCA-PER-DEKORATAT-E-DHENA-NGA-USHTRUESJA-E-DETYRES-SE-PRESIDENTES-VJOSA-OSMANI-SADRIU-Perditesuar-me-31.12.2023.pdf\">EVIDENCA P\u00cbR DEKORATAT E DH\u00cbNA NGA USHTRUESJA E DETYR\u00cbS S\u00cb PRESIDENTES VJOSA OSMANI &#8211; SADRIU &#8211; P\u00ebrdit\u00ebsuar m\u00eb 31.12.2023<\/a><\/li><li><a href=\"https:\/\/president-ksgov.net\/wp-content\/uploads\/EVIDENCA-PER-DEKORATAT-E-DHENA-NGA-PRESIDENTI-HASHIM-THACI-Perditesuar-me-31.12.2023.pdf\">EVIDENCA P\u00cbR DEKORATAT E DH\u00cbNA NGA PRESIDENTI HASHIM THA\u00c7I &#8211; P\u00ebrdit\u00ebsuar m\u00eb 31.12.2023<\/a><\/li><li><a href=\"https:\/\/president-ksgov.net\/wp-content\/uploads\/EVIDENCA-PER-DEKORATAT-E-DHENA-NGA-PRESIDENTI-ATIFETE-JAHJAGA-Perditesuar-me-31.12.2023.pdf\">EVIDENCA P\u00cbR DEKORATAT E DH\u00cbNA NGA PRESIDENTI ATIFETE JAHJAGA- P\u00ebrdit\u00ebsuar m\u00eb 31.12.2023<\/a><\/li><li><a href=\"https:\/\/president-ksgov.net\/wp-content\/uploads\/EVIDENCA-PER-DEKORATAT-E-DHENA-NGA-PRESIDENTI-BEHGJET-PACOLLI-Perditesuar-me-31.12.2023.pdf\">EVIDENCA P\u00cbR DEKORATAT E DH\u00cbNA NGA PRESIDENTI BEHGJET PACOLLI- P\u00ebrdit\u00ebsuar m\u00eb 31.12.2023<\/a><\/li><li><a href=\"https:\/\/president-ksgov.net\/wp-content\/uploads\/EVIDENCA-PER-DEKORATAT-E-DHENA-NGA-USHTRUESI-I-DETYRES-SE-PRESIDENTIT-JAKUP-KRASNIQI-2010-2011-Perditesuar-me-31.12.2023.pdf\">EVIDENCA P\u00cbR DEKORATAT E DH\u00cbNA NGA USHTRUESI I DETYR\u00cbS S\u00cb PRESIDENTIT JAKUP KRASNIQI (2010-2011) &#8211; P\u00ebrdit\u00ebsuar m\u00eb 31.12.2023<\/a><\/li><li><a href=\"https:\/\/president-ksgov.net\/wp-content\/uploads\/EVIDENCA-PER-DEKORATAT-E-DHENA-NGA-PRESIDENTI-FATMIR-SEJDIU-Perditesuar-me-31.12.2023.pdf\">EVIDENCA P\u00cbR DEKORATAT E DH\u00cbNA NGA PRESIDENTI FATMIR SEJDIU &#8211; P\u00ebrdit\u00ebsuar m\u00eb 31.12.2023<\/a><\/li><li><a href=\"https:\/\/president-ksgov.net\/wp-content\/uploads\/EVIDENCA-PER-DEKORATAT-E-DHENA-NGA-PRESIDENTI-IBRAHIM-RUGOVA-Perditesuar-me-31.12.2023.pdf\">EVIDENCA P\u00cbR DEKORATAT E DH\u00cbNA NGA PRESIDENTI IBRAHIM RUGOVA &#8211; P\u00ebrdit\u00ebsuar m\u00eb 31.12.2023<\/a><\/li><\/ul><\/div>\n                <\/div><\/div>\t\t<\/div>\n\t\t\t\t<\/div>\n\t\t\t\t\t<\/div>\n\t\t<\/div>\n\t\t\t\t\t<\/div>\n\t\t<\/section>\n\t\t\t\t<\/div>\n\t\t","protected":false},"excerpt":{"rendered":"<p>Dokumente EVIDENCA P\u00cbR DEKORATAT E DH\u00cbNA NGA PRESIDENTJA SH.S.ZNJ. VJOSA OSMANI &#8211; SADRIU &#8211; P\u00ebrdit\u00ebsuar m\u00eb 31.12.2023 EVIDENCA P\u00cbR DEKORATAT E DH\u00cbNA NGA USHTRUESJA E DETYR\u00cbS S\u00cb PRESIDENTES VJOSA OSMANI &#8211; SADRIU &#8211; P\u00ebrdit\u00ebsuar m\u00eb 31.12.2023 EVIDENCA P\u00cbR DEKORATAT E DH\u00cbNA NGA PRESIDENTI HASHIM THA\u00c7I &#8211; P\u00ebrdit\u00ebsuar m\u00eb 31.12.2023 EVIDENCA P\u00cbR DEKORATAT E DH\u00cbNA NGA PRESIDENTI ATIFETE JAHJAGA- P\u00ebrdit\u00ebsuar m\u00eb 31.12.2023 EVIDENCA P\u00cbR DEKORATAT E DH\u00cbNA NGA PRESIDENTI BEHGJET PACOLLI- P\u00ebrdit\u00ebsuar m\u00eb 31.12.2023 EVIDENCA P\u00cbR DEKORATAT E DH\u00cbNA NGA USHTRUESI I DETYR\u00cbS S\u00cb PRESIDENTIT JAKUP KRASNIQI (2010-2011) &#8211; P\u00ebrdit\u00ebsuar m\u00eb 31.12.2023 EVIDENCA P\u00cbR DEKORATAT E DH\u00cbNA NGA PRESIDENTI FATMIR SEJDIU &#8211; P\u00ebrdit\u00ebsuar m\u00eb 31.12.2023 EVIDENCA P\u00cbR DEKORATAT E DH\u00cbNA NGA PRESIDENTI IBRAHIM RUGOVA &#8211; P\u00ebrdit\u00ebsuar m\u00eb 31.12.2023<\/p>\n","protected":false},"author":1,"featured_media":86339,"parent":0,"menu_order":0,"comment_status":"closed","ping_status":"closed","template":"","meta":{"_eb_attr":"","footnotes":""},"class_list":["post-2758","page","type-page","status-publish","has-post-thumbnail","hentry"],"yoast_head":"<!-- This site is optimized with the Yoast SEO plugin v23.5 - https:\/\/yoast.com\/wordpress\/plugins\/seo\/ -->\n<title>Dekorata - President of the Republic of Kosovo - DR. VJOSA OSMANI - SADRIU<\/title>\n<meta name=\"description\" content=\"Dekorata - President of the Republic of Kosovo - DR. VJOSA OSMANI - SADRIU -\" \/>\n<meta name=\"robots\" content=\"index, follow, max-snippet:-1, max-image-preview:large, max-video-preview:-1\" \/>\n<link rel=\"canonical\" href=\"https:\/\/president-ksgov.net\/en\/dekorata\/\" \/>\n<meta property=\"og:locale\" content=\"en_US\" \/>\n<meta property=\"og:type\" content=\"article\" \/>\n<meta property=\"og:title\" content=\"Dekorata - President of the Republic of Kosovo - DR. VJOSA OSMANI - SADRIU\" \/>\n<meta property=\"og:description\" content=\"Dekorata - President of the Republic of Kosovo - DR. VJOSA OSMANI - SADRIU -\" \/>\n<meta property=\"og:url\" content=\"https:\/\/president-ksgov.net\/en\/dekorata\/\" \/>\n<meta property=\"og:site_name\" content=\"President of the Republic of Kosovo - DR. VJOSA OSMANI - SADRIU\" \/>\n<meta property=\"article:modified_time\" content=\"2024-01-17T19:39:42+00:00\" \/>\n<meta property=\"og:image\" content=\"https:\/\/president-ksgov.net\/wp-content\/uploads\/Zyra-e-Presidentes-Featured-Image1-e1678970937938.png\" \/>\n\t<meta property=\"og:image:width\" content=\"1024\" \/>\n\t<meta property=\"og:image:height\" content=\"800\" \/>\n\t<meta property=\"og:image:type\" content=\"image\/png\" \/>\n<meta name=\"twitter:card\" content=\"summary_large_image\" \/>\n<meta name=\"twitter:label1\" content=\"Est. reading time\" \/>\n\t<meta name=\"twitter:data1\" content=\"1 minute\" \/>\n<script type=\"application\/ld+json\" class=\"yoast-schema-graph\">{\"@context\":\"https:\/\/schema.org\",\"@graph\":[{\"@type\":\"WebPage\",\"@id\":\"https:\/\/president-ksgov.net\/en\/dekorata\/\",\"url\":\"https:\/\/president-ksgov.net\/en\/dekorata\/\",\"name\":\"Dekorata - President of the Republic of Kosovo - DR. VJOSA OSMANI - SADRIU\",\"isPartOf\":{\"@id\":\"https:\/\/president-ksgov.net\/#website\"},\"primaryImageOfPage\":{\"@id\":\"https:\/\/president-ksgov.net\/en\/dekorata\/#primaryimage\"},\"image\":{\"@id\":\"https:\/\/president-ksgov.net\/en\/dekorata\/#primaryimage\"},\"thumbnailUrl\":\"https:\/\/president-ksgov.net\/wp-content\/uploads\/Zyra-e-Presidentes-Featured-Image1-e1678970937938.png\",\"datePublished\":\"2023-01-29T14:32:51+00:00\",\"dateModified\":\"2024-01-17T19:39:42+00:00\",\"description\":\"Dekorata - President of the Republic of Kosovo - DR. VJOSA OSMANI - SADRIU -\",\"breadcrumb\":{\"@id\":\"https:\/\/president-ksgov.net\/en\/dekorata\/#breadcrumb\"},\"inLanguage\":\"en-US\",\"potentialAction\":[{\"@type\":\"ReadAction\",\"target\":[\"https:\/\/president-ksgov.net\/en\/dekorata\/\"]}]},{\"@type\":\"ImageObject\",\"inLanguage\":\"en-US\",\"@id\":\"https:\/\/president-ksgov.net\/en\/dekorata\/#primaryimage\",\"url\":\"https:\/\/president-ksgov.net\/wp-content\/uploads\/Zyra-e-Presidentes-Featured-Image1-e1678970937938.png\",\"contentUrl\":\"https:\/\/president-ksgov.net\/wp-content\/uploads\/Zyra-e-Presidentes-Featured-Image1-e1678970937938.png\",\"width\":1024,\"height\":800},{\"@type\":\"BreadcrumbList\",\"@id\":\"https:\/\/president-ksgov.net\/en\/dekorata\/#breadcrumb\",\"itemListElement\":[{\"@type\":\"ListItem\",\"position\":1,\"name\":\"Home\",\"item\":\"https:\/\/president-ksgov.net\/en\/\"},{\"@type\":\"ListItem\",\"position\":2,\"name\":\"Dekorata\"}]},{\"@type\":\"WebSite\",\"@id\":\"https:\/\/president-ksgov.net\/#website\",\"url\":\"https:\/\/president-ksgov.net\/\",\"name\":\"Presidente e Republik\u00ebs s\u00eb Kosov\u00ebs\",\"description\":\"Presidente e Republik\u00ebs s\u00eb Kosov\u00ebs\",\"alternateName\":\"DR. VJOSA OSMANI - SADRIU\",\"potentialAction\":[{\"@type\":\"SearchAction\",\"target\":{\"@type\":\"EntryPoint\",\"urlTemplate\":\"https:\/\/president-ksgov.net\/?s={search_term_string}\"},\"query-input\":{\"@type\":\"PropertyValueSpecification\",\"valueRequired\":true,\"valueName\":\"search_term_string\"}}],\"inLanguage\":\"en-US\"}]}<\/script>\n<!-- \/ Yoast SEO plugin. -->","yoast_head_json":{"title":"Dekorata - President of the Republic of Kosovo - DR. VJOSA OSMANI - SADRIU","description":"Dekorata - President of the Republic of Kosovo - DR. VJOSA OSMANI - SADRIU -","robots":{"index":"index","follow":"follow","max-snippet":"max-snippet:-1","max-image-preview":"max-image-preview:large","max-video-preview":"max-video-preview:-1"},"canonical":"https:\/\/president-ksgov.net\/en\/dekorata\/","og_locale":"en_US","og_type":"article","og_title":"Dekorata - President of the Republic of Kosovo - DR. VJOSA OSMANI - SADRIU","og_description":"Dekorata - President of the Republic of Kosovo - DR. VJOSA OSMANI - SADRIU -","og_url":"https:\/\/president-ksgov.net\/en\/dekorata\/","og_site_name":"President of the Republic of Kosovo - DR. VJOSA OSMANI - SADRIU","article_modified_time":"2024-01-17T19:39:42+00:00","og_image":[{"width":1024,"height":800,"url":"https:\/\/president-ksgov.net\/wp-content\/uploads\/Zyra-e-Presidentes-Featured-Image1-e1678970937938.png","type":"image\/png"}],"twitter_card":"summary_large_image","twitter_misc":{"Est. reading time":"1 minute"},"schema":{"@context":"https:\/\/schema.org","@graph":[{"@type":"WebPage","@id":"https:\/\/president-ksgov.net\/en\/dekorata\/","url":"https:\/\/president-ksgov.net\/en\/dekorata\/","name":"Dekorata - President of the Republic of Kosovo - DR. VJOSA OSMANI - SADRIU","isPartOf":{"@id":"https:\/\/president-ksgov.net\/#website"},"primaryImageOfPage":{"@id":"https:\/\/president-ksgov.net\/en\/dekorata\/#primaryimage"},"image":{"@id":"https:\/\/president-ksgov.net\/en\/dekorata\/#primaryimage"},"thumbnailUrl":"https:\/\/president-ksgov.net\/wp-content\/uploads\/Zyra-e-Presidentes-Featured-Image1-e1678970937938.png","datePublished":"2023-01-29T14:32:51+00:00","dateModified":"2024-01-17T19:39:42+00:00","description":"Dekorata - President of the Republic of Kosovo - DR. VJOSA OSMANI - SADRIU -","breadcrumb":{"@id":"https:\/\/president-ksgov.net\/en\/dekorata\/#breadcrumb"},"inLanguage":"en-US","potentialAction":[{"@type":"ReadAction","target":["https:\/\/president-ksgov.net\/en\/dekorata\/"]}]},{"@type":"ImageObject","inLanguage":"en-US","@id":"https:\/\/president-ksgov.net\/en\/dekorata\/#primaryimage","url":"https:\/\/president-ksgov.net\/wp-content\/uploads\/Zyra-e-Presidentes-Featured-Image1-e1678970937938.png","contentUrl":"https:\/\/president-ksgov.net\/wp-content\/uploads\/Zyra-e-Presidentes-Featured-Image1-e1678970937938.png","width":1024,"height":800},{"@type":"BreadcrumbList","@id":"https:\/\/president-ksgov.net\/en\/dekorata\/#breadcrumb","itemListElement":[{"@type":"ListItem","position":1,"name":"Home","item":"https:\/\/president-ksgov.net\/en\/"},{"@type":"ListItem","position":2,"name":"Dekorata"}]},{"@type":"WebSite","@id":"https:\/\/president-ksgov.net\/#website","url":"https:\/\/president-ksgov.net\/","name":"Presidente e Republik\u00ebs s\u00eb Kosov\u00ebs","description":"Presidente e Republik\u00ebs s\u00eb Kosov\u00ebs","alternateName":"DR. VJOSA OSMANI - SADRIU","potentialAction":[{"@type":"SearchAction","target":{"@type":"EntryPoint","urlTemplate":"https:\/\/president-ksgov.net\/?s={search_term_string}"},"query-input":{"@type":"PropertyValueSpecification","valueRequired":true,"valueName":"search_term_string"}}],"inLanguage":"en-US"}]}},"_links":{"self":[{"href":"https:\/\/president-ksgov.net\/en\/wp-json\/wp\/v2\/pages\/2758","targetHints":{"allow":["GET"]}}],"collection":[{"href":"https:\/\/president-ksgov.net\/en\/wp-json\/wp\/v2\/pages"}],"about":[{"href":"https:\/\/president-ksgov.net\/en\/wp-json\/wp\/v2\/types\/page"}],"author":[{"embeddable":true,"href":"https:\/\/president-ksgov.net\/en\/wp-json\/wp\/v2\/users\/1"}],"replies":[{"embeddable":true,"href":"https:\/\/president-ksgov.net\/en\/wp-json\/wp\/v2\/comments?post=2758"}],"version-history":[{"count":25,"href":"https:\/\/president-ksgov.net\/en\/wp-json\/wp\/v2\/pages\/2758\/revisions"}],"predecessor-version":[{"id":100019,"href":"https:\/\/president-ksgov.net\/en\/wp-json\/wp\/v2\/pages\/2758\/revisions\/100019"}],"wp:featuredmedia":[{"embeddable":true,"href":"https:\/\/president-ksgov.net\/en\/wp-json\/wp\/v2\/media\/86339"}],"wp:attachment":[{"href":"https:\/\/president-ksgov.net\/en\/wp-json\/wp\/v2\/media?parent=2758"}],"curies":[{"name":"wp","href":"https:\/\/api.w.org\/{rel}","templated":true}]}}