{"id":186913,"date":"2026-04-03T10:15:08","date_gmt":"2026-04-03T08:15:08","guid":{"rendered":"https:\/\/president-ksgov.net\/former-presidents-of-kosovo\/vjosa-osmani\/"},"modified":"2026-04-10T14:34:07","modified_gmt":"2026-04-10T12:34:07","slug":"vjosa-osmani","status":"publish","type":"page","link":"https:\/\/president-ksgov.net\/en\/former-presidents-of-kosovo\/vjosa-osmani\/","title":{"rendered":"Vjosa Osmani"},"content":{"rendered":"\t\t<div data-elementor-type=\"wp-page\" data-elementor-id=\"186913\" class=\"elementor elementor-186913 elementor-186427\">\n\t\t\t\t\t\t<section class=\"elementor-section elementor-top-section elementor-element elementor-element-13c36cc elementor-section-boxed elementor-section-height-default elementor-section-height-default wpr-particle-no wpr-jarallax-no wpr-parallax-no wpr-sticky-section-no\" data-id=\"13c36cc\" data-element_type=\"section\">\n\t\t\t\t\t\t<div class=\"elementor-container elementor-column-gap-default\">\n\t\t\t\t\t<div class=\"elementor-column elementor-col-100 elementor-top-column elementor-element elementor-element-5ada190\" data-id=\"5ada190\" data-element_type=\"column\">\n\t\t\t<div class=\"elementor-widget-wrap elementor-element-populated\">\n\t\t\t\t\t\t<div class=\"elementor-element elementor-element-33d1342 elementor-position-left elementor-vertical-align-middle elementor-widget elementor-widget-image-box\" data-id=\"33d1342\" data-element_type=\"widget\" data-widget_type=\"image-box.default\">\n\t\t\t\t<div class=\"elementor-widget-container\">\n\t\t\t<div class=\"elementor-image-box-wrapper\"><figure class=\"elementor-image-box-img\"><img fetchpriority=\"high\" decoding=\"async\" width=\"2048\" height=\"2560\" src=\"https:\/\/president-ksgov.net\/wp-content\/uploads\/12_04_2021_1766673_Fotografia_zyrtare_e_Presidnetes_dr-2-scaled.jpg\" class=\"attachment-full size-full wp-image-86089\" alt=\"\" srcset=\"https:\/\/president-ksgov.net\/wp-content\/uploads\/12_04_2021_1766673_Fotografia_zyrtare_e_Presidnetes_dr-2-scaled.jpg 2048w, https:\/\/president-ksgov.net\/wp-content\/uploads\/12_04_2021_1766673_Fotografia_zyrtare_e_Presidnetes_dr-2-240x300.jpg 240w, https:\/\/president-ksgov.net\/wp-content\/uploads\/12_04_2021_1766673_Fotografia_zyrtare_e_Presidnetes_dr-2-819x1024.jpg 819w, https:\/\/president-ksgov.net\/wp-content\/uploads\/12_04_2021_1766673_Fotografia_zyrtare_e_Presidnetes_dr-2-768x960.jpg 768w, https:\/\/president-ksgov.net\/wp-content\/uploads\/12_04_2021_1766673_Fotografia_zyrtare_e_Presidnetes_dr-2-1229x1536.jpg 1229w, https:\/\/president-ksgov.net\/wp-content\/uploads\/12_04_2021_1766673_Fotografia_zyrtare_e_Presidnetes_dr-2-1639x2048.jpg 1639w, https:\/\/president-ksgov.net\/wp-content\/uploads\/12_04_2021_1766673_Fotografia_zyrtare_e_Presidnetes_dr-2-360x450.jpg 360w\" sizes=\"(max-width: 2048px) 100vw, 2048px\" \/><\/figure><div class=\"elementor-image-box-content\"><h3 class=\"elementor-image-box-title\">VJOSA OSMANI<\/h3><p class=\"elementor-image-box-description\">PRESIDENT OF THE REPUBLIC OF KOSOVO (2021\u20132026)<\/p><\/div><\/div>\t\t<\/div>\n\t\t\t\t<\/div>\n\t\t\t\t\t<\/div>\n\t\t<\/div>\n\t\t\t\t\t<\/div>\n\t\t<\/section>\n\t\t\t\t<section class=\"elementor-section elementor-top-section elementor-element elementor-element-049848c elementor-section-boxed elementor-section-height-default elementor-section-height-default wpr-particle-no wpr-jarallax-no wpr-parallax-no wpr-sticky-section-no\" data-id=\"049848c\" data-element_type=\"section\">\n\t\t\t\t\t\t<div class=\"elementor-container elementor-column-gap-default\">\n\t\t\t\t\t<div class=\"elementor-column elementor-col-100 elementor-top-column elementor-element elementor-element-95229b9\" data-id=\"95229b9\" data-element_type=\"column\">\n\t\t\t<div class=\"elementor-widget-wrap elementor-element-populated\">\n\t\t\t\t\t\t<div class=\"elementor-element elementor-element-f67010c elementor-widget elementor-widget-text-editor\" data-id=\"f67010c\" data-element_type=\"widget\" data-widget_type=\"text-editor.default\">\n\t\t\t\t<div class=\"elementor-widget-container\">\n\t\t\t\t\t\t\t<div class=\"wp-block-columns\">\n<div class=\"wp-block-column\">\n<p>Dr. Vjosa Osmani-Sadriu is the sixth President of the Republic of Kosovo.<\/p>\n<p>President Osmani was elected on April 4, 2021, having previously served as Speaker of the Assembly and having been elected as a Member of the Assembly of the Republic of Kosovo for five consecutive terms. She graduated from the Faculty of Law of the University of Prishtina and completed her Master\u2019s studies as well as her Doctorate in the field of International Law at the University of Pittsburgh in Pennsylvania, United States. <\/p>\n<p>The President of the Republic of Kosovo is also the Supreme Commander of the Kosovo Security Force and leads the country\u2019s foreign policy, in accordance with the Constitution of Kosovo. As a steadfast advocate for an impartial and professional justice system, President Osmani has strongly supported comprehensive rule of law reforms in Kosovo. As President, Vjosa Osmani has consistently championed women\u2019s rights, particularly their participation in peace, security, and economic processes, as well as their political empowerment. She is committed to raising awareness and support for children with special needs, as well as to empowering marginalized groups in Kosovo.   <\/p>\n<p>In addition, empowering young people in various fields, from information technology to political decision-making, has been an important part of the President\u2019s work.<\/p>\n<p>In the February 2021 elections, she achieved a historic level of popular support, which subsequently led to her election in Parliament as the sixth President of the Republic of Kosovo. Prior to this, Vjosa Osmani was the first woman to serve as Speaker of the Assembly of the Republic of Kosovo, having been elected to this post on February 3, 2020. She also served as Acting President of the Republic of Kosovo during the period November 2020 \u2013 March 2021. In her previous mandates as a Member of Parliament, she chaired the Parliamentary Committee on Foreign Affairs, the Committee on European Integration, and served as Vice Chair of the Committee on Constitutional Reform.   <\/p>\n<p>In 2024, President Vjosa Osmani was awarded the Richard Coudenhove-Kalergi European Prize by the Pan-European Foundation for her unwavering dedication to Euro-Atlantic values, democracy, and the rule of law. With this award, she continued the legacy of Kosovo\u2019s independence architect, Dr. Ibrahim Rugova, who received the same prestigious prize 20 years earlier. <\/p>\n<p>Also in 2024, President Vjosa Osmani was honored with the M100 Media Award by the M100 Sanssouci Colloquium for her unwavering commitment to Euro-Atlantic values and her tireless efforts to advance reforms, strengthen democracy, the pro-European course, fight corruption, equality and women\u2019s rights, becoming the first leader in the Balkans to receive this recognition.<\/p>\n<p>From 2006 to 2010, Vjosa Osmani served as Chief of Staff to President Fatmir Sejdiu and Senior Legal and International Affairs Adviser, representing the President in the Commission that drafted the Constitution of the Republic of Kosovo. She was also part of the team that represented Kosovo before the International Court of Justice in the historic case regarding Kosovo\u2019s declaration of independence. <\/p>\n<p>Since 2006, President Osmani has lectured at the Faculty of Law of the University of Prishtina and later joined the faculty of the American University in Kosovo (RIT). Furthermore, she has also lectured at the University of Pittsburgh in the United States as a visiting professor. In 2017, she was awarded the Sheth International Award by the University of Pittsburgh. Throughout her political career, she has also received a number of other recognitions.   <\/p>\n<p>During her terms as a Member of Parliament, she also served as a member of the Board of the Parliamentary Network of the World Bank and the International Monetary Fund, as well as a member of the Steering Committee of the World Bank and IMF Global Young MPs Initiative.<\/p>\n<p>Vjosa Osmani was born on May 17, 1982, in Mitrovica, where she completed her primary and secondary education. In addition to her native Albanian language, she speaks English and several other foreign languages. She is married to Prindon Sadriu and they have twin daughters, Anda Elisa Sadriu and Dua Tiara Sadriu. President Osmani and her family live in Prishtina.   <\/p>\n<\/div>\n<\/div>\n\t\t\t\t\t\t<\/div>\n\t\t\t\t<\/div>\n\t\t\t\t\t<\/div>\n\t\t<\/div>\n\t\t\t\t\t<\/div>\n\t\t<\/section>\n\t\t\t\t<\/div>\n\t\t","protected":false},"excerpt":{"rendered":"<p>VJOSA OSMANI PRESIDENT OF THE REPUBLIC OF KOSOVO (2021\u20132026) Dr. Vjosa Osmani-Sadriu is the sixth President of the Republic of Kosovo. President Osmani was elected on April 4, 2021, having previously served as Speaker of the Assembly and having been elected as a Member of the Assembly of the Republic of Kosovo for five consecutive terms. She graduated from the Faculty of Law of the University of Prishtina and completed her Master\u2019s studies as well as her Doctorate in the field of International Law at the University of Pittsburgh in Pennsylvania, United States. The President of the Republic of Kosovo is also the Supreme Commander of the Kosovo Security Force and leads the country\u2019s foreign policy, in accordance with the Constitution of Kosovo. As a steadfast advocate for an impartial and professional justice system, President Osmani has strongly supported comprehensive rule of law reforms in Kosovo. As President, Vjosa Osmani has consistently championed women\u2019s rights, particularly their participation in peace, security, and economic processes, as well as their political empowerment. She is committed to raising awareness and support for children with special needs, as well as to empowering marginalized groups in Kosovo. In addition, empowering young people in various fields, from information technology to political decision-making, has been an important part of the President\u2019s work. In the February 2021 elections, she achieved a historic level of popular support, which subsequently led to her election in Parliament as the sixth President of the Republic of Kosovo. Prior to this, Vjosa Osmani was the first woman to serve as Speaker of the Assembly of the Republic of Kosovo, having been elected to this post on February 3, 2020. She also served as Acting President of the Republic of Kosovo during the period November 2020 \u2013 March 2021. In her previous mandates as a Member of Parliament, she chaired the Parliamentary Committee on Foreign Affairs, the Committee on European Integration, and served as Vice Chair of the Committee on Constitutional Reform. In 2024, President Vjosa Osmani was awarded the Richard Coudenhove-Kalergi European Prize by the Pan-European Foundation for her unwavering dedication to Euro-Atlantic values, democracy, and the rule of law. With this award, she continued the legacy of Kosovo\u2019s independence architect, Dr. Ibrahim Rugova, who received the same prestigious prize 20 years earlier. Also in 2024, President Vjosa Osmani was honored with the M100 Media Award by the M100 Sanssouci Colloquium for her unwavering commitment to Euro-Atlantic values and her tireless efforts to advance reforms, strengthen democracy, the pro-European course, fight corruption, equality and women\u2019s rights, becoming the first leader in the Balkans to receive this recognition. From 2006 to 2010, Vjosa Osmani served as Chief of Staff to President Fatmir Sejdiu and Senior Legal and International Affairs Adviser, representing the President in the Commission that drafted the Constitution of the Republic of Kosovo. She was also part of the team that represented Kosovo before the International Court of Justice in the historic case regarding Kosovo\u2019s declaration of independence. Since 2006, President Osmani has lectured at the Faculty of Law of the University of Prishtina and later joined the faculty of the American University in Kosovo (RIT). Furthermore, she has also lectured at the University of Pittsburgh in the United States as a visiting professor. In 2017, she was awarded the Sheth International Award by the University of Pittsburgh. Throughout her political career, she has also received a number of other recognitions. During her terms as a Member of Parliament, she also served as a member of the Board of the Parliamentary Network of the World Bank and the International Monetary Fund, as well as a member of the Steering Committee of the World Bank and IMF Global Young MPs Initiative. Vjosa Osmani was born on May 17, 1982, in Mitrovica, where she completed her primary and secondary education. In addition to her native Albanian language, she speaks English and several other foreign languages. She is married to Prindon Sadriu and they have twin daughters, Anda Elisa Sadriu and Dua Tiara Sadriu. President Osmani and her family live in Prishtina.<\/p>\n","protected":false},"author":16,"featured_media":86338,"parent":2778,"menu_order":0,"comment_status":"closed","ping_status":"closed","template":"","meta":{"_eb_attr":"","footnotes":""},"class_list":["post-186913","page","type-page","status-publish","has-post-thumbnail","hentry"],"yoast_head":"<!-- This site is optimized with the Yoast SEO plugin v23.5 - https:\/\/yoast.com\/wordpress\/plugins\/seo\/ -->\n<title>Vjosa Osmani - President of the Republic of Kosovo - DR. VJOSA OSMANI - SADRIU<\/title>\n<meta name=\"description\" content=\"Vjosa Osmani - President of the Republic of Kosovo - DR. VJOSA OSMANI - SADRIU -\" \/>\n<meta name=\"robots\" content=\"index, follow, max-snippet:-1, max-image-preview:large, max-video-preview:-1\" \/>\n<link rel=\"canonical\" href=\"https:\/\/president-ksgov.net\/en\/former-presidents-of-kosovo\/vjosa-osmani\/\" \/>\n<meta property=\"og:locale\" content=\"en_US\" \/>\n<meta property=\"og:type\" content=\"article\" \/>\n<meta property=\"og:title\" content=\"Vjosa Osmani - President of the Republic of Kosovo - DR. VJOSA OSMANI - SADRIU\" \/>\n<meta property=\"og:description\" content=\"Vjosa Osmani - President of the Republic of Kosovo - DR. VJOSA OSMANI - SADRIU -\" \/>\n<meta property=\"og:url\" content=\"https:\/\/president-ksgov.net\/en\/former-presidents-of-kosovo\/vjosa-osmani\/\" \/>\n<meta property=\"og:site_name\" content=\"President of the Republic of Kosovo - DR. VJOSA OSMANI - SADRIU\" \/>\n<meta property=\"article:modified_time\" content=\"2026-04-10T12:34:07+00:00\" \/>\n<meta property=\"og:image\" content=\"https:\/\/president-ksgov.net\/wp-content\/uploads\/12_04_2021_1766673_Fotografia_zyrtare_e_Presidnetes_dr-2-scaled.jpg\" \/>\n<meta name=\"twitter:card\" content=\"summary_large_image\" \/>\n<meta name=\"twitter:label1\" content=\"Est. reading time\" \/>\n\t<meta name=\"twitter:data1\" content=\"3 minutes\" \/>\n<script type=\"application\/ld+json\" class=\"yoast-schema-graph\">{\"@context\":\"https:\/\/schema.org\",\"@graph\":[{\"@type\":\"WebPage\",\"@id\":\"https:\/\/president-ksgov.net\/en\/former-presidents-of-kosovo\/vjosa-osmani\/\",\"url\":\"https:\/\/president-ksgov.net\/en\/former-presidents-of-kosovo\/vjosa-osmani\/\",\"name\":\"Vjosa Osmani - President of the Republic of Kosovo - DR. VJOSA OSMANI - SADRIU\",\"isPartOf\":{\"@id\":\"https:\/\/president-ksgov.net\/#website\"},\"primaryImageOfPage\":{\"@id\":\"https:\/\/president-ksgov.net\/en\/former-presidents-of-kosovo\/vjosa-osmani\/#primaryimage\"},\"image\":{\"@id\":\"https:\/\/president-ksgov.net\/en\/former-presidents-of-kosovo\/vjosa-osmani\/#primaryimage\"},\"thumbnailUrl\":\"https:\/\/president-ksgov.net\/wp-content\/uploads\/Zyra-e-Presidentes-Featured-Image1-e1678970937938.png\",\"datePublished\":\"2026-04-03T08:15:08+00:00\",\"dateModified\":\"2026-04-10T12:34:07+00:00\",\"description\":\"Vjosa Osmani - President of the Republic of Kosovo - DR. VJOSA OSMANI - SADRIU -\",\"breadcrumb\":{\"@id\":\"https:\/\/president-ksgov.net\/en\/former-presidents-of-kosovo\/vjosa-osmani\/#breadcrumb\"},\"inLanguage\":\"en-US\",\"potentialAction\":[{\"@type\":\"ReadAction\",\"target\":[\"https:\/\/president-ksgov.net\/en\/former-presidents-of-kosovo\/vjosa-osmani\/\"]}]},{\"@type\":\"ImageObject\",\"inLanguage\":\"en-US\",\"@id\":\"https:\/\/president-ksgov.net\/en\/former-presidents-of-kosovo\/vjosa-osmani\/#primaryimage\",\"url\":\"https:\/\/president-ksgov.net\/wp-content\/uploads\/Zyra-e-Presidentes-Featured-Image1-e1678970937938.png\",\"contentUrl\":\"https:\/\/president-ksgov.net\/wp-content\/uploads\/Zyra-e-Presidentes-Featured-Image1-e1678970937938.png\",\"width\":1024,\"height\":716},{\"@type\":\"BreadcrumbList\",\"@id\":\"https:\/\/president-ksgov.net\/en\/former-presidents-of-kosovo\/vjosa-osmani\/#breadcrumb\",\"itemListElement\":[{\"@type\":\"ListItem\",\"position\":1,\"name\":\"Home\",\"item\":\"https:\/\/president-ksgov.net\/en\/\"},{\"@type\":\"ListItem\",\"position\":2,\"name\":\"Former Presidents of Kosovo\",\"item\":\"https:\/\/president-ksgov.net\/ish-presidentet-e-kosoves\/\"},{\"@type\":\"ListItem\",\"position\":3,\"name\":\"Vjosa Osmani\"}]},{\"@type\":\"WebSite\",\"@id\":\"https:\/\/president-ksgov.net\/#website\",\"url\":\"https:\/\/president-ksgov.net\/\",\"name\":\"Presidente e Republik\u00ebs s\u00eb Kosov\u00ebs\",\"description\":\"Presidente e Republik\u00ebs s\u00eb Kosov\u00ebs\",\"alternateName\":\"DR. VJOSA OSMANI - SADRIU\",\"potentialAction\":[{\"@type\":\"SearchAction\",\"target\":{\"@type\":\"EntryPoint\",\"urlTemplate\":\"https:\/\/president-ksgov.net\/?s={search_term_string}\"},\"query-input\":{\"@type\":\"PropertyValueSpecification\",\"valueRequired\":true,\"valueName\":\"search_term_string\"}}],\"inLanguage\":\"en-US\"}]}<\/script>\n<!-- \/ Yoast SEO plugin. -->","yoast_head_json":{"title":"Vjosa Osmani - President of the Republic of Kosovo - DR. VJOSA OSMANI - SADRIU","description":"Vjosa Osmani - President of the Republic of Kosovo - DR. VJOSA OSMANI - SADRIU -","robots":{"index":"index","follow":"follow","max-snippet":"max-snippet:-1","max-image-preview":"max-image-preview:large","max-video-preview":"max-video-preview:-1"},"canonical":"https:\/\/president-ksgov.net\/en\/former-presidents-of-kosovo\/vjosa-osmani\/","og_locale":"en_US","og_type":"article","og_title":"Vjosa Osmani - President of the Republic of Kosovo - DR. VJOSA OSMANI - SADRIU","og_description":"Vjosa Osmani - President of the Republic of Kosovo - DR. VJOSA OSMANI - SADRIU -","og_url":"https:\/\/president-ksgov.net\/en\/former-presidents-of-kosovo\/vjosa-osmani\/","og_site_name":"President of the Republic of Kosovo - DR. VJOSA OSMANI - SADRIU","article_modified_time":"2026-04-10T12:34:07+00:00","og_image":[{"url":"https:\/\/president-ksgov.net\/wp-content\/uploads\/12_04_2021_1766673_Fotografia_zyrtare_e_Presidnetes_dr-2-scaled.jpg"}],"twitter_card":"summary_large_image","twitter_misc":{"Est. reading time":"3 minutes"},"schema":{"@context":"https:\/\/schema.org","@graph":[{"@type":"WebPage","@id":"https:\/\/president-ksgov.net\/en\/former-presidents-of-kosovo\/vjosa-osmani\/","url":"https:\/\/president-ksgov.net\/en\/former-presidents-of-kosovo\/vjosa-osmani\/","name":"Vjosa Osmani - President of the Republic of Kosovo - DR. VJOSA OSMANI - SADRIU","isPartOf":{"@id":"https:\/\/president-ksgov.net\/#website"},"primaryImageOfPage":{"@id":"https:\/\/president-ksgov.net\/en\/former-presidents-of-kosovo\/vjosa-osmani\/#primaryimage"},"image":{"@id":"https:\/\/president-ksgov.net\/en\/former-presidents-of-kosovo\/vjosa-osmani\/#primaryimage"},"thumbnailUrl":"https:\/\/president-ksgov.net\/wp-content\/uploads\/Zyra-e-Presidentes-Featured-Image1-e1678970937938.png","datePublished":"2026-04-03T08:15:08+00:00","dateModified":"2026-04-10T12:34:07+00:00","description":"Vjosa Osmani - President of the Republic of Kosovo - DR. VJOSA OSMANI - SADRIU -","breadcrumb":{"@id":"https:\/\/president-ksgov.net\/en\/former-presidents-of-kosovo\/vjosa-osmani\/#breadcrumb"},"inLanguage":"en-US","potentialAction":[{"@type":"ReadAction","target":["https:\/\/president-ksgov.net\/en\/former-presidents-of-kosovo\/vjosa-osmani\/"]}]},{"@type":"ImageObject","inLanguage":"en-US","@id":"https:\/\/president-ksgov.net\/en\/former-presidents-of-kosovo\/vjosa-osmani\/#primaryimage","url":"https:\/\/president-ksgov.net\/wp-content\/uploads\/Zyra-e-Presidentes-Featured-Image1-e1678970937938.png","contentUrl":"https:\/\/president-ksgov.net\/wp-content\/uploads\/Zyra-e-Presidentes-Featured-Image1-e1678970937938.png","width":1024,"height":716},{"@type":"BreadcrumbList","@id":"https:\/\/president-ksgov.net\/en\/former-presidents-of-kosovo\/vjosa-osmani\/#breadcrumb","itemListElement":[{"@type":"ListItem","position":1,"name":"Home","item":"https:\/\/president-ksgov.net\/en\/"},{"@type":"ListItem","position":2,"name":"Former Presidents of Kosovo","item":"https:\/\/president-ksgov.net\/ish-presidentet-e-kosoves\/"},{"@type":"ListItem","position":3,"name":"Vjosa Osmani"}]},{"@type":"WebSite","@id":"https:\/\/president-ksgov.net\/#website","url":"https:\/\/president-ksgov.net\/","name":"Presidente e Republik\u00ebs s\u00eb Kosov\u00ebs","description":"Presidente e Republik\u00ebs s\u00eb Kosov\u00ebs","alternateName":"DR. VJOSA OSMANI - SADRIU","potentialAction":[{"@type":"SearchAction","target":{"@type":"EntryPoint","urlTemplate":"https:\/\/president-ksgov.net\/?s={search_term_string}"},"query-input":{"@type":"PropertyValueSpecification","valueRequired":true,"valueName":"search_term_string"}}],"inLanguage":"en-US"}]}},"_links":{"self":[{"href":"https:\/\/president-ksgov.net\/en\/wp-json\/wp\/v2\/pages\/186913","targetHints":{"allow":["GET"]}}],"collection":[{"href":"https:\/\/president-ksgov.net\/en\/wp-json\/wp\/v2\/pages"}],"about":[{"href":"https:\/\/president-ksgov.net\/en\/wp-json\/wp\/v2\/types\/page"}],"author":[{"embeddable":true,"href":"https:\/\/president-ksgov.net\/en\/wp-json\/wp\/v2\/users\/16"}],"replies":[{"embeddable":true,"href":"https:\/\/president-ksgov.net\/en\/wp-json\/wp\/v2\/comments?post=186913"}],"version-history":[{"count":1,"href":"https:\/\/president-ksgov.net\/en\/wp-json\/wp\/v2\/pages\/186913\/revisions"}],"predecessor-version":[{"id":186914,"href":"https:\/\/president-ksgov.net\/en\/wp-json\/wp\/v2\/pages\/186913\/revisions\/186914"}],"up":[{"embeddable":true,"href":"https:\/\/president-ksgov.net\/en\/wp-json\/wp\/v2\/pages\/2778"}],"wp:featuredmedia":[{"embeddable":true,"href":"https:\/\/president-ksgov.net\/en\/wp-json\/wp\/v2\/media\/86338"}],"wp:attachment":[{"href":"https:\/\/president-ksgov.net\/en\/wp-json\/wp\/v2\/media?parent=186913"}],"curies":[{"name":"wp","href":"https:\/\/api.w.org\/{rel}","templated":true}]}}